{"id":8601,"date":"2012-01-05T10:57:18","date_gmt":"2012-01-05T15:57:18","guid":{"rendered":"http:\/\/www.fiscalia.gov.co\/colombia\/?page_id=8601"},"modified":"2023-08-15T10:16:17","modified_gmt":"2023-08-15T15:16:17","slug":"tramites-y-servicios","status":"publish","type":"page","link":"https:\/\/www.fiscalia.gov.co\/colombia\/servicios-de-informacion-al-ciudadano\/tramites-y-servicios\/","title":{"rendered":"Tr\u00e1mites y servicios"},"content":{"rendered":"<section class=\"wpb-content-wrapper\"><div id=\"tdi_1\" class=\"tdc-row\"><div class=\"vc_row tdi_2  wpb_row td-pb-row\" >\n<style scoped>\n\/* custom css - generated by TagDiv Composer *\/\n\n\/* custom css - generated by TagDiv Composer *\/\n.tdi_2,\r\n                .tdi_2 .tdc-columns{\r\n                    min-height: 0;\r\n                }.tdi_2,\r\n\t\t\t\t.tdi_2 .tdc-columns{\r\n\t\t\t\t    display: block;\r\n\t\t\t\t}.tdi_2 .tdc-columns{\r\n\t\t\t\t    width: 100%;\r\n\t\t\t\t}.tdi_2:before,\r\n\t\t\t\t.tdi_2:after{\r\n\t\t\t\t    display: table;\r\n\t\t\t\t}\n<\/style><div class=\"vc_column tdi_4  wpb_column vc_column_container tdc-column td-pb-span8\">\n<style scoped>\n\/* custom css - generated by TagDiv Composer *\/\n\n\/* custom css - generated by TagDiv Composer *\/\n.tdi_4{\r\n                    vertical-align: baseline;\r\n                }.tdi_4 > .wpb_wrapper,\r\n\t\t\t\t.tdi_4 > .wpb_wrapper > .tdc-elements{\r\n\t\t\t\t    display: block;\r\n\t\t\t\t}.tdi_4 > .wpb_wrapper > .tdc-elements{\r\n\t\t\t\t    width: 100%;\r\n\t\t\t\t}.tdi_4 > .wpb_wrapper > .vc_row_inner{\r\n\t\t\t\t    width: auto;\r\n\t\t\t\t}.tdi_4 > .wpb_wrapper{\r\n\t\t\t\t    width: auto;\r\n\t\t\t\t    height: auto;\r\n\t\t\t\t}\n<\/style><div class=\"wpb_wrapper\" >[vc_column_text]\r\n<div id=\"1\" align=\"left\">\r\n<p class=\"x_MsoNormal\">En 2016 se consult\u00f3 al Departamento Administrativo de la Funci\u00f3n P\u00fablica (DAFP) si de acuerdo con las caracter\u00edsticas que se determinan para concretar un \u201ctr\u00e1mite\u201d y las caracter\u00edsticas de los servicios que presta la Fiscal\u00eda General de la Naci\u00f3n, \u00a0la Entidad contaba con tr\u00e1mites en la gesti\u00f3n de sus usuarios. Al respecto el DAFP se\u00f1al\u00f3:<\/p>\r\n<p class=\"x_MsoNormal\">\u201cLa Fiscal\u00eda por ser una entidad de orden Nacional y Rama Judicial y no ejecuta o ejerce funciones administrativas de cara al ciudadano, no poseen procesos que sean objeto de registro en la herramienta tecnol\u00f3gica de apoyo a la pol\u00edtica de racionalizaci\u00f3n de tr\u00e1mites \u2013 SUIT\u201d.<\/p>\r\n<p class=\"x_MsoNormal\">En este sentido, para facilitar el acceso a los servicios de la Entidad se presenta a continuaci\u00f3n la siguiente informaci\u00f3n:<\/p>\r\n\r\n<h4><strong style=\"font-size: 1em;\">Denuncias<\/strong><\/h4>\r\n<h4><strong><a title=\"Ver documento \" href=\"https:\/\/www.fiscalia.gov.co\/colombia\/servicios-de-informacion-al-ciudadano\/donde-y-como-denunciar\/\" target=\"_blank\" rel=\"noopener noreferrer\">\u00bfD\u00f3nde puedo denunciar? Consulte los puntos de recepci\u00f3n<\/a><\/strong><\/h4>\r\n<div class=\"su-spoiler su-spoiler-style-fancy su-spoiler-icon-plus su-spoiler-closed\" data-scroll-offset=\"0\" data-anchor-in-url=\"no\"><div class=\"su-spoiler-title\" tabindex=\"0\" role=\"button\"><span class=\"su-spoiler-icon\"><\/span><strong>Si ha sido v\u00edctima o conoce de un delito, denuncie<\/strong><\/div><div class=\"su-spoiler-content su-u-clearfix su-u-trim\">\r\n\r\n<embed src=\"http:\/\/www.fiscalia.gov.co\/colombia\/wp-content\/uploads\/Denuncia.pdf\" style=\" height:480px; width:100%;\"><\/embed>\u00a0<strong><a title=\"Descargar\" href=\"http:\/\/www.fiscalia.gov.co\/colombia\/wp-content\/uploads\/Denuncia.pdf\" target=\"_blank\" rel=\"noopener noreferrer\">Descargar PDF<\/a><\/strong>\r\n\r\n<\/div><\/div>\r\n\r\n<div class=\"su-spoiler su-spoiler-style-fancy su-spoiler-icon-plus su-spoiler-closed\" data-scroll-offset=\"0\" data-anchor-in-url=\"no\"><div class=\"su-spoiler-title\" tabindex=\"0\" role=\"button\"><span class=\"su-spoiler-icon\"><\/span><strong>Conozca acerca de inasistencia alimentaria<\/strong><\/div><div class=\"su-spoiler-content su-u-clearfix su-u-trim\">\r\n\r\n<img loading=\"lazy\" decoding=\"async\" class=\"aligncenter\" title=\"Denuncie banner 2-1\" src=\"http:\/\/www.fiscalia.gov.co\/colombia\/wp-content\/uploads\/Denuncie-banner-2-11.jpg\" alt=\"\" width=\"650\" height=\"310\" \/>\r\n\r\n<\/div><\/div>\r\n\r\n<div class=\"su-spoiler su-spoiler-style-fancy su-spoiler-icon-plus su-spoiler-closed\" data-scroll-offset=\"0\" data-anchor-in-url=\"no\"><div class=\"su-spoiler-title\" tabindex=\"0\" role=\"button\"><span class=\"su-spoiler-icon\"><\/span><strong>Si es v\u00edctima del delito inasistencia alimentaria:<\/strong><\/div><div class=\"su-spoiler-content su-u-clearfix su-u-trim\">\r\n\r\n<a href=\"http:\/\/www.fiscalia.gov.co\/colombia\/wp-content\/uploads\/denuncie-3-WEB1.jpg\"><img loading=\"lazy\" decoding=\"async\" class=\"aligncenter\" title=\"denuncie 3 WEB\" src=\"http:\/\/www.fiscalia.gov.co\/colombia\/wp-content\/uploads\/denuncie-3-WEB1.jpg\" alt=\"\" width=\"650\" height=\"310\" \/><\/a>\r\n\r\n<\/div><\/div>\r\n\r\n<div class=\"su-spoiler su-spoiler-style-fancy su-spoiler-icon-plus su-spoiler-closed\" data-scroll-offset=\"0\" data-anchor-in-url=\"no\"><div class=\"su-spoiler-title\" tabindex=\"0\" role=\"button\"><span class=\"su-spoiler-icon\"><\/span><strong>\u00bfQu\u00e9 hacer en caso de violencia intrafamiliar?<\/strong><\/div><div class=\"su-spoiler-content su-u-clearfix su-u-trim\">\r\n\r\n<embed src=\"http:\/\/www.fiscalia.gov.co\/colombia\/wp-content\/uploads\/Violencia-intrafamiliar.pdf\" style=\" height:480px; width:100%;\"><\/embed>\u00a0<strong><a title=\"Descargar\" href=\"http:\/\/www.fiscalia.gov.co\/colombia\/wp-content\/uploads\/Violencia-intrafamiliar.pdf\" target=\"_blank\" rel=\"noopener noreferrer\">Descargar PDF<\/a><\/strong>\r\n\r\n<\/div><\/div>\r\n\r\n<div class=\"su-spoiler su-spoiler-style-fancy su-spoiler-icon-plus su-spoiler-closed\" data-scroll-offset=\"0\" data-anchor-in-url=\"no\"><div class=\"su-spoiler-title\" tabindex=\"0\" role=\"button\"><span class=\"su-spoiler-icon\"><\/span><strong>Si es v\u00edctima de un delito sexual, denuncie<\/strong><\/div><div class=\"su-spoiler-content su-u-clearfix su-u-trim\">\r\n<p style=\"text-align: center;\"><a href=\"http:\/\/www.fiscalia.gov.co\/colombia\/wp-content\/uploads\/Delitosexual-09.jpg\"><img loading=\"lazy\" decoding=\"async\" class=\"size-full wp-image-76723 aligncenter\" title=\"banners-04\" src=\"http:\/\/www.fiscalia.gov.co\/colombia\/wp-content\/uploads\/Delitosexual-09.jpg\" alt=\"\" width=\"744\" height=\"340\" \/><\/a><\/p>\r\n<\/div><\/div>\r\n\r\n<div class=\"su-spoiler su-spoiler-style-fancy su-spoiler-icon-plus su-spoiler-closed\" data-scroll-offset=\"0\" data-anchor-in-url=\"no\"><div class=\"su-spoiler-title\" tabindex=\"0\" role=\"button\"><span class=\"su-spoiler-icon\"><\/span><strong>Antecedentes y anotaciones judiciales<\/strong><\/div><div class=\"su-spoiler-content su-u-clearfix su-u-trim\">\r\n\r\n<embed src=\"http:\/\/www.fiscalia.gov.co\/colombia\/wp-content\/uploads\/Anotaciones.pdf\" style=\" height:480px; width:100%;\"><\/embed>\u00a0<strong><a title=\"Descargar\" href=\"http:\/\/www.fiscalia.gov.co\/colombia\/wp-content\/uploads\/Anotaciones.pdf\" target=\"_blank\" rel=\"noopener noreferrer\">Descargar PDF<\/a><\/strong>\r\n\r\n<\/div><\/div>\r\n\r\n<strong style=\"color: #111111; font-family: Roboto, sans-serif; font-size: 19px;\">Desaparecidos<\/strong>\r\n\r\n<\/div>\r\n<div id=\"2\" align=\"left\">\r\n<div id=\"1\" align=\"left\">\r\n\r\n<div class=\"su-spoiler su-spoiler-style-fancy su-spoiler-icon-plus su-spoiler-closed\" data-scroll-offset=\"0\" data-anchor-in-url=\"no\"><div class=\"su-spoiler-title\" tabindex=\"0\" role=\"button\"><span class=\"su-spoiler-icon\"><\/span>\u00bf<strong>Qu\u00e9 es y c\u00f3mo se activa el Mecanismo de B\u00fasqueda Urgente?<\/strong><\/div><div class=\"su-spoiler-content su-u-clearfix su-u-trim\">\r\n\r\n<strong><a title=\"Ver documento \" href=\"http:\/\/www.fiscalia.gov.co\/colombia\/wp-content\/uploads\/Mecanismo-de-Bu\u0301squeda-Urgente-MBU.pdf\" target=\"_blank\" rel=\"noopener noreferrer\">Mecanismo de B\u00fasqueda Urgente\u00a0<\/a><\/strong>\r\n\r\n<\/div><\/div>\r\n<h4><strong>Otros servicios\u00a0<\/strong><\/h4>\r\n<\/div>\r\n<div id=\"2\" align=\"left\">\r\n\r\n<strong><a title=\"Ver documento \" href=\"http:\/\/www.fiscalia.gov.co\/colombia\/wp-content\/uploads\/PortafolioJusticiaTransicional_ver02.pdf\" target=\"_blank\" rel=\"noopener noreferrer\">\r\nLas v\u00edctimas en el marco de Justicia Transicional\u00a0<\/a><\/strong>\r\n\r\n<a href=\"https:\/\/www.fiscalia.gov.co\/colombia\/futuro-colombia\/\" target=\"_blank\" rel=\"noopener noreferrer\"><strong>Programa Futuro Colombia (PFC)<\/strong><\/a>\r\n\r\n<strong><a title=\"Ver archivo\" href=\"http:\/\/www.fiscalia.gov.co\/colombia\/wp-content\/uploads\/PQRS1.pdf\" target=\"_blank\" rel=\"noopener noreferrer\">Peticiones, quejas y reclamos<\/a><\/strong>\r\n\r\n<\/div>\r\n&nbsp;\r\n\r\n<\/div>\r\n[\/vc_column_text]<\/div><\/div><div class=\"vc_column tdi_6  wpb_column vc_column_container tdc-column td-pb-span4\">\n<style scoped>\n\/* custom css - generated by TagDiv Composer *\/\n\n\/* custom css - generated by TagDiv Composer *\/\n.tdi_6{\r\n                    vertical-align: baseline;\r\n                }.tdi_6 > .wpb_wrapper,\r\n\t\t\t\t.tdi_6 > .wpb_wrapper > .tdc-elements{\r\n\t\t\t\t    display: block;\r\n\t\t\t\t}.tdi_6 > .wpb_wrapper > .tdc-elements{\r\n\t\t\t\t    width: 100%;\r\n\t\t\t\t}.tdi_6 > .wpb_wrapper > .vc_row_inner{\r\n\t\t\t\t    width: auto;\r\n\t\t\t\t}.tdi_6 > .wpb_wrapper{\r\n\t\t\t\t    width: auto;\r\n\t\t\t\t    height: auto;\r\n\t\t\t\t}\n<\/style><div class=\"wpb_wrapper\" ><div class=\"wpb_wrapper td_block_wrap vc_widget_sidebar tdi_8 \" ><aside class=\"td_block_template_6 widget widget_nav_menu\"><h4 class=\"td-block-title\"><span>Servicio al ciudadano<\/span><\/h4><div class=\"menu-atencion-al-usuario-container\"><ul id=\"menu-atencion-al-usuario\" class=\"menu\"><li id=\"menu-item-298336\" class=\"menu-item menu-item-type-post_type menu-item-object-page menu-item-first menu-item-298336\"><a href=\"https:\/\/www.fiscalia.gov.co\/colombia\/menu-atencion-y-servicios-a-la-ciudadania\/\">Men\u00fa Atenci\u00f3n y Servicios a la Ciudadan\u00eda<\/a><\/li>\n<li id=\"menu-item-107291\" class=\"menu-item menu-item-type-custom menu-item-object-custom menu-item-107291\"><a target=\"_blank\" href=\"https:\/\/fiscaliagn.maps.arcgis.com\/apps\/webappviewer\/index.html?id=5a01fb2c742f4e3395985fd96b0eff84\">Puntos de Recepci\u00f3n de Denuncias<\/a><\/li>\n<li id=\"menu-item-315193\" class=\"menu-item menu-item-type-post_type menu-item-object-page menu-item-315193\"><a href=\"https:\/\/www.fiscalia.gov.co\/colombia\/justicia-transicional-2\/\">Justicia Transicional<\/a><\/li>\n<li id=\"menu-item-168988\" class=\"menu-item menu-item-type-post_type menu-item-object-page menu-item-168988\"><a target=\"_blank\" href=\"https:\/\/www.fiscalia.gov.co\/colombia\/gestion\/informe-de-peticiones-quejas-y-reclamos\/\">Informes trimestrales sobre acceso a informaci\u00f3n, quejas y reclamos<\/a><\/li>\n<li id=\"menu-item-104258\" class=\"menu-item menu-item-type-post_type menu-item-object-page menu-item-104258\"><a target=\"_blank\" href=\"https:\/\/www.fiscalia.gov.co\/colombia\/portafolio-de-servicios\/\">Portafolio de servicios<\/a><\/li>\n<li id=\"menu-item-112179\" class=\"menu-item menu-item-type-custom menu-item-object-custom menu-item-112179\"><a target=\"_blank\" href=\"https:\/\/fiscaliagn.maps.arcgis.com\/apps\/webappviewer\/index.html?id=9e38e436e9e645b3a39a837fe42e2b5d%20\">Nuestro directorio<\/a><\/li>\n<li id=\"menu-item-107909\" class=\"menu-item menu-item-type-post_type menu-item-object-page menu-item-107909\"><a target=\"_blank\" href=\"https:\/\/www.fiscalia.gov.co\/colombia\/gestion\/estadisticas\/\">Datos abiertos de la Fiscal\u00eda General de la Naci\u00f3n<\/a><\/li>\n<li id=\"menu-item-316827\" class=\"menu-item menu-item-type-post_type menu-item-object-page menu-item-316827\"><a href=\"https:\/\/www.fiscalia.gov.co\/colombia\/servicios-de-informacion-al-ciudadano\/consultas\/nombramientos\/\">Nombramientos<\/a><\/li>\n<li id=\"menu-item-315811\" class=\"menu-item menu-item-type-post_type menu-item-object-page menu-item-315811\"><a href=\"https:\/\/www.fiscalia.gov.co\/colombia\/contrataciones\/aspirantes\/\">Aspirantes<\/a><\/li>\n<li id=\"menu-item-315069\" class=\"menu-item menu-item-type-post_type menu-item-object-page menu-item-315069\"><a href=\"https:\/\/www.fiscalia.gov.co\/colombia\/la-entidad\/ofertas-de-empleo\/\">Ofertas de empleo<\/a><\/li>\n<li id=\"menu-item-104262\" class=\"menu-item menu-item-type-post_type menu-item-object-page menu-item-104262\"><a target=\"_blank\" href=\"https:\/\/www.fiscalia.gov.co\/colombia\/servicios-de-informacion-al-ciudadano\/buzon-de-quejas-y-reclamos\/\">Formule y haga seguimiento a su PQRS<\/a><\/li>\n<li id=\"menu-item-252269\" class=\"menu-item menu-item-type-post_type menu-item-object-page menu-item-252269\"><a target=\"_blank\" href=\"https:\/\/www.fiscalia.gov.co\/colombia\/fiscalia-para-ninos-ninas-y-adolescentes\/\">Fiscal\u00eda para ni\u00f1os, ni\u00f1as y adolescentes<\/a><\/li>\n<li id=\"menu-item-104267\" class=\"menu-item menu-item-type-post_type menu-item-object-page menu-item-104267\"><a target=\"_blank\" href=\"https:\/\/www.fiscalia.gov.co\/colombia\/servicios-de-informacion-al-ciudadano\/preguntas-frecuentes\/\">Preguntas frecuentes<\/a><\/li>\n<li id=\"menu-item-106954\" class=\"menu-item menu-item-type-post_type menu-item-object-page menu-item-106954\"><a target=\"_blank\" href=\"https:\/\/www.fiscalia.gov.co\/colombia\/transparencia-y-acceso-a-informacion-publica\/glosario\/\">Glosario<\/a><\/li>\n<\/ul><\/div><\/aside><\/div><\/div><\/div><\/div><\/div><\/section>\n<div class=\"twitter-share\"><a href=\"https:\/\/twitter.com\/intent\/tweet?via=fiscaliacol\" class=\"twitter-share-button\">Tweet<\/a><\/div>\n","protected":false},"excerpt":{"rendered":"[vc_column_text] En 2016 se consult\u00f3 al Departamento Administrativo de la Funci\u00f3n P\u00fablica (DAFP) si de acuerdo con las caracter\u00edsticas que se determinan para concretar un \u201ctr\u00e1mite\u201d y las caracter\u00edsticas de [...]","protected":false},"author":143,"featured_media":0,"parent":8600,"menu_order":7,"comment_status":"open","ping_status":"closed","template":"page-pagebuilder-title.php","meta":{"tdm_status":"","tdm_grid_status":"","footnotes":""},"class_list":["post-8601","page","type-page","status-publish"],"yoast_head":"<!-- This site is optimized with the Yoast SEO plugin v24.3 - https:\/\/yoast.com\/wordpress\/plugins\/seo\/ -->\n<title>Fiscal\u00eda General de la Naci\u00f3n<\/title>\n<meta name=\"description\" content=\"P\u00e1gina oficial de la Fiscal\u00eda General de la Naci\u00f3n \u2013 Colombia. Garantizamos el acceso efectivo a la justicia, la verdad y la reparaci\u00f3n de las v\u00edctimas de los delitos.\" \/>\n<meta name=\"robots\" content=\"index, follow, max-snippet:-1, max-image-preview:large, max-video-preview:-1\" \/>\n<link rel=\"canonical\" href=\"https:\/\/www.fiscalia.gov.co\/colombia\/servicios-de-informacion-al-ciudadano\/tramites-y-servicios\/\" \/>\n<meta property=\"og:locale\" content=\"es_ES\" \/>\n<meta property=\"og:type\" content=\"article\" \/>\n<meta property=\"og:title\" content=\"Fiscal\u00eda General de la Naci\u00f3n\" \/>\n<meta property=\"og:description\" content=\"P\u00e1gina oficial de la Fiscal\u00eda General de la Naci\u00f3n \u2013 Colombia. Garantizamos el acceso efectivo a la justicia, la verdad y la reparaci\u00f3n de las v\u00edctimas de los delitos.\" \/>\n<meta property=\"og:url\" content=\"https:\/\/www.fiscalia.gov.co\/colombia\/servicios-de-informacion-al-ciudadano\/tramites-y-servicios\/\" \/>\n<meta property=\"og:site_name\" content=\"Fiscal\u00eda General de la Naci\u00f3n\" \/>\n<meta property=\"article:publisher\" content=\"https:\/\/www.facebook.com\/FiscaliaCol\" \/>\n<meta property=\"article:modified_time\" content=\"2023-08-15T15:16:17+00:00\" \/>\n<meta property=\"og:image\" content=\"http:\/\/www.fiscalia.gov.co\/colombia\/wp-content\/uploads\/Denuncie-banner-2-11.jpg\" \/>\n<meta name=\"twitter:card\" content=\"summary_large_image\" \/>\n<meta name=\"twitter:site\" content=\"@FiscaliaCol\" \/>\n<meta name=\"twitter:label1\" content=\"Tiempo de lectura\" \/>\n\t<meta name=\"twitter:data1\" content=\"2 minutos\" \/>\n<script type=\"application\/ld+json\" class=\"yoast-schema-graph\">{\"@context\":\"https:\/\/schema.org\",\"@graph\":[{\"@type\":\"WebPage\",\"@id\":\"https:\/\/www.fiscalia.gov.co\/colombia\/servicios-de-informacion-al-ciudadano\/tramites-y-servicios\/\",\"url\":\"https:\/\/www.fiscalia.gov.co\/colombia\/servicios-de-informacion-al-ciudadano\/tramites-y-servicios\/\",\"name\":\"Fiscal\u00eda General de la Naci\u00f3n\",\"isPartOf\":{\"@id\":\"https:\/\/www.fiscalia.gov.co\/colombia\/#website\"},\"primaryImageOfPage\":{\"@id\":\"https:\/\/www.fiscalia.gov.co\/colombia\/servicios-de-informacion-al-ciudadano\/tramites-y-servicios\/#primaryimage\"},\"image\":{\"@id\":\"https:\/\/www.fiscalia.gov.co\/colombia\/servicios-de-informacion-al-ciudadano\/tramites-y-servicios\/#primaryimage\"},\"thumbnailUrl\":\"http:\/\/www.fiscalia.gov.co\/colombia\/wp-content\/uploads\/Denuncie-banner-2-11.jpg\",\"datePublished\":\"2012-01-05T15:57:18+00:00\",\"dateModified\":\"2023-08-15T15:16:17+00:00\",\"description\":\"P\u00e1gina oficial de la Fiscal\u00eda General de la Naci\u00f3n \u2013 Colombia. Garantizamos el acceso efectivo a la justicia, la verdad y la reparaci\u00f3n de las v\u00edctimas de los delitos.\",\"breadcrumb\":{\"@id\":\"https:\/\/www.fiscalia.gov.co\/colombia\/servicios-de-informacion-al-ciudadano\/tramites-y-servicios\/#breadcrumb\"},\"inLanguage\":\"es-CO\",\"potentialAction\":[{\"@type\":\"ReadAction\",\"target\":[\"https:\/\/www.fiscalia.gov.co\/colombia\/servicios-de-informacion-al-ciudadano\/tramites-y-servicios\/\"]}]},{\"@type\":\"ImageObject\",\"inLanguage\":\"es-CO\",\"@id\":\"https:\/\/www.fiscalia.gov.co\/colombia\/servicios-de-informacion-al-ciudadano\/tramites-y-servicios\/#primaryimage\",\"url\":\"https:\/\/www.fiscalia.gov.co\/colombia\/wp-content\/uploads\/Denuncie-banner-2-11.jpg\",\"contentUrl\":\"https:\/\/www.fiscalia.gov.co\/colombia\/wp-content\/uploads\/Denuncie-banner-2-11.jpg\",\"width\":\"650\",\"height\":\"310\"},{\"@type\":\"BreadcrumbList\",\"@id\":\"https:\/\/www.fiscalia.gov.co\/colombia\/servicios-de-informacion-al-ciudadano\/tramites-y-servicios\/#breadcrumb\",\"itemListElement\":[{\"@type\":\"ListItem\",\"position\":1,\"name\":\"Home\",\"item\":\"https:\/\/www.fiscalia.gov.co\/colombia\/\"},{\"@type\":\"ListItem\",\"position\":2,\"name\":\"Participaci\u00f3n ciudadana\",\"item\":\"https:\/\/www.fiscalia.gov.co\/colombia\/servicios-de-informacion-al-ciudadano\/\"},{\"@type\":\"ListItem\",\"position\":3,\"name\":\"Tr\u00e1mites y servicios\"}]},{\"@type\":\"WebSite\",\"@id\":\"https:\/\/www.fiscalia.gov.co\/colombia\/#website\",\"url\":\"https:\/\/www.fiscalia.gov.co\/colombia\/\",\"name\":\"Fiscal\u00eda General de la Naci\u00f3n\",\"description\":\"P\u00e1gina oficial de la Fiscal\u00eda General de la Naci\u00f3n \u2013 Colombia. Garantizamos el acceso efectivo a la justicia, la verdad y la reparaci\u00f3n de las v\u00edctimas de los delitos.\",\"publisher\":{\"@id\":\"https:\/\/www.fiscalia.gov.co\/colombia\/#organization\"},\"potentialAction\":[{\"@type\":\"SearchAction\",\"target\":{\"@type\":\"EntryPoint\",\"urlTemplate\":\"https:\/\/www.fiscalia.gov.co\/colombia\/?s={search_term_string}\"},\"query-input\":{\"@type\":\"PropertyValueSpecification\",\"valueRequired\":true,\"valueName\":\"search_term_string\"}}],\"inLanguage\":\"es-CO\"},{\"@type\":\"Organization\",\"@id\":\"https:\/\/www.fiscalia.gov.co\/colombia\/#organization\",\"name\":\"Fiscal\u00eda General de la Naci\u00f3n\",\"url\":\"https:\/\/www.fiscalia.gov.co\/colombia\/\",\"logo\":{\"@type\":\"ImageObject\",\"inLanguage\":\"es-CO\",\"@id\":\"https:\/\/www.fiscalia.gov.co\/colombia\/#\/schema\/logo\/image\/\",\"url\":\"https:\/\/www.fiscalia.gov.co\/colombia\/wp-content\/uploads\/LogoHorizontal_1.jpg\",\"contentUrl\":\"https:\/\/www.fiscalia.gov.co\/colombia\/wp-content\/uploads\/LogoHorizontal_1.jpg\",\"width\":300,\"height\":90,\"caption\":\"Fiscal\u00eda General de la Naci\u00f3n\"},\"image\":{\"@id\":\"https:\/\/www.fiscalia.gov.co\/colombia\/#\/schema\/logo\/image\/\"},\"sameAs\":[\"https:\/\/www.facebook.com\/FiscaliaCol\",\"https:\/\/x.com\/FiscaliaCol\",\"https:\/\/www.instagram.com\/fiscaliacol\",\"https:\/\/www.linkedin.com\/company\/fiscalia-general-de-la-naci-n\/\",\"https:\/\/youtube.com\/@fiscaliageneraldelanacion-4668?si=6nN79nyQICPU5iTh\"]}]}<\/script>\n<!-- \/ Yoast SEO plugin. -->","yoast_head_json":{"title":"Fiscal\u00eda General de la Naci\u00f3n","description":"P\u00e1gina oficial de la Fiscal\u00eda General de la Naci\u00f3n \u2013 Colombia. Garantizamos el acceso efectivo a la justicia, la verdad y la reparaci\u00f3n de las v\u00edctimas de los delitos.","robots":{"index":"index","follow":"follow","max-snippet":"max-snippet:-1","max-image-preview":"max-image-preview:large","max-video-preview":"max-video-preview:-1"},"canonical":"https:\/\/www.fiscalia.gov.co\/colombia\/servicios-de-informacion-al-ciudadano\/tramites-y-servicios\/","og_locale":"es_ES","og_type":"article","og_title":"Fiscal\u00eda General de la Naci\u00f3n","og_description":"P\u00e1gina oficial de la Fiscal\u00eda General de la Naci\u00f3n \u2013 Colombia. Garantizamos el acceso efectivo a la justicia, la verdad y la reparaci\u00f3n de las v\u00edctimas de los delitos.","og_url":"https:\/\/www.fiscalia.gov.co\/colombia\/servicios-de-informacion-al-ciudadano\/tramites-y-servicios\/","og_site_name":"Fiscal\u00eda General de la Naci\u00f3n","article_publisher":"https:\/\/www.facebook.com\/FiscaliaCol","article_modified_time":"2023-08-15T15:16:17+00:00","og_image":[{"url":"http:\/\/www.fiscalia.gov.co\/colombia\/wp-content\/uploads\/Denuncie-banner-2-11.jpg","type":"","width":"","height":""}],"twitter_card":"summary_large_image","twitter_site":"@FiscaliaCol","twitter_misc":{"Tiempo de lectura":"2 minutos"},"schema":{"@context":"https:\/\/schema.org","@graph":[{"@type":"WebPage","@id":"https:\/\/www.fiscalia.gov.co\/colombia\/servicios-de-informacion-al-ciudadano\/tramites-y-servicios\/","url":"https:\/\/www.fiscalia.gov.co\/colombia\/servicios-de-informacion-al-ciudadano\/tramites-y-servicios\/","name":"Fiscal\u00eda General de la Naci\u00f3n","isPartOf":{"@id":"https:\/\/www.fiscalia.gov.co\/colombia\/#website"},"primaryImageOfPage":{"@id":"https:\/\/www.fiscalia.gov.co\/colombia\/servicios-de-informacion-al-ciudadano\/tramites-y-servicios\/#primaryimage"},"image":{"@id":"https:\/\/www.fiscalia.gov.co\/colombia\/servicios-de-informacion-al-ciudadano\/tramites-y-servicios\/#primaryimage"},"thumbnailUrl":"http:\/\/www.fiscalia.gov.co\/colombia\/wp-content\/uploads\/Denuncie-banner-2-11.jpg","datePublished":"2012-01-05T15:57:18+00:00","dateModified":"2023-08-15T15:16:17+00:00","description":"P\u00e1gina oficial de la Fiscal\u00eda General de la Naci\u00f3n \u2013 Colombia. Garantizamos el acceso efectivo a la justicia, la verdad y la reparaci\u00f3n de las v\u00edctimas de los delitos.","breadcrumb":{"@id":"https:\/\/www.fiscalia.gov.co\/colombia\/servicios-de-informacion-al-ciudadano\/tramites-y-servicios\/#breadcrumb"},"inLanguage":"es-CO","potentialAction":[{"@type":"ReadAction","target":["https:\/\/www.fiscalia.gov.co\/colombia\/servicios-de-informacion-al-ciudadano\/tramites-y-servicios\/"]}]},{"@type":"ImageObject","inLanguage":"es-CO","@id":"https:\/\/www.fiscalia.gov.co\/colombia\/servicios-de-informacion-al-ciudadano\/tramites-y-servicios\/#primaryimage","url":"https:\/\/www.fiscalia.gov.co\/colombia\/wp-content\/uploads\/Denuncie-banner-2-11.jpg","contentUrl":"https:\/\/www.fiscalia.gov.co\/colombia\/wp-content\/uploads\/Denuncie-banner-2-11.jpg","width":"650","height":"310"},{"@type":"BreadcrumbList","@id":"https:\/\/www.fiscalia.gov.co\/colombia\/servicios-de-informacion-al-ciudadano\/tramites-y-servicios\/#breadcrumb","itemListElement":[{"@type":"ListItem","position":1,"name":"Home","item":"https:\/\/www.fiscalia.gov.co\/colombia\/"},{"@type":"ListItem","position":2,"name":"Participaci\u00f3n ciudadana","item":"https:\/\/www.fiscalia.gov.co\/colombia\/servicios-de-informacion-al-ciudadano\/"},{"@type":"ListItem","position":3,"name":"Tr\u00e1mites y servicios"}]},{"@type":"WebSite","@id":"https:\/\/www.fiscalia.gov.co\/colombia\/#website","url":"https:\/\/www.fiscalia.gov.co\/colombia\/","name":"Fiscal\u00eda General de la Naci\u00f3n","description":"P\u00e1gina oficial de la Fiscal\u00eda General de la Naci\u00f3n \u2013 Colombia. Garantizamos el acceso efectivo a la justicia, la verdad y la reparaci\u00f3n de las v\u00edctimas de los delitos.","publisher":{"@id":"https:\/\/www.fiscalia.gov.co\/colombia\/#organization"},"potentialAction":[{"@type":"SearchAction","target":{"@type":"EntryPoint","urlTemplate":"https:\/\/www.fiscalia.gov.co\/colombia\/?s={search_term_string}"},"query-input":{"@type":"PropertyValueSpecification","valueRequired":true,"valueName":"search_term_string"}}],"inLanguage":"es-CO"},{"@type":"Organization","@id":"https:\/\/www.fiscalia.gov.co\/colombia\/#organization","name":"Fiscal\u00eda General de la Naci\u00f3n","url":"https:\/\/www.fiscalia.gov.co\/colombia\/","logo":{"@type":"ImageObject","inLanguage":"es-CO","@id":"https:\/\/www.fiscalia.gov.co\/colombia\/#\/schema\/logo\/image\/","url":"https:\/\/www.fiscalia.gov.co\/colombia\/wp-content\/uploads\/LogoHorizontal_1.jpg","contentUrl":"https:\/\/www.fiscalia.gov.co\/colombia\/wp-content\/uploads\/LogoHorizontal_1.jpg","width":300,"height":90,"caption":"Fiscal\u00eda General de la Naci\u00f3n"},"image":{"@id":"https:\/\/www.fiscalia.gov.co\/colombia\/#\/schema\/logo\/image\/"},"sameAs":["https:\/\/www.facebook.com\/FiscaliaCol","https:\/\/x.com\/FiscaliaCol","https:\/\/www.instagram.com\/fiscaliacol","https:\/\/www.linkedin.com\/company\/fiscalia-general-de-la-naci-n\/","https:\/\/youtube.com\/@fiscaliageneraldelanacion-4668?si=6nN79nyQICPU5iTh"]}]}},"_links":{"self":[{"href":"https:\/\/www.fiscalia.gov.co\/colombia\/wp-json\/wp\/v2\/pages\/8601","targetHints":{"allow":["GET"]}}],"collection":[{"href":"https:\/\/www.fiscalia.gov.co\/colombia\/wp-json\/wp\/v2\/pages"}],"about":[{"href":"https:\/\/www.fiscalia.gov.co\/colombia\/wp-json\/wp\/v2\/types\/page"}],"author":[{"embeddable":true,"href":"https:\/\/www.fiscalia.gov.co\/colombia\/wp-json\/wp\/v2\/users\/143"}],"replies":[{"embeddable":true,"href":"https:\/\/www.fiscalia.gov.co\/colombia\/wp-json\/wp\/v2\/comments?post=8601"}],"version-history":[{"count":66,"href":"https:\/\/www.fiscalia.gov.co\/colombia\/wp-json\/wp\/v2\/pages\/8601\/revisions"}],"predecessor-version":[{"id":276868,"href":"https:\/\/www.fiscalia.gov.co\/colombia\/wp-json\/wp\/v2\/pages\/8601\/revisions\/276868"}],"up":[{"embeddable":true,"href":"https:\/\/www.fiscalia.gov.co\/colombia\/wp-json\/wp\/v2\/pages\/8600"}],"wp:attachment":[{"href":"https:\/\/www.fiscalia.gov.co\/colombia\/wp-json\/wp\/v2\/media?parent=8601"}],"curies":[{"name":"wp","href":"https:\/\/api.w.org\/{rel}","templated":true}]}}