{"id":8581,"date":"2012-01-05T10:37:33","date_gmt":"2012-01-05T15:37:33","guid":{"rendered":"http:\/\/www.fiscalia.gov.co\/colombia\/?page_id=8581"},"modified":"2026-03-17T08:44:46","modified_gmt":"2026-03-17T13:44:46","slug":"informes-de-gestion-rendicion-de-cuentas-y-empalme","status":"publish","type":"page","link":"https:\/\/www.fiscalia.gov.co\/colombia\/gestion\/informes-de-gestion-rendicion-de-cuentas-y-empalme\/","title":{"rendered":"Informes de Gesti\u00f3n, Rendici\u00f3n de Cuentas y Empalme"},"content":{"rendered":"<section class=\"wpb-content-wrapper\"><div id=\"tdi_1\" class=\"tdc-row\"><div class=\"vc_row tdi_2  wpb_row td-pb-row\" >\n<style scoped>\n\/* custom css - generated by TagDiv Composer *\/\n\n\/* custom css - generated by TagDiv Composer *\/\n.tdi_2,\r\n                .tdi_2 .tdc-columns{\r\n                    min-height: 0;\r\n                }.tdi_2,\r\n\t\t\t\t.tdi_2 .tdc-columns{\r\n\t\t\t\t    display: block;\r\n\t\t\t\t}.tdi_2 .tdc-columns{\r\n\t\t\t\t    width: 100%;\r\n\t\t\t\t}.tdi_2:before,\r\n\t\t\t\t.tdi_2:after{\r\n\t\t\t\t    display: table;\r\n\t\t\t\t}\n<\/style><div class=\"vc_column tdi_4  wpb_column vc_column_container tdc-column td-pb-span8\">\n<style scoped>\n\/* custom css - generated by TagDiv Composer *\/\n\n\/* custom css - generated by TagDiv Composer *\/\n.tdi_4{\r\n                    vertical-align: baseline;\r\n                }.tdi_4 > .wpb_wrapper,\r\n\t\t\t\t.tdi_4 > .wpb_wrapper > .tdc-elements{\r\n\t\t\t\t    display: block;\r\n\t\t\t\t}.tdi_4 > .wpb_wrapper > .tdc-elements{\r\n\t\t\t\t    width: 100%;\r\n\t\t\t\t}.tdi_4 > .wpb_wrapper > .vc_row_inner{\r\n\t\t\t\t    width: auto;\r\n\t\t\t\t}.tdi_4 > .wpb_wrapper{\r\n\t\t\t\t    width: auto;\r\n\t\t\t\t    height: auto;\r\n\t\t\t\t}\n<\/style><div class=\"wpb_wrapper\" >[vc_column_text]En esta secci\u00f3n encontrar\u00e1 los principales resultados de la gesti\u00f3n institucional.\r\n\r\n<strong>a. Informes de Gesti\u00f3n, Rendici\u00f3n de Cuentas y Empalme<\/strong>\r\n<ul>\r\n \t<li><a href=\"https:\/\/www.fiscalia.gov.co\/colombia\/wp-content\/uploads\/INFORME_RENDICION_CUETAS17MRZ.pdf\" target=\"_blank\" rel=\"noopener\">Informe de Gesti\u00f3n 2025-2026<\/a> \u2013 Publicado 2026-03-17<\/li>\r\n \t<li><a href=\"https:\/\/www.fiscalia.gov.co\/colombia\/wp-content\/uploads\/Informe-de-Gestion-2024-2025.pdf\" target=\"_blank\" rel=\"noopener\">Informe de Gesti\u00f3n 2024-2025 <\/a>\u2013 Publicado 2025-03-21<\/li>\r\n \t<li><a href=\"https:\/\/www.fiscalia.gov.co\/colombia\/wp-content\/uploads\/Informe-de-gestion-2020-2024-consolidado.-final_18_12_23.pdf\" target=\"_blank\" rel=\"noopener\">Informe de Gesti\u00f3n 2020-2024<\/a> &#8211; Publicado 2024-03-08<\/li>\r\n \t<li><a href=\"https:\/\/www.fiscalia.gov.co\/colombia\/wp-content\/uploads\/INFORME-DE-GESTION-2023_19_12_23.pdf\" target=\"_blank\" rel=\"noopener\">Informe de Gesti\u00f3n 2023-2024<\/a> &#8211; Publicado 2024-03-08<\/li>\r\n \t<li><a href=\"https:\/\/www.fiscalia.gov.co\/colombia\/wp-content\/uploads\/Link-Informe-de-Gestion-2022-2023.pdf\" target=\"_blank\" rel=\"noopener\">Informe de Gesti\u00f3n 2022-2023<\/a> &#8211; Publicado 2023-04-28<\/li>\r\n \t<li><a href=\"https:\/\/www.fiscalia.gov.co\/colombia\/wp-content\/uploads\/Informe-de-Gestion-2021-2022.pdf\" target=\"_blank\" rel=\"noopener\">Informe de Gesti\u00f3n 2021-2022<\/a> &#8211; Publicado 2022-05-12<\/li>\r\n \t<li><a href=\"https:\/\/www.fiscalia.gov.co\/colombia\/wp-content\/uploads\/Informe-Gestion2020-2021.pdf\" target=\"_blank\" rel=\"noopener noreferrer\">Informe de Gesti\u00f3n 2020-2021<\/a> &#8211;\u00a0Publicado 2021-03-03<\/li>\r\n \t<li><a href=\"https:\/\/www.fiscalia.gov.co\/colombia\/wp-content\/uploads\/Informe-de-empalme-de-la-FGN-2020.pdf\" target=\"_blank\" rel=\"noopener noreferrer\">Informe de Empalme 2020<\/a> &#8211; Fiscal General (e), Fabio Espitia &#8211; Publicado 2020-02-13<\/li>\r\n \t<li><a href=\"https:\/\/www.fiscalia.gov.co\/colombia\/wp-content\/uploads\/Informe-de-gestio%CC%81n-FGN-2018-2019.pdf\" target=\"_blank\" rel=\"noopener noreferrer\">Informe de Rendici\u00f3n de Cuentas 2018\u20132019<\/a>\u00a0\u2013 Publicado 2020-01-16<\/li>\r\n \t<li><a href=\"https:\/\/www.fiscalia.gov.co\/colombia\/wp-content\/uploads\/Informe-de-avances.-Versi%C3%B3n-final_.pdf\" target=\"_blank\" rel=\"noopener noreferrer\">Informe de Gesti\u00f3n 2016-2019<\/a> &#8211; Fiscal General, N\u00e9stor Mart\u00ednez &#8211; Publicado 2019-07-19<\/li>\r\n \t<li><a href=\"https:\/\/www.fiscalia.gov.co\/colombia\/wp-content\/uploads\/Informe-de-gestion-v-22-11-2018-PDF2.pdf\" target=\"_blank\" rel=\"noopener noreferrer\">Informe de Rendici\u00f3n de Cuentas 2017\u20132018 <\/a>&#8211;\u00a0Publicado el 2018-11-23<\/li>\r\n \t<li><a href=\"https:\/\/www.fiscalia.gov.co\/colombia\/wp-content\/uploads\/Informe-de-Gesti%C3%B3n-2016-17-2.pdf\" target=\"_blank\" rel=\"noopener noreferrer\">Informe de Rendici\u00f3n de Cuentas 2016-2017<\/a><\/li>\r\n \t<li><a title=\"Ver informe \" href=\"http:\/\/www.fiscalia.gov.co\/colombia\/wp-content\/uploads\/Informe_Cuatrienio_corregido_2012-2016.pdf\" target=\"_blank\" rel=\"noopener noreferrer\">Informe de Gesti\u00f3n 2012-2016\u00a0<\/a><\/li>\r\n \t<li><a title=\"Ver informe \" href=\"http:\/\/www.fiscalia.gov.co\/colombia\/wp-content\/uploads\/216877-informefiscalia.pdf\" target=\"_blank\" rel=\"noopener noreferrer\">Informe de Gesti\u00f3n 2015<\/a><\/li>\r\n \t<li><a title=\"Ver informe\" href=\"http:\/\/www.fiscalia.gov.co\/colombia\/wp-content\/uploads\/212419-Gesti\u00f3n-2014-2015-final-11.pdf\" target=\"_blank\" rel=\"noopener noreferrer\">Informe de Gesti\u00f3n 2014-2015<\/a><\/li>\r\n \t<li><a title=\"Descargar informe \" href=\"http:\/\/www.fiscalia.gov.co\/colombia\/wp-content\/uploads\/Informe-Fiscalia-2013-2014-web_final.pdf\" target=\"_blank\" rel=\"noopener noreferrer\">Informe de Gesti\u00f3n 2013-2014<\/a><\/li>\r\n \t<li><a title=\"Ver informe\" href=\"http:\/\/www.fiscalia.gov.co\/colombia\/wp-content\/uploads\/2012\/01\/InformedeGestion2012-2013.pdf\" target=\"_blank\" rel=\"noopener noreferrer\">Informe de Gesti\u00f3n 2012-2013<\/a><\/li>\r\n \t<li><a title=\"Ver informe \" href=\"http:\/\/www.fiscalia.gov.co\/colombia\/wp-content\/uploads\/2012\/01\/Informe-de-Gestion-2011.pdf\" target=\"_blank\" rel=\"noopener noreferrer\">Informe de Gesti\u00f3n 2011<\/a><\/li>\r\n \t<li><a href=\"http:\/\/www.fiscalia.gov.co\/colombia\/wp-content\/uploads\/InformeGestion2009-2010.pdf\" target=\"_blank\" rel=\"noopener noreferrer\">Informe de Gesti\u00f3n 2009- 2010<\/a><\/li>\r\n \t<li><a title=\"Ver \" href=\"https:\/\/www.fiscalia.gov.co\/colombia\/wp-content\/uploads\/2012\/01\/InformeRendici%C3%B3ndeCuentas2009-2010.pdf\" target=\"_blank\" rel=\"noopener noreferrer\">Informe de Rendici\u00f3n de Cuentas 2009- 2010<\/a><\/li>\r\n \t<li><a title=\"Ver\" href=\"https:\/\/www.fiscalia.gov.co\/colombia\/wp-content\/uploads\/2012\/01\/InformeRendici%C3%B3ndeCuentas2008-2009.pdf\" target=\"_blank\" rel=\"noopener noreferrer\">Informe de Rendici\u00f3n de Cuentas 2008- 2009<\/a><\/li>\r\n<\/ul>\r\n<strong>\r\nb. Informes del Plan de Acci\u00f3n<\/strong>\r\n\r\n<a href=\"https:\/\/www.fiscalia.gov.co\/colombia\/gestion\/plan-de-accion\/\" target=\"_blank\" rel=\"noopener noreferrer\">Avances Plan de Acci\u00f3n\u00a0<\/a>[\/vc_column_text]<\/div><\/div><div class=\"vc_column tdi_6  wpb_column vc_column_container tdc-column td-pb-span4\">\n<style scoped>\n\/* custom css - generated by TagDiv Composer *\/\n\n\/* custom css - generated by TagDiv Composer *\/\n.tdi_6{\r\n                    vertical-align: baseline;\r\n                }.tdi_6 > .wpb_wrapper,\r\n\t\t\t\t.tdi_6 > .wpb_wrapper > .tdc-elements{\r\n\t\t\t\t    display: block;\r\n\t\t\t\t}.tdi_6 > .wpb_wrapper > .tdc-elements{\r\n\t\t\t\t    width: 100%;\r\n\t\t\t\t}.tdi_6 > .wpb_wrapper > .vc_row_inner{\r\n\t\t\t\t    width: auto;\r\n\t\t\t\t}.tdi_6 > .wpb_wrapper{\r\n\t\t\t\t    width: auto;\r\n\t\t\t\t    height: auto;\r\n\t\t\t\t}\n<\/style><div class=\"wpb_wrapper\" ><div class=\"wpb_wrapper td_block_wrap vc_raw_html tdi_8 \"><div class=\"td-fix-index\"><h4 class=\"block-title\"><span>TRANSPARENCIA<\/span><\/h4><\/div><\/div>[vc_wp_custommenu nav_menu=&#8221;24172&#8243;]<\/div><\/div><\/div><\/div><\/section>\n<div class=\"twitter-share\"><a href=\"https:\/\/twitter.com\/intent\/tweet?via=fiscaliacol\" class=\"twitter-share-button\">Tweet<\/a><\/div>\n","protected":false},"excerpt":{"rendered":"[vc_column_text]En esta secci\u00f3n encontrar\u00e1 los principales resultados de la gesti\u00f3n institucional. a. Informes de Gesti\u00f3n, Rendici\u00f3n de Cuentas y Empalme Informe de Gesti\u00f3n 2025-2026 \u2013 Publicado 2026-03-17 Informe de Gesti\u00f3n 2024-2025 \u2013 Publicado 2025-03-21 Informe de Gesti\u00f3n 2020-2024 - Publicado 2024-03-08 Informe de Gesti\u00f3n 2023-2024 - Publicado 2024-03-08 Informe de Gesti\u00f3n 2022-2023 - Publicado 2023-04-28 [...]","protected":false},"author":143,"featured_media":0,"parent":8562,"menu_order":3,"comment_status":"open","ping_status":"closed","template":"page-pagebuilder-title.php","meta":{"_price":"","_stock":"","_tribe_ticket_header":"","_tribe_default_ticket_provider":"","_tribe_ticket_capacity":"0","_ticket_start_date":"","_ticket_end_date":"","_tribe_ticket_show_description":"","_tribe_ticket_show_not_going":false,"_tribe_ticket_use_global_stock":"","_tribe_ticket_global_stock_level":"","_global_stock_mode":"","_global_stock_cap":"","_tribe_rsvp_for_event":"","_tribe_ticket_going_count":"","_tribe_ticket_not_going_count":"","_tribe_tickets_list":"[]","_tribe_ticket_has_attendee_info_fields":false,"tdm_status":"","tdm_grid_status":"","footnotes":"","_tec_slr_enabled":"","_tec_slr_layout":""},"class_list":["post-8581","page","type-page","status-publish"],"yoast_head":"<!-- This site is optimized with the Yoast SEO plugin v24.3 - https:\/\/yoast.com\/wordpress\/plugins\/seo\/ -->\n<title>Fiscal\u00eda General de la Naci\u00f3n<\/title>\n<meta name=\"description\" content=\"P\u00e1gina oficial de la Fiscal\u00eda General de la Naci\u00f3n \u2013 Colombia. Garantizamos el acceso efectivo a la justicia, la verdad y la reparaci\u00f3n de las v\u00edctimas de los delitos.\" \/>\n<meta name=\"robots\" content=\"index, follow, max-snippet:-1, max-image-preview:large, max-video-preview:-1\" \/>\n<link rel=\"canonical\" href=\"https:\/\/www.fiscalia.gov.co\/colombia\/gestion\/informes-de-gestion-rendicion-de-cuentas-y-empalme\/\" \/>\n<meta property=\"og:locale\" content=\"es_ES\" \/>\n<meta property=\"og:type\" content=\"article\" \/>\n<meta property=\"og:title\" content=\"Fiscal\u00eda General de la Naci\u00f3n\" \/>\n<meta property=\"og:description\" content=\"P\u00e1gina oficial de la Fiscal\u00eda General de la Naci\u00f3n \u2013 Colombia. Garantizamos el acceso efectivo a la justicia, la verdad y la reparaci\u00f3n de las v\u00edctimas de los delitos.\" \/>\n<meta property=\"og:url\" content=\"https:\/\/www.fiscalia.gov.co\/colombia\/gestion\/informes-de-gestion-rendicion-de-cuentas-y-empalme\/\" \/>\n<meta property=\"og:site_name\" content=\"Fiscal\u00eda General de la Naci\u00f3n\" \/>\n<meta property=\"article:publisher\" content=\"https:\/\/www.facebook.com\/FiscaliaCol\" \/>\n<meta property=\"article:modified_time\" content=\"2026-03-17T13:44:46+00:00\" \/>\n<meta name=\"twitter:card\" content=\"summary_large_image\" \/>\n<meta name=\"twitter:site\" content=\"@FiscaliaCol\" \/>\n<meta name=\"twitter:label1\" content=\"Tiempo de lectura\" \/>\n\t<meta name=\"twitter:data1\" content=\"1 minuto\" \/>\n<script type=\"application\/ld+json\" class=\"yoast-schema-graph\">{\"@context\":\"https:\/\/schema.org\",\"@graph\":[{\"@type\":\"WebPage\",\"@id\":\"https:\/\/www.fiscalia.gov.co\/colombia\/gestion\/informes-de-gestion-rendicion-de-cuentas-y-empalme\/\",\"url\":\"https:\/\/www.fiscalia.gov.co\/colombia\/gestion\/informes-de-gestion-rendicion-de-cuentas-y-empalme\/\",\"name\":\"Fiscal\u00eda General de la Naci\u00f3n\",\"isPartOf\":{\"@id\":\"https:\/\/www.fiscalia.gov.co\/colombia\/#website\"},\"datePublished\":\"2012-01-05T15:37:33+00:00\",\"dateModified\":\"2026-03-17T13:44:46+00:00\",\"description\":\"P\u00e1gina oficial de la Fiscal\u00eda General de la Naci\u00f3n \u2013 Colombia. Garantizamos el acceso efectivo a la justicia, la verdad y la reparaci\u00f3n de las v\u00edctimas de los delitos.\",\"breadcrumb\":{\"@id\":\"https:\/\/www.fiscalia.gov.co\/colombia\/gestion\/informes-de-gestion-rendicion-de-cuentas-y-empalme\/#breadcrumb\"},\"inLanguage\":\"es-CO\",\"potentialAction\":[{\"@type\":\"ReadAction\",\"target\":[\"https:\/\/www.fiscalia.gov.co\/colombia\/gestion\/informes-de-gestion-rendicion-de-cuentas-y-empalme\/\"]}]},{\"@type\":\"BreadcrumbList\",\"@id\":\"https:\/\/www.fiscalia.gov.co\/colombia\/gestion\/informes-de-gestion-rendicion-de-cuentas-y-empalme\/#breadcrumb\",\"itemListElement\":[{\"@type\":\"ListItem\",\"position\":1,\"name\":\"Home\",\"item\":\"https:\/\/www.fiscalia.gov.co\/colombia\/\"},{\"@type\":\"ListItem\",\"position\":2,\"name\":\"Gesti\u00f3n\",\"item\":\"https:\/\/www.fiscalia.gov.co\/colombia\/gestion\/\"},{\"@type\":\"ListItem\",\"position\":3,\"name\":\"Informes de Gesti\u00f3n, Rendici\u00f3n de Cuentas y Empalme\"}]},{\"@type\":\"WebSite\",\"@id\":\"https:\/\/www.fiscalia.gov.co\/colombia\/#website\",\"url\":\"https:\/\/www.fiscalia.gov.co\/colombia\/\",\"name\":\"Fiscal\u00eda General de la Naci\u00f3n\",\"description\":\"P\u00e1gina oficial de la Fiscal\u00eda General de la Naci\u00f3n \u2013 Colombia. Garantizamos el acceso efectivo a la justicia, la verdad y la reparaci\u00f3n de las v\u00edctimas de los delitos.\",\"publisher\":{\"@id\":\"https:\/\/www.fiscalia.gov.co\/colombia\/#organization\"},\"potentialAction\":[{\"@type\":\"SearchAction\",\"target\":{\"@type\":\"EntryPoint\",\"urlTemplate\":\"https:\/\/www.fiscalia.gov.co\/colombia\/?s={search_term_string}\"},\"query-input\":{\"@type\":\"PropertyValueSpecification\",\"valueRequired\":true,\"valueName\":\"search_term_string\"}}],\"inLanguage\":\"es-CO\"},{\"@type\":\"Organization\",\"@id\":\"https:\/\/www.fiscalia.gov.co\/colombia\/#organization\",\"name\":\"Fiscal\u00eda General de la Naci\u00f3n\",\"url\":\"https:\/\/www.fiscalia.gov.co\/colombia\/\",\"logo\":{\"@type\":\"ImageObject\",\"inLanguage\":\"es-CO\",\"@id\":\"https:\/\/www.fiscalia.gov.co\/colombia\/#\/schema\/logo\/image\/\",\"url\":\"https:\/\/www.fiscalia.gov.co\/colombia\/wp-content\/uploads\/LogoHorizontal_1.jpg\",\"contentUrl\":\"https:\/\/www.fiscalia.gov.co\/colombia\/wp-content\/uploads\/LogoHorizontal_1.jpg\",\"width\":300,\"height\":90,\"caption\":\"Fiscal\u00eda General de la Naci\u00f3n\"},\"image\":{\"@id\":\"https:\/\/www.fiscalia.gov.co\/colombia\/#\/schema\/logo\/image\/\"},\"sameAs\":[\"https:\/\/www.facebook.com\/FiscaliaCol\",\"https:\/\/x.com\/FiscaliaCol\",\"https:\/\/www.instagram.com\/fiscaliacol\",\"https:\/\/www.linkedin.com\/company\/fiscalia-general-de-la-naci-n\/\",\"https:\/\/youtube.com\/@fiscaliageneraldelanacion-4668?si=6nN79nyQICPU5iTh\"]}]}<\/script>\n<!-- \/ Yoast SEO plugin. -->","yoast_head_json":{"title":"Fiscal\u00eda General de la Naci\u00f3n","description":"P\u00e1gina oficial de la Fiscal\u00eda General de la Naci\u00f3n \u2013 Colombia. Garantizamos el acceso efectivo a la justicia, la verdad y la reparaci\u00f3n de las v\u00edctimas de los delitos.","robots":{"index":"index","follow":"follow","max-snippet":"max-snippet:-1","max-image-preview":"max-image-preview:large","max-video-preview":"max-video-preview:-1"},"canonical":"https:\/\/www.fiscalia.gov.co\/colombia\/gestion\/informes-de-gestion-rendicion-de-cuentas-y-empalme\/","og_locale":"es_ES","og_type":"article","og_title":"Fiscal\u00eda General de la Naci\u00f3n","og_description":"P\u00e1gina oficial de la Fiscal\u00eda General de la Naci\u00f3n \u2013 Colombia. Garantizamos el acceso efectivo a la justicia, la verdad y la reparaci\u00f3n de las v\u00edctimas de los delitos.","og_url":"https:\/\/www.fiscalia.gov.co\/colombia\/gestion\/informes-de-gestion-rendicion-de-cuentas-y-empalme\/","og_site_name":"Fiscal\u00eda General de la Naci\u00f3n","article_publisher":"https:\/\/www.facebook.com\/FiscaliaCol","article_modified_time":"2026-03-17T13:44:46+00:00","twitter_card":"summary_large_image","twitter_site":"@FiscaliaCol","twitter_misc":{"Tiempo de lectura":"1 minuto"},"schema":{"@context":"https:\/\/schema.org","@graph":[{"@type":"WebPage","@id":"https:\/\/www.fiscalia.gov.co\/colombia\/gestion\/informes-de-gestion-rendicion-de-cuentas-y-empalme\/","url":"https:\/\/www.fiscalia.gov.co\/colombia\/gestion\/informes-de-gestion-rendicion-de-cuentas-y-empalme\/","name":"Fiscal\u00eda General de la Naci\u00f3n","isPartOf":{"@id":"https:\/\/www.fiscalia.gov.co\/colombia\/#website"},"datePublished":"2012-01-05T15:37:33+00:00","dateModified":"2026-03-17T13:44:46+00:00","description":"P\u00e1gina oficial de la Fiscal\u00eda General de la Naci\u00f3n \u2013 Colombia. Garantizamos el acceso efectivo a la justicia, la verdad y la reparaci\u00f3n de las v\u00edctimas de los delitos.","breadcrumb":{"@id":"https:\/\/www.fiscalia.gov.co\/colombia\/gestion\/informes-de-gestion-rendicion-de-cuentas-y-empalme\/#breadcrumb"},"inLanguage":"es-CO","potentialAction":[{"@type":"ReadAction","target":["https:\/\/www.fiscalia.gov.co\/colombia\/gestion\/informes-de-gestion-rendicion-de-cuentas-y-empalme\/"]}]},{"@type":"BreadcrumbList","@id":"https:\/\/www.fiscalia.gov.co\/colombia\/gestion\/informes-de-gestion-rendicion-de-cuentas-y-empalme\/#breadcrumb","itemListElement":[{"@type":"ListItem","position":1,"name":"Home","item":"https:\/\/www.fiscalia.gov.co\/colombia\/"},{"@type":"ListItem","position":2,"name":"Gesti\u00f3n","item":"https:\/\/www.fiscalia.gov.co\/colombia\/gestion\/"},{"@type":"ListItem","position":3,"name":"Informes de Gesti\u00f3n, Rendici\u00f3n de Cuentas y Empalme"}]},{"@type":"WebSite","@id":"https:\/\/www.fiscalia.gov.co\/colombia\/#website","url":"https:\/\/www.fiscalia.gov.co\/colombia\/","name":"Fiscal\u00eda General de la Naci\u00f3n","description":"P\u00e1gina oficial de la Fiscal\u00eda General de la Naci\u00f3n \u2013 Colombia. Garantizamos el acceso efectivo a la justicia, la verdad y la reparaci\u00f3n de las v\u00edctimas de los delitos.","publisher":{"@id":"https:\/\/www.fiscalia.gov.co\/colombia\/#organization"},"potentialAction":[{"@type":"SearchAction","target":{"@type":"EntryPoint","urlTemplate":"https:\/\/www.fiscalia.gov.co\/colombia\/?s={search_term_string}"},"query-input":{"@type":"PropertyValueSpecification","valueRequired":true,"valueName":"search_term_string"}}],"inLanguage":"es-CO"},{"@type":"Organization","@id":"https:\/\/www.fiscalia.gov.co\/colombia\/#organization","name":"Fiscal\u00eda General de la Naci\u00f3n","url":"https:\/\/www.fiscalia.gov.co\/colombia\/","logo":{"@type":"ImageObject","inLanguage":"es-CO","@id":"https:\/\/www.fiscalia.gov.co\/colombia\/#\/schema\/logo\/image\/","url":"https:\/\/www.fiscalia.gov.co\/colombia\/wp-content\/uploads\/LogoHorizontal_1.jpg","contentUrl":"https:\/\/www.fiscalia.gov.co\/colombia\/wp-content\/uploads\/LogoHorizontal_1.jpg","width":300,"height":90,"caption":"Fiscal\u00eda General de la Naci\u00f3n"},"image":{"@id":"https:\/\/www.fiscalia.gov.co\/colombia\/#\/schema\/logo\/image\/"},"sameAs":["https:\/\/www.facebook.com\/FiscaliaCol","https:\/\/x.com\/FiscaliaCol","https:\/\/www.instagram.com\/fiscaliacol","https:\/\/www.linkedin.com\/company\/fiscalia-general-de-la-naci-n\/","https:\/\/youtube.com\/@fiscaliageneraldelanacion-4668?si=6nN79nyQICPU5iTh"]}]}},"ticketed":false,"_links":{"self":[{"href":"https:\/\/www.fiscalia.gov.co\/colombia\/wp-json\/wp\/v2\/pages\/8581","targetHints":{"allow":["GET"]}}],"collection":[{"href":"https:\/\/www.fiscalia.gov.co\/colombia\/wp-json\/wp\/v2\/pages"}],"about":[{"href":"https:\/\/www.fiscalia.gov.co\/colombia\/wp-json\/wp\/v2\/types\/page"}],"author":[{"embeddable":true,"href":"https:\/\/www.fiscalia.gov.co\/colombia\/wp-json\/wp\/v2\/users\/143"}],"replies":[{"embeddable":true,"href":"https:\/\/www.fiscalia.gov.co\/colombia\/wp-json\/wp\/v2\/comments?post=8581"}],"version-history":[{"count":104,"href":"https:\/\/www.fiscalia.gov.co\/colombia\/wp-json\/wp\/v2\/pages\/8581\/revisions"}],"predecessor-version":[{"id":333001,"href":"https:\/\/www.fiscalia.gov.co\/colombia\/wp-json\/wp\/v2\/pages\/8581\/revisions\/333001"}],"up":[{"embeddable":true,"href":"https:\/\/www.fiscalia.gov.co\/colombia\/wp-json\/wp\/v2\/pages\/8562"}],"wp:attachment":[{"href":"https:\/\/www.fiscalia.gov.co\/colombia\/wp-json\/wp\/v2\/media?parent=8581"}],"curies":[{"name":"wp","href":"https:\/\/api.w.org\/{rel}","templated":true}]}}