{"id":81247,"date":"2016-03-29T11:37:25","date_gmt":"2016-03-29T16:37:25","guid":{"rendered":"http:\/\/www.fiscalia.gov.co\/colombia\/?page_id=81247"},"modified":"2024-02-14T11:05:29","modified_gmt":"2024-02-14T16:05:29","slug":"eduardo-montealegre-lynett","status":"publish","type":"page","link":"https:\/\/www.fiscalia.gov.co\/colombia\/la-entidad\/el-fiscal\/ex-fiscales\/eduardo-montealegre-lynett\/","title":{"rendered":"Luis Eduardo Montealegre Lynett"},"content":{"rendered":"<p><a href=\"http:\/\/www.fiscalia.gov.co\/colombia\/wp-content\/uploads\/2011\/12\/EduardoMontealegreLynett1.jpg\"><img loading=\"lazy\" decoding=\"async\" class=\"wp-image-16287 alignleft\" title=\"Eduardo Montealegre Lynett\" src=\"http:\/\/www.fiscalia.gov.co\/colombia\/wp-content\/uploads\/2011\/12\/EduardoMontealegreLynett1.jpg\" alt=\"\" width=\"244\" height=\"426\" \/><\/a><strong>Fiscal General de la Naci\u00f3n entre marzo de 2012 y marzo de 2016<\/strong><\/p>\n<p>Luis Eduardo Montealegre Lynett naci\u00f3 en Ibagu\u00e9 el 14 de octubre de 1957, en una familia de clase media, dedicada al comercio y al cultivo de la tierra. Es abogado de la Universidad Externado de Colombia, graduado en 1982. Se especializ\u00f3 en derecho penal de la misma instituci\u00f3n y en la Universidad de Bonn. Tambi\u00e9n es egresado de la c\u00e1tedra de derecho constitucional en Erlangen, Alemania.<\/p>\n<p>Inici\u00f3 su carrera profesional en la rama judicial como sustanciador de despacho, luego fue juez de instrucci\u00f3n criminal, juez penal municipal y conjuez de los tribunales superiores de Bogot\u00e1 y Cundinamarca.<\/p>\n<p>Entre enero de 1997 y junio del 2001 ofici\u00f3 como Viceprocurador General de la Naci\u00f3n y posteriormente fue elegido magistrado de la Corte Constitucional, hasta el 2004. Hizo parte de la comisi\u00f3n de expertos que plante\u00f3 en 2012 una cirug\u00eda de fondo en la justicia penal militar.<\/p>\n<p>Fue ponente de fallos claves en derechos humanos y ha sido representante del estado colombiano ante el Sistema Interamericano de Derechos Humanos.<\/p>\n<p>El 22 de marzo de 2012 fue elegido como el s\u00e9ptimo Fiscal General de la Naci\u00f3n de una terna que integraron la abogadas Mar\u00eda Luisa Mesa y M\u00f3nica de Greiff.<\/p>\n<p>Ha sido profesor de la Universidad Externado de Colombia durante m\u00e1s de veinte a\u00f1os y fue investigador invitado de la Universidad Complutense de Madrid. Es autor de varios libros sobre derecho penal y, a trav\u00e9s de su oficina de abogados, ha estado vinculado al ejercicio del derecho como litigante particular.<\/p>\n\n<div class=\"twitter-share\"><a href=\"https:\/\/twitter.com\/intent\/tweet?via=fiscaliacol\" class=\"twitter-share-button\">Tweet<\/a><\/div>\n","protected":false},"excerpt":{"rendered":"<p>Fiscal General de la Naci\u00f3n entre marzo de 2012 y marzo de 2016 Luis Eduardo Montealegre Lynett naci\u00f3 en Ibagu\u00e9 el 14 de octubre de 1957, en una familia de [&hellip;]<\/p>\n","protected":false},"author":143,"featured_media":0,"parent":16207,"menu_order":0,"comment_status":"closed","ping_status":"open","template":"","meta":{"_price":"","_stock":"","_tribe_ticket_header":"","_tribe_default_ticket_provider":"","_tribe_ticket_capacity":"0","_ticket_start_date":"","_ticket_end_date":"","_tribe_ticket_show_description":"","_tribe_ticket_show_not_going":false,"_tribe_ticket_use_global_stock":"","_tribe_ticket_global_stock_level":"","_global_stock_mode":"","_global_stock_cap":"","_tribe_rsvp_for_event":"","_tribe_ticket_going_count":"","_tribe_ticket_not_going_count":"","_tribe_tickets_list":"[]","_tribe_ticket_has_attendee_info_fields":false,"tdm_status":"","tdm_grid_status":"","footnotes":"","_tec_slr_enabled":"","_tec_slr_layout":""},"class_list":["post-81247","page","type-page","status-publish"],"yoast_head":"<!-- This site is optimized with the Yoast SEO plugin v24.3 - https:\/\/yoast.com\/wordpress\/plugins\/seo\/ -->\n<title>Fiscal\u00eda General de la Naci\u00f3n<\/title>\n<meta name=\"description\" content=\"P\u00e1gina oficial de la Fiscal\u00eda General de la Naci\u00f3n \u2013 Colombia. Garantizamos el acceso efectivo a la justicia, la verdad y la reparaci\u00f3n de las v\u00edctimas de los delitos.\" \/>\n<meta name=\"robots\" content=\"index, follow, max-snippet:-1, max-image-preview:large, max-video-preview:-1\" \/>\n<link rel=\"canonical\" href=\"https:\/\/www.fiscalia.gov.co\/colombia\/la-entidad\/el-fiscal\/ex-fiscales\/eduardo-montealegre-lynett\/\" \/>\n<meta property=\"og:locale\" content=\"es_ES\" \/>\n<meta property=\"og:type\" content=\"article\" \/>\n<meta property=\"og:title\" content=\"Fiscal\u00eda General de la Naci\u00f3n\" \/>\n<meta property=\"og:description\" content=\"P\u00e1gina oficial de la Fiscal\u00eda General de la Naci\u00f3n \u2013 Colombia. Garantizamos el acceso efectivo a la justicia, la verdad y la reparaci\u00f3n de las v\u00edctimas de los delitos.\" \/>\n<meta property=\"og:url\" content=\"https:\/\/www.fiscalia.gov.co\/colombia\/la-entidad\/el-fiscal\/ex-fiscales\/eduardo-montealegre-lynett\/\" \/>\n<meta property=\"og:site_name\" content=\"Fiscal\u00eda General de la Naci\u00f3n\" \/>\n<meta property=\"article:publisher\" content=\"https:\/\/www.facebook.com\/FiscaliaCol\" \/>\n<meta property=\"article:modified_time\" content=\"2024-02-14T16:05:29+00:00\" \/>\n<meta property=\"og:image\" content=\"http:\/\/www.fiscalia.gov.co\/colombia\/wp-content\/uploads\/2011\/12\/EduardoMontealegreLynett1.jpg\" \/>\n<meta name=\"twitter:card\" content=\"summary_large_image\" \/>\n<meta name=\"twitter:site\" content=\"@FiscaliaCol\" \/>\n<meta name=\"twitter:label1\" content=\"Tiempo de lectura\" \/>\n\t<meta name=\"twitter:data1\" content=\"2 minutos\" \/>\n<script type=\"application\/ld+json\" class=\"yoast-schema-graph\">{\"@context\":\"https:\/\/schema.org\",\"@graph\":[{\"@type\":\"WebPage\",\"@id\":\"https:\/\/www.fiscalia.gov.co\/colombia\/la-entidad\/el-fiscal\/ex-fiscales\/eduardo-montealegre-lynett\/\",\"url\":\"https:\/\/www.fiscalia.gov.co\/colombia\/la-entidad\/el-fiscal\/ex-fiscales\/eduardo-montealegre-lynett\/\",\"name\":\"Fiscal\u00eda General de la Naci\u00f3n\",\"isPartOf\":{\"@id\":\"https:\/\/www.fiscalia.gov.co\/colombia\/#website\"},\"primaryImageOfPage\":{\"@id\":\"https:\/\/www.fiscalia.gov.co\/colombia\/la-entidad\/el-fiscal\/ex-fiscales\/eduardo-montealegre-lynett\/#primaryimage\"},\"image\":{\"@id\":\"https:\/\/www.fiscalia.gov.co\/colombia\/la-entidad\/el-fiscal\/ex-fiscales\/eduardo-montealegre-lynett\/#primaryimage\"},\"thumbnailUrl\":\"http:\/\/www.fiscalia.gov.co\/colombia\/wp-content\/uploads\/2011\/12\/EduardoMontealegreLynett1.jpg\",\"datePublished\":\"2016-03-29T16:37:25+00:00\",\"dateModified\":\"2024-02-14T16:05:29+00:00\",\"description\":\"P\u00e1gina oficial de la Fiscal\u00eda General de la Naci\u00f3n \u2013 Colombia. Garantizamos el acceso efectivo a la justicia, la verdad y la reparaci\u00f3n de las v\u00edctimas de los delitos.\",\"breadcrumb\":{\"@id\":\"https:\/\/www.fiscalia.gov.co\/colombia\/la-entidad\/el-fiscal\/ex-fiscales\/eduardo-montealegre-lynett\/#breadcrumb\"},\"inLanguage\":\"es-CO\",\"potentialAction\":[{\"@type\":\"ReadAction\",\"target\":[\"https:\/\/www.fiscalia.gov.co\/colombia\/la-entidad\/el-fiscal\/ex-fiscales\/eduardo-montealegre-lynett\/\"]}]},{\"@type\":\"ImageObject\",\"inLanguage\":\"es-CO\",\"@id\":\"https:\/\/www.fiscalia.gov.co\/colombia\/la-entidad\/el-fiscal\/ex-fiscales\/eduardo-montealegre-lynett\/#primaryimage\",\"url\":\"http:\/\/www.fiscalia.gov.co\/colombia\/wp-content\/uploads\/2011\/12\/EduardoMontealegreLynett1.jpg\",\"contentUrl\":\"http:\/\/www.fiscalia.gov.co\/colombia\/wp-content\/uploads\/2011\/12\/EduardoMontealegreLynett1.jpg\"},{\"@type\":\"BreadcrumbList\",\"@id\":\"https:\/\/www.fiscalia.gov.co\/colombia\/la-entidad\/el-fiscal\/ex-fiscales\/eduardo-montealegre-lynett\/#breadcrumb\",\"itemListElement\":[{\"@type\":\"ListItem\",\"position\":1,\"name\":\"Home\",\"item\":\"https:\/\/www.fiscalia.gov.co\/colombia\/\"},{\"@type\":\"ListItem\",\"position\":2,\"name\":\"La Entidad\",\"item\":\"https:\/\/www.fiscalia.gov.co\/colombia\/la-entidad\/\"},{\"@type\":\"ListItem\",\"position\":3,\"name\":\"Fiscal General de la Naci\u00f3n\",\"item\":\"https:\/\/www.fiscalia.gov.co\/colombia\/la-entidad\/el-fiscal\/\"},{\"@type\":\"ListItem\",\"position\":4,\"name\":\"Ex Fiscales Generales de la Naci\u00f3n\",\"item\":\"https:\/\/www.fiscalia.gov.co\/colombia\/la-entidad\/el-fiscal\/ex-fiscales\/\"},{\"@type\":\"ListItem\",\"position\":5,\"name\":\"Luis Eduardo Montealegre Lynett\"}]},{\"@type\":\"WebSite\",\"@id\":\"https:\/\/www.fiscalia.gov.co\/colombia\/#website\",\"url\":\"https:\/\/www.fiscalia.gov.co\/colombia\/\",\"name\":\"Fiscal\u00eda General de la Naci\u00f3n\",\"description\":\"P\u00e1gina oficial de la Fiscal\u00eda General de la Naci\u00f3n \u2013 Colombia. Garantizamos el acceso efectivo a la justicia, la verdad y la reparaci\u00f3n de las v\u00edctimas de los delitos.\",\"publisher\":{\"@id\":\"https:\/\/www.fiscalia.gov.co\/colombia\/#organization\"},\"potentialAction\":[{\"@type\":\"SearchAction\",\"target\":{\"@type\":\"EntryPoint\",\"urlTemplate\":\"https:\/\/www.fiscalia.gov.co\/colombia\/?s={search_term_string}\"},\"query-input\":{\"@type\":\"PropertyValueSpecification\",\"valueRequired\":true,\"valueName\":\"search_term_string\"}}],\"inLanguage\":\"es-CO\"},{\"@type\":\"Organization\",\"@id\":\"https:\/\/www.fiscalia.gov.co\/colombia\/#organization\",\"name\":\"Fiscal\u00eda General de la Naci\u00f3n\",\"url\":\"https:\/\/www.fiscalia.gov.co\/colombia\/\",\"logo\":{\"@type\":\"ImageObject\",\"inLanguage\":\"es-CO\",\"@id\":\"https:\/\/www.fiscalia.gov.co\/colombia\/#\/schema\/logo\/image\/\",\"url\":\"https:\/\/www.fiscalia.gov.co\/colombia\/wp-content\/uploads\/LogoHorizontal_1.jpg\",\"contentUrl\":\"https:\/\/www.fiscalia.gov.co\/colombia\/wp-content\/uploads\/LogoHorizontal_1.jpg\",\"width\":300,\"height\":90,\"caption\":\"Fiscal\u00eda General de la Naci\u00f3n\"},\"image\":{\"@id\":\"https:\/\/www.fiscalia.gov.co\/colombia\/#\/schema\/logo\/image\/\"},\"sameAs\":[\"https:\/\/www.facebook.com\/FiscaliaCol\",\"https:\/\/x.com\/FiscaliaCol\",\"https:\/\/www.instagram.com\/fiscaliacol\",\"https:\/\/www.linkedin.com\/company\/fiscalia-general-de-la-naci-n\/\",\"https:\/\/youtube.com\/@fiscaliageneraldelanacion-4668?si=6nN79nyQICPU5iTh\"]}]}<\/script>\n<!-- \/ Yoast SEO plugin. -->","yoast_head_json":{"title":"Fiscal\u00eda General de la Naci\u00f3n","description":"P\u00e1gina oficial de la Fiscal\u00eda General de la Naci\u00f3n \u2013 Colombia. Garantizamos el acceso efectivo a la justicia, la verdad y la reparaci\u00f3n de las v\u00edctimas de los delitos.","robots":{"index":"index","follow":"follow","max-snippet":"max-snippet:-1","max-image-preview":"max-image-preview:large","max-video-preview":"max-video-preview:-1"},"canonical":"https:\/\/www.fiscalia.gov.co\/colombia\/la-entidad\/el-fiscal\/ex-fiscales\/eduardo-montealegre-lynett\/","og_locale":"es_ES","og_type":"article","og_title":"Fiscal\u00eda General de la Naci\u00f3n","og_description":"P\u00e1gina oficial de la Fiscal\u00eda General de la Naci\u00f3n \u2013 Colombia. Garantizamos el acceso efectivo a la justicia, la verdad y la reparaci\u00f3n de las v\u00edctimas de los delitos.","og_url":"https:\/\/www.fiscalia.gov.co\/colombia\/la-entidad\/el-fiscal\/ex-fiscales\/eduardo-montealegre-lynett\/","og_site_name":"Fiscal\u00eda General de la Naci\u00f3n","article_publisher":"https:\/\/www.facebook.com\/FiscaliaCol","article_modified_time":"2024-02-14T16:05:29+00:00","og_image":[{"url":"http:\/\/www.fiscalia.gov.co\/colombia\/wp-content\/uploads\/2011\/12\/EduardoMontealegreLynett1.jpg","type":"","width":"","height":""}],"twitter_card":"summary_large_image","twitter_site":"@FiscaliaCol","twitter_misc":{"Tiempo de lectura":"2 minutos"},"schema":{"@context":"https:\/\/schema.org","@graph":[{"@type":"WebPage","@id":"https:\/\/www.fiscalia.gov.co\/colombia\/la-entidad\/el-fiscal\/ex-fiscales\/eduardo-montealegre-lynett\/","url":"https:\/\/www.fiscalia.gov.co\/colombia\/la-entidad\/el-fiscal\/ex-fiscales\/eduardo-montealegre-lynett\/","name":"Fiscal\u00eda General de la Naci\u00f3n","isPartOf":{"@id":"https:\/\/www.fiscalia.gov.co\/colombia\/#website"},"primaryImageOfPage":{"@id":"https:\/\/www.fiscalia.gov.co\/colombia\/la-entidad\/el-fiscal\/ex-fiscales\/eduardo-montealegre-lynett\/#primaryimage"},"image":{"@id":"https:\/\/www.fiscalia.gov.co\/colombia\/la-entidad\/el-fiscal\/ex-fiscales\/eduardo-montealegre-lynett\/#primaryimage"},"thumbnailUrl":"http:\/\/www.fiscalia.gov.co\/colombia\/wp-content\/uploads\/2011\/12\/EduardoMontealegreLynett1.jpg","datePublished":"2016-03-29T16:37:25+00:00","dateModified":"2024-02-14T16:05:29+00:00","description":"P\u00e1gina oficial de la Fiscal\u00eda General de la Naci\u00f3n \u2013 Colombia. Garantizamos el acceso efectivo a la justicia, la verdad y la reparaci\u00f3n de las v\u00edctimas de los delitos.","breadcrumb":{"@id":"https:\/\/www.fiscalia.gov.co\/colombia\/la-entidad\/el-fiscal\/ex-fiscales\/eduardo-montealegre-lynett\/#breadcrumb"},"inLanguage":"es-CO","potentialAction":[{"@type":"ReadAction","target":["https:\/\/www.fiscalia.gov.co\/colombia\/la-entidad\/el-fiscal\/ex-fiscales\/eduardo-montealegre-lynett\/"]}]},{"@type":"ImageObject","inLanguage":"es-CO","@id":"https:\/\/www.fiscalia.gov.co\/colombia\/la-entidad\/el-fiscal\/ex-fiscales\/eduardo-montealegre-lynett\/#primaryimage","url":"http:\/\/www.fiscalia.gov.co\/colombia\/wp-content\/uploads\/2011\/12\/EduardoMontealegreLynett1.jpg","contentUrl":"http:\/\/www.fiscalia.gov.co\/colombia\/wp-content\/uploads\/2011\/12\/EduardoMontealegreLynett1.jpg"},{"@type":"BreadcrumbList","@id":"https:\/\/www.fiscalia.gov.co\/colombia\/la-entidad\/el-fiscal\/ex-fiscales\/eduardo-montealegre-lynett\/#breadcrumb","itemListElement":[{"@type":"ListItem","position":1,"name":"Home","item":"https:\/\/www.fiscalia.gov.co\/colombia\/"},{"@type":"ListItem","position":2,"name":"La Entidad","item":"https:\/\/www.fiscalia.gov.co\/colombia\/la-entidad\/"},{"@type":"ListItem","position":3,"name":"Fiscal General de la Naci\u00f3n","item":"https:\/\/www.fiscalia.gov.co\/colombia\/la-entidad\/el-fiscal\/"},{"@type":"ListItem","position":4,"name":"Ex Fiscales Generales de la Naci\u00f3n","item":"https:\/\/www.fiscalia.gov.co\/colombia\/la-entidad\/el-fiscal\/ex-fiscales\/"},{"@type":"ListItem","position":5,"name":"Luis Eduardo Montealegre Lynett"}]},{"@type":"WebSite","@id":"https:\/\/www.fiscalia.gov.co\/colombia\/#website","url":"https:\/\/www.fiscalia.gov.co\/colombia\/","name":"Fiscal\u00eda General de la Naci\u00f3n","description":"P\u00e1gina oficial de la Fiscal\u00eda General de la Naci\u00f3n \u2013 Colombia. Garantizamos el acceso efectivo a la justicia, la verdad y la reparaci\u00f3n de las v\u00edctimas de los delitos.","publisher":{"@id":"https:\/\/www.fiscalia.gov.co\/colombia\/#organization"},"potentialAction":[{"@type":"SearchAction","target":{"@type":"EntryPoint","urlTemplate":"https:\/\/www.fiscalia.gov.co\/colombia\/?s={search_term_string}"},"query-input":{"@type":"PropertyValueSpecification","valueRequired":true,"valueName":"search_term_string"}}],"inLanguage":"es-CO"},{"@type":"Organization","@id":"https:\/\/www.fiscalia.gov.co\/colombia\/#organization","name":"Fiscal\u00eda General de la Naci\u00f3n","url":"https:\/\/www.fiscalia.gov.co\/colombia\/","logo":{"@type":"ImageObject","inLanguage":"es-CO","@id":"https:\/\/www.fiscalia.gov.co\/colombia\/#\/schema\/logo\/image\/","url":"https:\/\/www.fiscalia.gov.co\/colombia\/wp-content\/uploads\/LogoHorizontal_1.jpg","contentUrl":"https:\/\/www.fiscalia.gov.co\/colombia\/wp-content\/uploads\/LogoHorizontal_1.jpg","width":300,"height":90,"caption":"Fiscal\u00eda General de la Naci\u00f3n"},"image":{"@id":"https:\/\/www.fiscalia.gov.co\/colombia\/#\/schema\/logo\/image\/"},"sameAs":["https:\/\/www.facebook.com\/FiscaliaCol","https:\/\/x.com\/FiscaliaCol","https:\/\/www.instagram.com\/fiscaliacol","https:\/\/www.linkedin.com\/company\/fiscalia-general-de-la-naci-n\/","https:\/\/youtube.com\/@fiscaliageneraldelanacion-4668?si=6nN79nyQICPU5iTh"]}]}},"ticketed":false,"_links":{"self":[{"href":"https:\/\/www.fiscalia.gov.co\/colombia\/wp-json\/wp\/v2\/pages\/81247","targetHints":{"allow":["GET"]}}],"collection":[{"href":"https:\/\/www.fiscalia.gov.co\/colombia\/wp-json\/wp\/v2\/pages"}],"about":[{"href":"https:\/\/www.fiscalia.gov.co\/colombia\/wp-json\/wp\/v2\/types\/page"}],"author":[{"embeddable":true,"href":"https:\/\/www.fiscalia.gov.co\/colombia\/wp-json\/wp\/v2\/users\/143"}],"replies":[{"embeddable":true,"href":"https:\/\/www.fiscalia.gov.co\/colombia\/wp-json\/wp\/v2\/comments?post=81247"}],"version-history":[{"count":6,"href":"https:\/\/www.fiscalia.gov.co\/colombia\/wp-json\/wp\/v2\/pages\/81247\/revisions"}],"predecessor-version":[{"id":288177,"href":"https:\/\/www.fiscalia.gov.co\/colombia\/wp-json\/wp\/v2\/pages\/81247\/revisions\/288177"}],"up":[{"embeddable":true,"href":"https:\/\/www.fiscalia.gov.co\/colombia\/wp-json\/wp\/v2\/pages\/16207"}],"wp:attachment":[{"href":"https:\/\/www.fiscalia.gov.co\/colombia\/wp-json\/wp\/v2\/media?parent=81247"}],"curies":[{"name":"wp","href":"https:\/\/api.w.org\/{rel}","templated":true}]}}