{"id":37242,"date":"2013-08-20T09:13:14","date_gmt":"2013-08-20T14:13:14","guid":{"rendered":"http:\/\/www.fiscalia.gov.co\/colombia\/?page_id=37242"},"modified":"2014-08-29T08:30:27","modified_gmt":"2014-08-29T13:30:27","slug":"pago-de-sentencias-y-conciliaciones","status":"publish","type":"page","link":"https:\/\/www.fiscalia.gov.co\/colombia\/servicios-de-informacion-al-ciudadano\/pago-de-sentencias-y-conciliaciones\/","title":{"rendered":"Pago de Sentencias y Conciliaciones"},"content":{"rendered":"<p><strong>Requisitos para pago de sentencias y conciliaciones\u00a0<\/strong><strong>conforme el <\/strong><strong>Decreto 0768 de 1993, modificado por el Decreto 818 de 1994<\/strong><\/p>\n<ol>\n<li>Copia del Auto aprobatorio de la conciliaci\u00f3n o de la sentencia con la constancia de estar ejecutoriada y ser la primera copia que presta m\u00e9rito ejecutivo, seg\u00fan corresponda; de conformidad con lo dispuesto en el art\u00edculo 115 del C\u00f3digo de Procedimiento Civil; no se aceptan fotocopias simples ni autenticadas.<\/li>\n<li>Copia aut\u00e9ntica del poder que le fue otorgado dentro del proceso, con la constancia de que se encuentra vigente.<\/li>\n<li>\u00a0Certificaci\u00f3n expedida por la corporaci\u00f3n bancaria respectiva informando por escrito el n\u00famero de cuenta, nombre del cuentahabiente, identificaci\u00f3n, tipo de cuenta y si a la fecha se encuentra activa.<\/li>\n<li>Manifestaci\u00f3n bajo la gravedad de juramento que no se ha presentado ninguna otra solicitud de pago de la providencia.<\/li>\n<li>Datos de identificaci\u00f3n, tel\u00e9fono y direcci\u00f3n de los beneficiarios y sus apoderados.<\/li>\n<li>\u00a0Los documentos deben radicarse con nota de presentaci\u00f3n personal, la cual puede realizarse en cualquier notar\u00eda del pa\u00eds o despacho judicial. Si al momento de radicar la documentaci\u00f3n, no cuenta con la nota de presentaci\u00f3n personal, solicite al funcionario de la ventanilla de correspondencia su realizaci\u00f3n.<\/li>\n<\/ol>\n<p><strong><br \/>\nBeneficiarios menores de edad<\/strong><\/p>\n<ul>\n<li>Si el beneficiario de la sentencia o conciliaci\u00f3n es menor de edad, debe solicitarse a trav\u00e9s de su representante, o\u00a0 apoderado por \u00e9l constituido,\u00a0 para lo cual deber\u00e1 aportar el registro civil de nacimiento\u00a0 del menor, en donde se constate tal calidad.<\/li>\n<li>Si en el transcurso del proceso judicial o del tr\u00e1mite de la solicitud de pago, el beneficiario cumple la mayor\u00eda de edad, deber\u00e1 aportarse la ratificaci\u00f3n del poder existente, o nuevo poder.<\/li>\n<\/ul>\n<p><strong>Beneficiarios fallecidos<\/strong><\/p>\n<p>En caso de fallecimiento del beneficiario de la sentencia o conciliaci\u00f3n, el pago se efectuar\u00e1 a los herederos, siempre que eleven la respectiva solicitud ante el Jefe de Oficina Jur\u00eddica y alleguen los siguientes documentos:<\/p>\n<ul>\n<li>Copia aut\u00e9ntica del registro o acta de defunci\u00f3n del beneficiario.<\/li>\n<li>Copia aut\u00e9ntica de la sentencia que acepta la partici\u00f3n efectuada en el respectivo proceso sucesoral, debidamente ejecutoriada; o de la escritura p\u00fablica correspondiente.<\/li>\n<\/ul>\n<p><strong>Beneficiario persona jur\u00eddica<\/strong><\/p>\n<ul>\n<li>Si el beneficiario de la sentencia o conciliaci\u00f3n es una persona jur\u00eddica, deber\u00e1 acreditar su existencia y representaci\u00f3n legal, a trav\u00e9s de certificaci\u00f3n expedida por la C\u00e1mara de Comercio no mayor a 30 d\u00edas. As\u00ed mismo, deber\u00e1 adjuntar la certificaci\u00f3n bancaria en la cual deba realizarse el dep\u00f3sito.<\/li>\n<\/ul>\n<p>&nbsp;<\/p>\n<h4><strong>\u00a0<\/strong><strong>Recuerde<\/strong><\/h4>\n<ul>\n<li>La solicitud debe tramitarse \u00a0por el beneficiario de la sentencia o conciliaci\u00f3n directamente o a trav\u00e9s de apoderado legalmente constituido; no se aceptan intermediarios.<\/li>\n<li>Con su solicitud indique la calidad en que act\u00faa;\u00a0 si\u00a0 el tr\u00e1mite ya se encuentra en curso en la Oficina Jur\u00eddica y el peticionario no se encuentra acreditado, deber\u00e1 remitir la documentaci\u00f3n que permita verificar su calidad.<\/li>\n<li>Su solicitud de pago junto con los anexos aqu\u00ed relacionados deben\u00a0 ser radicados debidamente foliados y \u00a0dirigidos a la Oficina Jur\u00eddica \u2013 Grupo de Pagos y Sentencias Judiciales de la Fiscal\u00eda General de la Naci\u00f3n \u2013 Nivel Central. Diagonal 22B No. 52-01 Bloque C Piso 3, Ciudad Salitre, Bogot\u00e1 D.C.<\/li>\n<li>La entidad asigna turno de pago de forma consecutiva, teniendo en cuenta la fecha del cumplimiento de requisitos para el pago.<\/li>\n<li>Si existiendo un beneficiario fallecido no se aportare la documentaci\u00f3n referida, el pago se realizara a \u00f3rdenes del despacho judicial correspondiente.<\/li>\n<li>Cuando se pretenda que el pago se realice al apoderado y al beneficiario, deber\u00e1 indicarse expresamente la forma en la cual la entidad deber\u00e1 realizar el pago a cada uno.<\/li>\n<li>Si el beneficiario ha revocado el poder conferido a su apoderado deber\u00e1 se\u00f1alarlo en la solicitud.<\/li>\n<li>La orden de pago se realizar\u00e1 una vez llegue el turno del beneficiario siempre que exista la asignaci\u00f3n presupuestal pertinente por parte del Ministerio de Hacienda y Cr\u00e9dito P\u00fablico.<\/li>\n<li>Para darle transparencia y trazabilidad a su solicitud,\u00a0 por razones de control y seguimiento, procurando evitar imprecisiones en la informaci\u00f3n, la\u00a0 Oficina Jur\u00eddica no suministra informaci\u00f3n telef\u00f3nica ni personal sobre su tr\u00e1mite.<\/li>\n<li>El tr\u00e1mite de su solicitud no tiene ning\u00fan costo, por lo tanto denuncie a quien exija dinero por su gesti\u00f3n o cuando evidencie cualquier inconsistencia en el tr\u00e1mite mismo.<\/li>\n<li>Cualquier inquietud, solicitud o requerimiento puede solicitarlo por escrito a la Oficina Jur\u00eddica \u2013 Grupo de Pagos y Sentencias Judiciales de la Fiscal\u00eda General de la Naci\u00f3n \u2013 Nivel Central. Diagonal 22B No. 52-01 Bloque C Piso 3, Ciudad Salitre.<\/li>\n<li>\u00a0Contacto para PSQR \u00a0relacionados con pagos de sentencias y conciliaciones: <a href=\"mailto:pagosentenciasyconciliaciones@fiscalia.gov.co\">pagosentenciasyconciliaciones@fiscalia.gov.co<\/a>\u00a0(Art\u00edculo 14 decreto 019 de 2012).<\/li>\n<\/ul>\n<p><span style=\"text-decoration: underline;\"><strong>NOTA<\/strong><\/span><\/p>\n<p><strong>Se informa a los beneficiarios de cr\u00e9ditos judiciales a cargo de la Fiscal\u00eda General de la Naci\u00f3n que los recursos asignados para la presente vigencia se han agotado; como consecuencia, en la actualidad se tramita ante el Ministerio de Hacienda y Cr\u00e9dito P\u00fablico una adici\u00f3n presupuestal la cual una vez sea aprobada se informar\u00e1 por este medio.<\/strong><\/p>\n\n<div class=\"twitter-share\"><a href=\"https:\/\/twitter.com\/intent\/tweet?via=fiscaliacol\" class=\"twitter-share-button\">Tweet<\/a><\/div>\n","protected":false},"excerpt":{"rendered":"<p>Requisitos para pago de sentencias y conciliaciones\u00a0conforme el Decreto 0768 de 1993, modificado por el Decreto 818 de 1994 Copia del Auto aprobatorio de la conciliaci\u00f3n o de la sentencia [&hellip;]<\/p>\n","protected":false},"author":143,"featured_media":0,"parent":8600,"menu_order":8,"comment_status":"closed","ping_status":"closed","template":"serviciosdeinformacionciudadana.php","meta":{"tdm_status":"","tdm_grid_status":"","footnotes":""},"class_list":["post-37242","page","type-page","status-publish"],"yoast_head":"<!-- This site is optimized with the Yoast SEO plugin v24.3 - https:\/\/yoast.com\/wordpress\/plugins\/seo\/ -->\n<title>Fiscal\u00eda General de la Naci\u00f3n<\/title>\n<meta name=\"description\" content=\"P\u00e1gina oficial de la Fiscal\u00eda General de la Naci\u00f3n \u2013 Colombia. Garantizamos el acceso efectivo a la justicia, la verdad y la reparaci\u00f3n de las v\u00edctimas de los delitos.\" \/>\n<meta name=\"robots\" content=\"index, follow, max-snippet:-1, max-image-preview:large, max-video-preview:-1\" \/>\n<link rel=\"canonical\" href=\"https:\/\/www.fiscalia.gov.co\/colombia\/servicios-de-informacion-al-ciudadano\/pago-de-sentencias-y-conciliaciones\/\" \/>\n<meta property=\"og:locale\" content=\"es_ES\" \/>\n<meta property=\"og:type\" content=\"article\" \/>\n<meta property=\"og:title\" content=\"Fiscal\u00eda General de la Naci\u00f3n\" \/>\n<meta property=\"og:description\" content=\"P\u00e1gina oficial de la Fiscal\u00eda General de la Naci\u00f3n \u2013 Colombia. Garantizamos el acceso efectivo a la justicia, la verdad y la reparaci\u00f3n de las v\u00edctimas de los delitos.\" \/>\n<meta property=\"og:url\" content=\"https:\/\/www.fiscalia.gov.co\/colombia\/servicios-de-informacion-al-ciudadano\/pago-de-sentencias-y-conciliaciones\/\" \/>\n<meta property=\"og:site_name\" content=\"Fiscal\u00eda General de la Naci\u00f3n\" \/>\n<meta property=\"article:publisher\" content=\"https:\/\/www.facebook.com\/FiscaliaCol\" \/>\n<meta property=\"article:modified_time\" content=\"2014-08-29T13:30:27+00:00\" \/>\n<meta name=\"twitter:card\" content=\"summary_large_image\" \/>\n<meta name=\"twitter:site\" content=\"@FiscaliaCol\" \/>\n<meta name=\"twitter:label1\" content=\"Tiempo de lectura\" \/>\n\t<meta name=\"twitter:data1\" content=\"4 minutos\" \/>\n<script type=\"application\/ld+json\" class=\"yoast-schema-graph\">{\"@context\":\"https:\/\/schema.org\",\"@graph\":[{\"@type\":\"WebPage\",\"@id\":\"https:\/\/www.fiscalia.gov.co\/colombia\/servicios-de-informacion-al-ciudadano\/pago-de-sentencias-y-conciliaciones\/\",\"url\":\"https:\/\/www.fiscalia.gov.co\/colombia\/servicios-de-informacion-al-ciudadano\/pago-de-sentencias-y-conciliaciones\/\",\"name\":\"Fiscal\u00eda General de la Naci\u00f3n\",\"isPartOf\":{\"@id\":\"https:\/\/www.fiscalia.gov.co\/colombia\/#website\"},\"datePublished\":\"2013-08-20T14:13:14+00:00\",\"dateModified\":\"2014-08-29T13:30:27+00:00\",\"description\":\"P\u00e1gina oficial de la Fiscal\u00eda General de la Naci\u00f3n \u2013 Colombia. Garantizamos el acceso efectivo a la justicia, la verdad y la reparaci\u00f3n de las v\u00edctimas de los delitos.\",\"breadcrumb\":{\"@id\":\"https:\/\/www.fiscalia.gov.co\/colombia\/servicios-de-informacion-al-ciudadano\/pago-de-sentencias-y-conciliaciones\/#breadcrumb\"},\"inLanguage\":\"es-CO\",\"potentialAction\":[{\"@type\":\"ReadAction\",\"target\":[\"https:\/\/www.fiscalia.gov.co\/colombia\/servicios-de-informacion-al-ciudadano\/pago-de-sentencias-y-conciliaciones\/\"]}]},{\"@type\":\"BreadcrumbList\",\"@id\":\"https:\/\/www.fiscalia.gov.co\/colombia\/servicios-de-informacion-al-ciudadano\/pago-de-sentencias-y-conciliaciones\/#breadcrumb\",\"itemListElement\":[{\"@type\":\"ListItem\",\"position\":1,\"name\":\"Home\",\"item\":\"https:\/\/www.fiscalia.gov.co\/colombia\/\"},{\"@type\":\"ListItem\",\"position\":2,\"name\":\"Participaci\u00f3n ciudadana\",\"item\":\"https:\/\/www.fiscalia.gov.co\/colombia\/servicios-de-informacion-al-ciudadano\/\"},{\"@type\":\"ListItem\",\"position\":3,\"name\":\"Pago de Sentencias y Conciliaciones\"}]},{\"@type\":\"WebSite\",\"@id\":\"https:\/\/www.fiscalia.gov.co\/colombia\/#website\",\"url\":\"https:\/\/www.fiscalia.gov.co\/colombia\/\",\"name\":\"Fiscal\u00eda General de la Naci\u00f3n\",\"description\":\"P\u00e1gina oficial de la Fiscal\u00eda General de la Naci\u00f3n \u2013 Colombia. Garantizamos el acceso efectivo a la justicia, la verdad y la reparaci\u00f3n de las v\u00edctimas de los delitos.\",\"publisher\":{\"@id\":\"https:\/\/www.fiscalia.gov.co\/colombia\/#organization\"},\"potentialAction\":[{\"@type\":\"SearchAction\",\"target\":{\"@type\":\"EntryPoint\",\"urlTemplate\":\"https:\/\/www.fiscalia.gov.co\/colombia\/?s={search_term_string}\"},\"query-input\":{\"@type\":\"PropertyValueSpecification\",\"valueRequired\":true,\"valueName\":\"search_term_string\"}}],\"inLanguage\":\"es-CO\"},{\"@type\":\"Organization\",\"@id\":\"https:\/\/www.fiscalia.gov.co\/colombia\/#organization\",\"name\":\"Fiscal\u00eda General de la Naci\u00f3n\",\"url\":\"https:\/\/www.fiscalia.gov.co\/colombia\/\",\"logo\":{\"@type\":\"ImageObject\",\"inLanguage\":\"es-CO\",\"@id\":\"https:\/\/www.fiscalia.gov.co\/colombia\/#\/schema\/logo\/image\/\",\"url\":\"https:\/\/www.fiscalia.gov.co\/colombia\/wp-content\/uploads\/LogoHorizontal_1.jpg\",\"contentUrl\":\"https:\/\/www.fiscalia.gov.co\/colombia\/wp-content\/uploads\/LogoHorizontal_1.jpg\",\"width\":300,\"height\":90,\"caption\":\"Fiscal\u00eda General de la Naci\u00f3n\"},\"image\":{\"@id\":\"https:\/\/www.fiscalia.gov.co\/colombia\/#\/schema\/logo\/image\/\"},\"sameAs\":[\"https:\/\/www.facebook.com\/FiscaliaCol\",\"https:\/\/x.com\/FiscaliaCol\",\"https:\/\/www.instagram.com\/fiscaliacol\",\"https:\/\/www.linkedin.com\/company\/fiscalia-general-de-la-naci-n\/\",\"https:\/\/youtube.com\/@fiscaliageneraldelanacion-4668?si=6nN79nyQICPU5iTh\"]}]}<\/script>\n<!-- \/ Yoast SEO plugin. -->","yoast_head_json":{"title":"Fiscal\u00eda General de la Naci\u00f3n","description":"P\u00e1gina oficial de la Fiscal\u00eda General de la Naci\u00f3n \u2013 Colombia. Garantizamos el acceso efectivo a la justicia, la verdad y la reparaci\u00f3n de las v\u00edctimas de los delitos.","robots":{"index":"index","follow":"follow","max-snippet":"max-snippet:-1","max-image-preview":"max-image-preview:large","max-video-preview":"max-video-preview:-1"},"canonical":"https:\/\/www.fiscalia.gov.co\/colombia\/servicios-de-informacion-al-ciudadano\/pago-de-sentencias-y-conciliaciones\/","og_locale":"es_ES","og_type":"article","og_title":"Fiscal\u00eda General de la Naci\u00f3n","og_description":"P\u00e1gina oficial de la Fiscal\u00eda General de la Naci\u00f3n \u2013 Colombia. Garantizamos el acceso efectivo a la justicia, la verdad y la reparaci\u00f3n de las v\u00edctimas de los delitos.","og_url":"https:\/\/www.fiscalia.gov.co\/colombia\/servicios-de-informacion-al-ciudadano\/pago-de-sentencias-y-conciliaciones\/","og_site_name":"Fiscal\u00eda General de la Naci\u00f3n","article_publisher":"https:\/\/www.facebook.com\/FiscaliaCol","article_modified_time":"2014-08-29T13:30:27+00:00","twitter_card":"summary_large_image","twitter_site":"@FiscaliaCol","twitter_misc":{"Tiempo de lectura":"4 minutos"},"schema":{"@context":"https:\/\/schema.org","@graph":[{"@type":"WebPage","@id":"https:\/\/www.fiscalia.gov.co\/colombia\/servicios-de-informacion-al-ciudadano\/pago-de-sentencias-y-conciliaciones\/","url":"https:\/\/www.fiscalia.gov.co\/colombia\/servicios-de-informacion-al-ciudadano\/pago-de-sentencias-y-conciliaciones\/","name":"Fiscal\u00eda General de la Naci\u00f3n","isPartOf":{"@id":"https:\/\/www.fiscalia.gov.co\/colombia\/#website"},"datePublished":"2013-08-20T14:13:14+00:00","dateModified":"2014-08-29T13:30:27+00:00","description":"P\u00e1gina oficial de la Fiscal\u00eda General de la Naci\u00f3n \u2013 Colombia. Garantizamos el acceso efectivo a la justicia, la verdad y la reparaci\u00f3n de las v\u00edctimas de los delitos.","breadcrumb":{"@id":"https:\/\/www.fiscalia.gov.co\/colombia\/servicios-de-informacion-al-ciudadano\/pago-de-sentencias-y-conciliaciones\/#breadcrumb"},"inLanguage":"es-CO","potentialAction":[{"@type":"ReadAction","target":["https:\/\/www.fiscalia.gov.co\/colombia\/servicios-de-informacion-al-ciudadano\/pago-de-sentencias-y-conciliaciones\/"]}]},{"@type":"BreadcrumbList","@id":"https:\/\/www.fiscalia.gov.co\/colombia\/servicios-de-informacion-al-ciudadano\/pago-de-sentencias-y-conciliaciones\/#breadcrumb","itemListElement":[{"@type":"ListItem","position":1,"name":"Home","item":"https:\/\/www.fiscalia.gov.co\/colombia\/"},{"@type":"ListItem","position":2,"name":"Participaci\u00f3n ciudadana","item":"https:\/\/www.fiscalia.gov.co\/colombia\/servicios-de-informacion-al-ciudadano\/"},{"@type":"ListItem","position":3,"name":"Pago de Sentencias y Conciliaciones"}]},{"@type":"WebSite","@id":"https:\/\/www.fiscalia.gov.co\/colombia\/#website","url":"https:\/\/www.fiscalia.gov.co\/colombia\/","name":"Fiscal\u00eda General de la Naci\u00f3n","description":"P\u00e1gina oficial de la Fiscal\u00eda General de la Naci\u00f3n \u2013 Colombia. Garantizamos el acceso efectivo a la justicia, la verdad y la reparaci\u00f3n de las v\u00edctimas de los delitos.","publisher":{"@id":"https:\/\/www.fiscalia.gov.co\/colombia\/#organization"},"potentialAction":[{"@type":"SearchAction","target":{"@type":"EntryPoint","urlTemplate":"https:\/\/www.fiscalia.gov.co\/colombia\/?s={search_term_string}"},"query-input":{"@type":"PropertyValueSpecification","valueRequired":true,"valueName":"search_term_string"}}],"inLanguage":"es-CO"},{"@type":"Organization","@id":"https:\/\/www.fiscalia.gov.co\/colombia\/#organization","name":"Fiscal\u00eda General de la Naci\u00f3n","url":"https:\/\/www.fiscalia.gov.co\/colombia\/","logo":{"@type":"ImageObject","inLanguage":"es-CO","@id":"https:\/\/www.fiscalia.gov.co\/colombia\/#\/schema\/logo\/image\/","url":"https:\/\/www.fiscalia.gov.co\/colombia\/wp-content\/uploads\/LogoHorizontal_1.jpg","contentUrl":"https:\/\/www.fiscalia.gov.co\/colombia\/wp-content\/uploads\/LogoHorizontal_1.jpg","width":300,"height":90,"caption":"Fiscal\u00eda General de la Naci\u00f3n"},"image":{"@id":"https:\/\/www.fiscalia.gov.co\/colombia\/#\/schema\/logo\/image\/"},"sameAs":["https:\/\/www.facebook.com\/FiscaliaCol","https:\/\/x.com\/FiscaliaCol","https:\/\/www.instagram.com\/fiscaliacol","https:\/\/www.linkedin.com\/company\/fiscalia-general-de-la-naci-n\/","https:\/\/youtube.com\/@fiscaliageneraldelanacion-4668?si=6nN79nyQICPU5iTh"]}]}},"_links":{"self":[{"href":"https:\/\/www.fiscalia.gov.co\/colombia\/wp-json\/wp\/v2\/pages\/37242","targetHints":{"allow":["GET"]}}],"collection":[{"href":"https:\/\/www.fiscalia.gov.co\/colombia\/wp-json\/wp\/v2\/pages"}],"about":[{"href":"https:\/\/www.fiscalia.gov.co\/colombia\/wp-json\/wp\/v2\/types\/page"}],"author":[{"embeddable":true,"href":"https:\/\/www.fiscalia.gov.co\/colombia\/wp-json\/wp\/v2\/users\/143"}],"replies":[{"embeddable":true,"href":"https:\/\/www.fiscalia.gov.co\/colombia\/wp-json\/wp\/v2\/comments?post=37242"}],"version-history":[{"count":21,"href":"https:\/\/www.fiscalia.gov.co\/colombia\/wp-json\/wp\/v2\/pages\/37242\/revisions"}],"predecessor-version":[{"id":37286,"href":"https:\/\/www.fiscalia.gov.co\/colombia\/wp-json\/wp\/v2\/pages\/37242\/revisions\/37286"}],"up":[{"embeddable":true,"href":"https:\/\/www.fiscalia.gov.co\/colombia\/wp-json\/wp\/v2\/pages\/8600"}],"wp:attachment":[{"href":"https:\/\/www.fiscalia.gov.co\/colombia\/wp-json\/wp\/v2\/media?parent=37242"}],"curies":[{"name":"wp","href":"https:\/\/api.w.org\/{rel}","templated":true}]}}