{"id":33954,"date":"2013-06-04T15:06:42","date_gmt":"2013-06-04T20:06:42","guid":{"rendered":"http:\/\/www.fiscalia.gov.co\/colombia\/?page_id=33954"},"modified":"2017-05-19T15:16:33","modified_gmt":"2017-05-19T20:16:33","slug":"datos-abiertos","status":"publish","type":"page","link":"https:\/\/www.fiscalia.gov.co\/colombia\/servicios-de-informacion-al-ciudadano\/consultas\/datos-abiertos\/","title":{"rendered":"Datos abiertos"},"content":{"rendered":"<p>Con el prop\u00f3sito de facilitar el acceso y uso de datos p\u00fablicos de la Fiscal\u00eda General de la Naci\u00f3n, presentamos los datos abiertos<a title=\"\" href=\"file:\/\/\/C:\/Users\/kbonilla\/Desktop\/datosabiertos.docx#_ftn1\">[1]<\/a>. correspondientes al directorio institucional &nbsp;con la ubicaci\u00f3n de nuestras sedes en todo el pa\u00eds, incluyendo CTI y \u00e1rea Administrativa y Financiera.<\/p>\n<p>La Fiscal\u00eda General de la Naci\u00f3n no se hace responsable del uso dado por terceros a esta informaci\u00f3n.<\/p>\n<div>\n<table border=\"1\" width=\"740\" cellspacing=\"0\" cellpadding=\"0\">\n<colgroup>\n<col width=\"138\">\n<col width=\"178\">\n<col width=\"114\">\n<col span=\"2\" width=\"80\">\n<col width=\"365\"> <\/colgroup>\n<tbody>\n<tr>\n<td style=\"text-align: center;\">Orden del campo<\/td>\n<td style=\"text-align: center;\">Nombre del campo<\/td>\n<td style=\"text-align: center;\">Tipo de dato<\/td>\n<td style=\"text-align: center;\">Longitud<\/td>\n<td style=\"text-align: center;\">&nbsp;Acepta-<span style=\"line-height: 19px;\">nulo&nbsp;<\/span><\/td>\n<td style=\"text-align: center;\">Descripci\u00f3n del campo<\/td>\n<\/tr>\n<tr>\n<td style=\"text-align: center;\">1<\/td>\n<td style=\"text-align: center;\">Seccional\/Dependencia<\/td>\n<td style=\"text-align: center;\">Alfanum\u00e9rico<\/td>\n<td style=\"text-align: center;\">200<\/td>\n<td style=\"text-align: center;\">No<\/td>\n<td style=\"text-align: center;\">Hace referencia al nombre de las Seccionales y\/o dependencias de la Fiscal\u00eda General de la Naci\u00f3n en todo el territorio nacional.<\/td>\n<\/tr>\n<tr>\n<td style=\"text-align: center;\">2<\/td>\n<td style=\"text-align: center;\">Direcci\u00f3n<\/td>\n<td style=\"text-align: center;\">Alfanum\u00e9rico<\/td>\n<td style=\"text-align: center;\">200<\/td>\n<td style=\"text-align: center;\">No<\/td>\n<td style=\"text-align: center;\">Ubicaci\u00f3n f\u00edsica de las sedes de la Fiscal\u00eda en el pa\u00eds.<\/td>\n<\/tr>\n<tr>\n<td style=\"text-align: center;\">3<\/td>\n<td style=\"text-align: center;\">Ciudad<\/td>\n<td style=\"text-align: center;\">Alfanum\u00e9rico<\/td>\n<td style=\"text-align: center;\">100<\/td>\n<td style=\"text-align: center;\">No<\/td>\n<td style=\"text-align: center;\">Hace referencia al lugar espec\u00edfico (Municipio, ciudad y departamento) en el que se ubican las sedes de la Fiscal\u00eda General de la Naci\u00f3n.<\/td>\n<\/tr>\n<tr>\n<td style=\"text-align: center;\">4<\/td>\n<td style=\"text-align: center;\">Tel\u00e9fono<\/td>\n<td style=\"text-align: center;\">Alfanum\u00e9rico<\/td>\n<td style=\"text-align: center;\">100<\/td>\n<td style=\"text-align: center;\">S\u00ed<\/td>\n<td style=\"text-align: center;\">N\u00famero telef\u00f3nico para ponerse en contacto con la sede.<\/td>\n<\/tr>\n<tr>\n<td style=\"text-align: center;\">5<\/td>\n<td style=\"text-align: center;\">Extensi\u00f3n<\/td>\n<td style=\"text-align: center;\">Alfanum\u00e9rico<\/td>\n<td style=\"text-align: center;\">50<\/td>\n<td style=\"text-align: center;\">S\u00ed<\/td>\n<td style=\"text-align: center;\">N\u00famero de extensi\u00f3n telef\u00f3nica de la sede.<\/td>\n<\/tr>\n<tr>\n<td style=\"text-align: center;\">6<\/td>\n<td style=\"text-align: center;\">Correo electr\u00f3nico<\/td>\n<td style=\"text-align: center;\">Alfanum\u00e9rico<\/td>\n<td style=\"text-align: center;\">200<\/td>\n<td style=\"text-align: center;\">S\u00ed<\/td>\n<td style=\"text-align: center;\">Direcci\u00f3n electr\u00f3nica para contactarse con la sede.<\/td>\n<\/tr>\n<\/tbody>\n<\/table>\n<\/div>\n<div style=\"text-align: center;\"><a title=\"Ver archivo\" href=\"http:\/\/www.fiscalia.gov.co\/colombia\/wp-content\/uploads\/Datos_abiertos.csv\" target=\"_blank\" rel=\"noopener noreferrer\"><br \/>\n<\/a><\/div>\n<div><a title=\"Ver archivo\" href=\"http:\/\/www.fiscalia.gov.co\/colombia\/wp-content\/uploads\/Datos_abiertos.csv\" target=\"_blank\" rel=\"noopener noreferrer\">Descargar archivo plano<\/a><\/div>\n<div>\n<p>&nbsp;<\/p>\n<hr align=\"left\" size=\"1\" width=\"33%\">\n<div>\n<p><a title=\"\" href=\"file:\/\/\/C:\/Users\/kbonilla\/Desktop\/datosabiertos.docx#_ftnref1\">[1]<\/a>&nbsp;Son todos aquellos datos primarios (sin procesar) que se encuentran en formatos est\u00e1ndar e interoperables que facilitan su acceso y reutilizaci\u00f3n, los cuales est\u00e1n bajo la custodia de las entidades p\u00fablicas y que son puestos a disposici\u00f3n de cualquier ciudadano, de forma libre y sin restricciones, con el fin de que terceros puedan reutilizarlos y crear servicios derivados de los mismos. Manual de Gobierno en L\u00ednea 3.0 P\u00e1gina 40.<\/p>\n<\/div>\n<\/div>\n\n<div class=\"twitter-share\"><a href=\"https:\/\/twitter.com\/intent\/tweet?via=fiscaliacol\" class=\"twitter-share-button\">Tweet<\/a><\/div>\n","protected":false},"excerpt":{"rendered":"<p>Con el prop\u00f3sito de facilitar el acceso y uso de datos p\u00fablicos de la Fiscal\u00eda General de la Naci\u00f3n, presentamos los datos abiertos[1]. correspondientes al directorio institucional &nbsp;con la ubicaci\u00f3n [&hellip;]<\/p>\n","protected":false},"author":143,"featured_media":0,"parent":8612,"menu_order":0,"comment_status":"closed","ping_status":"open","template":"","meta":{"_price":"","_stock":"","_tribe_ticket_header":"","_tribe_default_ticket_provider":"","_tribe_ticket_capacity":"0","_ticket_start_date":"","_ticket_end_date":"","_tribe_ticket_show_description":"","_tribe_ticket_show_not_going":false,"_tribe_ticket_use_global_stock":"","_tribe_ticket_global_stock_level":"","_global_stock_mode":"","_global_stock_cap":"","_tribe_rsvp_for_event":"","_tribe_ticket_going_count":"","_tribe_ticket_not_going_count":"","_tribe_tickets_list":"[]","_tribe_ticket_has_attendee_info_fields":false,"tdm_status":"","tdm_grid_status":"","footnotes":"","_tec_slr_enabled":"","_tec_slr_layout":""},"class_list":["post-33954","page","type-page","status-publish"],"yoast_head":"<!-- This site is optimized with the Yoast SEO plugin v24.3 - https:\/\/yoast.com\/wordpress\/plugins\/seo\/ -->\n<title>Fiscal\u00eda General de la Naci\u00f3n<\/title>\n<meta name=\"description\" content=\"P\u00e1gina oficial de la Fiscal\u00eda General de la Naci\u00f3n \u2013 Colombia. Garantizamos el acceso efectivo a la justicia, la verdad y la reparaci\u00f3n de las v\u00edctimas de los delitos.\" \/>\n<meta name=\"robots\" content=\"index, follow, max-snippet:-1, max-image-preview:large, max-video-preview:-1\" \/>\n<link rel=\"canonical\" href=\"https:\/\/www.fiscalia.gov.co\/colombia\/servicios-de-informacion-al-ciudadano\/consultas\/datos-abiertos\/\" \/>\n<meta property=\"og:locale\" content=\"es_ES\" \/>\n<meta property=\"og:type\" content=\"article\" \/>\n<meta property=\"og:title\" content=\"Fiscal\u00eda General de la Naci\u00f3n\" \/>\n<meta property=\"og:description\" content=\"P\u00e1gina oficial de la Fiscal\u00eda General de la Naci\u00f3n \u2013 Colombia. Garantizamos el acceso efectivo a la justicia, la verdad y la reparaci\u00f3n de las v\u00edctimas de los delitos.\" \/>\n<meta property=\"og:url\" content=\"https:\/\/www.fiscalia.gov.co\/colombia\/servicios-de-informacion-al-ciudadano\/consultas\/datos-abiertos\/\" \/>\n<meta property=\"og:site_name\" content=\"Fiscal\u00eda General de la Naci\u00f3n\" \/>\n<meta property=\"article:publisher\" content=\"https:\/\/www.facebook.com\/FiscaliaCol\" \/>\n<meta property=\"article:modified_time\" content=\"2017-05-19T20:16:33+00:00\" \/>\n<meta name=\"twitter:card\" content=\"summary_large_image\" \/>\n<meta name=\"twitter:site\" content=\"@FiscaliaCol\" \/>\n<meta name=\"twitter:label1\" content=\"Tiempo de lectura\" \/>\n\t<meta name=\"twitter:data1\" content=\"1 minuto\" \/>\n<script type=\"application\/ld+json\" class=\"yoast-schema-graph\">{\"@context\":\"https:\/\/schema.org\",\"@graph\":[{\"@type\":\"WebPage\",\"@id\":\"https:\/\/www.fiscalia.gov.co\/colombia\/servicios-de-informacion-al-ciudadano\/consultas\/datos-abiertos\/\",\"url\":\"https:\/\/www.fiscalia.gov.co\/colombia\/servicios-de-informacion-al-ciudadano\/consultas\/datos-abiertos\/\",\"name\":\"Fiscal\u00eda General de la Naci\u00f3n\",\"isPartOf\":{\"@id\":\"https:\/\/www.fiscalia.gov.co\/colombia\/#website\"},\"datePublished\":\"2013-06-04T20:06:42+00:00\",\"dateModified\":\"2017-05-19T20:16:33+00:00\",\"description\":\"P\u00e1gina oficial de la Fiscal\u00eda General de la Naci\u00f3n \u2013 Colombia. Garantizamos el acceso efectivo a la justicia, la verdad y la reparaci\u00f3n de las v\u00edctimas de los delitos.\",\"breadcrumb\":{\"@id\":\"https:\/\/www.fiscalia.gov.co\/colombia\/servicios-de-informacion-al-ciudadano\/consultas\/datos-abiertos\/#breadcrumb\"},\"inLanguage\":\"es-CO\",\"potentialAction\":[{\"@type\":\"ReadAction\",\"target\":[\"https:\/\/www.fiscalia.gov.co\/colombia\/servicios-de-informacion-al-ciudadano\/consultas\/datos-abiertos\/\"]}]},{\"@type\":\"BreadcrumbList\",\"@id\":\"https:\/\/www.fiscalia.gov.co\/colombia\/servicios-de-informacion-al-ciudadano\/consultas\/datos-abiertos\/#breadcrumb\",\"itemListElement\":[{\"@type\":\"ListItem\",\"position\":1,\"name\":\"Home\",\"item\":\"https:\/\/www.fiscalia.gov.co\/colombia\/\"},{\"@type\":\"ListItem\",\"position\":2,\"name\":\"Participaci\u00f3n ciudadana\",\"item\":\"https:\/\/www.fiscalia.gov.co\/colombia\/servicios-de-informacion-al-ciudadano\/\"},{\"@type\":\"ListItem\",\"position\":3,\"name\":\"Consultas\",\"item\":\"https:\/\/www.fiscalia.gov.co\/colombia\/servicios-de-informacion-al-ciudadano\/consultas\/\"},{\"@type\":\"ListItem\",\"position\":4,\"name\":\"Datos abiertos\"}]},{\"@type\":\"WebSite\",\"@id\":\"https:\/\/www.fiscalia.gov.co\/colombia\/#website\",\"url\":\"https:\/\/www.fiscalia.gov.co\/colombia\/\",\"name\":\"Fiscal\u00eda General de la Naci\u00f3n\",\"description\":\"P\u00e1gina oficial de la Fiscal\u00eda General de la Naci\u00f3n \u2013 Colombia. Garantizamos el acceso efectivo a la justicia, la verdad y la reparaci\u00f3n de las v\u00edctimas de los delitos.\",\"publisher\":{\"@id\":\"https:\/\/www.fiscalia.gov.co\/colombia\/#organization\"},\"potentialAction\":[{\"@type\":\"SearchAction\",\"target\":{\"@type\":\"EntryPoint\",\"urlTemplate\":\"https:\/\/www.fiscalia.gov.co\/colombia\/?s={search_term_string}\"},\"query-input\":{\"@type\":\"PropertyValueSpecification\",\"valueRequired\":true,\"valueName\":\"search_term_string\"}}],\"inLanguage\":\"es-CO\"},{\"@type\":\"Organization\",\"@id\":\"https:\/\/www.fiscalia.gov.co\/colombia\/#organization\",\"name\":\"Fiscal\u00eda General de la Naci\u00f3n\",\"url\":\"https:\/\/www.fiscalia.gov.co\/colombia\/\",\"logo\":{\"@type\":\"ImageObject\",\"inLanguage\":\"es-CO\",\"@id\":\"https:\/\/www.fiscalia.gov.co\/colombia\/#\/schema\/logo\/image\/\",\"url\":\"https:\/\/www.fiscalia.gov.co\/colombia\/wp-content\/uploads\/LogoHorizontal_1.jpg\",\"contentUrl\":\"https:\/\/www.fiscalia.gov.co\/colombia\/wp-content\/uploads\/LogoHorizontal_1.jpg\",\"width\":300,\"height\":90,\"caption\":\"Fiscal\u00eda General de la Naci\u00f3n\"},\"image\":{\"@id\":\"https:\/\/www.fiscalia.gov.co\/colombia\/#\/schema\/logo\/image\/\"},\"sameAs\":[\"https:\/\/www.facebook.com\/FiscaliaCol\",\"https:\/\/x.com\/FiscaliaCol\",\"https:\/\/www.instagram.com\/fiscaliacol\",\"https:\/\/www.linkedin.com\/company\/fiscalia-general-de-la-naci-n\/\",\"https:\/\/youtube.com\/@fiscaliageneraldelanacion-4668?si=6nN79nyQICPU5iTh\"]}]}<\/script>\n<!-- \/ Yoast SEO plugin. -->","yoast_head_json":{"title":"Fiscal\u00eda General de la Naci\u00f3n","description":"P\u00e1gina oficial de la Fiscal\u00eda General de la Naci\u00f3n \u2013 Colombia. Garantizamos el acceso efectivo a la justicia, la verdad y la reparaci\u00f3n de las v\u00edctimas de los delitos.","robots":{"index":"index","follow":"follow","max-snippet":"max-snippet:-1","max-image-preview":"max-image-preview:large","max-video-preview":"max-video-preview:-1"},"canonical":"https:\/\/www.fiscalia.gov.co\/colombia\/servicios-de-informacion-al-ciudadano\/consultas\/datos-abiertos\/","og_locale":"es_ES","og_type":"article","og_title":"Fiscal\u00eda General de la Naci\u00f3n","og_description":"P\u00e1gina oficial de la Fiscal\u00eda General de la Naci\u00f3n \u2013 Colombia. Garantizamos el acceso efectivo a la justicia, la verdad y la reparaci\u00f3n de las v\u00edctimas de los delitos.","og_url":"https:\/\/www.fiscalia.gov.co\/colombia\/servicios-de-informacion-al-ciudadano\/consultas\/datos-abiertos\/","og_site_name":"Fiscal\u00eda General de la Naci\u00f3n","article_publisher":"https:\/\/www.facebook.com\/FiscaliaCol","article_modified_time":"2017-05-19T20:16:33+00:00","twitter_card":"summary_large_image","twitter_site":"@FiscaliaCol","twitter_misc":{"Tiempo de lectura":"1 minuto"},"schema":{"@context":"https:\/\/schema.org","@graph":[{"@type":"WebPage","@id":"https:\/\/www.fiscalia.gov.co\/colombia\/servicios-de-informacion-al-ciudadano\/consultas\/datos-abiertos\/","url":"https:\/\/www.fiscalia.gov.co\/colombia\/servicios-de-informacion-al-ciudadano\/consultas\/datos-abiertos\/","name":"Fiscal\u00eda General de la Naci\u00f3n","isPartOf":{"@id":"https:\/\/www.fiscalia.gov.co\/colombia\/#website"},"datePublished":"2013-06-04T20:06:42+00:00","dateModified":"2017-05-19T20:16:33+00:00","description":"P\u00e1gina oficial de la Fiscal\u00eda General de la Naci\u00f3n \u2013 Colombia. Garantizamos el acceso efectivo a la justicia, la verdad y la reparaci\u00f3n de las v\u00edctimas de los delitos.","breadcrumb":{"@id":"https:\/\/www.fiscalia.gov.co\/colombia\/servicios-de-informacion-al-ciudadano\/consultas\/datos-abiertos\/#breadcrumb"},"inLanguage":"es-CO","potentialAction":[{"@type":"ReadAction","target":["https:\/\/www.fiscalia.gov.co\/colombia\/servicios-de-informacion-al-ciudadano\/consultas\/datos-abiertos\/"]}]},{"@type":"BreadcrumbList","@id":"https:\/\/www.fiscalia.gov.co\/colombia\/servicios-de-informacion-al-ciudadano\/consultas\/datos-abiertos\/#breadcrumb","itemListElement":[{"@type":"ListItem","position":1,"name":"Home","item":"https:\/\/www.fiscalia.gov.co\/colombia\/"},{"@type":"ListItem","position":2,"name":"Participaci\u00f3n ciudadana","item":"https:\/\/www.fiscalia.gov.co\/colombia\/servicios-de-informacion-al-ciudadano\/"},{"@type":"ListItem","position":3,"name":"Consultas","item":"https:\/\/www.fiscalia.gov.co\/colombia\/servicios-de-informacion-al-ciudadano\/consultas\/"},{"@type":"ListItem","position":4,"name":"Datos abiertos"}]},{"@type":"WebSite","@id":"https:\/\/www.fiscalia.gov.co\/colombia\/#website","url":"https:\/\/www.fiscalia.gov.co\/colombia\/","name":"Fiscal\u00eda General de la Naci\u00f3n","description":"P\u00e1gina oficial de la Fiscal\u00eda General de la Naci\u00f3n \u2013 Colombia. Garantizamos el acceso efectivo a la justicia, la verdad y la reparaci\u00f3n de las v\u00edctimas de los delitos.","publisher":{"@id":"https:\/\/www.fiscalia.gov.co\/colombia\/#organization"},"potentialAction":[{"@type":"SearchAction","target":{"@type":"EntryPoint","urlTemplate":"https:\/\/www.fiscalia.gov.co\/colombia\/?s={search_term_string}"},"query-input":{"@type":"PropertyValueSpecification","valueRequired":true,"valueName":"search_term_string"}}],"inLanguage":"es-CO"},{"@type":"Organization","@id":"https:\/\/www.fiscalia.gov.co\/colombia\/#organization","name":"Fiscal\u00eda General de la Naci\u00f3n","url":"https:\/\/www.fiscalia.gov.co\/colombia\/","logo":{"@type":"ImageObject","inLanguage":"es-CO","@id":"https:\/\/www.fiscalia.gov.co\/colombia\/#\/schema\/logo\/image\/","url":"https:\/\/www.fiscalia.gov.co\/colombia\/wp-content\/uploads\/LogoHorizontal_1.jpg","contentUrl":"https:\/\/www.fiscalia.gov.co\/colombia\/wp-content\/uploads\/LogoHorizontal_1.jpg","width":300,"height":90,"caption":"Fiscal\u00eda General de la Naci\u00f3n"},"image":{"@id":"https:\/\/www.fiscalia.gov.co\/colombia\/#\/schema\/logo\/image\/"},"sameAs":["https:\/\/www.facebook.com\/FiscaliaCol","https:\/\/x.com\/FiscaliaCol","https:\/\/www.instagram.com\/fiscaliacol","https:\/\/www.linkedin.com\/company\/fiscalia-general-de-la-naci-n\/","https:\/\/youtube.com\/@fiscaliageneraldelanacion-4668?si=6nN79nyQICPU5iTh"]}]}},"ticketed":false,"_links":{"self":[{"href":"https:\/\/www.fiscalia.gov.co\/colombia\/wp-json\/wp\/v2\/pages\/33954","targetHints":{"allow":["GET"]}}],"collection":[{"href":"https:\/\/www.fiscalia.gov.co\/colombia\/wp-json\/wp\/v2\/pages"}],"about":[{"href":"https:\/\/www.fiscalia.gov.co\/colombia\/wp-json\/wp\/v2\/types\/page"}],"author":[{"embeddable":true,"href":"https:\/\/www.fiscalia.gov.co\/colombia\/wp-json\/wp\/v2\/users\/143"}],"replies":[{"embeddable":true,"href":"https:\/\/www.fiscalia.gov.co\/colombia\/wp-json\/wp\/v2\/comments?post=33954"}],"version-history":[{"count":25,"href":"https:\/\/www.fiscalia.gov.co\/colombia\/wp-json\/wp\/v2\/pages\/33954\/revisions"}],"predecessor-version":[{"id":105326,"href":"https:\/\/www.fiscalia.gov.co\/colombia\/wp-json\/wp\/v2\/pages\/33954\/revisions\/105326"}],"up":[{"embeddable":true,"href":"https:\/\/www.fiscalia.gov.co\/colombia\/wp-json\/wp\/v2\/pages\/8612"}],"wp:attachment":[{"href":"https:\/\/www.fiscalia.gov.co\/colombia\/wp-json\/wp\/v2\/media?parent=33954"}],"curies":[{"name":"wp","href":"https:\/\/api.w.org\/{rel}","templated":true}]}}