{"id":30776,"date":"2013-03-15T15:06:15","date_gmt":"2013-03-15T20:06:15","guid":{"rendered":"http:\/\/www.fiscalia.gov.co\/colombia\/?page_id=30776"},"modified":"2016-02-22T17:22:29","modified_gmt":"2016-02-22T22:22:29","slug":"criterios-de-priorizacion","status":"publish","type":"page","link":"https:\/\/www.fiscalia.gov.co\/colombia\/priorizacion\/criterios-de-priorizacion\/","title":{"rendered":"Criterios de priorizaci\u00f3n"},"content":{"rendered":"<table border=\"1\" cellspacing=\"0\" cellpadding=\"0\">\n<tbody>\n<tr>\n<td width=\"36\">\n<p style=\"text-align: center;\" align=\"center\"><strong>\u00a0<\/strong><\/p>\n<\/td>\n<td style=\"text-align: center;\" width=\"134\">\n<p align=\"center\"><strong>CRITERIOS<\/strong><\/p>\n<\/td>\n<td width=\"88\">\n<p align=\"center\"><strong>Componentes<\/strong><\/p>\n<\/td>\n<td style=\"text-align: center;\" valign=\"top\" width=\"620\">\n<p align=\"center\"><strong>Desarrollo de los componentes<\/strong><\/p>\n<\/td>\n<\/tr>\n<tr>\n<td rowspan=\"16\" width=\"36\">\n<p style=\"text-align: center;\" align=\"center\"><strong>IMPACTO<\/strong><\/p>\n<\/td>\n<td style=\"text-align: center;\" rowspan=\"11\" width=\"134\"><strong>OBJETIVO<\/strong><\/td>\n<td rowspan=\"6\" width=\"88\"><strong>Gravedad<\/strong><\/td>\n<td valign=\"top\" width=\"620\">Grado de afectaci\u00f3n de derechos fundamentales individuales y colectivos.<\/td>\n<\/tr>\n<tr>\n<td valign=\"top\" width=\"620\">Costos sociales.<\/td>\n<\/tr>\n<tr>\n<td valign=\"top\" width=\"620\">Modalidad de la comisi\u00f3n en t\u00e9rminos de violencia y sistematicidad.<\/td>\n<\/tr>\n<tr>\n<td valign=\"top\" width=\"620\">Grado de protecci\u00f3n al bien jur\u00eddico afectado dado por el legislador.<\/td>\n<\/tr>\n<tr>\n<td valign=\"top\" width=\"620\">Frecuencia del delito.<\/td>\n<\/tr>\n<tr>\n<td valign=\"top\" width=\"620\">Cantidad de v\u00edctimas.<\/td>\n<\/tr>\n<tr>\n<td rowspan=\"5\" width=\"88\">\n<p style=\"text-align: center;\"><strong>Importancia<\/strong><\/p>\n<\/td>\n<td valign=\"top\" width=\"620\">Efectos del proceso penal en t\u00e9rminos de su necesidad y proporci\u00f3n espec\u00edfica frente a otras alternativas de judicializaci\u00f3n.<\/td>\n<\/tr>\n<tr>\n<td valign=\"top\" width=\"620\">Efectos de la judicializaci\u00f3n y de la acci\u00f3n de la Fiscal\u00eda en el buen desarrollo de una comunidad o territorio.<\/td>\n<\/tr>\n<tr>\n<td valign=\"top\" width=\"620\">Efectos del ejercicio de la acci\u00f3n penal sobre la legitimidad p\u00fablica de la administraci\u00f3n de justicia.<\/td>\n<\/tr>\n<tr>\n<td valign=\"top\" width=\"620\">Representatividad y capacidad de ilustraci\u00f3n de <em>modus operandi,<\/em> pr\u00e1cticas o patrones criminales.<\/td>\n<\/tr>\n<tr>\n<td valign=\"top\" width=\"620\">Representatividad y capacidad de ilustraci\u00f3n de la investigaci\u00f3n y\/o judicializaci\u00f3n de cr\u00edmenes para generar buenas pr\u00e1cticas.<\/td>\n<\/tr>\n<tr>\n<td style=\"text-align: center;\" rowspan=\"5\" width=\"134\"><strong>SUBJETIVO<\/strong><\/td>\n<td width=\"88\"><strong>V\u00edctimas<\/strong><\/td>\n<td valign=\"top\" width=\"620\">Condiciones de vulnerabilidad derivadas de patrones hist\u00f3ricos, sociales y culturales de discriminaci\u00f3n que se han identificado en raz\u00f3n de aspectos como el origen \u00e9tnico, el g\u00e9nero, la orientaci\u00f3n sexual, la edad, la condici\u00f3n de discapacidad, entre otros, y\/o rol social de la v\u00edctima en una comunidad, teniendo en cuenta las afectaciones hist\u00f3ricas que han sufrido ciertas figuras pol\u00edticas, sindicalistas, defensores de derechos humanos, l\u00edderes comunitarios, servidores p\u00fablicos, entre otros.<\/td>\n<\/tr>\n<tr>\n<td rowspan=\"4\" width=\"88\"><strong>Victimarios<\/strong><\/td>\n<td valign=\"top\" width=\"620\">Estructura criminal (capacidad de ejercer violencia, capturar el aparato estatal, tener continuidad en el tiempo y ejercer control territorial).<\/td>\n<\/tr>\n<tr>\n<td valign=\"top\" width=\"620\">Delincuentes no ocasionales.<\/td>\n<\/tr>\n<tr>\n<td valign=\"top\" width=\"620\">M\u00e1ximos responsables.<\/td>\n<\/tr>\n<tr>\n<td valign=\"top\" width=\"620\">Participaci\u00f3n o colaboraci\u00f3n de servidores p\u00fablicos.<\/td>\n<\/tr>\n<tr>\n<td rowspan=\"3\" width=\"36\">\n<p align=\"center\"><strong>DIFICULTAD<\/strong><\/p>\n<\/td>\n<td style=\"text-align: center;\" rowspan=\"3\" width=\"134\"><strong>COMPLEMENTARIO<\/strong><\/td>\n<td rowspan=\"2\" width=\"88\"><strong>Factibilidad<\/strong><\/td>\n<td valign=\"top\" width=\"620\">Calidad y cantidad de pruebas que se tienen.<\/td>\n<\/tr>\n<tr>\n<td valign=\"top\" width=\"620\">Pruebas que faltan y se necesitan. Dificultad de conseguirlas.<\/td>\n<\/tr>\n<tr>\n<td width=\"88\"><strong>Viabilidad<\/strong><\/td>\n<td valign=\"top\" width=\"620\">Recursos materiales y de personal razonables (evaluaci\u00f3n de recursos necesarios para lograr la investigaci\u00f3n y judicializaci\u00f3n efectiva teniendo en cuenta los recursos disponibles).<\/td>\n<\/tr>\n<\/tbody>\n<\/table>\n\n<div class=\"twitter-share\"><a href=\"https:\/\/twitter.com\/intent\/tweet?via=fiscaliacol\" class=\"twitter-share-button\">Tweet<\/a><\/div>\n","protected":false},"excerpt":{"rendered":"<p>\u00a0 CRITERIOS Componentes Desarrollo de los componentes IMPACTO OBJETIVO Gravedad Grado de afectaci\u00f3n de derechos fundamentales individuales y colectivos. Costos sociales. Modalidad de la comisi\u00f3n en t\u00e9rminos de violencia y [&hellip;]<\/p>\n","protected":false},"author":143,"featured_media":0,"parent":30766,"menu_order":1,"comment_status":"closed","ping_status":"open","template":"priorizacion.php","meta":{"tdm_status":"","tdm_grid_status":"","footnotes":""},"class_list":["post-30776","page","type-page","status-publish"],"yoast_head":"<!-- This site is optimized with the Yoast SEO plugin v24.3 - https:\/\/yoast.com\/wordpress\/plugins\/seo\/ -->\n<title>Fiscal\u00eda General de la Naci\u00f3n<\/title>\n<meta name=\"description\" content=\"P\u00e1gina oficial de la Fiscal\u00eda General de la Naci\u00f3n \u2013 Colombia. Garantizamos el acceso efectivo a la justicia, la verdad y la reparaci\u00f3n de las v\u00edctimas de los delitos.\" \/>\n<meta name=\"robots\" content=\"index, follow, max-snippet:-1, max-image-preview:large, max-video-preview:-1\" \/>\n<link rel=\"canonical\" href=\"https:\/\/www.fiscalia.gov.co\/colombia\/priorizacion\/criterios-de-priorizacion\/\" \/>\n<meta property=\"og:locale\" content=\"es_ES\" \/>\n<meta property=\"og:type\" content=\"article\" \/>\n<meta property=\"og:title\" content=\"Fiscal\u00eda General de la Naci\u00f3n\" \/>\n<meta property=\"og:description\" content=\"P\u00e1gina oficial de la Fiscal\u00eda General de la Naci\u00f3n \u2013 Colombia. Garantizamos el acceso efectivo a la justicia, la verdad y la reparaci\u00f3n de las v\u00edctimas de los delitos.\" \/>\n<meta property=\"og:url\" content=\"https:\/\/www.fiscalia.gov.co\/colombia\/priorizacion\/criterios-de-priorizacion\/\" \/>\n<meta property=\"og:site_name\" content=\"Fiscal\u00eda General de la Naci\u00f3n\" \/>\n<meta property=\"article:publisher\" content=\"https:\/\/www.facebook.com\/FiscaliaCol\" \/>\n<meta property=\"article:modified_time\" content=\"2016-02-22T22:22:29+00:00\" \/>\n<meta name=\"twitter:card\" content=\"summary_large_image\" \/>\n<meta name=\"twitter:site\" content=\"@FiscaliaCol\" \/>\n<meta name=\"twitter:label1\" content=\"Tiempo de lectura\" \/>\n\t<meta name=\"twitter:data1\" content=\"2 minutos\" \/>\n<script type=\"application\/ld+json\" class=\"yoast-schema-graph\">{\"@context\":\"https:\/\/schema.org\",\"@graph\":[{\"@type\":\"WebPage\",\"@id\":\"https:\/\/www.fiscalia.gov.co\/colombia\/priorizacion\/criterios-de-priorizacion\/\",\"url\":\"https:\/\/www.fiscalia.gov.co\/colombia\/priorizacion\/criterios-de-priorizacion\/\",\"name\":\"Fiscal\u00eda General de la Naci\u00f3n\",\"isPartOf\":{\"@id\":\"https:\/\/www.fiscalia.gov.co\/colombia\/#website\"},\"datePublished\":\"2013-03-15T20:06:15+00:00\",\"dateModified\":\"2016-02-22T22:22:29+00:00\",\"description\":\"P\u00e1gina oficial de la Fiscal\u00eda General de la Naci\u00f3n \u2013 Colombia. Garantizamos el acceso efectivo a la justicia, la verdad y la reparaci\u00f3n de las v\u00edctimas de los delitos.\",\"breadcrumb\":{\"@id\":\"https:\/\/www.fiscalia.gov.co\/colombia\/priorizacion\/criterios-de-priorizacion\/#breadcrumb\"},\"inLanguage\":\"es-CO\",\"potentialAction\":[{\"@type\":\"ReadAction\",\"target\":[\"https:\/\/www.fiscalia.gov.co\/colombia\/priorizacion\/criterios-de-priorizacion\/\"]}]},{\"@type\":\"BreadcrumbList\",\"@id\":\"https:\/\/www.fiscalia.gov.co\/colombia\/priorizacion\/criterios-de-priorizacion\/#breadcrumb\",\"itemListElement\":[{\"@type\":\"ListItem\",\"position\":1,\"name\":\"Home\",\"item\":\"https:\/\/www.fiscalia.gov.co\/colombia\/\"},{\"@type\":\"ListItem\",\"position\":2,\"name\":\"Priorizaci\u00f3n\",\"item\":\"https:\/\/www.fiscalia.gov.co\/colombia\/priorizacion\/\"},{\"@type\":\"ListItem\",\"position\":3,\"name\":\"Criterios de priorizaci\u00f3n\"}]},{\"@type\":\"WebSite\",\"@id\":\"https:\/\/www.fiscalia.gov.co\/colombia\/#website\",\"url\":\"https:\/\/www.fiscalia.gov.co\/colombia\/\",\"name\":\"Fiscal\u00eda General de la Naci\u00f3n\",\"description\":\"P\u00e1gina oficial de la Fiscal\u00eda General de la Naci\u00f3n \u2013 Colombia. Garantizamos el acceso efectivo a la justicia, la verdad y la reparaci\u00f3n de las v\u00edctimas de los delitos.\",\"publisher\":{\"@id\":\"https:\/\/www.fiscalia.gov.co\/colombia\/#organization\"},\"potentialAction\":[{\"@type\":\"SearchAction\",\"target\":{\"@type\":\"EntryPoint\",\"urlTemplate\":\"https:\/\/www.fiscalia.gov.co\/colombia\/?s={search_term_string}\"},\"query-input\":{\"@type\":\"PropertyValueSpecification\",\"valueRequired\":true,\"valueName\":\"search_term_string\"}}],\"inLanguage\":\"es-CO\"},{\"@type\":\"Organization\",\"@id\":\"https:\/\/www.fiscalia.gov.co\/colombia\/#organization\",\"name\":\"Fiscal\u00eda General de la Naci\u00f3n\",\"url\":\"https:\/\/www.fiscalia.gov.co\/colombia\/\",\"logo\":{\"@type\":\"ImageObject\",\"inLanguage\":\"es-CO\",\"@id\":\"https:\/\/www.fiscalia.gov.co\/colombia\/#\/schema\/logo\/image\/\",\"url\":\"https:\/\/www.fiscalia.gov.co\/colombia\/wp-content\/uploads\/LogoHorizontal_1.jpg\",\"contentUrl\":\"https:\/\/www.fiscalia.gov.co\/colombia\/wp-content\/uploads\/LogoHorizontal_1.jpg\",\"width\":300,\"height\":90,\"caption\":\"Fiscal\u00eda General de la Naci\u00f3n\"},\"image\":{\"@id\":\"https:\/\/www.fiscalia.gov.co\/colombia\/#\/schema\/logo\/image\/\"},\"sameAs\":[\"https:\/\/www.facebook.com\/FiscaliaCol\",\"https:\/\/x.com\/FiscaliaCol\",\"https:\/\/www.instagram.com\/fiscaliacol\",\"https:\/\/www.linkedin.com\/company\/fiscalia-general-de-la-naci-n\/\",\"https:\/\/youtube.com\/@fiscaliageneraldelanacion-4668?si=6nN79nyQICPU5iTh\"]}]}<\/script>\n<!-- \/ Yoast SEO plugin. -->","yoast_head_json":{"title":"Fiscal\u00eda General de la Naci\u00f3n","description":"P\u00e1gina oficial de la Fiscal\u00eda General de la Naci\u00f3n \u2013 Colombia. Garantizamos el acceso efectivo a la justicia, la verdad y la reparaci\u00f3n de las v\u00edctimas de los delitos.","robots":{"index":"index","follow":"follow","max-snippet":"max-snippet:-1","max-image-preview":"max-image-preview:large","max-video-preview":"max-video-preview:-1"},"canonical":"https:\/\/www.fiscalia.gov.co\/colombia\/priorizacion\/criterios-de-priorizacion\/","og_locale":"es_ES","og_type":"article","og_title":"Fiscal\u00eda General de la Naci\u00f3n","og_description":"P\u00e1gina oficial de la Fiscal\u00eda General de la Naci\u00f3n \u2013 Colombia. Garantizamos el acceso efectivo a la justicia, la verdad y la reparaci\u00f3n de las v\u00edctimas de los delitos.","og_url":"https:\/\/www.fiscalia.gov.co\/colombia\/priorizacion\/criterios-de-priorizacion\/","og_site_name":"Fiscal\u00eda General de la Naci\u00f3n","article_publisher":"https:\/\/www.facebook.com\/FiscaliaCol","article_modified_time":"2016-02-22T22:22:29+00:00","twitter_card":"summary_large_image","twitter_site":"@FiscaliaCol","twitter_misc":{"Tiempo de lectura":"2 minutos"},"schema":{"@context":"https:\/\/schema.org","@graph":[{"@type":"WebPage","@id":"https:\/\/www.fiscalia.gov.co\/colombia\/priorizacion\/criterios-de-priorizacion\/","url":"https:\/\/www.fiscalia.gov.co\/colombia\/priorizacion\/criterios-de-priorizacion\/","name":"Fiscal\u00eda General de la Naci\u00f3n","isPartOf":{"@id":"https:\/\/www.fiscalia.gov.co\/colombia\/#website"},"datePublished":"2013-03-15T20:06:15+00:00","dateModified":"2016-02-22T22:22:29+00:00","description":"P\u00e1gina oficial de la Fiscal\u00eda General de la Naci\u00f3n \u2013 Colombia. Garantizamos el acceso efectivo a la justicia, la verdad y la reparaci\u00f3n de las v\u00edctimas de los delitos.","breadcrumb":{"@id":"https:\/\/www.fiscalia.gov.co\/colombia\/priorizacion\/criterios-de-priorizacion\/#breadcrumb"},"inLanguage":"es-CO","potentialAction":[{"@type":"ReadAction","target":["https:\/\/www.fiscalia.gov.co\/colombia\/priorizacion\/criterios-de-priorizacion\/"]}]},{"@type":"BreadcrumbList","@id":"https:\/\/www.fiscalia.gov.co\/colombia\/priorizacion\/criterios-de-priorizacion\/#breadcrumb","itemListElement":[{"@type":"ListItem","position":1,"name":"Home","item":"https:\/\/www.fiscalia.gov.co\/colombia\/"},{"@type":"ListItem","position":2,"name":"Priorizaci\u00f3n","item":"https:\/\/www.fiscalia.gov.co\/colombia\/priorizacion\/"},{"@type":"ListItem","position":3,"name":"Criterios de priorizaci\u00f3n"}]},{"@type":"WebSite","@id":"https:\/\/www.fiscalia.gov.co\/colombia\/#website","url":"https:\/\/www.fiscalia.gov.co\/colombia\/","name":"Fiscal\u00eda General de la Naci\u00f3n","description":"P\u00e1gina oficial de la Fiscal\u00eda General de la Naci\u00f3n \u2013 Colombia. Garantizamos el acceso efectivo a la justicia, la verdad y la reparaci\u00f3n de las v\u00edctimas de los delitos.","publisher":{"@id":"https:\/\/www.fiscalia.gov.co\/colombia\/#organization"},"potentialAction":[{"@type":"SearchAction","target":{"@type":"EntryPoint","urlTemplate":"https:\/\/www.fiscalia.gov.co\/colombia\/?s={search_term_string}"},"query-input":{"@type":"PropertyValueSpecification","valueRequired":true,"valueName":"search_term_string"}}],"inLanguage":"es-CO"},{"@type":"Organization","@id":"https:\/\/www.fiscalia.gov.co\/colombia\/#organization","name":"Fiscal\u00eda General de la Naci\u00f3n","url":"https:\/\/www.fiscalia.gov.co\/colombia\/","logo":{"@type":"ImageObject","inLanguage":"es-CO","@id":"https:\/\/www.fiscalia.gov.co\/colombia\/#\/schema\/logo\/image\/","url":"https:\/\/www.fiscalia.gov.co\/colombia\/wp-content\/uploads\/LogoHorizontal_1.jpg","contentUrl":"https:\/\/www.fiscalia.gov.co\/colombia\/wp-content\/uploads\/LogoHorizontal_1.jpg","width":300,"height":90,"caption":"Fiscal\u00eda General de la Naci\u00f3n"},"image":{"@id":"https:\/\/www.fiscalia.gov.co\/colombia\/#\/schema\/logo\/image\/"},"sameAs":["https:\/\/www.facebook.com\/FiscaliaCol","https:\/\/x.com\/FiscaliaCol","https:\/\/www.instagram.com\/fiscaliacol","https:\/\/www.linkedin.com\/company\/fiscalia-general-de-la-naci-n\/","https:\/\/youtube.com\/@fiscaliageneraldelanacion-4668?si=6nN79nyQICPU5iTh"]}]}},"_links":{"self":[{"href":"https:\/\/www.fiscalia.gov.co\/colombia\/wp-json\/wp\/v2\/pages\/30776","targetHints":{"allow":["GET"]}}],"collection":[{"href":"https:\/\/www.fiscalia.gov.co\/colombia\/wp-json\/wp\/v2\/pages"}],"about":[{"href":"https:\/\/www.fiscalia.gov.co\/colombia\/wp-json\/wp\/v2\/types\/page"}],"author":[{"embeddable":true,"href":"https:\/\/www.fiscalia.gov.co\/colombia\/wp-json\/wp\/v2\/users\/143"}],"replies":[{"embeddable":true,"href":"https:\/\/www.fiscalia.gov.co\/colombia\/wp-json\/wp\/v2\/comments?post=30776"}],"version-history":[{"count":8,"href":"https:\/\/www.fiscalia.gov.co\/colombia\/wp-json\/wp\/v2\/pages\/30776\/revisions"}],"predecessor-version":[{"id":79816,"href":"https:\/\/www.fiscalia.gov.co\/colombia\/wp-json\/wp\/v2\/pages\/30776\/revisions\/79816"}],"up":[{"embeddable":true,"href":"https:\/\/www.fiscalia.gov.co\/colombia\/wp-json\/wp\/v2\/pages\/30766"}],"wp:attachment":[{"href":"https:\/\/www.fiscalia.gov.co\/colombia\/wp-json\/wp\/v2\/media?parent=30776"}],"curies":[{"name":"wp","href":"https:\/\/api.w.org\/{rel}","templated":true}]}}