{"id":30774,"date":"2013-03-15T15:04:52","date_gmt":"2013-03-15T20:04:52","guid":{"rendered":"http:\/\/www.fiscalia.gov.co\/colombia\/?page_id=30774"},"modified":"2013-03-15T15:04:52","modified_gmt":"2013-03-15T20:04:52","slug":"conceptos","status":"publish","type":"page","link":"https:\/\/www.fiscalia.gov.co\/colombia\/priorizacion\/conceptos\/","title":{"rendered":"Conceptos"},"content":{"rendered":"<p><strong>An\u00e1lisis criminal: <\/strong>Estudio sistem\u00e1tico e interdisciplinario del delito y de los factores problem\u00e1ticos que alteran la convivencia social e interesan a la investigaci\u00f3n penal (sociodemogr\u00e1ficos, espaciales, y temporales, entre otros), para apoyar la funci\u00f3n constitucional asignada a la Fiscal\u00eda General de la Naci\u00f3n y propender por la garant\u00eda de los derechos fundamentales de las v\u00edctimas a la verdad, la justicia, la reparaci\u00f3n y la no repetici\u00f3n.<\/p>\n<p><strong>Caso ilustrativo de plan criminal:<\/strong> Situaci\u00f3n f\u00e1ctica representativa de los patrones de conducta delictiva caracter\u00edsticos de determinada organizaci\u00f3n criminal.<\/p>\n<p><strong>Caso priorizado no imputable a una organizaci\u00f3n delictiva:<\/strong> Conducta punible cuya realizaci\u00f3n no corresponde al accionar de una organizaci\u00f3n delictiva, pero que representa un elevado impacto social, tomando en consideraci\u00f3n su gravedad, en t\u00e9rminos de afectaci\u00f3n de los derechos fundamentales de la v\u00edctima, de los bienes jur\u00eddicamente amparados o su capacidad para develar la existencia de patrones culturales discriminatorios.<\/p>\n<p><strong>Contexto:<\/strong> Marco de referencia de aspectos esenciales acerca de elementos de orden geogr\u00e1fico, pol\u00edtico, econ\u00f3mico, hist\u00f3rico, y social en el cual se han perpetrado delitos por parte de grupos criminales, incluidos aquellos en los que servidores p\u00fablicos y particulares colaboran con aquellos. Comprende una descripci\u00f3n de la estrategia de la organizaci\u00f3n delictiva, sus din\u00e1micas regionales, aspectos log\u00edsticos esenciales, redes de comunicaciones, entre otros. Se debe analizar su funcionamiento.<\/p>\n<p>La creaci\u00f3n de contextos persigue: (i) conocer la verdad e los sucedido; (ii) evitar su repetici\u00f3n; (iii) establecer la estructura de la organizaci\u00f3n delictiva; (iv) determinar el grado de responsabilidad de los integrantes del grupo y de sus colaboradores; (v) unificar actuaciones al interior de la Fiscal\u00eda con el fin de lograr esclarecer patrones de conducta, cadenas de mando f\u00e1cticas; y (vi) emplear esquemas de doble imputaci\u00f3n penal, entre otros aspectos.<\/p>\n<p><strong>M\u00e1ximo responsable:<\/strong> Este concepto se aplica respecto a dos categor\u00edas diferentes, a saber: (i) aquel que dentro de la estructura de mando y control de la organizaci\u00f3n delictiva sab\u00eda o pod\u00eda prever razonablemente la perpetraci\u00f3n de cr\u00edmenes en desarrollo de la ejecuci\u00f3n de los planes operativos; y (ii) de manera excepcional, se trata de aquellas personas que han cometido delitos particularmente notorios, con independencia de la posici\u00f3n que ocupaban en la organizaci\u00f3n delictiva.<\/p>\n<p><strong>Patrones criminales:<\/strong> Conjunto de actividades, medios log\u00edsticos, de comunicaci\u00f3n y <em>modus operandi <\/em>delictivo, desarrollados en un parea y periodo de tiempo determinados, de los cuales se pueden extraer conclusiones respecto a los diversos niveles de mando y control de la organizaci\u00f3n criminal.<\/p>\n<p><strong>Pol\u00edtica de priorizaci\u00f3n:<\/strong> Directrices y orientaciones encaminadas a introducir un cambio en la manera de cumplir las obligaciones constitucionales y legales a cargo de la Fiscal\u00eda General dela Naci\u00f3n que maximice el uso de la informaci\u00f3n y los recursos a su cargo.<\/p>\n<p><strong>Priorizar:<\/strong> T\u00e9cnica de gesti\u00f3n de la investigaci\u00f3n penal que permite establecer un orden de atenci\u00f3n entre reclamos ciudadanos de justicia equivalentes, con el fin de garantizar, en la mayor medida posible, el goce del derecho fundamental de acceso a l administraci\u00f3n de justicia.<\/p>\n<p><strong>Regla de priorizaci\u00f3n: <\/strong>Bajo ninguna circunstancia la viabilidad probatoria del caso podr\u00e1 ser el \u00fanico criterio que justifique su priorizaci\u00f3n.<\/p>\n<p>&nbsp;<\/p>\n\n<div class=\"twitter-share\"><a href=\"https:\/\/twitter.com\/intent\/tweet?via=fiscaliacol\" class=\"twitter-share-button\">Tweet<\/a><\/div>\n","protected":false},"excerpt":{"rendered":"<p>An\u00e1lisis criminal: Estudio sistem\u00e1tico e interdisciplinario del delito y de los factores problem\u00e1ticos que alteran la convivencia social e interesan a la investigaci\u00f3n penal (sociodemogr\u00e1ficos, espaciales, y temporales, entre otros), [&hellip;]<\/p>\n","protected":false},"author":143,"featured_media":0,"parent":30766,"menu_order":1,"comment_status":"closed","ping_status":"open","template":"priorizacion.php","meta":{"tdm_status":"","tdm_grid_status":"","footnotes":""},"class_list":["post-30774","page","type-page","status-publish"],"yoast_head":"<!-- This site is optimized with the Yoast SEO plugin v24.3 - https:\/\/yoast.com\/wordpress\/plugins\/seo\/ -->\n<title>Fiscal\u00eda General de la Naci\u00f3n<\/title>\n<meta name=\"description\" content=\"P\u00e1gina oficial de la Fiscal\u00eda General de la Naci\u00f3n \u2013 Colombia. Garantizamos el acceso efectivo a la justicia, la verdad y la reparaci\u00f3n de las v\u00edctimas de los delitos.\" \/>\n<meta name=\"robots\" content=\"index, follow, max-snippet:-1, max-image-preview:large, max-video-preview:-1\" \/>\n<link rel=\"canonical\" href=\"https:\/\/www.fiscalia.gov.co\/colombia\/priorizacion\/conceptos\/\" \/>\n<meta property=\"og:locale\" content=\"es_ES\" \/>\n<meta property=\"og:type\" content=\"article\" \/>\n<meta property=\"og:title\" content=\"Fiscal\u00eda General de la Naci\u00f3n\" \/>\n<meta property=\"og:description\" content=\"P\u00e1gina oficial de la Fiscal\u00eda General de la Naci\u00f3n \u2013 Colombia. Garantizamos el acceso efectivo a la justicia, la verdad y la reparaci\u00f3n de las v\u00edctimas de los delitos.\" \/>\n<meta property=\"og:url\" content=\"https:\/\/www.fiscalia.gov.co\/colombia\/priorizacion\/conceptos\/\" \/>\n<meta property=\"og:site_name\" content=\"Fiscal\u00eda General de la Naci\u00f3n\" \/>\n<meta property=\"article:publisher\" content=\"https:\/\/www.facebook.com\/FiscaliaCol\" \/>\n<meta name=\"twitter:card\" content=\"summary_large_image\" \/>\n<meta name=\"twitter:site\" content=\"@FiscaliaCol\" \/>\n<meta name=\"twitter:label1\" content=\"Tiempo de lectura\" \/>\n\t<meta name=\"twitter:data1\" content=\"3 minutos\" \/>\n<script type=\"application\/ld+json\" class=\"yoast-schema-graph\">{\"@context\":\"https:\/\/schema.org\",\"@graph\":[{\"@type\":\"WebPage\",\"@id\":\"https:\/\/www.fiscalia.gov.co\/colombia\/priorizacion\/conceptos\/\",\"url\":\"https:\/\/www.fiscalia.gov.co\/colombia\/priorizacion\/conceptos\/\",\"name\":\"Fiscal\u00eda General de la Naci\u00f3n\",\"isPartOf\":{\"@id\":\"https:\/\/www.fiscalia.gov.co\/colombia\/#website\"},\"datePublished\":\"2013-03-15T20:04:52+00:00\",\"dateModified\":\"2013-03-15T20:04:52+00:00\",\"description\":\"P\u00e1gina oficial de la Fiscal\u00eda General de la Naci\u00f3n \u2013 Colombia. Garantizamos el acceso efectivo a la justicia, la verdad y la reparaci\u00f3n de las v\u00edctimas de los delitos.\",\"breadcrumb\":{\"@id\":\"https:\/\/www.fiscalia.gov.co\/colombia\/priorizacion\/conceptos\/#breadcrumb\"},\"inLanguage\":\"es-CO\",\"potentialAction\":[{\"@type\":\"ReadAction\",\"target\":[\"https:\/\/www.fiscalia.gov.co\/colombia\/priorizacion\/conceptos\/\"]}]},{\"@type\":\"BreadcrumbList\",\"@id\":\"https:\/\/www.fiscalia.gov.co\/colombia\/priorizacion\/conceptos\/#breadcrumb\",\"itemListElement\":[{\"@type\":\"ListItem\",\"position\":1,\"name\":\"Home\",\"item\":\"https:\/\/www.fiscalia.gov.co\/colombia\/\"},{\"@type\":\"ListItem\",\"position\":2,\"name\":\"Priorizaci\u00f3n\",\"item\":\"https:\/\/www.fiscalia.gov.co\/colombia\/priorizacion\/\"},{\"@type\":\"ListItem\",\"position\":3,\"name\":\"Conceptos\"}]},{\"@type\":\"WebSite\",\"@id\":\"https:\/\/www.fiscalia.gov.co\/colombia\/#website\",\"url\":\"https:\/\/www.fiscalia.gov.co\/colombia\/\",\"name\":\"Fiscal\u00eda General de la Naci\u00f3n\",\"description\":\"P\u00e1gina oficial de la Fiscal\u00eda General de la Naci\u00f3n \u2013 Colombia. Garantizamos el acceso efectivo a la justicia, la verdad y la reparaci\u00f3n de las v\u00edctimas de los delitos.\",\"publisher\":{\"@id\":\"https:\/\/www.fiscalia.gov.co\/colombia\/#organization\"},\"potentialAction\":[{\"@type\":\"SearchAction\",\"target\":{\"@type\":\"EntryPoint\",\"urlTemplate\":\"https:\/\/www.fiscalia.gov.co\/colombia\/?s={search_term_string}\"},\"query-input\":{\"@type\":\"PropertyValueSpecification\",\"valueRequired\":true,\"valueName\":\"search_term_string\"}}],\"inLanguage\":\"es-CO\"},{\"@type\":\"Organization\",\"@id\":\"https:\/\/www.fiscalia.gov.co\/colombia\/#organization\",\"name\":\"Fiscal\u00eda General de la Naci\u00f3n\",\"url\":\"https:\/\/www.fiscalia.gov.co\/colombia\/\",\"logo\":{\"@type\":\"ImageObject\",\"inLanguage\":\"es-CO\",\"@id\":\"https:\/\/www.fiscalia.gov.co\/colombia\/#\/schema\/logo\/image\/\",\"url\":\"https:\/\/www.fiscalia.gov.co\/colombia\/wp-content\/uploads\/LogoHorizontal_1.jpg\",\"contentUrl\":\"https:\/\/www.fiscalia.gov.co\/colombia\/wp-content\/uploads\/LogoHorizontal_1.jpg\",\"width\":300,\"height\":90,\"caption\":\"Fiscal\u00eda General de la Naci\u00f3n\"},\"image\":{\"@id\":\"https:\/\/www.fiscalia.gov.co\/colombia\/#\/schema\/logo\/image\/\"},\"sameAs\":[\"https:\/\/www.facebook.com\/FiscaliaCol\",\"https:\/\/x.com\/FiscaliaCol\",\"https:\/\/www.instagram.com\/fiscaliacol\",\"https:\/\/www.linkedin.com\/company\/fiscalia-general-de-la-naci-n\/\",\"https:\/\/youtube.com\/@fiscaliageneraldelanacion-4668?si=6nN79nyQICPU5iTh\"]}]}<\/script>\n<!-- \/ Yoast SEO plugin. -->","yoast_head_json":{"title":"Fiscal\u00eda General de la Naci\u00f3n","description":"P\u00e1gina oficial de la Fiscal\u00eda General de la Naci\u00f3n \u2013 Colombia. Garantizamos el acceso efectivo a la justicia, la verdad y la reparaci\u00f3n de las v\u00edctimas de los delitos.","robots":{"index":"index","follow":"follow","max-snippet":"max-snippet:-1","max-image-preview":"max-image-preview:large","max-video-preview":"max-video-preview:-1"},"canonical":"https:\/\/www.fiscalia.gov.co\/colombia\/priorizacion\/conceptos\/","og_locale":"es_ES","og_type":"article","og_title":"Fiscal\u00eda General de la Naci\u00f3n","og_description":"P\u00e1gina oficial de la Fiscal\u00eda General de la Naci\u00f3n \u2013 Colombia. Garantizamos el acceso efectivo a la justicia, la verdad y la reparaci\u00f3n de las v\u00edctimas de los delitos.","og_url":"https:\/\/www.fiscalia.gov.co\/colombia\/priorizacion\/conceptos\/","og_site_name":"Fiscal\u00eda General de la Naci\u00f3n","article_publisher":"https:\/\/www.facebook.com\/FiscaliaCol","twitter_card":"summary_large_image","twitter_site":"@FiscaliaCol","twitter_misc":{"Tiempo de lectura":"3 minutos"},"schema":{"@context":"https:\/\/schema.org","@graph":[{"@type":"WebPage","@id":"https:\/\/www.fiscalia.gov.co\/colombia\/priorizacion\/conceptos\/","url":"https:\/\/www.fiscalia.gov.co\/colombia\/priorizacion\/conceptos\/","name":"Fiscal\u00eda General de la Naci\u00f3n","isPartOf":{"@id":"https:\/\/www.fiscalia.gov.co\/colombia\/#website"},"datePublished":"2013-03-15T20:04:52+00:00","dateModified":"2013-03-15T20:04:52+00:00","description":"P\u00e1gina oficial de la Fiscal\u00eda General de la Naci\u00f3n \u2013 Colombia. Garantizamos el acceso efectivo a la justicia, la verdad y la reparaci\u00f3n de las v\u00edctimas de los delitos.","breadcrumb":{"@id":"https:\/\/www.fiscalia.gov.co\/colombia\/priorizacion\/conceptos\/#breadcrumb"},"inLanguage":"es-CO","potentialAction":[{"@type":"ReadAction","target":["https:\/\/www.fiscalia.gov.co\/colombia\/priorizacion\/conceptos\/"]}]},{"@type":"BreadcrumbList","@id":"https:\/\/www.fiscalia.gov.co\/colombia\/priorizacion\/conceptos\/#breadcrumb","itemListElement":[{"@type":"ListItem","position":1,"name":"Home","item":"https:\/\/www.fiscalia.gov.co\/colombia\/"},{"@type":"ListItem","position":2,"name":"Priorizaci\u00f3n","item":"https:\/\/www.fiscalia.gov.co\/colombia\/priorizacion\/"},{"@type":"ListItem","position":3,"name":"Conceptos"}]},{"@type":"WebSite","@id":"https:\/\/www.fiscalia.gov.co\/colombia\/#website","url":"https:\/\/www.fiscalia.gov.co\/colombia\/","name":"Fiscal\u00eda General de la Naci\u00f3n","description":"P\u00e1gina oficial de la Fiscal\u00eda General de la Naci\u00f3n \u2013 Colombia. Garantizamos el acceso efectivo a la justicia, la verdad y la reparaci\u00f3n de las v\u00edctimas de los delitos.","publisher":{"@id":"https:\/\/www.fiscalia.gov.co\/colombia\/#organization"},"potentialAction":[{"@type":"SearchAction","target":{"@type":"EntryPoint","urlTemplate":"https:\/\/www.fiscalia.gov.co\/colombia\/?s={search_term_string}"},"query-input":{"@type":"PropertyValueSpecification","valueRequired":true,"valueName":"search_term_string"}}],"inLanguage":"es-CO"},{"@type":"Organization","@id":"https:\/\/www.fiscalia.gov.co\/colombia\/#organization","name":"Fiscal\u00eda General de la Naci\u00f3n","url":"https:\/\/www.fiscalia.gov.co\/colombia\/","logo":{"@type":"ImageObject","inLanguage":"es-CO","@id":"https:\/\/www.fiscalia.gov.co\/colombia\/#\/schema\/logo\/image\/","url":"https:\/\/www.fiscalia.gov.co\/colombia\/wp-content\/uploads\/LogoHorizontal_1.jpg","contentUrl":"https:\/\/www.fiscalia.gov.co\/colombia\/wp-content\/uploads\/LogoHorizontal_1.jpg","width":300,"height":90,"caption":"Fiscal\u00eda General de la Naci\u00f3n"},"image":{"@id":"https:\/\/www.fiscalia.gov.co\/colombia\/#\/schema\/logo\/image\/"},"sameAs":["https:\/\/www.facebook.com\/FiscaliaCol","https:\/\/x.com\/FiscaliaCol","https:\/\/www.instagram.com\/fiscaliacol","https:\/\/www.linkedin.com\/company\/fiscalia-general-de-la-naci-n\/","https:\/\/youtube.com\/@fiscaliageneraldelanacion-4668?si=6nN79nyQICPU5iTh"]}]}},"_links":{"self":[{"href":"https:\/\/www.fiscalia.gov.co\/colombia\/wp-json\/wp\/v2\/pages\/30774","targetHints":{"allow":["GET"]}}],"collection":[{"href":"https:\/\/www.fiscalia.gov.co\/colombia\/wp-json\/wp\/v2\/pages"}],"about":[{"href":"https:\/\/www.fiscalia.gov.co\/colombia\/wp-json\/wp\/v2\/types\/page"}],"author":[{"embeddable":true,"href":"https:\/\/www.fiscalia.gov.co\/colombia\/wp-json\/wp\/v2\/users\/143"}],"replies":[{"embeddable":true,"href":"https:\/\/www.fiscalia.gov.co\/colombia\/wp-json\/wp\/v2\/comments?post=30774"}],"version-history":[{"count":1,"href":"https:\/\/www.fiscalia.gov.co\/colombia\/wp-json\/wp\/v2\/pages\/30774\/revisions"}],"predecessor-version":[{"id":30775,"href":"https:\/\/www.fiscalia.gov.co\/colombia\/wp-json\/wp\/v2\/pages\/30774\/revisions\/30775"}],"up":[{"embeddable":true,"href":"https:\/\/www.fiscalia.gov.co\/colombia\/wp-json\/wp\/v2\/pages\/30766"}],"wp:attachment":[{"href":"https:\/\/www.fiscalia.gov.co\/colombia\/wp-json\/wp\/v2\/media?parent=30774"}],"curies":[{"name":"wp","href":"https:\/\/api.w.org\/{rel}","templated":true}]}}