{"id":297494,"date":"2024-06-27T09:27:22","date_gmt":"2024-06-27T14:27:22","guid":{"rendered":"https:\/\/www.fiscalia.gov.co\/colombia\/?page_id=297494"},"modified":"2025-10-07T11:07:44","modified_gmt":"2025-10-07T16:07:44","slug":"consulte-el-estado-de-su-denuncia","status":"publish","type":"page","link":"https:\/\/www.fiscalia.gov.co\/colombia\/portafolio-de-servicios\/consulte-el-estado-de-su-denuncia\/","title":{"rendered":"Consulte el estado de su denuncia"},"content":{"rendered":"<p><strong>\u00bfD\u00f3nde consulto el estado de mi denuncia?<\/strong><\/p>\n<p>Para consultar el estado b\u00e1sico de la denuncia (datos del despacho de fiscal asignado, estado activo o inactivo), <strong>debe<\/strong> contar con el N\u00famero \u00danico de Noticia Criminal (NUNC):<\/p>\n<ol>\n<li><strong>Canal Virtual: <\/strong><\/li>\n<\/ol>\n<p>Accesos ubicados en la p\u00e1gina web de la entidad <a href=\"http:\/\/www.fiscalia.gov.co\">www.fiscalia.gov.co<\/a><\/p>\n<table>\n<tbody>\n<tr>\n<td width=\"217\"><strong>Bot\u00f3n Consulte su denuncia<\/strong><\/td>\n<td width=\"141\"><img loading=\"lazy\" decoding=\"async\" class=\"aligncenter wp-image-309143 size-full\" src=\"https:\/\/www.fiscalia.gov.co\/colombia\/wp-content\/uploads\/Pilares-en-accion.jpg\" alt=\"\" width=\"352\" height=\"101\" srcset=\"https:\/\/www.fiscalia.gov.co\/colombia\/wp-content\/uploads\/Pilares-en-accion.jpg 352w, https:\/\/www.fiscalia.gov.co\/colombia\/wp-content\/uploads\/Pilares-en-accion-300x86.jpg 300w\" sizes=\"auto, (max-width: 352px) 100vw, 352px\" \/><\/td>\n<td width=\"174\">Horario: de lunes a domingo, 24 horas, 365 d\u00edas al a\u00f1o<\/td>\n<\/tr>\n<tr>\n<td width=\"217\"><strong>Bot\u00f3n Llamada virtual<\/strong><\/p>\n<p>Permite hacer una llamada web al Centro de Contacto de la Fiscal\u00eda.<\/p>\n<p><strong>Importante<\/strong>: El dispositivo desde el que se hace la llamada, debe estar conectado a Internet<\/td>\n<td width=\"141\"><a href=\"https:\/\/chat1-cls22-aws.i6.inconcert.cloud\/inconcert\/apps\/webdesigner\/FiscaliaClicktoCall?token=7995358EE790DF9A96FFADB480C4E325\" target=\"_blank\" rel=\"noopener\"><img loading=\"lazy\" decoding=\"async\" class=\"aligncenter wp-image-210004\" src=\"https:\/\/www.fiscalia.gov.co\/colombia\/wp-content\/uploads\/call-fgn.png\" alt=\"\" width=\"79\" height=\"78\" \/><\/a><\/td>\n<td width=\"174\">Horario: de lunes a s\u00e1bado de 6 a.m. a 10 p.m.<\/td>\n<\/tr>\n<tr>\n<td width=\"217\"><strong>Videollamada en lengua de se\u00f1as colombiana<\/strong><\/p>\n<p>Exclusivo para personas sordas o con hipoacusia<\/td>\n<td width=\"141\"><a href=\"https:\/\/chat1-cls22-aws.i6.inconcert.cloud\/inconcert\/apps\/webdesigner\/FiscaliaVideoLlamada1?token=8FDBA22BF5072360EB80F0458FE4364E\" target=\"_blank\" rel=\"noopener\"><img loading=\"lazy\" decoding=\"async\" class=\"aligncenter wp-image-210002\" src=\"https:\/\/www.fiscalia.gov.co\/colombia\/wp-content\/uploads\/lsc-sinbg.png\" alt=\"\" width=\"80\" height=\"80\" srcset=\"https:\/\/www.fiscalia.gov.co\/colombia\/wp-content\/uploads\/lsc-sinbg.png 165w, https:\/\/www.fiscalia.gov.co\/colombia\/wp-content\/uploads\/lsc-sinbg-150x150.png 150w\" sizes=\"auto, (max-width: 80px) 100vw, 80px\" \/><\/a><\/td>\n<td width=\"174\">Horario: de lunes a s\u00e1bado de 8 a.m. a 5 p.m.<\/td>\n<\/tr>\n<tr>\n<td width=\"217\"><strong>Chat<\/strong><\/td>\n<td width=\"141\"><a href=\"https:\/\/chat1-cls22-aws.i6.inconcert.cloud\/inconcert\/apps\/webdesigner\/FiscaliaChat?token=074D0877A35062E2516EDF39C2D4FF32 \" target=\"_blank\" rel=\"noopener\"><img loading=\"lazy\" decoding=\"async\" class=\"aligncenter wp-image-210005\" src=\"https:\/\/www.fiscalia.gov.co\/colombia\/wp-content\/uploads\/chat-fgn.png\" alt=\"\" width=\"86\" height=\"85\" srcset=\"https:\/\/www.fiscalia.gov.co\/colombia\/wp-content\/uploads\/chat-fgn.png 160w, https:\/\/www.fiscalia.gov.co\/colombia\/wp-content\/uploads\/chat-fgn-150x150.png 150w\" sizes=\"auto, (max-width: 86px) 100vw, 86px\" \/><\/a><\/td>\n<td width=\"174\">Horario: de lunes a domingo de 8 a.m. a 6 p.m.<\/td>\n<\/tr>\n<\/tbody>\n<\/table>\n<p><strong>Otros mecanismos virtuales:<\/strong><\/p>\n<table>\n<tbody>\n<tr>\n<td width=\"211\"><strong>C\u00f3digo QR<\/strong><\/p>\n<p>Escanee este c\u00f3digo desde su celular<\/td>\n<td width=\"148\"><img loading=\"lazy\" decoding=\"async\" class=\"aligncenter size-full wp-image-276757\" src=\"https:\/\/www.fiscalia.gov.co\/colombia\/wp-content\/uploads\/qr-code-Consulte-el-Estado-de-su-Denuncia_page-0001.jpg\" alt=\"\" width=\"2288\" height=\"2288\" srcset=\"https:\/\/www.fiscalia.gov.co\/colombia\/wp-content\/uploads\/qr-code-Consulte-el-Estado-de-su-Denuncia_page-0001.jpg 2288w, https:\/\/www.fiscalia.gov.co\/colombia\/wp-content\/uploads\/qr-code-Consulte-el-Estado-de-su-Denuncia_page-0001-300x300.jpg 300w, https:\/\/www.fiscalia.gov.co\/colombia\/wp-content\/uploads\/qr-code-Consulte-el-Estado-de-su-Denuncia_page-0001-1024x1024.jpg 1024w, https:\/\/www.fiscalia.gov.co\/colombia\/wp-content\/uploads\/qr-code-Consulte-el-Estado-de-su-Denuncia_page-0001-150x150.jpg 150w, https:\/\/www.fiscalia.gov.co\/colombia\/wp-content\/uploads\/qr-code-Consulte-el-Estado-de-su-Denuncia_page-0001-768x768.jpg 768w, https:\/\/www.fiscalia.gov.co\/colombia\/wp-content\/uploads\/qr-code-Consulte-el-Estado-de-su-Denuncia_page-0001-1536x1536.jpg 1536w, https:\/\/www.fiscalia.gov.co\/colombia\/wp-content\/uploads\/qr-code-Consulte-el-Estado-de-su-Denuncia_page-0001-2048x2048.jpg 2048w, https:\/\/www.fiscalia.gov.co\/colombia\/wp-content\/uploads\/qr-code-Consulte-el-Estado-de-su-Denuncia_page-0001-696x696.jpg 696w, https:\/\/www.fiscalia.gov.co\/colombia\/wp-content\/uploads\/qr-code-Consulte-el-Estado-de-su-Denuncia_page-0001-1068x1068.jpg 1068w, https:\/\/www.fiscalia.gov.co\/colombia\/wp-content\/uploads\/qr-code-Consulte-el-Estado-de-su-Denuncia_page-0001-1920x1920.jpg 1920w, https:\/\/www.fiscalia.gov.co\/colombia\/wp-content\/uploads\/qr-code-Consulte-el-Estado-de-su-Denuncia_page-0001-420x420.jpg 420w\" sizes=\"auto, (max-width: 2288px) 100vw, 2288px\" \/><\/td>\n<td width=\"173\">Horario: de lunes a domingo, 24 horas<\/td>\n<\/tr>\n<\/tbody>\n<\/table>\n<p>&nbsp;<\/p>\n<ol start=\"2\">\n<li><strong>Canal Telef\u00f3nico:<\/strong><\/li>\n<\/ol>\n<ul>\n<li>Marcando gratis, desde tel\u00e9fono fijo al <strong>01 8000 9197 48<\/strong> o desde celular al <strong>122, <\/strong>las 24 horas de d\u00eda, 365 d\u00edas del a\u00f1o<strong>. <\/strong><\/li>\n<li>Enviando mensaje corto de SMS al 898006 de lunes a s\u00e1bado de 6 a.m. a 10 p.m.<\/li>\n<\/ul>\n<ol start=\"3\">\n<li><strong>Canal Presencial:<\/strong><\/li>\n<\/ol>\n<ul>\n<li>Centros de Atenci\u00f3n de la Fiscal\u00eda \u2013CAF y Puntos de Atenci\u00f3n de la Fiscal\u00eda \u2013PAF. Conozca la ubicaci\u00f3n y horarios de atenci\u00f3n de los <strong><a href=\"https:\/\/fiscaliagn.maps.arcgis.com\/apps\/webappviewer\/index.html?id=5a01fb2c742f4e3395985fd96b0eff84\" target=\"_blank\" rel=\"noopener\">PAF y CAF<\/a><\/strong>.<\/li>\n<\/ul>\n\n<div class=\"twitter-share\"><a href=\"https:\/\/twitter.com\/intent\/tweet?via=fiscaliacol\" class=\"twitter-share-button\">Tweet<\/a><\/div>\n","protected":false},"excerpt":{"rendered":"<p>\u00bfD\u00f3nde consulto el estado de mi denuncia? Para consultar el estado b\u00e1sico de la denuncia (datos del despacho de fiscal asignado, estado activo o inactivo), debe contar con el N\u00famero [&hellip;]<\/p>\n","protected":false},"author":175,"featured_media":0,"parent":104245,"menu_order":0,"comment_status":"closed","ping_status":"closed","template":"page-pagebuilder-title.php","meta":{"_price":"","_stock":"","_tribe_ticket_header":"","_tribe_default_ticket_provider":"","_tribe_ticket_capacity":"0","_ticket_start_date":"","_ticket_end_date":"","_tribe_ticket_show_description":"","_tribe_ticket_show_not_going":false,"_tribe_ticket_use_global_stock":"","_tribe_ticket_global_stock_level":"","_global_stock_mode":"","_global_stock_cap":"","_tribe_rsvp_for_event":"","_tribe_ticket_going_count":"","_tribe_ticket_not_going_count":"","_tribe_tickets_list":"[]","_tribe_ticket_has_attendee_info_fields":false,"tdm_status":"","tdm_grid_status":"","footnotes":"","_tec_slr_enabled":"","_tec_slr_layout":""},"class_list":["post-297494","page","type-page","status-publish"],"yoast_head":"<!-- This site is optimized with the Yoast SEO plugin v24.3 - https:\/\/yoast.com\/wordpress\/plugins\/seo\/ -->\n<title>Fiscal\u00eda General de la Naci\u00f3n<\/title>\n<meta name=\"description\" content=\"P\u00e1gina oficial de la Fiscal\u00eda General de la Naci\u00f3n \u2013 Colombia. Garantizamos el acceso efectivo a la justicia, la verdad y la reparaci\u00f3n de las v\u00edctimas de los delitos.\" \/>\n<meta name=\"robots\" content=\"index, follow, max-snippet:-1, max-image-preview:large, max-video-preview:-1\" \/>\n<link rel=\"canonical\" href=\"https:\/\/www.fiscalia.gov.co\/colombia\/portafolio-de-servicios\/consulte-el-estado-de-su-denuncia\/\" \/>\n<meta property=\"og:locale\" content=\"es_ES\" \/>\n<meta property=\"og:type\" content=\"article\" \/>\n<meta property=\"og:title\" content=\"Fiscal\u00eda General de la Naci\u00f3n\" \/>\n<meta property=\"og:description\" content=\"P\u00e1gina oficial de la Fiscal\u00eda General de la Naci\u00f3n \u2013 Colombia. Garantizamos el acceso efectivo a la justicia, la verdad y la reparaci\u00f3n de las v\u00edctimas de los delitos.\" \/>\n<meta property=\"og:url\" content=\"https:\/\/www.fiscalia.gov.co\/colombia\/portafolio-de-servicios\/consulte-el-estado-de-su-denuncia\/\" \/>\n<meta property=\"og:site_name\" content=\"Fiscal\u00eda General de la Naci\u00f3n\" \/>\n<meta property=\"article:publisher\" content=\"https:\/\/www.facebook.com\/FiscaliaCol\" \/>\n<meta property=\"article:modified_time\" content=\"2025-10-07T16:07:44+00:00\" \/>\n<meta property=\"og:image\" content=\"https:\/\/www.fiscalia.gov.co\/colombia\/wp-content\/uploads\/Pilares-en-accion.jpg\" \/>\n\t<meta property=\"og:image:width\" content=\"352\" \/>\n\t<meta property=\"og:image:height\" content=\"101\" \/>\n\t<meta property=\"og:image:type\" content=\"image\/jpeg\" \/>\n<meta name=\"twitter:card\" content=\"summary_large_image\" \/>\n<meta name=\"twitter:site\" content=\"@FiscaliaCol\" \/>\n<meta name=\"twitter:label1\" content=\"Tiempo de lectura\" \/>\n\t<meta name=\"twitter:data1\" content=\"3 minutos\" \/>\n<script type=\"application\/ld+json\" class=\"yoast-schema-graph\">{\"@context\":\"https:\/\/schema.org\",\"@graph\":[{\"@type\":\"WebPage\",\"@id\":\"https:\/\/www.fiscalia.gov.co\/colombia\/portafolio-de-servicios\/consulte-el-estado-de-su-denuncia\/\",\"url\":\"https:\/\/www.fiscalia.gov.co\/colombia\/portafolio-de-servicios\/consulte-el-estado-de-su-denuncia\/\",\"name\":\"Fiscal\u00eda General de la Naci\u00f3n\",\"isPartOf\":{\"@id\":\"https:\/\/www.fiscalia.gov.co\/colombia\/#website\"},\"primaryImageOfPage\":{\"@id\":\"https:\/\/www.fiscalia.gov.co\/colombia\/portafolio-de-servicios\/consulte-el-estado-de-su-denuncia\/#primaryimage\"},\"image\":{\"@id\":\"https:\/\/www.fiscalia.gov.co\/colombia\/portafolio-de-servicios\/consulte-el-estado-de-su-denuncia\/#primaryimage\"},\"thumbnailUrl\":\"https:\/\/www.fiscalia.gov.co\/colombia\/wp-content\/uploads\/Pilares-en-accion.jpg\",\"datePublished\":\"2024-06-27T14:27:22+00:00\",\"dateModified\":\"2025-10-07T16:07:44+00:00\",\"description\":\"P\u00e1gina oficial de la Fiscal\u00eda General de la Naci\u00f3n \u2013 Colombia. Garantizamos el acceso efectivo a la justicia, la verdad y la reparaci\u00f3n de las v\u00edctimas de los delitos.\",\"breadcrumb\":{\"@id\":\"https:\/\/www.fiscalia.gov.co\/colombia\/portafolio-de-servicios\/consulte-el-estado-de-su-denuncia\/#breadcrumb\"},\"inLanguage\":\"es-CO\",\"potentialAction\":[{\"@type\":\"ReadAction\",\"target\":[\"https:\/\/www.fiscalia.gov.co\/colombia\/portafolio-de-servicios\/consulte-el-estado-de-su-denuncia\/\"]}]},{\"@type\":\"ImageObject\",\"inLanguage\":\"es-CO\",\"@id\":\"https:\/\/www.fiscalia.gov.co\/colombia\/portafolio-de-servicios\/consulte-el-estado-de-su-denuncia\/#primaryimage\",\"url\":\"https:\/\/www.fiscalia.gov.co\/colombia\/wp-content\/uploads\/Pilares-en-accion.jpg\",\"contentUrl\":\"https:\/\/www.fiscalia.gov.co\/colombia\/wp-content\/uploads\/Pilares-en-accion.jpg\",\"width\":352,\"height\":101,\"caption\":\"Mini banner del micrositio \\\"Consulta tu caso\\\", con fondo gris en donde se ve una ilustraci\u00f3n de un hombre cargando una caja azul y en letras azul oscuro se lee \\\"Colsulta tu caso\\\"\"},{\"@type\":\"BreadcrumbList\",\"@id\":\"https:\/\/www.fiscalia.gov.co\/colombia\/portafolio-de-servicios\/consulte-el-estado-de-su-denuncia\/#breadcrumb\",\"itemListElement\":[{\"@type\":\"ListItem\",\"position\":1,\"name\":\"Home\",\"item\":\"https:\/\/www.fiscalia.gov.co\/colombia\/\"},{\"@type\":\"ListItem\",\"position\":2,\"name\":\"Portafolio de servicios\",\"item\":\"https:\/\/www.fiscalia.gov.co\/colombia\/portafolio-de-servicios\/\"},{\"@type\":\"ListItem\",\"position\":3,\"name\":\"Consulte el estado de su denuncia\"}]},{\"@type\":\"WebSite\",\"@id\":\"https:\/\/www.fiscalia.gov.co\/colombia\/#website\",\"url\":\"https:\/\/www.fiscalia.gov.co\/colombia\/\",\"name\":\"Fiscal\u00eda General de la Naci\u00f3n\",\"description\":\"P\u00e1gina oficial de la Fiscal\u00eda General de la Naci\u00f3n \u2013 Colombia. Garantizamos el acceso efectivo a la justicia, la verdad y la reparaci\u00f3n de las v\u00edctimas de los delitos.\",\"publisher\":{\"@id\":\"https:\/\/www.fiscalia.gov.co\/colombia\/#organization\"},\"potentialAction\":[{\"@type\":\"SearchAction\",\"target\":{\"@type\":\"EntryPoint\",\"urlTemplate\":\"https:\/\/www.fiscalia.gov.co\/colombia\/?s={search_term_string}\"},\"query-input\":{\"@type\":\"PropertyValueSpecification\",\"valueRequired\":true,\"valueName\":\"search_term_string\"}}],\"inLanguage\":\"es-CO\"},{\"@type\":\"Organization\",\"@id\":\"https:\/\/www.fiscalia.gov.co\/colombia\/#organization\",\"name\":\"Fiscal\u00eda General de la Naci\u00f3n\",\"url\":\"https:\/\/www.fiscalia.gov.co\/colombia\/\",\"logo\":{\"@type\":\"ImageObject\",\"inLanguage\":\"es-CO\",\"@id\":\"https:\/\/www.fiscalia.gov.co\/colombia\/#\/schema\/logo\/image\/\",\"url\":\"https:\/\/www.fiscalia.gov.co\/colombia\/wp-content\/uploads\/LogoHorizontal_1.jpg\",\"contentUrl\":\"https:\/\/www.fiscalia.gov.co\/colombia\/wp-content\/uploads\/LogoHorizontal_1.jpg\",\"width\":300,\"height\":90,\"caption\":\"Fiscal\u00eda General de la Naci\u00f3n\"},\"image\":{\"@id\":\"https:\/\/www.fiscalia.gov.co\/colombia\/#\/schema\/logo\/image\/\"},\"sameAs\":[\"https:\/\/www.facebook.com\/FiscaliaCol\",\"https:\/\/x.com\/FiscaliaCol\",\"https:\/\/www.instagram.com\/fiscaliacol\",\"https:\/\/www.linkedin.com\/company\/fiscalia-general-de-la-naci-n\/\",\"https:\/\/youtube.com\/@fiscaliageneraldelanacion-4668?si=6nN79nyQICPU5iTh\"]}]}<\/script>\n<!-- \/ Yoast SEO plugin. -->","yoast_head_json":{"title":"Fiscal\u00eda General de la Naci\u00f3n","description":"P\u00e1gina oficial de la Fiscal\u00eda General de la Naci\u00f3n \u2013 Colombia. Garantizamos el acceso efectivo a la justicia, la verdad y la reparaci\u00f3n de las v\u00edctimas de los delitos.","robots":{"index":"index","follow":"follow","max-snippet":"max-snippet:-1","max-image-preview":"max-image-preview:large","max-video-preview":"max-video-preview:-1"},"canonical":"https:\/\/www.fiscalia.gov.co\/colombia\/portafolio-de-servicios\/consulte-el-estado-de-su-denuncia\/","og_locale":"es_ES","og_type":"article","og_title":"Fiscal\u00eda General de la Naci\u00f3n","og_description":"P\u00e1gina oficial de la Fiscal\u00eda General de la Naci\u00f3n \u2013 Colombia. Garantizamos el acceso efectivo a la justicia, la verdad y la reparaci\u00f3n de las v\u00edctimas de los delitos.","og_url":"https:\/\/www.fiscalia.gov.co\/colombia\/portafolio-de-servicios\/consulte-el-estado-de-su-denuncia\/","og_site_name":"Fiscal\u00eda General de la Naci\u00f3n","article_publisher":"https:\/\/www.facebook.com\/FiscaliaCol","article_modified_time":"2025-10-07T16:07:44+00:00","og_image":[{"width":352,"height":101,"url":"https:\/\/www.fiscalia.gov.co\/colombia\/wp-content\/uploads\/Pilares-en-accion.jpg","type":"image\/jpeg"}],"twitter_card":"summary_large_image","twitter_site":"@FiscaliaCol","twitter_misc":{"Tiempo de lectura":"3 minutos"},"schema":{"@context":"https:\/\/schema.org","@graph":[{"@type":"WebPage","@id":"https:\/\/www.fiscalia.gov.co\/colombia\/portafolio-de-servicios\/consulte-el-estado-de-su-denuncia\/","url":"https:\/\/www.fiscalia.gov.co\/colombia\/portafolio-de-servicios\/consulte-el-estado-de-su-denuncia\/","name":"Fiscal\u00eda General de la Naci\u00f3n","isPartOf":{"@id":"https:\/\/www.fiscalia.gov.co\/colombia\/#website"},"primaryImageOfPage":{"@id":"https:\/\/www.fiscalia.gov.co\/colombia\/portafolio-de-servicios\/consulte-el-estado-de-su-denuncia\/#primaryimage"},"image":{"@id":"https:\/\/www.fiscalia.gov.co\/colombia\/portafolio-de-servicios\/consulte-el-estado-de-su-denuncia\/#primaryimage"},"thumbnailUrl":"https:\/\/www.fiscalia.gov.co\/colombia\/wp-content\/uploads\/Pilares-en-accion.jpg","datePublished":"2024-06-27T14:27:22+00:00","dateModified":"2025-10-07T16:07:44+00:00","description":"P\u00e1gina oficial de la Fiscal\u00eda General de la Naci\u00f3n \u2013 Colombia. Garantizamos el acceso efectivo a la justicia, la verdad y la reparaci\u00f3n de las v\u00edctimas de los delitos.","breadcrumb":{"@id":"https:\/\/www.fiscalia.gov.co\/colombia\/portafolio-de-servicios\/consulte-el-estado-de-su-denuncia\/#breadcrumb"},"inLanguage":"es-CO","potentialAction":[{"@type":"ReadAction","target":["https:\/\/www.fiscalia.gov.co\/colombia\/portafolio-de-servicios\/consulte-el-estado-de-su-denuncia\/"]}]},{"@type":"ImageObject","inLanguage":"es-CO","@id":"https:\/\/www.fiscalia.gov.co\/colombia\/portafolio-de-servicios\/consulte-el-estado-de-su-denuncia\/#primaryimage","url":"https:\/\/www.fiscalia.gov.co\/colombia\/wp-content\/uploads\/Pilares-en-accion.jpg","contentUrl":"https:\/\/www.fiscalia.gov.co\/colombia\/wp-content\/uploads\/Pilares-en-accion.jpg","width":352,"height":101,"caption":"Mini banner del micrositio \"Consulta tu caso\", con fondo gris en donde se ve una ilustraci\u00f3n de un hombre cargando una caja azul y en letras azul oscuro se lee \"Colsulta tu caso\""},{"@type":"BreadcrumbList","@id":"https:\/\/www.fiscalia.gov.co\/colombia\/portafolio-de-servicios\/consulte-el-estado-de-su-denuncia\/#breadcrumb","itemListElement":[{"@type":"ListItem","position":1,"name":"Home","item":"https:\/\/www.fiscalia.gov.co\/colombia\/"},{"@type":"ListItem","position":2,"name":"Portafolio de servicios","item":"https:\/\/www.fiscalia.gov.co\/colombia\/portafolio-de-servicios\/"},{"@type":"ListItem","position":3,"name":"Consulte el estado de su denuncia"}]},{"@type":"WebSite","@id":"https:\/\/www.fiscalia.gov.co\/colombia\/#website","url":"https:\/\/www.fiscalia.gov.co\/colombia\/","name":"Fiscal\u00eda General de la Naci\u00f3n","description":"P\u00e1gina oficial de la Fiscal\u00eda General de la Naci\u00f3n \u2013 Colombia. Garantizamos el acceso efectivo a la justicia, la verdad y la reparaci\u00f3n de las v\u00edctimas de los delitos.","publisher":{"@id":"https:\/\/www.fiscalia.gov.co\/colombia\/#organization"},"potentialAction":[{"@type":"SearchAction","target":{"@type":"EntryPoint","urlTemplate":"https:\/\/www.fiscalia.gov.co\/colombia\/?s={search_term_string}"},"query-input":{"@type":"PropertyValueSpecification","valueRequired":true,"valueName":"search_term_string"}}],"inLanguage":"es-CO"},{"@type":"Organization","@id":"https:\/\/www.fiscalia.gov.co\/colombia\/#organization","name":"Fiscal\u00eda General de la Naci\u00f3n","url":"https:\/\/www.fiscalia.gov.co\/colombia\/","logo":{"@type":"ImageObject","inLanguage":"es-CO","@id":"https:\/\/www.fiscalia.gov.co\/colombia\/#\/schema\/logo\/image\/","url":"https:\/\/www.fiscalia.gov.co\/colombia\/wp-content\/uploads\/LogoHorizontal_1.jpg","contentUrl":"https:\/\/www.fiscalia.gov.co\/colombia\/wp-content\/uploads\/LogoHorizontal_1.jpg","width":300,"height":90,"caption":"Fiscal\u00eda General de la Naci\u00f3n"},"image":{"@id":"https:\/\/www.fiscalia.gov.co\/colombia\/#\/schema\/logo\/image\/"},"sameAs":["https:\/\/www.facebook.com\/FiscaliaCol","https:\/\/x.com\/FiscaliaCol","https:\/\/www.instagram.com\/fiscaliacol","https:\/\/www.linkedin.com\/company\/fiscalia-general-de-la-naci-n\/","https:\/\/youtube.com\/@fiscaliageneraldelanacion-4668?si=6nN79nyQICPU5iTh"]}]}},"ticketed":false,"_links":{"self":[{"href":"https:\/\/www.fiscalia.gov.co\/colombia\/wp-json\/wp\/v2\/pages\/297494","targetHints":{"allow":["GET"]}}],"collection":[{"href":"https:\/\/www.fiscalia.gov.co\/colombia\/wp-json\/wp\/v2\/pages"}],"about":[{"href":"https:\/\/www.fiscalia.gov.co\/colombia\/wp-json\/wp\/v2\/types\/page"}],"author":[{"embeddable":true,"href":"https:\/\/www.fiscalia.gov.co\/colombia\/wp-json\/wp\/v2\/users\/175"}],"replies":[{"embeddable":true,"href":"https:\/\/www.fiscalia.gov.co\/colombia\/wp-json\/wp\/v2\/comments?post=297494"}],"version-history":[{"count":10,"href":"https:\/\/www.fiscalia.gov.co\/colombia\/wp-json\/wp\/v2\/pages\/297494\/revisions"}],"predecessor-version":[{"id":325236,"href":"https:\/\/www.fiscalia.gov.co\/colombia\/wp-json\/wp\/v2\/pages\/297494\/revisions\/325236"}],"up":[{"embeddable":true,"href":"https:\/\/www.fiscalia.gov.co\/colombia\/wp-json\/wp\/v2\/pages\/104245"}],"wp:attachment":[{"href":"https:\/\/www.fiscalia.gov.co\/colombia\/wp-json\/wp\/v2\/media?parent=297494"}],"curies":[{"name":"wp","href":"https:\/\/api.w.org\/{rel}","templated":true}]}}