{"id":260479,"date":"2022-11-04T11:52:57","date_gmt":"2022-11-04T16:52:57","guid":{"rendered":"https:\/\/www.fiscalia.gov.co\/colombia\/?page_id=260479"},"modified":"2025-08-12T10:14:03","modified_gmt":"2025-08-12T15:14:03","slug":"guia-de-buenas-practicas-para-la-investigacion-y-judicializacion-de-violencias-fundadas-en-la-orientacion-sexual-y-o-identidad-de-genero-real-o-percibida-de-la-victima","status":"publish","type":"page","link":"https:\/\/www.fiscalia.gov.co\/colombia\/guia-de-buenas-practicas-para-la-investigacion-y-judicializacion-de-violencias-fundadas-en-la-orientacion-sexual-y-o-identidad-de-genero-real-o-percibida-de-la-victima\/","title":{"rendered":"Gu\u00eda de buenas pr\u00e1cticas para la investigaci\u00f3n y judicializaci\u00f3n de violencias fundadas en la orientaci\u00f3n sexual y\/o identidad de g\u00e9nero (real o percibida) de la v\u00edctima"},"content":{"rendered":"<section class=\"wpb-content-wrapper\"><div id=\"tdi_1\" class=\"tdc-row\"><div class=\"vc_row tdi_2  wpb_row td-pb-row\" >\n<style scoped>\n\/* custom css - generated by TagDiv Composer *\/\n\n\/* custom css - generated by TagDiv Composer *\/\n.tdi_2,\r\n                .tdi_2 .tdc-columns{\r\n                    min-height: 0;\r\n                }.tdi_2,\r\n\t\t\t\t.tdi_2 .tdc-columns{\r\n\t\t\t\t    display: block;\r\n\t\t\t\t}.tdi_2 .tdc-columns{\r\n\t\t\t\t    width: 100%;\r\n\t\t\t\t}.tdi_2:before,\r\n\t\t\t\t.tdi_2:after{\r\n\t\t\t\t    display: table;\r\n\t\t\t\t}\n<\/style><div class=\"vc_column tdi_4  wpb_column vc_column_container tdc-column td-pb-span12\">\n<style scoped>\n\/* custom css - generated by TagDiv Composer *\/\n\n\/* custom css - generated by TagDiv Composer *\/\n.tdi_4{\r\n                    vertical-align: baseline;\r\n                }.tdi_4 > .wpb_wrapper,\r\n\t\t\t\t.tdi_4 > .wpb_wrapper > .tdc-elements{\r\n\t\t\t\t    display: block;\r\n\t\t\t\t}.tdi_4 > .wpb_wrapper > .tdc-elements{\r\n\t\t\t\t    width: 100%;\r\n\t\t\t\t}.tdi_4 > .wpb_wrapper > .vc_row_inner{\r\n\t\t\t\t    width: auto;\r\n\t\t\t\t}.tdi_4 > .wpb_wrapper{\r\n\t\t\t\t    width: auto;\r\n\t\t\t\t    height: auto;\r\n\t\t\t\t}\n<\/style><div class=\"wpb_wrapper\" >[vc_single_image image=&#8221;289660&#8243; img_size=&#8221;full&#8221; alignment=&#8221;center&#8221;][vc_column_text]La Fiscal\u00eda General de la Naci\u00f3n \u2013FGN\u2013, en cumplimiento de la Constituci\u00f3n, la legislaci\u00f3n nacional y los compromisos internacionales, atendiendo a las solicitudes de los jueces de la Rep\u00fablica y de la sociedad, consciente del contexto de discriminaci\u00f3n y violencia que siguen viviendo muchas personas en Colombia en raz\u00f3n a su orientaci\u00f3n sexual y\/o identidad de g\u00e9nero \u2013OSIG\u2013, sea esta real o percibida, ha considerado pertinente expedir una gu\u00eda de buenas pr\u00e1cticas para cualificar las fases de investigaci\u00f3n y judicializaci\u00f3n de este tipo de violencias1.\r\n\r\nLo anterior en el marco del Direccionamiento Estrat\u00e9gico 2020-2024, Resultados en la calle y en los territorios, trazado por el Fiscal General de la Naci\u00f3n, en el que se plantea el objetivo estrat\u00e9gico 1: Aumentar el esclarecimiento de delitos que afectan la seguridad ciudadana y de zonas rurales y considera la \u201cpriorizaci\u00f3n de los delitos que m\u00e1s afectan la seguridad ciudadana[&#8230;]\u201d (p. 4). Entre estos, se destacan los delitos contra la vida, como el homicidio y el feminicidio, conductas que vulneran gravemente la integridad personal. En este sentido, el objetivo 1.1., \u201cAumentar el esclarecimiento del homicidio en contra de poblaciones priorizadas\u201d, se\u00f1ala \u201cla afectaci\u00f3n acentuada que sufren algunas poblaciones especialmente protegidas y que deben ser abordadas de manera prioritaria y diferencial\u201d.\r\n\r\nPrecisamente, entre las acciones contempladas en el Direccionamiento Estrat\u00e9gico para el alcance de estos logros, se menciona la necesidad de hacer un esfuerzo para mejorar la calidad de los datos que se registran en los sistemas de informaci\u00f3n de la FGN, con el fin de contar con contenido integral acerca de la calidad de las v\u00edctimas y victimarios, que permita hacer estudios estad\u00edsticos de los sujetos procesales que pertenecen a grupos poblacionales espec\u00edficos, como la comunidad LGTBI. Esta estrategia permitir\u00e1 monitorear las acciones de violencia que sufren estas personas, as\u00ed como definir el riesgo y las estrategias para enfrentarlo.\r\n\r\nEn ese orden, el prop\u00f3sito de este documento es brindar herramientas para la identificaci\u00f3n de las violencias fundadas en la OSIG y fortalecer las capacidades de los funcionarios de la FGN en la investigaci\u00f3n y judicializaci\u00f3n efectiva de los delitos asociados a estas violencias, as\u00ed como su adecuado registro en los sistemas de informaci\u00f3n, garantizando el derecho a la igualdad y no discriminaci\u00f3n de las v\u00edctimas.\r\n\r\nPara el desarrollo del objetivo propuesto, el documento se estructura en cinco secciones. La primera secci\u00f3n explica el marco conceptual y las definiciones generales para la comprensi\u00f3n de los elementos asociados a la orientaci\u00f3n sexual e identidad de g\u00e9nero. La segunda introduce las obligaciones del Estado respecto de las personas con orientaci\u00f3n sexual e identidad de g\u00e9nero, entre las que se resalta el derecho a la igualdad y la no discriminaci\u00f3n y la obligaci\u00f3n de investigar y sancionar las violencias en contra de estas personas. En la tercera se exponen algunas buenas pr\u00e1cticas para ser tomadas en cuenta en la investigaci\u00f3n y judicializaci\u00f3n de las violencias basadas en la OSIG, a partir del principio de debida diligencia.\r\n\r\nEn la cuarta se presentan buenas pr\u00e1cticas en materia de adecuaci\u00f3n t\u00edpica e imputaci\u00f3n de las violencias en contra de personas con orientaci\u00f3n sexual e identidad de g\u00e9nero diversas. Finalmente, en la quinta se efect\u00faan algunas consideraciones sobre el reconocimiento de la identidad de g\u00e9nero y la orientaci\u00f3n sexual en la atenci\u00f3n a v\u00edctimas y usuarios de la Fiscal\u00eda General de la Naci\u00f3n.\r\n\r\n&nbsp;\r\n\r\n<strong><a href=\"https:\/\/www.fiscalia.gov.co\/colombia\/wp-content\/uploads\/Guia-de-buenas-practicas-para-la-investigacion-y-judicializacion-de-violencias-fundadas-en-la-orientacion-sexual-yo-identidad-de-genero-real-o-percibida-de-la-victima.pdf\" target=\"_blank\" rel=\"noopener\">Descargue aqu\u00ed la Gu\u00eda de buenas pr\u00e1cticas para la investigaci\u00f3n y judicializaci\u00f3n de violencias fundadas en la orientaci\u00f3n sexual y\/o identidad de g\u00e9nero (real o percibida) de la v\u00edctima. <\/a><\/strong>Publicado 2022-11-04\r\n\r\n&nbsp;\r\n\r\n&nbsp;\r\n\r\n<em>1 Esta gu\u00eda cont\u00f3 con el apoyo t\u00e9cnico y financiero del Programa de Derechos Humanos de USAID y la participaci\u00f3n de organizaciones sociales que intervinieron en diferentes etapas del proceso de producci\u00f3n del presente documento, particularmente la organizaci\u00f3n Caribe Afirmativo que lider\u00f3 los procesos de entrevistas y talleres dirigidos a funcionarios de la entidad. As\u00ed mismo, la organizaci\u00f3n Colombia Diversa desde su trabajo y experiencia aport\u00f3 valiosa informaci\u00f3n para la elaboraci\u00f3n del presente documento y en su fase inicial se cont\u00f3 con el acompa\u00f1amiento de la Comisi\u00f3n Internacional de Derechos Humanos de Gays y Lesbianas (originalmente, International Gay and Lesbian Human Rights Commission).<\/em>[\/vc_column_text]<\/div><\/div><\/div><\/div><div id=\"tdi_5\" class=\"tdc-row\"><div class=\"vc_row tdi_6  wpb_row td-pb-row\" >\n<style scoped>\n\/* custom css - generated by TagDiv Composer *\/\n\n\/* custom css - generated by TagDiv Composer *\/\n.tdi_6,\r\n                .tdi_6 .tdc-columns{\r\n                    min-height: 0;\r\n                }.tdi_6,\r\n\t\t\t\t.tdi_6 .tdc-columns{\r\n\t\t\t\t    display: block;\r\n\t\t\t\t}.tdi_6 .tdc-columns{\r\n\t\t\t\t    width: 100%;\r\n\t\t\t\t}.tdi_6:before,\r\n\t\t\t\t.tdi_6:after{\r\n\t\t\t\t    display: table;\r\n\t\t\t\t}\n<\/style><div class=\"vc_column tdi_8  wpb_column vc_column_container tdc-column td-pb-span12\">\n<style scoped>\n\/* custom css - generated by TagDiv Composer *\/\n\n\/* custom css - generated by TagDiv Composer *\/\n.tdi_8{\r\n                    vertical-align: baseline;\r\n                }.tdi_8 > .wpb_wrapper,\r\n\t\t\t\t.tdi_8 > .wpb_wrapper > .tdc-elements{\r\n\t\t\t\t    display: block;\r\n\t\t\t\t}.tdi_8 > .wpb_wrapper > .tdc-elements{\r\n\t\t\t\t    width: 100%;\r\n\t\t\t\t}.tdi_8 > .wpb_wrapper > .vc_row_inner{\r\n\t\t\t\t    width: auto;\r\n\t\t\t\t}.tdi_8 > .wpb_wrapper{\r\n\t\t\t\t    width: auto;\r\n\t\t\t\t    height: auto;\r\n\t\t\t\t}\n<\/style><div class=\"wpb_wrapper\" ><\/div><\/div><\/div><\/div><\/section>\n<div class=\"twitter-share\"><a href=\"https:\/\/twitter.com\/intent\/tweet?via=fiscaliacol\" class=\"twitter-share-button\">Tweet<\/a><\/div>\n","protected":false},"excerpt":{"rendered":"[vc_single_image image=\"289660\" img_size=\"full\" alignment=\"center\"][vc_column_text]La Fiscal\u00eda General de la Naci\u00f3n \u2013FGN\u2013, en cumplimiento de la Constituci\u00f3n, la legislaci\u00f3n nacional y los compromisos internacionales, atendiendo a las solicitudes de los jueces de la Rep\u00fablica y de la sociedad, consciente del contexto de discriminaci\u00f3n y violencia que siguen viviendo muchas personas en Colombia en raz\u00f3n a su orientaci\u00f3n [...]","protected":false},"author":175,"featured_media":0,"parent":0,"menu_order":0,"comment_status":"closed","ping_status":"closed","template":"page-pagebuilder-title.php","meta":{"_price":"","_stock":"","_tribe_ticket_header":"","_tribe_default_ticket_provider":"","_tribe_ticket_capacity":"0","_ticket_start_date":"","_ticket_end_date":"","_tribe_ticket_show_description":"","_tribe_ticket_show_not_going":false,"_tribe_ticket_use_global_stock":"","_tribe_ticket_global_stock_level":"","_global_stock_mode":"","_global_stock_cap":"","_tribe_rsvp_for_event":"","_tribe_ticket_going_count":"","_tribe_ticket_not_going_count":"","_tribe_tickets_list":"[]","_tribe_ticket_has_attendee_info_fields":false,"tdm_status":"","tdm_grid_status":"","footnotes":"","_tec_slr_enabled":"","_tec_slr_layout":""},"class_list":["post-260479","page","type-page","status-publish"],"yoast_head":"<!-- This site is optimized with the Yoast SEO plugin v24.3 - https:\/\/yoast.com\/wordpress\/plugins\/seo\/ -->\n<title>Fiscal\u00eda General de la Naci\u00f3n<\/title>\n<meta name=\"description\" content=\"P\u00e1gina oficial de la Fiscal\u00eda General de la Naci\u00f3n \u2013 Colombia. Garantizamos el acceso efectivo a la justicia, la verdad y la reparaci\u00f3n de las v\u00edctimas de los delitos.\" \/>\n<meta name=\"robots\" content=\"index, follow, max-snippet:-1, max-image-preview:large, max-video-preview:-1\" \/>\n<link rel=\"canonical\" href=\"https:\/\/www.fiscalia.gov.co\/colombia\/guia-de-buenas-practicas-para-la-investigacion-y-judicializacion-de-violencias-fundadas-en-la-orientacion-sexual-y-o-identidad-de-genero-real-o-percibida-de-la-victima\/\" \/>\n<meta property=\"og:locale\" content=\"es_ES\" \/>\n<meta property=\"og:type\" content=\"article\" \/>\n<meta property=\"og:title\" content=\"Fiscal\u00eda General de la Naci\u00f3n\" \/>\n<meta property=\"og:description\" content=\"P\u00e1gina oficial de la Fiscal\u00eda General de la Naci\u00f3n \u2013 Colombia. Garantizamos el acceso efectivo a la justicia, la verdad y la reparaci\u00f3n de las v\u00edctimas de los delitos.\" \/>\n<meta property=\"og:url\" content=\"https:\/\/www.fiscalia.gov.co\/colombia\/guia-de-buenas-practicas-para-la-investigacion-y-judicializacion-de-violencias-fundadas-en-la-orientacion-sexual-y-o-identidad-de-genero-real-o-percibida-de-la-victima\/\" \/>\n<meta property=\"og:site_name\" content=\"Fiscal\u00eda General de la Naci\u00f3n\" \/>\n<meta property=\"article:publisher\" content=\"https:\/\/www.facebook.com\/FiscaliaCol\" \/>\n<meta property=\"article:modified_time\" content=\"2025-08-12T15:14:03+00:00\" \/>\n<meta name=\"twitter:card\" content=\"summary_large_image\" \/>\n<meta name=\"twitter:site\" content=\"@FiscaliaCol\" \/>\n<meta name=\"twitter:label1\" content=\"Tiempo de lectura\" \/>\n\t<meta name=\"twitter:data1\" content=\"4 minutos\" \/>\n<script type=\"application\/ld+json\" class=\"yoast-schema-graph\">{\"@context\":\"https:\/\/schema.org\",\"@graph\":[{\"@type\":\"WebPage\",\"@id\":\"https:\/\/www.fiscalia.gov.co\/colombia\/guia-de-buenas-practicas-para-la-investigacion-y-judicializacion-de-violencias-fundadas-en-la-orientacion-sexual-y-o-identidad-de-genero-real-o-percibida-de-la-victima\/\",\"url\":\"https:\/\/www.fiscalia.gov.co\/colombia\/guia-de-buenas-practicas-para-la-investigacion-y-judicializacion-de-violencias-fundadas-en-la-orientacion-sexual-y-o-identidad-de-genero-real-o-percibida-de-la-victima\/\",\"name\":\"Fiscal\u00eda General de la Naci\u00f3n\",\"isPartOf\":{\"@id\":\"https:\/\/www.fiscalia.gov.co\/colombia\/#website\"},\"datePublished\":\"2022-11-04T16:52:57+00:00\",\"dateModified\":\"2025-08-12T15:14:03+00:00\",\"description\":\"P\u00e1gina oficial de la Fiscal\u00eda General de la Naci\u00f3n \u2013 Colombia. Garantizamos el acceso efectivo a la justicia, la verdad y la reparaci\u00f3n de las v\u00edctimas de los delitos.\",\"breadcrumb\":{\"@id\":\"https:\/\/www.fiscalia.gov.co\/colombia\/guia-de-buenas-practicas-para-la-investigacion-y-judicializacion-de-violencias-fundadas-en-la-orientacion-sexual-y-o-identidad-de-genero-real-o-percibida-de-la-victima\/#breadcrumb\"},\"inLanguage\":\"es-CO\",\"potentialAction\":[{\"@type\":\"ReadAction\",\"target\":[\"https:\/\/www.fiscalia.gov.co\/colombia\/guia-de-buenas-practicas-para-la-investigacion-y-judicializacion-de-violencias-fundadas-en-la-orientacion-sexual-y-o-identidad-de-genero-real-o-percibida-de-la-victima\/\"]}]},{\"@type\":\"BreadcrumbList\",\"@id\":\"https:\/\/www.fiscalia.gov.co\/colombia\/guia-de-buenas-practicas-para-la-investigacion-y-judicializacion-de-violencias-fundadas-en-la-orientacion-sexual-y-o-identidad-de-genero-real-o-percibida-de-la-victima\/#breadcrumb\",\"itemListElement\":[{\"@type\":\"ListItem\",\"position\":1,\"name\":\"Home\",\"item\":\"https:\/\/www.fiscalia.gov.co\/colombia\/\"},{\"@type\":\"ListItem\",\"position\":2,\"name\":\"Gu\u00eda de buenas pr\u00e1cticas para la investigaci\u00f3n y judicializaci\u00f3n de violencias fundadas en la orientaci\u00f3n sexual y\/o identidad de g\u00e9nero (real o percibida) de la v\u00edctima\"}]},{\"@type\":\"WebSite\",\"@id\":\"https:\/\/www.fiscalia.gov.co\/colombia\/#website\",\"url\":\"https:\/\/www.fiscalia.gov.co\/colombia\/\",\"name\":\"Fiscal\u00eda General de la Naci\u00f3n\",\"description\":\"P\u00e1gina oficial de la Fiscal\u00eda General de la Naci\u00f3n \u2013 Colombia. Garantizamos el acceso efectivo a la justicia, la verdad y la reparaci\u00f3n de las v\u00edctimas de los delitos.\",\"publisher\":{\"@id\":\"https:\/\/www.fiscalia.gov.co\/colombia\/#organization\"},\"potentialAction\":[{\"@type\":\"SearchAction\",\"target\":{\"@type\":\"EntryPoint\",\"urlTemplate\":\"https:\/\/www.fiscalia.gov.co\/colombia\/?s={search_term_string}\"},\"query-input\":{\"@type\":\"PropertyValueSpecification\",\"valueRequired\":true,\"valueName\":\"search_term_string\"}}],\"inLanguage\":\"es-CO\"},{\"@type\":\"Organization\",\"@id\":\"https:\/\/www.fiscalia.gov.co\/colombia\/#organization\",\"name\":\"Fiscal\u00eda General de la Naci\u00f3n\",\"url\":\"https:\/\/www.fiscalia.gov.co\/colombia\/\",\"logo\":{\"@type\":\"ImageObject\",\"inLanguage\":\"es-CO\",\"@id\":\"https:\/\/www.fiscalia.gov.co\/colombia\/#\/schema\/logo\/image\/\",\"url\":\"https:\/\/www.fiscalia.gov.co\/colombia\/wp-content\/uploads\/LogoHorizontal_1.jpg\",\"contentUrl\":\"https:\/\/www.fiscalia.gov.co\/colombia\/wp-content\/uploads\/LogoHorizontal_1.jpg\",\"width\":300,\"height\":90,\"caption\":\"Fiscal\u00eda General de la Naci\u00f3n\"},\"image\":{\"@id\":\"https:\/\/www.fiscalia.gov.co\/colombia\/#\/schema\/logo\/image\/\"},\"sameAs\":[\"https:\/\/www.facebook.com\/FiscaliaCol\",\"https:\/\/x.com\/FiscaliaCol\",\"https:\/\/www.instagram.com\/fiscaliacol\",\"https:\/\/www.linkedin.com\/company\/fiscalia-general-de-la-naci-n\/\",\"https:\/\/youtube.com\/@fiscaliageneraldelanacion-4668?si=6nN79nyQICPU5iTh\"]}]}<\/script>\n<!-- \/ Yoast SEO plugin. -->","yoast_head_json":{"title":"Fiscal\u00eda General de la Naci\u00f3n","description":"P\u00e1gina oficial de la Fiscal\u00eda General de la Naci\u00f3n \u2013 Colombia. Garantizamos el acceso efectivo a la justicia, la verdad y la reparaci\u00f3n de las v\u00edctimas de los delitos.","robots":{"index":"index","follow":"follow","max-snippet":"max-snippet:-1","max-image-preview":"max-image-preview:large","max-video-preview":"max-video-preview:-1"},"canonical":"https:\/\/www.fiscalia.gov.co\/colombia\/guia-de-buenas-practicas-para-la-investigacion-y-judicializacion-de-violencias-fundadas-en-la-orientacion-sexual-y-o-identidad-de-genero-real-o-percibida-de-la-victima\/","og_locale":"es_ES","og_type":"article","og_title":"Fiscal\u00eda General de la Naci\u00f3n","og_description":"P\u00e1gina oficial de la Fiscal\u00eda General de la Naci\u00f3n \u2013 Colombia. Garantizamos el acceso efectivo a la justicia, la verdad y la reparaci\u00f3n de las v\u00edctimas de los delitos.","og_url":"https:\/\/www.fiscalia.gov.co\/colombia\/guia-de-buenas-practicas-para-la-investigacion-y-judicializacion-de-violencias-fundadas-en-la-orientacion-sexual-y-o-identidad-de-genero-real-o-percibida-de-la-victima\/","og_site_name":"Fiscal\u00eda General de la Naci\u00f3n","article_publisher":"https:\/\/www.facebook.com\/FiscaliaCol","article_modified_time":"2025-08-12T15:14:03+00:00","twitter_card":"summary_large_image","twitter_site":"@FiscaliaCol","twitter_misc":{"Tiempo de lectura":"4 minutos"},"schema":{"@context":"https:\/\/schema.org","@graph":[{"@type":"WebPage","@id":"https:\/\/www.fiscalia.gov.co\/colombia\/guia-de-buenas-practicas-para-la-investigacion-y-judicializacion-de-violencias-fundadas-en-la-orientacion-sexual-y-o-identidad-de-genero-real-o-percibida-de-la-victima\/","url":"https:\/\/www.fiscalia.gov.co\/colombia\/guia-de-buenas-practicas-para-la-investigacion-y-judicializacion-de-violencias-fundadas-en-la-orientacion-sexual-y-o-identidad-de-genero-real-o-percibida-de-la-victima\/","name":"Fiscal\u00eda General de la Naci\u00f3n","isPartOf":{"@id":"https:\/\/www.fiscalia.gov.co\/colombia\/#website"},"datePublished":"2022-11-04T16:52:57+00:00","dateModified":"2025-08-12T15:14:03+00:00","description":"P\u00e1gina oficial de la Fiscal\u00eda General de la Naci\u00f3n \u2013 Colombia. Garantizamos el acceso efectivo a la justicia, la verdad y la reparaci\u00f3n de las v\u00edctimas de los delitos.","breadcrumb":{"@id":"https:\/\/www.fiscalia.gov.co\/colombia\/guia-de-buenas-practicas-para-la-investigacion-y-judicializacion-de-violencias-fundadas-en-la-orientacion-sexual-y-o-identidad-de-genero-real-o-percibida-de-la-victima\/#breadcrumb"},"inLanguage":"es-CO","potentialAction":[{"@type":"ReadAction","target":["https:\/\/www.fiscalia.gov.co\/colombia\/guia-de-buenas-practicas-para-la-investigacion-y-judicializacion-de-violencias-fundadas-en-la-orientacion-sexual-y-o-identidad-de-genero-real-o-percibida-de-la-victima\/"]}]},{"@type":"BreadcrumbList","@id":"https:\/\/www.fiscalia.gov.co\/colombia\/guia-de-buenas-practicas-para-la-investigacion-y-judicializacion-de-violencias-fundadas-en-la-orientacion-sexual-y-o-identidad-de-genero-real-o-percibida-de-la-victima\/#breadcrumb","itemListElement":[{"@type":"ListItem","position":1,"name":"Home","item":"https:\/\/www.fiscalia.gov.co\/colombia\/"},{"@type":"ListItem","position":2,"name":"Gu\u00eda de buenas pr\u00e1cticas para la investigaci\u00f3n y judicializaci\u00f3n de violencias fundadas en la orientaci\u00f3n sexual y\/o identidad de g\u00e9nero (real o percibida) de la v\u00edctima"}]},{"@type":"WebSite","@id":"https:\/\/www.fiscalia.gov.co\/colombia\/#website","url":"https:\/\/www.fiscalia.gov.co\/colombia\/","name":"Fiscal\u00eda General de la Naci\u00f3n","description":"P\u00e1gina oficial de la Fiscal\u00eda General de la Naci\u00f3n \u2013 Colombia. Garantizamos el acceso efectivo a la justicia, la verdad y la reparaci\u00f3n de las v\u00edctimas de los delitos.","publisher":{"@id":"https:\/\/www.fiscalia.gov.co\/colombia\/#organization"},"potentialAction":[{"@type":"SearchAction","target":{"@type":"EntryPoint","urlTemplate":"https:\/\/www.fiscalia.gov.co\/colombia\/?s={search_term_string}"},"query-input":{"@type":"PropertyValueSpecification","valueRequired":true,"valueName":"search_term_string"}}],"inLanguage":"es-CO"},{"@type":"Organization","@id":"https:\/\/www.fiscalia.gov.co\/colombia\/#organization","name":"Fiscal\u00eda General de la Naci\u00f3n","url":"https:\/\/www.fiscalia.gov.co\/colombia\/","logo":{"@type":"ImageObject","inLanguage":"es-CO","@id":"https:\/\/www.fiscalia.gov.co\/colombia\/#\/schema\/logo\/image\/","url":"https:\/\/www.fiscalia.gov.co\/colombia\/wp-content\/uploads\/LogoHorizontal_1.jpg","contentUrl":"https:\/\/www.fiscalia.gov.co\/colombia\/wp-content\/uploads\/LogoHorizontal_1.jpg","width":300,"height":90,"caption":"Fiscal\u00eda General de la Naci\u00f3n"},"image":{"@id":"https:\/\/www.fiscalia.gov.co\/colombia\/#\/schema\/logo\/image\/"},"sameAs":["https:\/\/www.facebook.com\/FiscaliaCol","https:\/\/x.com\/FiscaliaCol","https:\/\/www.instagram.com\/fiscaliacol","https:\/\/www.linkedin.com\/company\/fiscalia-general-de-la-naci-n\/","https:\/\/youtube.com\/@fiscaliageneraldelanacion-4668?si=6nN79nyQICPU5iTh"]}]}},"ticketed":false,"_links":{"self":[{"href":"https:\/\/www.fiscalia.gov.co\/colombia\/wp-json\/wp\/v2\/pages\/260479","targetHints":{"allow":["GET"]}}],"collection":[{"href":"https:\/\/www.fiscalia.gov.co\/colombia\/wp-json\/wp\/v2\/pages"}],"about":[{"href":"https:\/\/www.fiscalia.gov.co\/colombia\/wp-json\/wp\/v2\/types\/page"}],"author":[{"embeddable":true,"href":"https:\/\/www.fiscalia.gov.co\/colombia\/wp-json\/wp\/v2\/users\/175"}],"replies":[{"embeddable":true,"href":"https:\/\/www.fiscalia.gov.co\/colombia\/wp-json\/wp\/v2\/comments?post=260479"}],"version-history":[{"count":8,"href":"https:\/\/www.fiscalia.gov.co\/colombia\/wp-json\/wp\/v2\/pages\/260479\/revisions"}],"predecessor-version":[{"id":321296,"href":"https:\/\/www.fiscalia.gov.co\/colombia\/wp-json\/wp\/v2\/pages\/260479\/revisions\/321296"}],"wp:attachment":[{"href":"https:\/\/www.fiscalia.gov.co\/colombia\/wp-json\/wp\/v2\/media?parent=260479"}],"curies":[{"name":"wp","href":"https:\/\/api.w.org\/{rel}","templated":true}]}}