{"id":211601,"date":"2021-01-26T15:21:39","date_gmt":"2021-01-26T20:21:39","guid":{"rendered":"https:\/\/www.fiscalia.gov.co\/colombia\/?page_id=211601"},"modified":"2026-02-11T10:21:55","modified_gmt":"2026-02-11T15:21:55","slug":"compulsas-de-copias","status":"publish","type":"page","link":"https:\/\/www.fiscalia.gov.co\/colombia\/justicia-transicional-2\/compulsas-de-copias\/","title":{"rendered":"Compulsas de copias"},"content":{"rendered":"<table width=\"478\">\n<tbody>\n<tr>\n<td style=\"text-align: center;\" width=\"80\"><strong>Estado No.<\/strong><\/td>\n<td style=\"text-align: center;\" width=\"137\"><strong>Fecha de publicaci\u00f3n<\/strong><\/td>\n<td style=\"text-align: center;\" width=\"261\"><strong>Sindicado<\/strong><\/td>\n<\/tr>\n<tr>\n<td style=\"text-align: left;\">26<\/td>\n<td style=\"text-align: left;\"><span data-olk-copy-source=\"MessageBody\">11-02-2026<\/span><\/td>\n<td style=\"text-align: left;\"><a href=\"https:\/\/www.fiscalia.gov.co\/colombia\/wp-content\/uploads\/2026-compulsas-26-1.pdf\" target=\"_blank\" rel=\"noopener\"><span data-olk-copy-source=\"MessageBody\">Dario Alberto Laino Escopetta<\/span><\/a><\/td>\n<\/tr>\n<tr>\n<td style=\"text-align: left;\">25<\/td>\n<td style=\"text-align: left;\">15-01<span data-olk-copy-source=\"MessageBody\">-2026<\/span><\/td>\n<td style=\"text-align: left;\"><a href=\"https:\/\/www.fiscalia.gov.co\/colombia\/wp-content\/uploads\/2026-compulsas-25.pdf\" target=\"_blank\" rel=\"noopener\"><span data-olk-copy-source=\"MessageBody\">Dario Alberto Laino Escopetta<\/span><\/a><\/td>\n<\/tr>\n<tr>\n<td style=\"text-align: left;\">24<\/td>\n<td style=\"text-align: left;\">09-12<span data-olk-copy-source=\"MessageBody\">-2025<\/span><\/td>\n<td style=\"text-align: left;\"><a href=\"https:\/\/www.fiscalia.gov.co\/colombia\/wp-content\/uploads\/2025-compulsas-24.pdf\" target=\"_blank\" rel=\"noopener\"><span data-olk-copy-source=\"MessageBody\">Franklin de Jes\u00fas Calle Mu\u00f1oz<\/span><\/a><\/td>\n<\/tr>\n<tr>\n<td style=\"text-align: left;\">23<\/td>\n<td style=\"text-align: left;\">26-11<span data-olk-copy-source=\"MessageBody\">-2025<\/span><\/td>\n<td style=\"text-align: left;\"><a href=\"https:\/\/www.fiscalia.gov.co\/colombia\/wp-content\/uploads\/ESTADO-023-26-112025.pdf\" target=\"_blank\" rel=\"noopener\"><span data-olk-copy-source=\"MessageBody\">Dario Alberto Laino Escopetta<\/span><\/a><\/td>\n<\/tr>\n<tr>\n<td style=\"text-align: left;\">22<\/td>\n<td style=\"text-align: left;\">18-11<span data-olk-copy-source=\"MessageBody\">-2025<\/span><\/td>\n<td style=\"text-align: left;\"><a href=\"https:\/\/www.fiscalia.gov.co\/colombia\/wp-content\/uploads\/2025-compulsas-22.pdf\" target=\"_blank\" rel=\"noopener\"><span data-olk-copy-source=\"MessageBody\">Juan Guillermo Gonz\u00e1lez Moreno y otros<\/span><\/a><\/td>\n<\/tr>\n<tr>\n<td style=\"text-align: left;\">21<\/td>\n<td style=\"text-align: left;\">12-11<span data-olk-copy-source=\"MessageBody\">-2025<\/span><\/td>\n<td style=\"text-align: left;\"><a href=\"https:\/\/www.fiscalia.gov.co\/colombia\/wp-content\/uploads\/2025-compulsas-21.pdf\" target=\"_blank\" rel=\"noopener\"><span data-olk-copy-source=\"MessageBody\">Gracielina Noriega Redondo y otros<\/span><\/a><\/td>\n<\/tr>\n<tr>\n<td style=\"text-align: left;\">20<\/td>\n<td style=\"text-align: left;\">22-10<span data-olk-copy-source=\"MessageBody\">-2025<\/span><\/td>\n<td style=\"text-align: left;\"><a href=\"https:\/\/www.fiscalia.gov.co\/colombia\/wp-content\/uploads\/2025-compulsas-20.pdf\" target=\"_blank\" rel=\"noopener\"><span data-olk-copy-source=\"MessageBody\">Dairo Alberto Laino Escopetta<\/span><\/a><\/td>\n<\/tr>\n<tr>\n<td style=\"text-align: left;\">19<\/td>\n<td style=\"text-align: left;\">20-10<span data-olk-copy-source=\"MessageBody\">-2025<\/span><\/td>\n<td style=\"text-align: left;\"><a href=\"https:\/\/www.fiscalia.gov.co\/colombia\/wp-content\/uploads\/2025-compulsas-19.pdf\" target=\"_blank\" rel=\"noopener\"><span data-olk-copy-source=\"MessageBody\">Gracielina Noriega Redondo y otros<\/span><\/a><\/td>\n<\/tr>\n<tr>\n<td style=\"text-align: left;\">18<\/td>\n<td style=\"text-align: left;\">15-10<span data-olk-copy-source=\"MessageBody\">-2025<\/span><\/td>\n<td style=\"text-align: left;\"><a href=\"https:\/\/www.fiscalia.gov.co\/colombia\/wp-content\/uploads\/2025-compulsas-18.pdf\" target=\"_blank\" rel=\"noopener\"><span data-olk-copy-source=\"MessageBody\">Julio Cesar Bautista Chavez<\/span><\/a><\/td>\n<\/tr>\n<tr>\n<td>17<\/td>\n<td><span data-olk-copy-source=\"MessageBody\">26-09-2025<\/span><\/td>\n<td><a href=\"https:\/\/www.fiscalia.gov.co\/colombia\/wp-content\/uploads\/2025-compulsas-17.pdf\" target=\"_blank\" rel=\"noopener\"><span data-olk-copy-source=\"MessageBody\">Jos\u00e9 F\u00e9lix Sierra Gonz\u00e1lez y otro<\/span><\/a><\/td>\n<\/tr>\n<tr>\n<td>16<\/td>\n<td>23-09-2025<\/td>\n<td><a href=\"https:\/\/www.fiscalia.gov.co\/colombia\/wp-content\/uploads\/2025-compulsas-16.pdf\" target=\"_blank\" rel=\"noopener\"><span data-olk-copy-source=\"MessageBody\">Carlos Mario Aguilar Echeverri<\/span><\/a><\/td>\n<\/tr>\n<tr>\n<td>15<\/td>\n<td>21-08-2025<\/td>\n<td><a href=\"https:\/\/www.fiscalia.gov.co\/colombia\/wp-content\/uploads\/2025-compulsas-15.pdf\" target=\"_blank\" rel=\"noopener\"><span data-olk-copy-source=\"MessageBody\">An\u00edbal Antonio Ortiz Naranjo<\/span><\/a><\/td>\n<\/tr>\n<tr>\n<td>14<\/td>\n<td>20-08-2025<\/td>\n<td><a href=\"https:\/\/www.fiscalia.gov.co\/colombia\/wp-content\/uploads\/2025-compulsas-14.pdf\" target=\"_blank\" rel=\"noopener\"><span data-olk-copy-source=\"MessageBody\">Pedro El\u00edas Rodr\u00edguez Bejarano<\/span><\/a><\/td>\n<\/tr>\n<tr>\n<td>13<\/td>\n<td>08-08-2025<\/td>\n<td><a href=\"https:\/\/www.fiscalia.gov.co\/colombia\/wp-content\/uploads\/2025-compulsas-13-1.pdf\" target=\"_blank\" rel=\"noopener\"><span data-olk-copy-source=\"MessageBody\">Miguel Uriel Hern\u00e1ndez Chavarro y otros<\/span><\/a><\/td>\n<\/tr>\n<tr>\n<td>12<\/td>\n<td>22-07-2025<\/td>\n<td><a href=\"https:\/\/www.fiscalia.gov.co\/colombia\/wp-content\/uploads\/2025-compulsas-12.pdf\" target=\"_blank\" rel=\"noopener\"><span data-olk-copy-source=\"MessageBody\"> Sonia Mar\u00eda S\u00e1nchez Rueda y otros<\/span><\/a><\/td>\n<\/tr>\n<tr>\n<td>11<\/td>\n<td>11-07-2025<\/td>\n<td><a href=\"https:\/\/www.fiscalia.gov.co\/colombia\/wp-content\/uploads\/2025-compulsas-11.pdf\" target=\"_blank\" rel=\"noopener\"><span data-olk-copy-source=\"MessageBody\">William D\u00edaz Gallego y otros<\/span><\/a><\/td>\n<\/tr>\n<tr>\n<td>10<\/td>\n<td>08-07-2025<\/td>\n<td><a href=\"https:\/\/www.fiscalia.gov.co\/colombia\/wp-content\/uploads\/2025-compulsas-10.pdf\" target=\"_blank\" rel=\"noopener\"><span data-olk-copy-source=\"MessageBody\">Dar\u00edo Alberto Laino Escopetta<\/span><\/a><\/td>\n<\/tr>\n<tr>\n<td>09<\/td>\n<td>17-06-2025<\/td>\n<td><a href=\"https:\/\/www.fiscalia.gov.co\/colombia\/wp-content\/uploads\/2025-compulsas-09.pdf\" target=\"_blank\" rel=\"noopener\">Miguel Uriel Hern\u00e1ndez Chavarro y otro<\/a><\/td>\n<\/tr>\n<tr>\n<td>08<\/td>\n<td>11-06-2025<\/td>\n<td><a href=\"https:\/\/www.fiscalia.gov.co\/colombia\/wp-content\/uploads\/2025-compulsas-08-3.pdf\" target=\"_blank\" rel=\"noopener\">Dalia Ximena D\u00edaz L\u00f3pez<\/a><\/td>\n<\/tr>\n<tr>\n<td>07<\/td>\n<td>07-05-2025<\/td>\n<td><a href=\"https:\/\/www.fiscalia.gov.co\/colombia\/wp-content\/uploads\/2025-compulsas-07-2.pdf\" target=\"_blank\" rel=\"noopener\">William D\u00edaz Gallego y otros<\/a><\/td>\n<\/tr>\n<tr>\n<td>06<\/td>\n<td>02-05-2025<\/td>\n<td><a href=\"https:\/\/www.fiscalia.gov.co\/colombia\/wp-content\/uploads\/2025-compulsas-06.pdf\" target=\"_blank\" rel=\"noopener\">Elias Jorge Jamza V\u00e1squez y otros<\/a><\/td>\n<\/tr>\n<tr>\n<td>05<\/td>\n<td>22-04-2025<\/td>\n<td><a href=\"https:\/\/www.fiscalia.gov.co\/colombia\/wp-content\/uploads\/2025-compulsas-05.pdf\" target=\"_blank\" rel=\"noopener\">Dairo Alberto Laino Escopetta<\/a><\/td>\n<\/tr>\n<tr>\n<td>04<\/td>\n<td>28-02-2025<\/td>\n<td><a href=\"https:\/\/www.fiscalia.gov.co\/colombia\/wp-content\/uploads\/2025-compulsas-04.pdf\" target=\"_blank\" rel=\"noopener\">Luis Fernando Orrego Pulgar\u00edn<\/a><\/td>\n<\/tr>\n<tr>\n<td>03<\/td>\n<td>13-02-2025<\/td>\n<td><a href=\"https:\/\/www.fiscalia.gov.co\/colombia\/wp-content\/uploads\/2025-compulsas-03.pdf\" target=\"_blank\" rel=\"noopener\">V\u00edctor Manuel Valencia Serna<\/a><\/td>\n<\/tr>\n<tr>\n<td>02<\/td>\n<td>05-02-2025<\/td>\n<td><a href=\"https:\/\/www.fiscalia.gov.co\/colombia\/wp-content\/uploads\/2025-compulsas-02.pdf\" target=\"_blank\" rel=\"noopener\">Por determinar<\/a><\/td>\n<\/tr>\n<tr>\n<td>01<\/td>\n<td>\n<div>21-01-2025<\/div>\n<\/td>\n<td><a href=\"https:\/\/www.fiscalia.gov.co\/colombia\/wp-content\/uploads\/2025-compulsas-01.pdf\" target=\"_blank\" rel=\"noopener\">Silvio Emiliano Garc\u00e9s Mosquera<\/a><\/td>\n<\/tr>\n<\/tbody>\n<\/table>\n<p>&nbsp;<\/p>\n\n<div class=\"twitter-share\"><a href=\"https:\/\/twitter.com\/intent\/tweet?via=fiscaliacol\" class=\"twitter-share-button\">Tweet<\/a><\/div>\n","protected":false},"excerpt":{"rendered":"<p>Estado No. Fecha de publicaci\u00f3n Sindicado 26 11-02-2026 Dario Alberto Laino Escopetta 25 15-01-2026 Dario Alberto Laino Escopetta 24 09-12-2025 Franklin de Jes\u00fas Calle Mu\u00f1oz 23 26-11-2025 Dario Alberto Laino Escopetta 22 18-11-2025 Juan Guillermo Gonz\u00e1lez Moreno y otros 21 12-11-2025 Gracielina Noriega Redondo y otros 20 22-10-2025 Dairo Alberto Laino Escopetta 19 20-10-2025 Gracielina [&hellip;]<\/p>\n","protected":false},"author":162,"featured_media":0,"parent":104010,"menu_order":0,"comment_status":"closed","ping_status":"closed","template":"","meta":{"_price":"","_stock":"","_tribe_ticket_header":"","_tribe_default_ticket_provider":"","_tribe_ticket_capacity":"0","_ticket_start_date":"","_ticket_end_date":"","_tribe_ticket_show_description":"","_tribe_ticket_show_not_going":false,"_tribe_ticket_use_global_stock":"","_tribe_ticket_global_stock_level":"","_global_stock_mode":"","_global_stock_cap":"","_tribe_rsvp_for_event":"","_tribe_ticket_going_count":"","_tribe_ticket_not_going_count":"","_tribe_tickets_list":"[]","_tribe_ticket_has_attendee_info_fields":false,"tdm_status":"","tdm_grid_status":"","footnotes":"","_tec_slr_enabled":"","_tec_slr_layout":""},"class_list":["post-211601","page","type-page","status-publish"],"yoast_head":"<!-- This site is optimized with the Yoast SEO plugin v24.3 - https:\/\/yoast.com\/wordpress\/plugins\/seo\/ -->\n<title>Fiscal\u00eda General de la Naci\u00f3n<\/title>\n<meta name=\"description\" content=\"P\u00e1gina oficial de la Fiscal\u00eda General de la Naci\u00f3n \u2013 Colombia. Garantizamos el acceso efectivo a la justicia, la verdad y la reparaci\u00f3n de las v\u00edctimas de los delitos.\" \/>\n<meta name=\"robots\" content=\"index, follow, max-snippet:-1, max-image-preview:large, max-video-preview:-1\" \/>\n<link rel=\"canonical\" href=\"https:\/\/www.fiscalia.gov.co\/colombia\/justicia-transicional-2\/compulsas-de-copias\/\" \/>\n<meta property=\"og:locale\" content=\"es_ES\" \/>\n<meta property=\"og:type\" content=\"article\" \/>\n<meta property=\"og:title\" content=\"Fiscal\u00eda General de la Naci\u00f3n\" \/>\n<meta property=\"og:description\" content=\"P\u00e1gina oficial de la Fiscal\u00eda General de la Naci\u00f3n \u2013 Colombia. Garantizamos el acceso efectivo a la justicia, la verdad y la reparaci\u00f3n de las v\u00edctimas de los delitos.\" \/>\n<meta property=\"og:url\" content=\"https:\/\/www.fiscalia.gov.co\/colombia\/justicia-transicional-2\/compulsas-de-copias\/\" \/>\n<meta property=\"og:site_name\" content=\"Fiscal\u00eda General de la Naci\u00f3n\" \/>\n<meta property=\"article:publisher\" content=\"https:\/\/www.facebook.com\/FiscaliaCol\" \/>\n<meta property=\"article:modified_time\" content=\"2026-02-11T15:21:55+00:00\" \/>\n<meta name=\"twitter:card\" content=\"summary_large_image\" \/>\n<meta name=\"twitter:site\" content=\"@FiscaliaCol\" \/>\n<meta name=\"twitter:label1\" content=\"Tiempo de lectura\" \/>\n\t<meta name=\"twitter:data1\" content=\"1 minuto\" \/>\n<script type=\"application\/ld+json\" class=\"yoast-schema-graph\">{\"@context\":\"https:\/\/schema.org\",\"@graph\":[{\"@type\":\"WebPage\",\"@id\":\"https:\/\/www.fiscalia.gov.co\/colombia\/justicia-transicional-2\/compulsas-de-copias\/\",\"url\":\"https:\/\/www.fiscalia.gov.co\/colombia\/justicia-transicional-2\/compulsas-de-copias\/\",\"name\":\"Fiscal\u00eda General de la Naci\u00f3n\",\"isPartOf\":{\"@id\":\"https:\/\/www.fiscalia.gov.co\/colombia\/#website\"},\"datePublished\":\"2021-01-26T20:21:39+00:00\",\"dateModified\":\"2026-02-11T15:21:55+00:00\",\"description\":\"P\u00e1gina oficial de la Fiscal\u00eda General de la Naci\u00f3n \u2013 Colombia. Garantizamos el acceso efectivo a la justicia, la verdad y la reparaci\u00f3n de las v\u00edctimas de los delitos.\",\"breadcrumb\":{\"@id\":\"https:\/\/www.fiscalia.gov.co\/colombia\/justicia-transicional-2\/compulsas-de-copias\/#breadcrumb\"},\"inLanguage\":\"es-CO\",\"potentialAction\":[{\"@type\":\"ReadAction\",\"target\":[\"https:\/\/www.fiscalia.gov.co\/colombia\/justicia-transicional-2\/compulsas-de-copias\/\"]}]},{\"@type\":\"BreadcrumbList\",\"@id\":\"https:\/\/www.fiscalia.gov.co\/colombia\/justicia-transicional-2\/compulsas-de-copias\/#breadcrumb\",\"itemListElement\":[{\"@type\":\"ListItem\",\"position\":1,\"name\":\"Home\",\"item\":\"https:\/\/www.fiscalia.gov.co\/colombia\/\"},{\"@type\":\"ListItem\",\"position\":2,\"name\":\"Justicia Transicional\",\"item\":\"https:\/\/www.fiscalia.gov.co\/colombia\/justicia-transicional-2\/\"},{\"@type\":\"ListItem\",\"position\":3,\"name\":\"Compulsas de copias\"}]},{\"@type\":\"WebSite\",\"@id\":\"https:\/\/www.fiscalia.gov.co\/colombia\/#website\",\"url\":\"https:\/\/www.fiscalia.gov.co\/colombia\/\",\"name\":\"Fiscal\u00eda General de la Naci\u00f3n\",\"description\":\"P\u00e1gina oficial de la Fiscal\u00eda General de la Naci\u00f3n \u2013 Colombia. Garantizamos el acceso efectivo a la justicia, la verdad y la reparaci\u00f3n de las v\u00edctimas de los delitos.\",\"publisher\":{\"@id\":\"https:\/\/www.fiscalia.gov.co\/colombia\/#organization\"},\"potentialAction\":[{\"@type\":\"SearchAction\",\"target\":{\"@type\":\"EntryPoint\",\"urlTemplate\":\"https:\/\/www.fiscalia.gov.co\/colombia\/?s={search_term_string}\"},\"query-input\":{\"@type\":\"PropertyValueSpecification\",\"valueRequired\":true,\"valueName\":\"search_term_string\"}}],\"inLanguage\":\"es-CO\"},{\"@type\":\"Organization\",\"@id\":\"https:\/\/www.fiscalia.gov.co\/colombia\/#organization\",\"name\":\"Fiscal\u00eda General de la Naci\u00f3n\",\"url\":\"https:\/\/www.fiscalia.gov.co\/colombia\/\",\"logo\":{\"@type\":\"ImageObject\",\"inLanguage\":\"es-CO\",\"@id\":\"https:\/\/www.fiscalia.gov.co\/colombia\/#\/schema\/logo\/image\/\",\"url\":\"https:\/\/www.fiscalia.gov.co\/colombia\/wp-content\/uploads\/LogoHorizontal_1.jpg\",\"contentUrl\":\"https:\/\/www.fiscalia.gov.co\/colombia\/wp-content\/uploads\/LogoHorizontal_1.jpg\",\"width\":300,\"height\":90,\"caption\":\"Fiscal\u00eda General de la Naci\u00f3n\"},\"image\":{\"@id\":\"https:\/\/www.fiscalia.gov.co\/colombia\/#\/schema\/logo\/image\/\"},\"sameAs\":[\"https:\/\/www.facebook.com\/FiscaliaCol\",\"https:\/\/x.com\/FiscaliaCol\",\"https:\/\/www.instagram.com\/fiscaliacol\",\"https:\/\/www.linkedin.com\/company\/fiscalia-general-de-la-naci-n\/\",\"https:\/\/youtube.com\/@fiscaliageneraldelanacion-4668?si=6nN79nyQICPU5iTh\"]}]}<\/script>\n<!-- \/ Yoast SEO plugin. -->","yoast_head_json":{"title":"Fiscal\u00eda General de la Naci\u00f3n","description":"P\u00e1gina oficial de la Fiscal\u00eda General de la Naci\u00f3n \u2013 Colombia. Garantizamos el acceso efectivo a la justicia, la verdad y la reparaci\u00f3n de las v\u00edctimas de los delitos.","robots":{"index":"index","follow":"follow","max-snippet":"max-snippet:-1","max-image-preview":"max-image-preview:large","max-video-preview":"max-video-preview:-1"},"canonical":"https:\/\/www.fiscalia.gov.co\/colombia\/justicia-transicional-2\/compulsas-de-copias\/","og_locale":"es_ES","og_type":"article","og_title":"Fiscal\u00eda General de la Naci\u00f3n","og_description":"P\u00e1gina oficial de la Fiscal\u00eda General de la Naci\u00f3n \u2013 Colombia. Garantizamos el acceso efectivo a la justicia, la verdad y la reparaci\u00f3n de las v\u00edctimas de los delitos.","og_url":"https:\/\/www.fiscalia.gov.co\/colombia\/justicia-transicional-2\/compulsas-de-copias\/","og_site_name":"Fiscal\u00eda General de la Naci\u00f3n","article_publisher":"https:\/\/www.facebook.com\/FiscaliaCol","article_modified_time":"2026-02-11T15:21:55+00:00","twitter_card":"summary_large_image","twitter_site":"@FiscaliaCol","twitter_misc":{"Tiempo de lectura":"1 minuto"},"schema":{"@context":"https:\/\/schema.org","@graph":[{"@type":"WebPage","@id":"https:\/\/www.fiscalia.gov.co\/colombia\/justicia-transicional-2\/compulsas-de-copias\/","url":"https:\/\/www.fiscalia.gov.co\/colombia\/justicia-transicional-2\/compulsas-de-copias\/","name":"Fiscal\u00eda General de la Naci\u00f3n","isPartOf":{"@id":"https:\/\/www.fiscalia.gov.co\/colombia\/#website"},"datePublished":"2021-01-26T20:21:39+00:00","dateModified":"2026-02-11T15:21:55+00:00","description":"P\u00e1gina oficial de la Fiscal\u00eda General de la Naci\u00f3n \u2013 Colombia. Garantizamos el acceso efectivo a la justicia, la verdad y la reparaci\u00f3n de las v\u00edctimas de los delitos.","breadcrumb":{"@id":"https:\/\/www.fiscalia.gov.co\/colombia\/justicia-transicional-2\/compulsas-de-copias\/#breadcrumb"},"inLanguage":"es-CO","potentialAction":[{"@type":"ReadAction","target":["https:\/\/www.fiscalia.gov.co\/colombia\/justicia-transicional-2\/compulsas-de-copias\/"]}]},{"@type":"BreadcrumbList","@id":"https:\/\/www.fiscalia.gov.co\/colombia\/justicia-transicional-2\/compulsas-de-copias\/#breadcrumb","itemListElement":[{"@type":"ListItem","position":1,"name":"Home","item":"https:\/\/www.fiscalia.gov.co\/colombia\/"},{"@type":"ListItem","position":2,"name":"Justicia Transicional","item":"https:\/\/www.fiscalia.gov.co\/colombia\/justicia-transicional-2\/"},{"@type":"ListItem","position":3,"name":"Compulsas de copias"}]},{"@type":"WebSite","@id":"https:\/\/www.fiscalia.gov.co\/colombia\/#website","url":"https:\/\/www.fiscalia.gov.co\/colombia\/","name":"Fiscal\u00eda General de la Naci\u00f3n","description":"P\u00e1gina oficial de la Fiscal\u00eda General de la Naci\u00f3n \u2013 Colombia. Garantizamos el acceso efectivo a la justicia, la verdad y la reparaci\u00f3n de las v\u00edctimas de los delitos.","publisher":{"@id":"https:\/\/www.fiscalia.gov.co\/colombia\/#organization"},"potentialAction":[{"@type":"SearchAction","target":{"@type":"EntryPoint","urlTemplate":"https:\/\/www.fiscalia.gov.co\/colombia\/?s={search_term_string}"},"query-input":{"@type":"PropertyValueSpecification","valueRequired":true,"valueName":"search_term_string"}}],"inLanguage":"es-CO"},{"@type":"Organization","@id":"https:\/\/www.fiscalia.gov.co\/colombia\/#organization","name":"Fiscal\u00eda General de la Naci\u00f3n","url":"https:\/\/www.fiscalia.gov.co\/colombia\/","logo":{"@type":"ImageObject","inLanguage":"es-CO","@id":"https:\/\/www.fiscalia.gov.co\/colombia\/#\/schema\/logo\/image\/","url":"https:\/\/www.fiscalia.gov.co\/colombia\/wp-content\/uploads\/LogoHorizontal_1.jpg","contentUrl":"https:\/\/www.fiscalia.gov.co\/colombia\/wp-content\/uploads\/LogoHorizontal_1.jpg","width":300,"height":90,"caption":"Fiscal\u00eda General de la Naci\u00f3n"},"image":{"@id":"https:\/\/www.fiscalia.gov.co\/colombia\/#\/schema\/logo\/image\/"},"sameAs":["https:\/\/www.facebook.com\/FiscaliaCol","https:\/\/x.com\/FiscaliaCol","https:\/\/www.instagram.com\/fiscaliacol","https:\/\/www.linkedin.com\/company\/fiscalia-general-de-la-naci-n\/","https:\/\/youtube.com\/@fiscaliageneraldelanacion-4668?si=6nN79nyQICPU5iTh"]}]}},"ticketed":false,"_links":{"self":[{"href":"https:\/\/www.fiscalia.gov.co\/colombia\/wp-json\/wp\/v2\/pages\/211601","targetHints":{"allow":["GET"]}}],"collection":[{"href":"https:\/\/www.fiscalia.gov.co\/colombia\/wp-json\/wp\/v2\/pages"}],"about":[{"href":"https:\/\/www.fiscalia.gov.co\/colombia\/wp-json\/wp\/v2\/types\/page"}],"author":[{"embeddable":true,"href":"https:\/\/www.fiscalia.gov.co\/colombia\/wp-json\/wp\/v2\/users\/162"}],"replies":[{"embeddable":true,"href":"https:\/\/www.fiscalia.gov.co\/colombia\/wp-json\/wp\/v2\/comments?post=211601"}],"version-history":[{"count":243,"href":"https:\/\/www.fiscalia.gov.co\/colombia\/wp-json\/wp\/v2\/pages\/211601\/revisions"}],"predecessor-version":[{"id":331066,"href":"https:\/\/www.fiscalia.gov.co\/colombia\/wp-json\/wp\/v2\/pages\/211601\/revisions\/331066"}],"up":[{"embeddable":true,"href":"https:\/\/www.fiscalia.gov.co\/colombia\/wp-json\/wp\/v2\/pages\/104010"}],"wp:attachment":[{"href":"https:\/\/www.fiscalia.gov.co\/colombia\/wp-json\/wp\/v2\/media?parent=211601"}],"curies":[{"name":"wp","href":"https:\/\/api.w.org\/{rel}","templated":true}]}}