{"id":171828,"date":"2018-11-06T10:56:15","date_gmt":"2018-11-06T15:56:15","guid":{"rendered":"https:\/\/www.fiscalia.gov.co\/colombia\/?page_id=171828"},"modified":"2018-11-06T11:18:53","modified_gmt":"2018-11-06T16:18:53","slug":"fondo-especial-para-la-administracion-de-bienes-feab","status":"publish","type":"page","link":"https:\/\/www.fiscalia.gov.co\/colombia\/la-entidad\/fondo-especial-para-la-administracion-de-bienes-feab\/","title":{"rendered":"Fondo especial para la administraci\u00f3n de bienes (FEAB)"},"content":{"rendered":"[vc_custom_heading text=&#8221;Estados Financieros&#8221; use_theme_fonts=&#8221;yes&#8221;]\n[vc_toggle title=&#8221;2018&#8243;]\n<p><a href=\"https:\/\/www.fiscalia.gov.co\/colombia\/wp-content\/uploads\/INFORMACIONFINANCIERAFEABSETP2018.pdf\">Informaci\u00f3n Financiera Septiembre 2018 FEAB<\/a><\/p>\n[\/vc_toggle]\n[vc_custom_heading text=&#8221;Registro P\u00fablico Nacional de Bienes&#8221; use_theme_fonts=&#8221;yes&#8221;]\n<p><a href=\"https:\/\/www.fiscalia.gov.co\/colombia\/wp-content\/uploads\/PUBLICACION-CORTE-31-DE-JULIO.xlsx\" target=\"_blank\" rel=\"noopener\">Ver el Registro P\u00fablico Nacional de Bienes<\/a><\/p>\n[vc_custom_heading text=&#8221;Contrataci\u00f3n&#8221; use_theme_fonts=&#8221;yes&#8221;]\n[vc_toggle title=&#8221;2018&#8243;]\n<ul>\n<li><a href=\"https:\/\/www.fiscalia.gov.co\/colombia\/wp-content\/uploads\/FEAB.pdf\">Resoluci\u00f3n N\u00b0 00000012 del 28 de septiembre de 2018, por medio del cual se adopta el Manual de Contrataci\u00f3n del Fondo Especial para la Administraci\u00f3n de Bienes de la Fiscal\u00eda General de la Naci\u00f3n- FEAB.<\/a>\u00a0&#8211;\u00a0Publicado el 1 de octubre de 2018<\/li>\n<li><a href=\"https:\/\/www.fiscalia.gov.co\/colombia\/wp-content\/uploads\/img20180904_16291242.pdf\">Contrato No. 0003 de 2018 Celebrado entre el Fondo Especial para la Administraci\u00f3n de Bienes \u2013 FEAB y el se\u00f1or Adelmo Jim\u00e9nez Rojas<\/a> &#8211; Publicado el 4 de agosto de 2018<\/li>\n<li><a href=\"https:\/\/www.fiscalia.gov.co\/colombia\/wp-content\/uploads\/Contrato-No-0002-de-2018.pdf\" target=\"_blank\" rel=\"noopener\">Contrato No. 0002 de 2018 Celebrado entre el Fondo Especial para la Administraci\u00f3n de Bienes \u2013 FEAB y la se\u00f1ora Bertha Molina<\/a> &#8211; Publicado el 08 de agosto de 2018<\/li>\n<li><a href=\"https:\/\/www.fiscalia.gov.co\/colombia\/wp-content\/uploads\/001-3-files-merged.pdf\">Resoluci\u00f3n 000366 donde se ordena la apertura del procedimiento de declaratoria de abandono de bienes puestos a disposici\u00f3n del Fondo Especial para la Administraci\u00f3n de Bienes de la Fiscal\u00eda General de la Naci\u00f3n.<\/a>\u00a0&#8211; Publicado el 25 de enero de 2018<\/li>\n<\/ul>\n[\/vc_toggle][vc_toggle title=&#8221;2017&#8243;]\n<ul>\n<li><a href=\"http:\/\/www.fiscalia.gov.co\/colombia\/wp-content\/uploads\/CONTRATO-ARRENDAMIENTO-BIENES.pdf\">Contrato de Arrendamiento No. 0004 de 2017<\/a> &#8211; Publicado el 2 de noviembre de 2017<\/li>\n<li><a title=\"Ver contratos\" href=\"http:\/\/www.fiscalia.gov.co\/colombia\/wp-content\/uploads\/CONTRATO-N\u00b00001-FEAB.pdf\" target=\"_blank\" rel=\"noopener noreferrer\">Contrato 0001 de 2017<br \/>\n<\/a><\/li>\n<li><a title=\"Ver documento \" href=\"http:\/\/www.fiscalia.gov.co\/colombia\/wp-content\/uploads\/contrato-014-completo.pdf\" target=\"_blank\" rel=\"noopener noreferrer\">Concurso cerrado No. FEAB-FGN-DIRBOG-001 de 2017<\/a>\u00a0&#8211; Publicado el 31 de mayo de 2017<\/li>\n<li><a title=\"Ver archivo\" href=\"http:\/\/www.fiscalia.gov.co\/colombia\/wp-content\/uploads\/CN-0002.pdf\" target=\"_blank\" rel=\"noopener noreferrer\">Contrato de Arrendamiento No.02 de 2017<\/a>\u00a0&#8211; Publicado el 19 de julio de 2017 a las 5:42pm<\/li>\n<li><a title=\"Ver documento\" href=\"http:\/\/www.fiscalia.gov.co\/colombia\/wp-content\/uploads\/0002.pdf\" target=\"_blank\" rel=\"noopener noreferrer\">Contrato\u00a0No. 0002 del 18 de julio de 2017, suscrito entre la doctora MATILDE G\u00d3MEZ BAUTISTA, Administradora- Fondo Especial para la Administraci\u00f3n de los Bienes FEAB, de la Fiscal\u00eda General de la Naci\u00f3n, y la se\u00f1ora JUDITH GARZ\u00d3N M\u00c9NDEZ, C.C. 51.654.428.<\/a> &#8211; Publicado el 1 de septiembre de 2017<\/li>\n<li><a title=\"Ver contrato\" href=\"http:\/\/www.fiscalia.gov.co\/colombia\/wp-content\/uploads\/Contrato_003_2017.pdf\" target=\"_blank\" rel=\"noopener noreferrer\">Contrato No 0003 de 2017 &#8211; FEAB, suscrito entre la doctora MATILDE G\u00d3MEZ BAUTISTA, Administradora- Fondo Especial para la Administraci\u00f3n de los Bienes FEAB, de la Fiscal\u00eda General de la Naci\u00f3n, y la se\u00f1ora BERTHA MOLINA<\/a>\u00a0&#8211; Publicado el 4 de septiembre de 2017<\/li>\n<li><a title=\"Ver documento\" href=\"http:\/\/www.fiscalia.gov.co\/colombia\/wp-content\/uploads\/documento_112.pdf\" target=\"_blank\" rel=\"noopener noreferrer\">Convenio Banco de la Rep\u00fablica<\/a> &#8211; Publicado el 5 de septiembre de 2017<\/li>\n<\/ul>\n[\/vc_toggle][vc_toggle title=&#8221;2016&#8243;]<a title=\"Ver archivo\" href=\"http:\/\/www.fiscalia.gov.co\/colombia\/wp-content\/uploads\/CONTRATO-001-DE-2016_1.pdf\" target=\"_blank\" rel=\"noopener noreferrer\">Contrato 001 de 2016<br \/>\n<\/a><a title=\"Ver archivo\" href=\"http:\/\/www.fiscalia.gov.co\/colombia\/wp-content\/uploads\/CONTRATO-003-DE-2016_1.pdf\" target=\"_blank\" rel=\"noopener noreferrer\">Contrato 003 de 2016<br \/>\n<\/a><a title=\"Ver archivo\" href=\"http:\/\/www.fiscalia.gov.co\/colombia\/wp-content\/uploads\/CONTRATO-005-DE-2016_11.pdf\" target=\"_blank\" rel=\"noopener noreferrer\">Contrato 005 de 2016<br \/>\n<\/a><a title=\"Ver contrato \" href=\"http:\/\/www.fiscalia.gov.co\/colombia\/wp-content\/uploads\/Contrato_007_2016.pdf\" target=\"_blank\" rel=\"noopener noreferrer\">Contrato 007 de 2016<br \/>\n<\/a><a title=\"Ver contrato\" href=\"http:\/\/www.fiscalia.gov.co\/colombia\/wp-content\/uploads\/20169960002243.pdf\" target=\"_blank\" rel=\"noopener noreferrer\">Contrato 008 de 2016<br \/>\n<\/a><a title=\"Ver contrato \" href=\"http:\/\/www.fiscalia.gov.co\/colombia\/wp-content\/uploads\/CONTRATO-09-2016.pdf\" target=\"_blank\" rel=\"noopener noreferrer\">Contrato 009 de 2016\u00a0<\/a><\/p>\n<ul>\n<li><a title=\"Ver documento \" href=\"http:\/\/www.fiscalia.gov.co\/colombia\/wp-content\/uploads\/modificatorio_1.pdf\" target=\"_blank\" rel=\"noopener noreferrer\">Modificatorio No.1 al Contrato Interadministrativo No.007 de 2016<\/a><\/li>\n<li><a title=\"Ver documento\" href=\"http:\/\/www.fiscalia.gov.co\/colombia\/wp-content\/uploads\/CONTRATO-DE-CONSULTORIA-No0540-DE-2016_1.pdf\" target=\"_blank\" rel=\"noopener noreferrer\">Contrato de Consultor\u00eda No. 0540 de 2016<br \/>\n<\/a><\/li>\n<\/ul>\n[\/vc_toggle]\n\n<div class=\"twitter-share\"><a href=\"https:\/\/twitter.com\/intent\/tweet?via=fiscaliacol\" class=\"twitter-share-button\">Tweet<\/a><\/div>\n","protected":false},"excerpt":{"rendered":"<p>[vc_custom_heading text=&#8221;Estados Financieros&#8221; use_theme_fonts=&#8221;yes&#8221;] [vc_toggle title=&#8221;2018&#8243;] Informaci\u00f3n Financiera Septiembre 2018 FEAB [\/vc_toggle] [vc_custom_heading text=&#8221;Registro P\u00fablico Nacional de Bienes&#8221; use_theme_fonts=&#8221;yes&#8221;] Ver el Registro P\u00fablico Nacional de Bienes [vc_custom_heading text=&#8221;Contrataci\u00f3n&#8221; use_theme_fonts=&#8221;yes&#8221;] [vc_toggle title=&#8221;2018&#8243;] Resoluci\u00f3n N\u00b0 00000012 del 28 de septiembre de 2018, por medio del cual se adopta el Manual de Contrataci\u00f3n del Fondo Especial para la [&hellip;]<\/p>\n","protected":false},"author":143,"featured_media":0,"parent":9126,"menu_order":0,"comment_status":"closed","ping_status":"closed","template":"","meta":{"_price":"","_stock":"","_tribe_ticket_header":"","_tribe_default_ticket_provider":"","_tribe_ticket_capacity":"0","_ticket_start_date":"","_ticket_end_date":"","_tribe_ticket_show_description":"","_tribe_ticket_show_not_going":false,"_tribe_ticket_use_global_stock":"","_tribe_ticket_global_stock_level":"","_global_stock_mode":"","_global_stock_cap":"","_tribe_rsvp_for_event":"","_tribe_ticket_going_count":"","_tribe_ticket_not_going_count":"","_tribe_tickets_list":"[]","_tribe_ticket_has_attendee_info_fields":false,"tdm_status":"","tdm_grid_status":"","footnotes":"","_tec_slr_enabled":"","_tec_slr_layout":""},"class_list":["post-171828","page","type-page","status-publish"],"yoast_head":"<!-- This site is optimized with the Yoast SEO plugin v24.3 - https:\/\/yoast.com\/wordpress\/plugins\/seo\/ -->\n<title>Fiscal\u00eda General de la Naci\u00f3n<\/title>\n<meta name=\"description\" content=\"P\u00e1gina oficial de la Fiscal\u00eda General de la Naci\u00f3n \u2013 Colombia. Garantizamos el acceso efectivo a la justicia, la verdad y la reparaci\u00f3n de las v\u00edctimas de los delitos.\" \/>\n<meta name=\"robots\" content=\"index, follow, max-snippet:-1, max-image-preview:large, max-video-preview:-1\" \/>\n<link rel=\"canonical\" href=\"https:\/\/www.fiscalia.gov.co\/colombia\/la-entidad\/fondo-especial-para-la-administracion-de-bienes-feab\/\" \/>\n<meta property=\"og:locale\" content=\"es_ES\" \/>\n<meta property=\"og:type\" content=\"article\" \/>\n<meta property=\"og:title\" content=\"Fiscal\u00eda General de la Naci\u00f3n\" \/>\n<meta property=\"og:description\" content=\"P\u00e1gina oficial de la Fiscal\u00eda General de la Naci\u00f3n \u2013 Colombia. Garantizamos el acceso efectivo a la justicia, la verdad y la reparaci\u00f3n de las v\u00edctimas de los delitos.\" \/>\n<meta property=\"og:url\" content=\"https:\/\/www.fiscalia.gov.co\/colombia\/la-entidad\/fondo-especial-para-la-administracion-de-bienes-feab\/\" \/>\n<meta property=\"og:site_name\" content=\"Fiscal\u00eda General de la Naci\u00f3n\" \/>\n<meta property=\"article:publisher\" content=\"https:\/\/www.facebook.com\/FiscaliaCol\" \/>\n<meta property=\"article:modified_time\" content=\"2018-11-06T16:18:53+00:00\" \/>\n<meta name=\"twitter:card\" content=\"summary_large_image\" \/>\n<meta name=\"twitter:site\" content=\"@FiscaliaCol\" \/>\n<meta name=\"twitter:label1\" content=\"Tiempo de lectura\" \/>\n\t<meta name=\"twitter:data1\" content=\"2 minutos\" \/>\n<script type=\"application\/ld+json\" class=\"yoast-schema-graph\">{\"@context\":\"https:\/\/schema.org\",\"@graph\":[{\"@type\":\"WebPage\",\"@id\":\"https:\/\/www.fiscalia.gov.co\/colombia\/la-entidad\/fondo-especial-para-la-administracion-de-bienes-feab\/\",\"url\":\"https:\/\/www.fiscalia.gov.co\/colombia\/la-entidad\/fondo-especial-para-la-administracion-de-bienes-feab\/\",\"name\":\"Fiscal\u00eda General de la Naci\u00f3n\",\"isPartOf\":{\"@id\":\"https:\/\/www.fiscalia.gov.co\/colombia\/#website\"},\"datePublished\":\"2018-11-06T15:56:15+00:00\",\"dateModified\":\"2018-11-06T16:18:53+00:00\",\"description\":\"P\u00e1gina oficial de la Fiscal\u00eda General de la Naci\u00f3n \u2013 Colombia. Garantizamos el acceso efectivo a la justicia, la verdad y la reparaci\u00f3n de las v\u00edctimas de los delitos.\",\"breadcrumb\":{\"@id\":\"https:\/\/www.fiscalia.gov.co\/colombia\/la-entidad\/fondo-especial-para-la-administracion-de-bienes-feab\/#breadcrumb\"},\"inLanguage\":\"es-CO\",\"potentialAction\":[{\"@type\":\"ReadAction\",\"target\":[\"https:\/\/www.fiscalia.gov.co\/colombia\/la-entidad\/fondo-especial-para-la-administracion-de-bienes-feab\/\"]}]},{\"@type\":\"BreadcrumbList\",\"@id\":\"https:\/\/www.fiscalia.gov.co\/colombia\/la-entidad\/fondo-especial-para-la-administracion-de-bienes-feab\/#breadcrumb\",\"itemListElement\":[{\"@type\":\"ListItem\",\"position\":1,\"name\":\"Home\",\"item\":\"https:\/\/www.fiscalia.gov.co\/colombia\/\"},{\"@type\":\"ListItem\",\"position\":2,\"name\":\"La Entidad\",\"item\":\"https:\/\/www.fiscalia.gov.co\/colombia\/la-entidad\/\"},{\"@type\":\"ListItem\",\"position\":3,\"name\":\"Fondo especial para la administraci\u00f3n de bienes (FEAB)\"}]},{\"@type\":\"WebSite\",\"@id\":\"https:\/\/www.fiscalia.gov.co\/colombia\/#website\",\"url\":\"https:\/\/www.fiscalia.gov.co\/colombia\/\",\"name\":\"Fiscal\u00eda General de la Naci\u00f3n\",\"description\":\"P\u00e1gina oficial de la Fiscal\u00eda General de la Naci\u00f3n \u2013 Colombia. Garantizamos el acceso efectivo a la justicia, la verdad y la reparaci\u00f3n de las v\u00edctimas de los delitos.\",\"publisher\":{\"@id\":\"https:\/\/www.fiscalia.gov.co\/colombia\/#organization\"},\"potentialAction\":[{\"@type\":\"SearchAction\",\"target\":{\"@type\":\"EntryPoint\",\"urlTemplate\":\"https:\/\/www.fiscalia.gov.co\/colombia\/?s={search_term_string}\"},\"query-input\":{\"@type\":\"PropertyValueSpecification\",\"valueRequired\":true,\"valueName\":\"search_term_string\"}}],\"inLanguage\":\"es-CO\"},{\"@type\":\"Organization\",\"@id\":\"https:\/\/www.fiscalia.gov.co\/colombia\/#organization\",\"name\":\"Fiscal\u00eda General de la Naci\u00f3n\",\"url\":\"https:\/\/www.fiscalia.gov.co\/colombia\/\",\"logo\":{\"@type\":\"ImageObject\",\"inLanguage\":\"es-CO\",\"@id\":\"https:\/\/www.fiscalia.gov.co\/colombia\/#\/schema\/logo\/image\/\",\"url\":\"https:\/\/www.fiscalia.gov.co\/colombia\/wp-content\/uploads\/LogoHorizontal_1.jpg\",\"contentUrl\":\"https:\/\/www.fiscalia.gov.co\/colombia\/wp-content\/uploads\/LogoHorizontal_1.jpg\",\"width\":300,\"height\":90,\"caption\":\"Fiscal\u00eda General de la Naci\u00f3n\"},\"image\":{\"@id\":\"https:\/\/www.fiscalia.gov.co\/colombia\/#\/schema\/logo\/image\/\"},\"sameAs\":[\"https:\/\/www.facebook.com\/FiscaliaCol\",\"https:\/\/x.com\/FiscaliaCol\",\"https:\/\/www.instagram.com\/fiscaliacol\",\"https:\/\/www.linkedin.com\/company\/fiscalia-general-de-la-naci-n\/\",\"https:\/\/youtube.com\/@fiscaliageneraldelanacion-4668?si=6nN79nyQICPU5iTh\"]}]}<\/script>\n<!-- \/ Yoast SEO plugin. -->","yoast_head_json":{"title":"Fiscal\u00eda General de la Naci\u00f3n","description":"P\u00e1gina oficial de la Fiscal\u00eda General de la Naci\u00f3n \u2013 Colombia. Garantizamos el acceso efectivo a la justicia, la verdad y la reparaci\u00f3n de las v\u00edctimas de los delitos.","robots":{"index":"index","follow":"follow","max-snippet":"max-snippet:-1","max-image-preview":"max-image-preview:large","max-video-preview":"max-video-preview:-1"},"canonical":"https:\/\/www.fiscalia.gov.co\/colombia\/la-entidad\/fondo-especial-para-la-administracion-de-bienes-feab\/","og_locale":"es_ES","og_type":"article","og_title":"Fiscal\u00eda General de la Naci\u00f3n","og_description":"P\u00e1gina oficial de la Fiscal\u00eda General de la Naci\u00f3n \u2013 Colombia. Garantizamos el acceso efectivo a la justicia, la verdad y la reparaci\u00f3n de las v\u00edctimas de los delitos.","og_url":"https:\/\/www.fiscalia.gov.co\/colombia\/la-entidad\/fondo-especial-para-la-administracion-de-bienes-feab\/","og_site_name":"Fiscal\u00eda General de la Naci\u00f3n","article_publisher":"https:\/\/www.facebook.com\/FiscaliaCol","article_modified_time":"2018-11-06T16:18:53+00:00","twitter_card":"summary_large_image","twitter_site":"@FiscaliaCol","twitter_misc":{"Tiempo de lectura":"2 minutos"},"schema":{"@context":"https:\/\/schema.org","@graph":[{"@type":"WebPage","@id":"https:\/\/www.fiscalia.gov.co\/colombia\/la-entidad\/fondo-especial-para-la-administracion-de-bienes-feab\/","url":"https:\/\/www.fiscalia.gov.co\/colombia\/la-entidad\/fondo-especial-para-la-administracion-de-bienes-feab\/","name":"Fiscal\u00eda General de la Naci\u00f3n","isPartOf":{"@id":"https:\/\/www.fiscalia.gov.co\/colombia\/#website"},"datePublished":"2018-11-06T15:56:15+00:00","dateModified":"2018-11-06T16:18:53+00:00","description":"P\u00e1gina oficial de la Fiscal\u00eda General de la Naci\u00f3n \u2013 Colombia. Garantizamos el acceso efectivo a la justicia, la verdad y la reparaci\u00f3n de las v\u00edctimas de los delitos.","breadcrumb":{"@id":"https:\/\/www.fiscalia.gov.co\/colombia\/la-entidad\/fondo-especial-para-la-administracion-de-bienes-feab\/#breadcrumb"},"inLanguage":"es-CO","potentialAction":[{"@type":"ReadAction","target":["https:\/\/www.fiscalia.gov.co\/colombia\/la-entidad\/fondo-especial-para-la-administracion-de-bienes-feab\/"]}]},{"@type":"BreadcrumbList","@id":"https:\/\/www.fiscalia.gov.co\/colombia\/la-entidad\/fondo-especial-para-la-administracion-de-bienes-feab\/#breadcrumb","itemListElement":[{"@type":"ListItem","position":1,"name":"Home","item":"https:\/\/www.fiscalia.gov.co\/colombia\/"},{"@type":"ListItem","position":2,"name":"La Entidad","item":"https:\/\/www.fiscalia.gov.co\/colombia\/la-entidad\/"},{"@type":"ListItem","position":3,"name":"Fondo especial para la administraci\u00f3n de bienes (FEAB)"}]},{"@type":"WebSite","@id":"https:\/\/www.fiscalia.gov.co\/colombia\/#website","url":"https:\/\/www.fiscalia.gov.co\/colombia\/","name":"Fiscal\u00eda General de la Naci\u00f3n","description":"P\u00e1gina oficial de la Fiscal\u00eda General de la Naci\u00f3n \u2013 Colombia. Garantizamos el acceso efectivo a la justicia, la verdad y la reparaci\u00f3n de las v\u00edctimas de los delitos.","publisher":{"@id":"https:\/\/www.fiscalia.gov.co\/colombia\/#organization"},"potentialAction":[{"@type":"SearchAction","target":{"@type":"EntryPoint","urlTemplate":"https:\/\/www.fiscalia.gov.co\/colombia\/?s={search_term_string}"},"query-input":{"@type":"PropertyValueSpecification","valueRequired":true,"valueName":"search_term_string"}}],"inLanguage":"es-CO"},{"@type":"Organization","@id":"https:\/\/www.fiscalia.gov.co\/colombia\/#organization","name":"Fiscal\u00eda General de la Naci\u00f3n","url":"https:\/\/www.fiscalia.gov.co\/colombia\/","logo":{"@type":"ImageObject","inLanguage":"es-CO","@id":"https:\/\/www.fiscalia.gov.co\/colombia\/#\/schema\/logo\/image\/","url":"https:\/\/www.fiscalia.gov.co\/colombia\/wp-content\/uploads\/LogoHorizontal_1.jpg","contentUrl":"https:\/\/www.fiscalia.gov.co\/colombia\/wp-content\/uploads\/LogoHorizontal_1.jpg","width":300,"height":90,"caption":"Fiscal\u00eda General de la Naci\u00f3n"},"image":{"@id":"https:\/\/www.fiscalia.gov.co\/colombia\/#\/schema\/logo\/image\/"},"sameAs":["https:\/\/www.facebook.com\/FiscaliaCol","https:\/\/x.com\/FiscaliaCol","https:\/\/www.instagram.com\/fiscaliacol","https:\/\/www.linkedin.com\/company\/fiscalia-general-de-la-naci-n\/","https:\/\/youtube.com\/@fiscaliageneraldelanacion-4668?si=6nN79nyQICPU5iTh"]}]}},"ticketed":false,"_links":{"self":[{"href":"https:\/\/www.fiscalia.gov.co\/colombia\/wp-json\/wp\/v2\/pages\/171828","targetHints":{"allow":["GET"]}}],"collection":[{"href":"https:\/\/www.fiscalia.gov.co\/colombia\/wp-json\/wp\/v2\/pages"}],"about":[{"href":"https:\/\/www.fiscalia.gov.co\/colombia\/wp-json\/wp\/v2\/types\/page"}],"author":[{"embeddable":true,"href":"https:\/\/www.fiscalia.gov.co\/colombia\/wp-json\/wp\/v2\/users\/143"}],"replies":[{"embeddable":true,"href":"https:\/\/www.fiscalia.gov.co\/colombia\/wp-json\/wp\/v2\/comments?post=171828"}],"version-history":[{"count":6,"href":"https:\/\/www.fiscalia.gov.co\/colombia\/wp-json\/wp\/v2\/pages\/171828\/revisions"}],"predecessor-version":[{"id":171837,"href":"https:\/\/www.fiscalia.gov.co\/colombia\/wp-json\/wp\/v2\/pages\/171828\/revisions\/171837"}],"up":[{"embeddable":true,"href":"https:\/\/www.fiscalia.gov.co\/colombia\/wp-json\/wp\/v2\/pages\/9126"}],"wp:attachment":[{"href":"https:\/\/www.fiscalia.gov.co\/colombia\/wp-json\/wp\/v2\/media?parent=171828"}],"curies":[{"name":"wp","href":"https:\/\/api.w.org\/{rel}","templated":true}]}}