{"id":164466,"date":"2018-06-12T16:05:13","date_gmt":"2018-06-12T21:05:13","guid":{"rendered":"https:\/\/www.fiscalia.gov.co\/colombia\/?page_id=164466"},"modified":"2020-09-10T16:58:15","modified_gmt":"2020-09-10T21:58:15","slug":"publicacion-voluntaria-de-declaraciones-de-bienes-y-rentas","status":"publish","type":"page","link":"https:\/\/www.fiscalia.gov.co\/colombia\/publicacion-voluntaria-de-declaraciones-de-bienes-y-rentas\/","title":{"rendered":"Publicaci\u00f3n Voluntaria de Declaraciones de Bienes y Rentas"},"content":{"rendered":"<section class=\"wpb-content-wrapper\"><div id=\"tdi_1\" class=\"tdc-row\"><div class=\"vc_row tdi_2  wpb_row td-pb-row\" >\n<style scoped>\n\/* custom css - generated by TagDiv Composer *\/\n\n\/* custom css - generated by TagDiv Composer *\/\n.tdi_2,\r\n                .tdi_2 .tdc-columns{\r\n                    min-height: 0;\r\n                }.tdi_2,\r\n\t\t\t\t.tdi_2 .tdc-columns{\r\n\t\t\t\t    display: block;\r\n\t\t\t\t}.tdi_2 .tdc-columns{\r\n\t\t\t\t    width: 100%;\r\n\t\t\t\t}.tdi_2:before,\r\n\t\t\t\t.tdi_2:after{\r\n\t\t\t\t    display: table;\r\n\t\t\t\t}\n<\/style><div class=\"vc_column tdi_4  wpb_column vc_column_container tdc-column td-pb-span8\">\n<style scoped>\n\/* custom css - generated by TagDiv Composer *\/\n\n\/* custom css - generated by TagDiv Composer *\/\n.tdi_4{\r\n                    vertical-align: baseline;\r\n                }.tdi_4 > .wpb_wrapper,\r\n\t\t\t\t.tdi_4 > .wpb_wrapper > .tdc-elements{\r\n\t\t\t\t    display: block;\r\n\t\t\t\t}.tdi_4 > .wpb_wrapper > .tdc-elements{\r\n\t\t\t\t    width: 100%;\r\n\t\t\t\t}.tdi_4 > .wpb_wrapper > .vc_row_inner{\r\n\t\t\t\t    width: auto;\r\n\t\t\t\t}.tdi_4 > .wpb_wrapper{\r\n\t\t\t\t    width: auto;\r\n\t\t\t\t    height: auto;\r\n\t\t\t\t}\n<\/style><div class=\"wpb_wrapper\" >[vc_column_text]Para el fortalecimiento de la transparencia institucional, en el marco de la Ley 1712 del 6 de marzo de 2014, y en cumplimiento del numeral 11 de la Declaraci\u00f3n de Compromisos por un Estado Abierto, la Fiscal\u00eda General de la Naci\u00f3n pone a disposici\u00f3n de la ciudadan\u00eda la siguiente informaci\u00f3n.\r\n\r\n<a href=\"https:\/\/www.fiscalia.gov.co\/colombia\/wp-content\/uploads\/06-DCEA.pdf\" target=\"_blank\" rel=\"noopener noreferrer\"><strong>Declaraci\u00f3n de Compromisos por un Estado Abierto<\/strong> <\/a>\r\n\r\n<div class=\"su-spoiler su-spoiler-style-fancy su-spoiler-icon-plus su-spoiler-closed\" data-scroll-offset=\"0\" data-anchor-in-url=\"no\"><div class=\"su-spoiler-title\" tabindex=\"0\" role=\"button\"><span class=\"su-spoiler-icon\"><\/span>Publicaci\u00f3n Voluntaria de Declaraciones de Bienes y Rentas 2019<\/div><div class=\"su-spoiler-content su-u-clearfix su-u-trim\">\r\n\r\n<a href=\"https:\/\/www.fiscalia.gov.co\/colombia\/wp-content\/uploads\/Formato-declaracio\u0301n-voluntaria-B-y-R-2.pdf\" target=\"_blank\" rel=\"noopener noreferrer\">Publicaci\u00f3n voluntaria, Jorge Ivan Loaiza Vahos<\/a>\r\n<a href=\"https:\/\/www.fiscalia.gov.co\/colombia\/wp-content\/uploads\/Formato-declaracio\u0301n-voluntaria-B-y-R_William.pdf\" target=\"_blank\" rel=\"noopener noreferrer\">Publicaci\u00f3n voluntaria, William Zamora Rodr\u00edguez<\/a>\r\n<a href=\"https:\/\/www.fiscalia.gov.co\/colombia\/wp-content\/uploads\/Declaracion-2019-Carmen-Torres-Malaver.pdf\" target=\"_blank\" rel=\"noopener noreferrer\">Publicaci\u00f3n voluntaria, Carmen Torres Malaver<\/a>\r\n<a href=\"https:\/\/www.fiscalia.gov.co\/colombia\/wp-content\/uploads\/Declaracio\u0301n-bienes-JMPR-2020.pdf\" target=\"_blank\" rel=\"noopener noreferrer\">Publicaci\u00f3n voluntaria, Jos\u00e9 Manuel Posada Rodr\u00edguez<\/a>\r\n<a href=\"https:\/\/www.fiscalia.gov.co\/colombia\/wp-content\/uploads\/Formato-declaracio\u0301n-voluntaria-B-y-R_Jesus-Rios.pdf\" target=\"_blank\" rel=\"noopener noreferrer\">Publicaci\u00f3n voluntaria, Jesus Tadeo R\u00edos Garc\u00eda<\/a>\r\n<a href=\"https:\/\/www.fiscalia.gov.co\/colombia\/wp-content\/uploads\/Formato-declaracio\u0301n-voluntaria-B-y-R_William_Barrera.pdf\" target=\"_blank\" rel=\"noopener noreferrer\">Publicaci\u00f3n voluntaria, William Augusto Barrera Piza<\/a>\r\n<a href=\"https:\/\/www.fiscalia.gov.co\/colombia\/wp-content\/uploads\/INFORMACION-DE-BIENES-Y-RENTAS-OLGA-PINEDA.pdf\" target=\"_blank\" rel=\"noopener noreferrer\">Publicaci\u00f3n voluntaria, Olga Esperanza Pineda Virguez<\/a>\r\n<a href=\"https:\/\/www.fiscalia.gov.co\/colombia\/wp-content\/uploads\/Formato-declaracio\u0301n-voluntaria-B-y-R-Joselito-Rojas-Rico.pdf\" target=\"_blank\" rel=\"noopener noreferrer\">Publicaci\u00f3n voluntaria, Joselito Rojas Rico<\/a>\r\n<a href=\"https:\/\/www.fiscalia.gov.co\/colombia\/wp-content\/uploads\/Bienes-y-rentas-ANA-GOMEZ.pdf\" target=\"_blank\" rel=\"noopener noreferrer\">Publicaci\u00f3n voluntaria, Ana Luc\u00eda G\u00f3mez G\u00f3mez<\/a><i>\r\n<\/i><a href=\"https:\/\/www.fiscalia.gov.co\/colombia\/wp-content\/uploads\/INFORMACION-DE-BIENES-Y-RENTAS.pdf\" target=\"_blank\" rel=\"noopener noreferrer\">Publicaci\u00f3n voluntaria, Claudia Elisa Escobar Mart\u00ednez<\/a>\r\n<a href=\"https:\/\/www.fiscalia.gov.co\/colombia\/wp-content\/uploads\/Formato-declaracio\u0301n-voluntaria-B-y-R_Henrry.pdf\" target=\"_blank\" rel=\"noopener noreferrer\">Publicaci\u00f3n voluntaria, Henry Hinestroza Rodr\u00edguez<\/a>\r\n<a href=\"https:\/\/www.fiscalia.gov.co\/colombia\/wp-content\/uploads\/Copia-de-Formato-declaracio\u0301n-voluntaria-B-y-R.pdf\" target=\"_blank\" rel=\"noopener noreferrer\">Publicaci\u00f3n voluntaria, William Jaime Trujillo Calder\u00f3n<\/a>\r\n<a href=\"https:\/\/www.fiscalia.gov.co\/colombia\/wp-content\/uploads\/INFORMACION-BIENES-OSCAR-SANCHEZ-JARAMILLO.pdf\" target=\"_blank\" rel=\"noopener noreferrer\">Publicaci\u00f3n voluntaria, \u00d3scar S\u00e1nchez Jaramillo<\/a>\r\n<a href=\"https:\/\/www.fiscalia.gov.co\/colombia\/wp-content\/uploads\/AUTORIZACIO\u0301N-PUBLICACION-DECLARACION-BIENES-Y-RENTAS.pdf\" target=\"_blank\" rel=\"noopener noreferrer\">Publicaci\u00f3n voluntaria, Adiela Trujillo Jaramillo<\/a>\r\n<a href=\"https:\/\/www.fiscalia.gov.co\/colombia\/wp-content\/uploads\/Doc-Jul-03-2020.pdf\" target=\"_blank\" rel=\"noopener noreferrer\">Publicaci\u00f3n voluntaria, Guillermo Orlando Velasco Del Valle<\/a>\r\n<a href=\"https:\/\/www.fiscalia.gov.co\/colombia\/wp-content\/uploads\/Formato-declaracio\u0301n-voluntaria-B-y-R_ALFREDO_VASQUEZ_MACIAS.pdf\" target=\"_blank\" rel=\"noopener noreferrer\">Publicaci\u00f3n voluntaria, Alfredo V\u00e1squez Mac\u00edas<\/a>\r\n<a href=\"https:\/\/www.fiscalia.gov.co\/colombia\/wp-content\/uploads\/2020-07-03-11.56.55.pdf\" target=\"_blank\" rel=\"noopener noreferrer\">Publicaci\u00f3n voluntaria, Luis Miguel Mart\u00ednez Romero<\/a>\r\n\r\n<\/div><\/div>\r\n\r\n<div class=\"su-spoiler su-spoiler-style-fancy su-spoiler-icon-plus su-spoiler-closed\" data-scroll-offset=\"0\" data-anchor-in-url=\"no\"><div class=\"su-spoiler-title\" tabindex=\"0\" role=\"button\"><span class=\"su-spoiler-icon\"><\/span>Publicaci\u00f3n Voluntaria de Declaraciones de Bienes y Rentas 2018<\/div><div class=\"su-spoiler-content su-u-clearfix su-u-trim\">\r\n<ul>\r\n \t<li><a href=\"https:\/\/www.fiscalia.gov.co\/colombia\/wp-content\/uploads\/Declaracion-2018-Carmen-Torres-Malaver.pdf\" target=\"_blank\" rel=\"noopener noreferrer\">Publicaci\u00f3n voluntaria, Carmen Torres Malaver<\/a><\/li>\r\n \t<li><a href=\"https:\/\/www.fiscalia.gov.co\/colombia\/wp-content\/uploads\/Copia-de-Formato-declaraci\u00f3n-voluntaria-B-y-R.pdf\" target=\"_blank\" rel=\"noopener noreferrer\">Publicaci\u00f3n Voluntaria del T\u00e9cnico Investigador IV, Carlos Alberto Medina Basto<\/a><\/li>\r\n \t<li><a href=\"https:\/\/www.fiscalia.gov.co\/colombia\/wp-content\/uploads\/20190709145849108.pdf\" target=\"_blank\" rel=\"noopener noreferrer\">Publicaci\u00f3n Voluntaria del T\u00e9cnico II, Jaime Enrique Perdomo Vargas <\/a><\/li>\r\n \t<li><a href=\"https:\/\/www.fiscalia.gov.co\/colombia\/wp-content\/uploads\/20190709140132874.pdf\" target=\"_blank\" rel=\"noopener noreferrer\">Publicaci\u00f3n voluntaria del fiscal delegado ante jueces municipales y promiscuos, Gloria Luz Ramos Lopez<\/a><\/li>\r\n \t<li><a href=\"https:\/\/www.fiscalia.gov.co\/colombia\/wp-content\/uploads\/PUBLICACION-BIENES-Y-RENTAS-2019-JULIO.pdf\" target=\"_blank\" rel=\"noopener noreferrer\">Publicaci\u00f3n voluntaria del T\u00e9cnico Investigador II, Alejandro Alzate Dom\u00ednguez<\/a><\/li>\r\n \t<li><a href=\"https:\/\/www.fiscalia.gov.co\/colombia\/wp-content\/uploads\/Bienes-y-Rentas-Voluntario-1.pdf\" target=\"_blank\" rel=\"noopener noreferrer\">Publicaci\u00f3n voluntaria del T\u00e9cnico Investigador I, Julio Andres Cepeda Chaparro<\/a><\/li>\r\n \t<li><a href=\"https:\/\/www.fiscalia.gov.co\/colombia\/wp-content\/uploads\/20190703140128689.pdf\" target=\"_blank\" rel=\"noopener noreferrer\">Publicaci\u00f3n voluntaria del T\u00e9cnico Investigador I, Jairo Segura Tovar<\/a><\/li>\r\n<\/ul>\r\n<\/div><\/div>\r\n\r\n<div class=\"su-spoiler su-spoiler-style-fancy su-spoiler-icon-plus su-spoiler-closed\" data-scroll-offset=\"0\" data-anchor-in-url=\"no\"><div class=\"su-spoiler-title\" tabindex=\"0\" role=\"button\"><span class=\"su-spoiler-icon\"><\/span>Publicaci\u00f3n Voluntaria de Declaraciones de Bienes y Rentas 2017<\/div><div class=\"su-spoiler-content su-u-clearfix su-u-trim\">\r\n<ul>\r\n \t<li><a href=\"https:\/\/www.fiscalia.gov.co\/colombia\/wp-content\/uploads\/Declaracion-Voluntaria-cc16636969.pdf\">Publicaci\u00f3n Voluntaria del T\u00e9cnico Investigador II, Jos\u00e9 Fernando Ram\u00edrez Arango<\/a><\/li>\r\n \t<li><a href=\"https:\/\/www.fiscalia.gov.co\/colombia\/wp-content\/uploads\/Formato-Declaracion-Voluntaria-ByR_William_Barrera.pdf\">Publicaci\u00f3n Voluntaria del Profesional Investigador II, William Augusto Barrera Piza<\/a><\/li>\r\n \t<li><a href=\"https:\/\/www.fiscalia.gov.co\/colombia\/wp-content\/uploads\/T\u00e9cnico-III_-Oscar-Velez-Cervantes.pdf\">Publicaci\u00f3n Voluntaria del T\u00e9cnico III, \u00d3scar V\u00e9lez Cervantes.<\/a><\/li>\r\n \t<li><a href=\"https:\/\/www.fiscalia.gov.co\/colombia\/wp-content\/uploads\/T\u00e9cnico-Investigado-II_-Carlos-Andres-Ospina-Gomez.pdf\">Publicaci\u00f3n Voluntaria del T\u00e9cnico Investigador II, Carlos Andr\u00e9s Ospina G\u00f3mez<\/a><\/li>\r\n \t<li><\/li>\r\n \t<li><a href=\"https:\/\/www.fiscalia.gov.co\/colombia\/wp-content\/uploads\/Mauricio-A.pdf\">Publicaci\u00f3n Voluntaria del T\u00e9cnico Investigador I, Mauricio \u00c1lzate Vel\u00e1squez<\/a><\/li>\r\n \t<li><a href=\"https:\/\/www.fiscalia.gov.co\/colombia\/wp-content\/uploads\/Marco-I.pdf\">Publicaci\u00f3n Voluntaria del Asistente de Fiscal IV, Marco Iv\u00e1n Hawkins Howard<\/a><\/li>\r\n \t<li><a href=\"https:\/\/www.fiscalia.gov.co\/colombia\/wp-content\/uploads\/Orlando-Parra.pdf\">Publicaci\u00f3n Voluntaria del Asistente de Fiscal I, Orlando Parra Rojas<\/a><\/li>\r\n \t<li><a href=\"https:\/\/www.fiscalia.gov.co\/colombia\/wp-content\/uploads\/heddy.pdf\">Publicaci\u00f3n Voluntaria de la Profesional de Gesti\u00f3n III, Heddy Mar\u00eda Fox Quintana<\/a><\/li>\r\n \t<li><a href=\"https:\/\/www.fiscalia.gov.co\/colombia\/wp-content\/uploads\/Bienes-y-Rentas-Voluntario.pdf\" target=\"_blank\" rel=\"noopener noreferrer\">Publicaci\u00f3n Voluntaria del T\u00e9cnico Investigador I, Julio Andres Cepeda Chaparro<\/a><\/li>\r\n<\/ul>\r\n<\/div><\/div>\r\n<div class=\"su-accordion su-u-trim\"><\/div>[\/vc_column_text]<\/div><\/div><div class=\"vc_column tdi_6  wpb_column vc_column_container tdc-column td-pb-span4\">\n<style scoped>\n\/* custom css - generated by TagDiv Composer *\/\n\n\/* custom css - generated by TagDiv Composer *\/\n.tdi_6{\r\n                    vertical-align: baseline;\r\n                }.tdi_6 > .wpb_wrapper,\r\n\t\t\t\t.tdi_6 > .wpb_wrapper > .tdc-elements{\r\n\t\t\t\t    display: block;\r\n\t\t\t\t}.tdi_6 > .wpb_wrapper > .tdc-elements{\r\n\t\t\t\t    width: 100%;\r\n\t\t\t\t}.tdi_6 > .wpb_wrapper > .vc_row_inner{\r\n\t\t\t\t    width: auto;\r\n\t\t\t\t}.tdi_6 > .wpb_wrapper{\r\n\t\t\t\t    width: auto;\r\n\t\t\t\t    height: auto;\r\n\t\t\t\t}\n<\/style><div class=\"wpb_wrapper\" ><div class=\"wpb_wrapper td_block_wrap vc_raw_html tdi_8 \"><div class=\"td-fix-index\"><h4 class=\"block-title\"><span>TRANSPARENCIA<\/span><\/h4><\/div><\/div>[vc_wp_custommenu nav_menu=&#8221;24169&#8243;]<\/div><\/div><\/div><\/div><\/section>\n<div class=\"twitter-share\"><a href=\"https:\/\/twitter.com\/intent\/tweet?via=fiscaliacol\" class=\"twitter-share-button\">Tweet<\/a><\/div>\n","protected":false},"excerpt":{"rendered":"[vc_column_text]Para el fortalecimiento de la transparencia institucional, en el marco de la Ley 1712 del 6 de marzo de 2014, y en cumplimiento del numeral 11 de la Declaraci\u00f3n de [...]","protected":false},"author":143,"featured_media":0,"parent":0,"menu_order":0,"comment_status":"closed","ping_status":"closed","template":"page-pagebuilder-title.php","meta":{"tdm_status":"","tdm_grid_status":"","footnotes":""},"class_list":["post-164466","page","type-page","status-publish"],"yoast_head":"<!-- This site is optimized with the Yoast SEO plugin v24.3 - https:\/\/yoast.com\/wordpress\/plugins\/seo\/ -->\n<title>Fiscal\u00eda General de la Naci\u00f3n<\/title>\n<meta name=\"description\" content=\"P\u00e1gina oficial de la Fiscal\u00eda General de la Naci\u00f3n \u2013 Colombia. Garantizamos el acceso efectivo a la justicia, la verdad y la reparaci\u00f3n de las v\u00edctimas de los delitos.\" \/>\n<meta name=\"robots\" content=\"index, follow, max-snippet:-1, max-image-preview:large, max-video-preview:-1\" \/>\n<link rel=\"canonical\" href=\"https:\/\/www.fiscalia.gov.co\/colombia\/publicacion-voluntaria-de-declaraciones-de-bienes-y-rentas\/\" \/>\n<meta property=\"og:locale\" content=\"es_ES\" \/>\n<meta property=\"og:type\" content=\"article\" \/>\n<meta property=\"og:title\" content=\"Fiscal\u00eda General de la Naci\u00f3n\" \/>\n<meta property=\"og:description\" content=\"P\u00e1gina oficial de la Fiscal\u00eda General de la Naci\u00f3n \u2013 Colombia. Garantizamos el acceso efectivo a la justicia, la verdad y la reparaci\u00f3n de las v\u00edctimas de los delitos.\" \/>\n<meta property=\"og:url\" content=\"https:\/\/www.fiscalia.gov.co\/colombia\/publicacion-voluntaria-de-declaraciones-de-bienes-y-rentas\/\" \/>\n<meta property=\"og:site_name\" content=\"Fiscal\u00eda General de la Naci\u00f3n\" \/>\n<meta property=\"article:publisher\" content=\"https:\/\/www.facebook.com\/FiscaliaCol\" \/>\n<meta property=\"article:modified_time\" content=\"2020-09-10T21:58:15+00:00\" \/>\n<meta name=\"twitter:card\" content=\"summary_large_image\" \/>\n<meta name=\"twitter:site\" content=\"@FiscaliaCol\" \/>\n<meta name=\"twitter:label1\" content=\"Tiempo de lectura\" \/>\n\t<meta name=\"twitter:data1\" content=\"2 minutos\" \/>\n<script type=\"application\/ld+json\" class=\"yoast-schema-graph\">{\"@context\":\"https:\/\/schema.org\",\"@graph\":[{\"@type\":\"WebPage\",\"@id\":\"https:\/\/www.fiscalia.gov.co\/colombia\/publicacion-voluntaria-de-declaraciones-de-bienes-y-rentas\/\",\"url\":\"https:\/\/www.fiscalia.gov.co\/colombia\/publicacion-voluntaria-de-declaraciones-de-bienes-y-rentas\/\",\"name\":\"Fiscal\u00eda General de la Naci\u00f3n\",\"isPartOf\":{\"@id\":\"https:\/\/www.fiscalia.gov.co\/colombia\/#website\"},\"datePublished\":\"2018-06-12T21:05:13+00:00\",\"dateModified\":\"2020-09-10T21:58:15+00:00\",\"description\":\"P\u00e1gina oficial de la Fiscal\u00eda General de la Naci\u00f3n \u2013 Colombia. Garantizamos el acceso efectivo a la justicia, la verdad y la reparaci\u00f3n de las v\u00edctimas de los delitos.\",\"breadcrumb\":{\"@id\":\"https:\/\/www.fiscalia.gov.co\/colombia\/publicacion-voluntaria-de-declaraciones-de-bienes-y-rentas\/#breadcrumb\"},\"inLanguage\":\"es-CO\",\"potentialAction\":[{\"@type\":\"ReadAction\",\"target\":[\"https:\/\/www.fiscalia.gov.co\/colombia\/publicacion-voluntaria-de-declaraciones-de-bienes-y-rentas\/\"]}]},{\"@type\":\"BreadcrumbList\",\"@id\":\"https:\/\/www.fiscalia.gov.co\/colombia\/publicacion-voluntaria-de-declaraciones-de-bienes-y-rentas\/#breadcrumb\",\"itemListElement\":[{\"@type\":\"ListItem\",\"position\":1,\"name\":\"Home\",\"item\":\"https:\/\/www.fiscalia.gov.co\/colombia\/\"},{\"@type\":\"ListItem\",\"position\":2,\"name\":\"Publicaci\u00f3n Voluntaria de Declaraciones de Bienes y Rentas\"}]},{\"@type\":\"WebSite\",\"@id\":\"https:\/\/www.fiscalia.gov.co\/colombia\/#website\",\"url\":\"https:\/\/www.fiscalia.gov.co\/colombia\/\",\"name\":\"Fiscal\u00eda General de la Naci\u00f3n\",\"description\":\"P\u00e1gina oficial de la Fiscal\u00eda General de la Naci\u00f3n \u2013 Colombia. Garantizamos el acceso efectivo a la justicia, la verdad y la reparaci\u00f3n de las v\u00edctimas de los delitos.\",\"publisher\":{\"@id\":\"https:\/\/www.fiscalia.gov.co\/colombia\/#organization\"},\"potentialAction\":[{\"@type\":\"SearchAction\",\"target\":{\"@type\":\"EntryPoint\",\"urlTemplate\":\"https:\/\/www.fiscalia.gov.co\/colombia\/?s={search_term_string}\"},\"query-input\":{\"@type\":\"PropertyValueSpecification\",\"valueRequired\":true,\"valueName\":\"search_term_string\"}}],\"inLanguage\":\"es-CO\"},{\"@type\":\"Organization\",\"@id\":\"https:\/\/www.fiscalia.gov.co\/colombia\/#organization\",\"name\":\"Fiscal\u00eda General de la Naci\u00f3n\",\"url\":\"https:\/\/www.fiscalia.gov.co\/colombia\/\",\"logo\":{\"@type\":\"ImageObject\",\"inLanguage\":\"es-CO\",\"@id\":\"https:\/\/www.fiscalia.gov.co\/colombia\/#\/schema\/logo\/image\/\",\"url\":\"https:\/\/www.fiscalia.gov.co\/colombia\/wp-content\/uploads\/LogoHorizontal_1.jpg\",\"contentUrl\":\"https:\/\/www.fiscalia.gov.co\/colombia\/wp-content\/uploads\/LogoHorizontal_1.jpg\",\"width\":300,\"height\":90,\"caption\":\"Fiscal\u00eda General de la Naci\u00f3n\"},\"image\":{\"@id\":\"https:\/\/www.fiscalia.gov.co\/colombia\/#\/schema\/logo\/image\/\"},\"sameAs\":[\"https:\/\/www.facebook.com\/FiscaliaCol\",\"https:\/\/x.com\/FiscaliaCol\",\"https:\/\/www.instagram.com\/fiscaliacol\",\"https:\/\/www.linkedin.com\/company\/fiscalia-general-de-la-naci-n\/\",\"https:\/\/youtube.com\/@fiscaliageneraldelanacion-4668?si=6nN79nyQICPU5iTh\"]}]}<\/script>\n<!-- \/ Yoast SEO plugin. -->","yoast_head_json":{"title":"Fiscal\u00eda General de la Naci\u00f3n","description":"P\u00e1gina oficial de la Fiscal\u00eda General de la Naci\u00f3n \u2013 Colombia. Garantizamos el acceso efectivo a la justicia, la verdad y la reparaci\u00f3n de las v\u00edctimas de los delitos.","robots":{"index":"index","follow":"follow","max-snippet":"max-snippet:-1","max-image-preview":"max-image-preview:large","max-video-preview":"max-video-preview:-1"},"canonical":"https:\/\/www.fiscalia.gov.co\/colombia\/publicacion-voluntaria-de-declaraciones-de-bienes-y-rentas\/","og_locale":"es_ES","og_type":"article","og_title":"Fiscal\u00eda General de la Naci\u00f3n","og_description":"P\u00e1gina oficial de la Fiscal\u00eda General de la Naci\u00f3n \u2013 Colombia. Garantizamos el acceso efectivo a la justicia, la verdad y la reparaci\u00f3n de las v\u00edctimas de los delitos.","og_url":"https:\/\/www.fiscalia.gov.co\/colombia\/publicacion-voluntaria-de-declaraciones-de-bienes-y-rentas\/","og_site_name":"Fiscal\u00eda General de la Naci\u00f3n","article_publisher":"https:\/\/www.facebook.com\/FiscaliaCol","article_modified_time":"2020-09-10T21:58:15+00:00","twitter_card":"summary_large_image","twitter_site":"@FiscaliaCol","twitter_misc":{"Tiempo de lectura":"2 minutos"},"schema":{"@context":"https:\/\/schema.org","@graph":[{"@type":"WebPage","@id":"https:\/\/www.fiscalia.gov.co\/colombia\/publicacion-voluntaria-de-declaraciones-de-bienes-y-rentas\/","url":"https:\/\/www.fiscalia.gov.co\/colombia\/publicacion-voluntaria-de-declaraciones-de-bienes-y-rentas\/","name":"Fiscal\u00eda General de la Naci\u00f3n","isPartOf":{"@id":"https:\/\/www.fiscalia.gov.co\/colombia\/#website"},"datePublished":"2018-06-12T21:05:13+00:00","dateModified":"2020-09-10T21:58:15+00:00","description":"P\u00e1gina oficial de la Fiscal\u00eda General de la Naci\u00f3n \u2013 Colombia. Garantizamos el acceso efectivo a la justicia, la verdad y la reparaci\u00f3n de las v\u00edctimas de los delitos.","breadcrumb":{"@id":"https:\/\/www.fiscalia.gov.co\/colombia\/publicacion-voluntaria-de-declaraciones-de-bienes-y-rentas\/#breadcrumb"},"inLanguage":"es-CO","potentialAction":[{"@type":"ReadAction","target":["https:\/\/www.fiscalia.gov.co\/colombia\/publicacion-voluntaria-de-declaraciones-de-bienes-y-rentas\/"]}]},{"@type":"BreadcrumbList","@id":"https:\/\/www.fiscalia.gov.co\/colombia\/publicacion-voluntaria-de-declaraciones-de-bienes-y-rentas\/#breadcrumb","itemListElement":[{"@type":"ListItem","position":1,"name":"Home","item":"https:\/\/www.fiscalia.gov.co\/colombia\/"},{"@type":"ListItem","position":2,"name":"Publicaci\u00f3n Voluntaria de Declaraciones de Bienes y Rentas"}]},{"@type":"WebSite","@id":"https:\/\/www.fiscalia.gov.co\/colombia\/#website","url":"https:\/\/www.fiscalia.gov.co\/colombia\/","name":"Fiscal\u00eda General de la Naci\u00f3n","description":"P\u00e1gina oficial de la Fiscal\u00eda General de la Naci\u00f3n \u2013 Colombia. Garantizamos el acceso efectivo a la justicia, la verdad y la reparaci\u00f3n de las v\u00edctimas de los delitos.","publisher":{"@id":"https:\/\/www.fiscalia.gov.co\/colombia\/#organization"},"potentialAction":[{"@type":"SearchAction","target":{"@type":"EntryPoint","urlTemplate":"https:\/\/www.fiscalia.gov.co\/colombia\/?s={search_term_string}"},"query-input":{"@type":"PropertyValueSpecification","valueRequired":true,"valueName":"search_term_string"}}],"inLanguage":"es-CO"},{"@type":"Organization","@id":"https:\/\/www.fiscalia.gov.co\/colombia\/#organization","name":"Fiscal\u00eda General de la Naci\u00f3n","url":"https:\/\/www.fiscalia.gov.co\/colombia\/","logo":{"@type":"ImageObject","inLanguage":"es-CO","@id":"https:\/\/www.fiscalia.gov.co\/colombia\/#\/schema\/logo\/image\/","url":"https:\/\/www.fiscalia.gov.co\/colombia\/wp-content\/uploads\/LogoHorizontal_1.jpg","contentUrl":"https:\/\/www.fiscalia.gov.co\/colombia\/wp-content\/uploads\/LogoHorizontal_1.jpg","width":300,"height":90,"caption":"Fiscal\u00eda General de la Naci\u00f3n"},"image":{"@id":"https:\/\/www.fiscalia.gov.co\/colombia\/#\/schema\/logo\/image\/"},"sameAs":["https:\/\/www.facebook.com\/FiscaliaCol","https:\/\/x.com\/FiscaliaCol","https:\/\/www.instagram.com\/fiscaliacol","https:\/\/www.linkedin.com\/company\/fiscalia-general-de-la-naci-n\/","https:\/\/youtube.com\/@fiscaliageneraldelanacion-4668?si=6nN79nyQICPU5iTh"]}]}},"_links":{"self":[{"href":"https:\/\/www.fiscalia.gov.co\/colombia\/wp-json\/wp\/v2\/pages\/164466","targetHints":{"allow":["GET"]}}],"collection":[{"href":"https:\/\/www.fiscalia.gov.co\/colombia\/wp-json\/wp\/v2\/pages"}],"about":[{"href":"https:\/\/www.fiscalia.gov.co\/colombia\/wp-json\/wp\/v2\/types\/page"}],"author":[{"embeddable":true,"href":"https:\/\/www.fiscalia.gov.co\/colombia\/wp-json\/wp\/v2\/users\/143"}],"replies":[{"embeddable":true,"href":"https:\/\/www.fiscalia.gov.co\/colombia\/wp-json\/wp\/v2\/comments?post=164466"}],"version-history":[{"count":24,"href":"https:\/\/www.fiscalia.gov.co\/colombia\/wp-json\/wp\/v2\/pages\/164466\/revisions"}],"predecessor-version":[{"id":201679,"href":"https:\/\/www.fiscalia.gov.co\/colombia\/wp-json\/wp\/v2\/pages\/164466\/revisions\/201679"}],"wp:attachment":[{"href":"https:\/\/www.fiscalia.gov.co\/colombia\/wp-json\/wp\/v2\/media?parent=164466"}],"curies":[{"name":"wp","href":"https:\/\/api.w.org\/{rel}","templated":true}]}}