{"id":16227,"date":"2012-05-30T12:06:58","date_gmt":"2012-05-30T17:06:58","guid":{"rendered":"http:\/\/www.fiscalia.gov.co\/colombia\/?page_id=16227"},"modified":"2024-02-14T11:04:43","modified_gmt":"2024-02-14T16:04:43","slug":"mario-german-iguaran-arana","status":"publish","type":"page","link":"https:\/\/www.fiscalia.gov.co\/colombia\/la-entidad\/el-fiscal\/ex-fiscales\/mario-german-iguaran-arana\/","title":{"rendered":"Mario Germ\u00e1n Iguar\u00e1n Arana"},"content":{"rendered":"<div class=\"mceTemp\" style=\"text-align: left;\">\n<p><a href=\"http:\/\/www.fiscalia.gov.co\/colombia\/wp-content\/uploads\/2012\/05\/MarioIguar\u00e1n1.jpg\"><img loading=\"lazy\" decoding=\"async\" class=\"size-full wp-image-16356 alignleft\" title=\"MarioIguar\u00e1n\" src=\"http:\/\/www.fiscalia.gov.co\/colombia\/wp-content\/uploads\/2012\/05\/MarioIguar\u00e1n1.jpg\" alt=\"\" width=\"244\" height=\"426\" srcset=\"https:\/\/www.fiscalia.gov.co\/colombia\/wp-content\/uploads\/2012\/05\/MarioIguar\u00e1n1.jpg 244w, https:\/\/www.fiscalia.gov.co\/colombia\/wp-content\/uploads\/2012\/05\/MarioIguar\u00e1n1-171x300.jpg 171w\" sizes=\"auto, (max-width: 244px) 100vw, 244px\" \/><\/a><\/p>\n<p><strong>Fiscal General de la Naci\u00f3n entre agosto de 2005 y julio de 2009.<\/strong><\/p>\n<p>Mario Germ\u00e1n Iguar\u00e1n Arana, nacido en El Cerrito, Valle del Cauca, el 8 de junio de 1960, es abogado de la universidad Externado de Colombia, mag\u00edster en Derecho Comparado de la Universidad de Bonn, especialista en Alta Direcci\u00f3n del Estado de la Escuela Superior de Administraci\u00f3n P\u00fablica \u2014ESAP\u2014 y especialista en Casaci\u00f3n Penal de la Universidad de La Gran Colombia.<\/p>\n<p>En su carrera profesional y p\u00fablica ha sido Procurador Delegado para la Contrataci\u00f3n Estatal, director de la Escuela Judicial del Consejo Superior de la Judicatura, Magistrado Auxiliar de la Corte Constitucional, Conjuez, Asesor del Congreso y Juez Penal en la ciudad de Girardot, en el inicio de su quehacer profesional, en 1983.<\/p>\n<p>El 29 de marzo de 2004 se posesion\u00f3 como viceministro de Justicia del gobierno de \u00c1lvaro Uribe V\u00e9lez y desde all\u00ed emprendi\u00f3 tarea de construcci\u00f3n del proyecto de Ley de Justicia y Paz, presentado al Congreso y convertido en ley de la Rep\u00fablica. Un a\u00f1o y cuatro meses despu\u00e9s, dej\u00f3 esta posici\u00f3n al ser elegido Fiscal General de la Naci\u00f3n, cargo que ocup\u00f3 entre el primero de agosto de 2005 y el 31 de julio de 2009. En marzo de 2010 fue nombrado embajador de Colombia en Egipto y a su regreso al pa\u00eds, en julio de 2012, fue nombrado decano de la Facultad de Derecho de la Universidad Manuela Beltr\u00e1n de Bogot\u00e1. En esa misma \u00e9poca, y a trav\u00e9s de su firma de abogados, asumi\u00f3 la defensa y logr\u00f3 la absoluci\u00f3n de Carlos C\u00e1rdenas, uno de los acusados en el caso de Luis Andr\u00e9s Colmenares, muerto en circunstancias no esclarecidas, el 31 de octubre de 2010 en el parque El Virrey de Bogot\u00e1.<\/p>\n<\/div>\n<p style=\"text-align: left;\">\n\n<div class=\"twitter-share\"><a href=\"https:\/\/twitter.com\/intent\/tweet?via=fiscaliacol\" class=\"twitter-share-button\">Tweet<\/a><\/div>\n","protected":false},"excerpt":{"rendered":"<p>Fiscal General de la Naci\u00f3n entre agosto de 2005 y julio de 2009. Mario Germ\u00e1n Iguar\u00e1n Arana, nacido en El Cerrito, Valle del Cauca, el 8 de junio de 1960, es abogado de la universidad Externado de Colombia, mag\u00edster en Derecho Comparado de la Universidad de Bonn, especialista en Alta Direcci\u00f3n del Estado de la [&hellip;]<\/p>\n","protected":false},"author":143,"featured_media":0,"parent":16207,"menu_order":3,"comment_status":"closed","ping_status":"open","template":"","meta":{"_price":"","_stock":"","_tribe_ticket_header":"","_tribe_default_ticket_provider":"","_tribe_ticket_capacity":"0","_ticket_start_date":"","_ticket_end_date":"","_tribe_ticket_show_description":"","_tribe_ticket_show_not_going":false,"_tribe_ticket_use_global_stock":"","_tribe_ticket_global_stock_level":"","_global_stock_mode":"","_global_stock_cap":"","_tribe_rsvp_for_event":"","_tribe_ticket_going_count":"","_tribe_ticket_not_going_count":"","_tribe_tickets_list":"[]","_tribe_ticket_has_attendee_info_fields":false,"tdm_status":"","tdm_grid_status":"","footnotes":"","_tec_slr_enabled":"","_tec_slr_layout":""},"class_list":["post-16227","page","type-page","status-publish"],"yoast_head":"<!-- This site is optimized with the Yoast SEO plugin v24.3 - https:\/\/yoast.com\/wordpress\/plugins\/seo\/ -->\n<title>Fiscal\u00eda General de la Naci\u00f3n<\/title>\n<meta name=\"description\" content=\"P\u00e1gina oficial de la Fiscal\u00eda General de la Naci\u00f3n \u2013 Colombia. Garantizamos el acceso efectivo a la justicia, la verdad y la reparaci\u00f3n de las v\u00edctimas de los delitos.\" \/>\n<meta name=\"robots\" content=\"index, follow, max-snippet:-1, max-image-preview:large, max-video-preview:-1\" \/>\n<link rel=\"canonical\" href=\"https:\/\/www.fiscalia.gov.co\/colombia\/la-entidad\/el-fiscal\/ex-fiscales\/mario-german-iguaran-arana\/\" \/>\n<meta property=\"og:locale\" content=\"es_ES\" \/>\n<meta property=\"og:type\" content=\"article\" \/>\n<meta property=\"og:title\" content=\"Fiscal\u00eda General de la Naci\u00f3n\" \/>\n<meta property=\"og:description\" content=\"P\u00e1gina oficial de la Fiscal\u00eda General de la Naci\u00f3n \u2013 Colombia. Garantizamos el acceso efectivo a la justicia, la verdad y la reparaci\u00f3n de las v\u00edctimas de los delitos.\" \/>\n<meta property=\"og:url\" content=\"https:\/\/www.fiscalia.gov.co\/colombia\/la-entidad\/el-fiscal\/ex-fiscales\/mario-german-iguaran-arana\/\" \/>\n<meta property=\"og:site_name\" content=\"Fiscal\u00eda General de la Naci\u00f3n\" \/>\n<meta property=\"article:publisher\" content=\"https:\/\/www.facebook.com\/FiscaliaCol\" \/>\n<meta property=\"article:modified_time\" content=\"2024-02-14T16:04:43+00:00\" \/>\n<meta name=\"twitter:card\" content=\"summary_large_image\" \/>\n<meta name=\"twitter:site\" content=\"@FiscaliaCol\" \/>\n<meta name=\"twitter:label1\" content=\"Tiempo de lectura\" \/>\n\t<meta name=\"twitter:data1\" content=\"2 minutos\" \/>\n<script type=\"application\/ld+json\" class=\"yoast-schema-graph\">{\"@context\":\"https:\/\/schema.org\",\"@graph\":[{\"@type\":\"WebPage\",\"@id\":\"https:\/\/www.fiscalia.gov.co\/colombia\/la-entidad\/el-fiscal\/ex-fiscales\/mario-german-iguaran-arana\/\",\"url\":\"https:\/\/www.fiscalia.gov.co\/colombia\/la-entidad\/el-fiscal\/ex-fiscales\/mario-german-iguaran-arana\/\",\"name\":\"Fiscal\u00eda General de la Naci\u00f3n\",\"isPartOf\":{\"@id\":\"https:\/\/www.fiscalia.gov.co\/colombia\/#website\"},\"datePublished\":\"2012-05-30T17:06:58+00:00\",\"dateModified\":\"2024-02-14T16:04:43+00:00\",\"description\":\"P\u00e1gina oficial de la Fiscal\u00eda General de la Naci\u00f3n \u2013 Colombia. Garantizamos el acceso efectivo a la justicia, la verdad y la reparaci\u00f3n de las v\u00edctimas de los delitos.\",\"breadcrumb\":{\"@id\":\"https:\/\/www.fiscalia.gov.co\/colombia\/la-entidad\/el-fiscal\/ex-fiscales\/mario-german-iguaran-arana\/#breadcrumb\"},\"inLanguage\":\"es-CO\",\"potentialAction\":[{\"@type\":\"ReadAction\",\"target\":[\"https:\/\/www.fiscalia.gov.co\/colombia\/la-entidad\/el-fiscal\/ex-fiscales\/mario-german-iguaran-arana\/\"]}]},{\"@type\":\"BreadcrumbList\",\"@id\":\"https:\/\/www.fiscalia.gov.co\/colombia\/la-entidad\/el-fiscal\/ex-fiscales\/mario-german-iguaran-arana\/#breadcrumb\",\"itemListElement\":[{\"@type\":\"ListItem\",\"position\":1,\"name\":\"Home\",\"item\":\"https:\/\/www.fiscalia.gov.co\/colombia\/\"},{\"@type\":\"ListItem\",\"position\":2,\"name\":\"La Entidad\",\"item\":\"https:\/\/www.fiscalia.gov.co\/colombia\/la-entidad\/\"},{\"@type\":\"ListItem\",\"position\":3,\"name\":\"Fiscal General de la Naci\u00f3n\",\"item\":\"https:\/\/www.fiscalia.gov.co\/colombia\/la-entidad\/el-fiscal\/\"},{\"@type\":\"ListItem\",\"position\":4,\"name\":\"Ex Fiscales Generales de la Naci\u00f3n\",\"item\":\"https:\/\/www.fiscalia.gov.co\/colombia\/la-entidad\/el-fiscal\/ex-fiscales\/\"},{\"@type\":\"ListItem\",\"position\":5,\"name\":\"Mario Germ\u00e1n Iguar\u00e1n Arana\"}]},{\"@type\":\"WebSite\",\"@id\":\"https:\/\/www.fiscalia.gov.co\/colombia\/#website\",\"url\":\"https:\/\/www.fiscalia.gov.co\/colombia\/\",\"name\":\"Fiscal\u00eda General de la Naci\u00f3n\",\"description\":\"P\u00e1gina oficial de la Fiscal\u00eda General de la Naci\u00f3n \u2013 Colombia. Garantizamos el acceso efectivo a la justicia, la verdad y la reparaci\u00f3n de las v\u00edctimas de los delitos.\",\"publisher\":{\"@id\":\"https:\/\/www.fiscalia.gov.co\/colombia\/#organization\"},\"potentialAction\":[{\"@type\":\"SearchAction\",\"target\":{\"@type\":\"EntryPoint\",\"urlTemplate\":\"https:\/\/www.fiscalia.gov.co\/colombia\/?s={search_term_string}\"},\"query-input\":{\"@type\":\"PropertyValueSpecification\",\"valueRequired\":true,\"valueName\":\"search_term_string\"}}],\"inLanguage\":\"es-CO\"},{\"@type\":\"Organization\",\"@id\":\"https:\/\/www.fiscalia.gov.co\/colombia\/#organization\",\"name\":\"Fiscal\u00eda General de la Naci\u00f3n\",\"url\":\"https:\/\/www.fiscalia.gov.co\/colombia\/\",\"logo\":{\"@type\":\"ImageObject\",\"inLanguage\":\"es-CO\",\"@id\":\"https:\/\/www.fiscalia.gov.co\/colombia\/#\/schema\/logo\/image\/\",\"url\":\"https:\/\/www.fiscalia.gov.co\/colombia\/wp-content\/uploads\/LogoHorizontal_1.jpg\",\"contentUrl\":\"https:\/\/www.fiscalia.gov.co\/colombia\/wp-content\/uploads\/LogoHorizontal_1.jpg\",\"width\":300,\"height\":90,\"caption\":\"Fiscal\u00eda General de la Naci\u00f3n\"},\"image\":{\"@id\":\"https:\/\/www.fiscalia.gov.co\/colombia\/#\/schema\/logo\/image\/\"},\"sameAs\":[\"https:\/\/www.facebook.com\/FiscaliaCol\",\"https:\/\/x.com\/FiscaliaCol\",\"https:\/\/www.instagram.com\/fiscaliacol\",\"https:\/\/www.linkedin.com\/company\/fiscalia-general-de-la-naci-n\/\",\"https:\/\/youtube.com\/@fiscaliageneraldelanacion-4668?si=6nN79nyQICPU5iTh\"]}]}<\/script>\n<!-- \/ Yoast SEO plugin. -->","yoast_head_json":{"title":"Fiscal\u00eda General de la Naci\u00f3n","description":"P\u00e1gina oficial de la Fiscal\u00eda General de la Naci\u00f3n \u2013 Colombia. Garantizamos el acceso efectivo a la justicia, la verdad y la reparaci\u00f3n de las v\u00edctimas de los delitos.","robots":{"index":"index","follow":"follow","max-snippet":"max-snippet:-1","max-image-preview":"max-image-preview:large","max-video-preview":"max-video-preview:-1"},"canonical":"https:\/\/www.fiscalia.gov.co\/colombia\/la-entidad\/el-fiscal\/ex-fiscales\/mario-german-iguaran-arana\/","og_locale":"es_ES","og_type":"article","og_title":"Fiscal\u00eda General de la Naci\u00f3n","og_description":"P\u00e1gina oficial de la Fiscal\u00eda General de la Naci\u00f3n \u2013 Colombia. Garantizamos el acceso efectivo a la justicia, la verdad y la reparaci\u00f3n de las v\u00edctimas de los delitos.","og_url":"https:\/\/www.fiscalia.gov.co\/colombia\/la-entidad\/el-fiscal\/ex-fiscales\/mario-german-iguaran-arana\/","og_site_name":"Fiscal\u00eda General de la Naci\u00f3n","article_publisher":"https:\/\/www.facebook.com\/FiscaliaCol","article_modified_time":"2024-02-14T16:04:43+00:00","twitter_card":"summary_large_image","twitter_site":"@FiscaliaCol","twitter_misc":{"Tiempo de lectura":"2 minutos"},"schema":{"@context":"https:\/\/schema.org","@graph":[{"@type":"WebPage","@id":"https:\/\/www.fiscalia.gov.co\/colombia\/la-entidad\/el-fiscal\/ex-fiscales\/mario-german-iguaran-arana\/","url":"https:\/\/www.fiscalia.gov.co\/colombia\/la-entidad\/el-fiscal\/ex-fiscales\/mario-german-iguaran-arana\/","name":"Fiscal\u00eda General de la Naci\u00f3n","isPartOf":{"@id":"https:\/\/www.fiscalia.gov.co\/colombia\/#website"},"datePublished":"2012-05-30T17:06:58+00:00","dateModified":"2024-02-14T16:04:43+00:00","description":"P\u00e1gina oficial de la Fiscal\u00eda General de la Naci\u00f3n \u2013 Colombia. Garantizamos el acceso efectivo a la justicia, la verdad y la reparaci\u00f3n de las v\u00edctimas de los delitos.","breadcrumb":{"@id":"https:\/\/www.fiscalia.gov.co\/colombia\/la-entidad\/el-fiscal\/ex-fiscales\/mario-german-iguaran-arana\/#breadcrumb"},"inLanguage":"es-CO","potentialAction":[{"@type":"ReadAction","target":["https:\/\/www.fiscalia.gov.co\/colombia\/la-entidad\/el-fiscal\/ex-fiscales\/mario-german-iguaran-arana\/"]}]},{"@type":"BreadcrumbList","@id":"https:\/\/www.fiscalia.gov.co\/colombia\/la-entidad\/el-fiscal\/ex-fiscales\/mario-german-iguaran-arana\/#breadcrumb","itemListElement":[{"@type":"ListItem","position":1,"name":"Home","item":"https:\/\/www.fiscalia.gov.co\/colombia\/"},{"@type":"ListItem","position":2,"name":"La Entidad","item":"https:\/\/www.fiscalia.gov.co\/colombia\/la-entidad\/"},{"@type":"ListItem","position":3,"name":"Fiscal General de la Naci\u00f3n","item":"https:\/\/www.fiscalia.gov.co\/colombia\/la-entidad\/el-fiscal\/"},{"@type":"ListItem","position":4,"name":"Ex Fiscales Generales de la Naci\u00f3n","item":"https:\/\/www.fiscalia.gov.co\/colombia\/la-entidad\/el-fiscal\/ex-fiscales\/"},{"@type":"ListItem","position":5,"name":"Mario Germ\u00e1n Iguar\u00e1n Arana"}]},{"@type":"WebSite","@id":"https:\/\/www.fiscalia.gov.co\/colombia\/#website","url":"https:\/\/www.fiscalia.gov.co\/colombia\/","name":"Fiscal\u00eda General de la Naci\u00f3n","description":"P\u00e1gina oficial de la Fiscal\u00eda General de la Naci\u00f3n \u2013 Colombia. Garantizamos el acceso efectivo a la justicia, la verdad y la reparaci\u00f3n de las v\u00edctimas de los delitos.","publisher":{"@id":"https:\/\/www.fiscalia.gov.co\/colombia\/#organization"},"potentialAction":[{"@type":"SearchAction","target":{"@type":"EntryPoint","urlTemplate":"https:\/\/www.fiscalia.gov.co\/colombia\/?s={search_term_string}"},"query-input":{"@type":"PropertyValueSpecification","valueRequired":true,"valueName":"search_term_string"}}],"inLanguage":"es-CO"},{"@type":"Organization","@id":"https:\/\/www.fiscalia.gov.co\/colombia\/#organization","name":"Fiscal\u00eda General de la Naci\u00f3n","url":"https:\/\/www.fiscalia.gov.co\/colombia\/","logo":{"@type":"ImageObject","inLanguage":"es-CO","@id":"https:\/\/www.fiscalia.gov.co\/colombia\/#\/schema\/logo\/image\/","url":"https:\/\/www.fiscalia.gov.co\/colombia\/wp-content\/uploads\/LogoHorizontal_1.jpg","contentUrl":"https:\/\/www.fiscalia.gov.co\/colombia\/wp-content\/uploads\/LogoHorizontal_1.jpg","width":300,"height":90,"caption":"Fiscal\u00eda General de la Naci\u00f3n"},"image":{"@id":"https:\/\/www.fiscalia.gov.co\/colombia\/#\/schema\/logo\/image\/"},"sameAs":["https:\/\/www.facebook.com\/FiscaliaCol","https:\/\/x.com\/FiscaliaCol","https:\/\/www.instagram.com\/fiscaliacol","https:\/\/www.linkedin.com\/company\/fiscalia-general-de-la-naci-n\/","https:\/\/youtube.com\/@fiscaliageneraldelanacion-4668?si=6nN79nyQICPU5iTh"]}]}},"ticketed":false,"_links":{"self":[{"href":"https:\/\/www.fiscalia.gov.co\/colombia\/wp-json\/wp\/v2\/pages\/16227","targetHints":{"allow":["GET"]}}],"collection":[{"href":"https:\/\/www.fiscalia.gov.co\/colombia\/wp-json\/wp\/v2\/pages"}],"about":[{"href":"https:\/\/www.fiscalia.gov.co\/colombia\/wp-json\/wp\/v2\/types\/page"}],"author":[{"embeddable":true,"href":"https:\/\/www.fiscalia.gov.co\/colombia\/wp-json\/wp\/v2\/users\/143"}],"replies":[{"embeddable":true,"href":"https:\/\/www.fiscalia.gov.co\/colombia\/wp-json\/wp\/v2\/comments?post=16227"}],"version-history":[{"count":26,"href":"https:\/\/www.fiscalia.gov.co\/colombia\/wp-json\/wp\/v2\/pages\/16227\/revisions"}],"predecessor-version":[{"id":288179,"href":"https:\/\/www.fiscalia.gov.co\/colombia\/wp-json\/wp\/v2\/pages\/16227\/revisions\/288179"}],"up":[{"embeddable":true,"href":"https:\/\/www.fiscalia.gov.co\/colombia\/wp-json\/wp\/v2\/pages\/16207"}],"wp:attachment":[{"href":"https:\/\/www.fiscalia.gov.co\/colombia\/wp-json\/wp\/v2\/media?parent=16227"}],"curies":[{"name":"wp","href":"https:\/\/api.w.org\/{rel}","templated":true}]}}