{"id":16225,"date":"2012-05-30T12:05:42","date_gmt":"2012-05-30T17:05:42","guid":{"rendered":"http:\/\/www.fiscalia.gov.co\/colombia\/?page_id=16225"},"modified":"2024-02-14T10:57:45","modified_gmt":"2024-02-14T15:57:45","slug":"luis-camilo-osorio-isaza","status":"publish","type":"page","link":"https:\/\/www.fiscalia.gov.co\/colombia\/la-entidad\/el-fiscal\/ex-fiscales\/luis-camilo-osorio-isaza\/","title":{"rendered":"Luis Camilo Osorio Isaza"},"content":{"rendered":"<p><a href=\"http:\/\/www.fiscalia.gov.co\/colombia\/wp-content\/uploads\/2012\/05\/LuisCamiloOsorio.jpg\"><img loading=\"lazy\" decoding=\"async\" class=\"size-full wp-image-16277 alignleft\" title=\"LuisCamiloOsorio\" src=\"http:\/\/www.fiscalia.gov.co\/colombia\/wp-content\/uploads\/2012\/05\/LuisCamiloOsorio.jpg\" alt=\"Luis Camilo Osorio Isaza \" width=\"244\" height=\"426\" srcset=\"https:\/\/www.fiscalia.gov.co\/colombia\/wp-content\/uploads\/2012\/05\/LuisCamiloOsorio.jpg 244w, https:\/\/www.fiscalia.gov.co\/colombia\/wp-content\/uploads\/2012\/05\/LuisCamiloOsorio-171x300.jpg 171w\" sizes=\"auto, (max-width: 244px) 100vw, 244px\" \/><\/a><strong>Fiscal General de la Naci\u00f3n entre julio de 2001 y julio de 2005.<\/strong><\/p>\n<p>Luis Camilo Osorio Naci\u00f3 en la ciudad de Medell\u00edn, el primero de diciembre de 1943. Es abogado y economista de la promoci\u00f3n de 1968 de la Pontificia Universidad Javeriana de Bogot\u00e1, con especializaciones en las universidades de Los Andes y de El Rosario, y un doctorado en econom\u00eda p\u00fablica de la universidad Friedrich Wilhelm de Bonn, Alemania, en 1974.<\/p>\n<p>En la d\u00e9cada de los a\u00f1os setenta trabaj\u00f3 en el Departamento de Planeaci\u00f3n Nacional, ocup\u00f3 un cargo diplom\u00e1tico en Alemania y fue concejal de Bogot\u00e1. En 1983, a su regreso de Europa y, durante el gobierno de Belisario Betancur, fue viceministro de Educaci\u00f3n y, posteriormente, entre 1990 y 1994, ejerci\u00f3 como Registrador Nacional del Estado Civil, cargo que dej\u00f3 con buena nota tras las elecciones de 1994.<\/p>\n<p>Un a\u00f1o despu\u00e9s lleg\u00f3 a la Sala de Consulta y Servicio Civil del Consejo de Estado, en donde fue magistrado hasta el a\u00f1o 2001, cuando fue elegido Fiscal General de la Naci\u00f3n por Corte Suprema de Justicia para ocupar el cargo, entre una terna presentada por el presidente Andr\u00e9s Pastrana Arango, junto con Patricia Murcia y Jorge Pinz\u00f3n S\u00e1nchez.<\/p>\n<p>Tras finalizar sus funciones en la entidad, retorn\u00f3 al servicio diplom\u00e1tico como embajador en Italia, Grecia, Malta, Chipre, San Marino y ante la Organizaci\u00f3n de las Naciones Unidas para la Agricultura y la Alimentaci\u00f3n \u2014FAO\u2014 en los a\u00f1os 2005 y 2006, y posteriormente en M\u00e9xico, en el per\u00edodo de 2006 a 2010.<\/p>\n<p>Una parte de su carrera profesional la ha dedicado al ejercicio como abogado litigante \u2014en los per\u00edodos 1975-1981 y 1984-1991\u2014 y se ha desempe\u00f1ado, igualmente, como profesor de derecho en las universidades Pontificia Javeriana, Externado y de los Andes de Bogot\u00e1, as\u00ed como de la Universidad Libre, seccional Barranquilla y de Universidad de Medell\u00edn.<\/p>\n<p>Tambi\u00e9n fue Agente Fiscal de las Empresas P\u00fablicas de Medell\u00edn, conjuez del Tribunal Disciplinario entre 1988 y 1990.<\/p>\n\n<div class=\"twitter-share\"><a href=\"https:\/\/twitter.com\/intent\/tweet?via=fiscaliacol\" class=\"twitter-share-button\">Tweet<\/a><\/div>\n","protected":false},"excerpt":{"rendered":"<p>Fiscal General de la Naci\u00f3n entre julio de 2001 y julio de 2005. Luis Camilo Osorio Naci\u00f3 en la ciudad de Medell\u00edn, el primero de diciembre de 1943. Es abogado y economista de la promoci\u00f3n de 1968 de la Pontificia Universidad Javeriana de Bogot\u00e1, con especializaciones en las universidades de Los Andes y de El [&hellip;]<\/p>\n","protected":false},"author":143,"featured_media":0,"parent":16207,"menu_order":4,"comment_status":"closed","ping_status":"open","template":"","meta":{"_price":"","_stock":"","_tribe_ticket_header":"","_tribe_default_ticket_provider":"","_tribe_ticket_capacity":"0","_ticket_start_date":"","_ticket_end_date":"","_tribe_ticket_show_description":"","_tribe_ticket_show_not_going":false,"_tribe_ticket_use_global_stock":"","_tribe_ticket_global_stock_level":"","_global_stock_mode":"","_global_stock_cap":"","_tribe_rsvp_for_event":"","_tribe_ticket_going_count":"","_tribe_ticket_not_going_count":"","_tribe_tickets_list":"[]","_tribe_ticket_has_attendee_info_fields":false,"tdm_status":"","tdm_grid_status":"","footnotes":"","_tec_slr_enabled":"","_tec_slr_layout":""},"class_list":["post-16225","page","type-page","status-publish"],"yoast_head":"<!-- This site is optimized with the Yoast SEO plugin v24.3 - https:\/\/yoast.com\/wordpress\/plugins\/seo\/ -->\n<title>Fiscal\u00eda General de la Naci\u00f3n<\/title>\n<meta name=\"description\" content=\"P\u00e1gina oficial de la Fiscal\u00eda General de la Naci\u00f3n \u2013 Colombia. Garantizamos el acceso efectivo a la justicia, la verdad y la reparaci\u00f3n de las v\u00edctimas de los delitos.\" \/>\n<meta name=\"robots\" content=\"index, follow, max-snippet:-1, max-image-preview:large, max-video-preview:-1\" \/>\n<link rel=\"canonical\" href=\"https:\/\/www.fiscalia.gov.co\/colombia\/la-entidad\/el-fiscal\/ex-fiscales\/luis-camilo-osorio-isaza\/\" \/>\n<meta property=\"og:locale\" content=\"es_ES\" \/>\n<meta property=\"og:type\" content=\"article\" \/>\n<meta property=\"og:title\" content=\"Fiscal\u00eda General de la Naci\u00f3n\" \/>\n<meta property=\"og:description\" content=\"P\u00e1gina oficial de la Fiscal\u00eda General de la Naci\u00f3n \u2013 Colombia. Garantizamos el acceso efectivo a la justicia, la verdad y la reparaci\u00f3n de las v\u00edctimas de los delitos.\" \/>\n<meta property=\"og:url\" content=\"https:\/\/www.fiscalia.gov.co\/colombia\/la-entidad\/el-fiscal\/ex-fiscales\/luis-camilo-osorio-isaza\/\" \/>\n<meta property=\"og:site_name\" content=\"Fiscal\u00eda General de la Naci\u00f3n\" \/>\n<meta property=\"article:publisher\" content=\"https:\/\/www.facebook.com\/FiscaliaCol\" \/>\n<meta property=\"article:modified_time\" content=\"2024-02-14T15:57:45+00:00\" \/>\n<meta property=\"og:image\" content=\"http:\/\/www.fiscalia.gov.co\/colombia\/wp-content\/uploads\/2012\/05\/LuisCamiloOsorio.jpg\" \/>\n<meta name=\"twitter:card\" content=\"summary_large_image\" \/>\n<meta name=\"twitter:site\" content=\"@FiscaliaCol\" \/>\n<meta name=\"twitter:label1\" content=\"Tiempo de lectura\" \/>\n\t<meta name=\"twitter:data1\" content=\"2 minutos\" \/>\n<script type=\"application\/ld+json\" class=\"yoast-schema-graph\">{\"@context\":\"https:\/\/schema.org\",\"@graph\":[{\"@type\":\"WebPage\",\"@id\":\"https:\/\/www.fiscalia.gov.co\/colombia\/la-entidad\/el-fiscal\/ex-fiscales\/luis-camilo-osorio-isaza\/\",\"url\":\"https:\/\/www.fiscalia.gov.co\/colombia\/la-entidad\/el-fiscal\/ex-fiscales\/luis-camilo-osorio-isaza\/\",\"name\":\"Fiscal\u00eda General de la Naci\u00f3n\",\"isPartOf\":{\"@id\":\"https:\/\/www.fiscalia.gov.co\/colombia\/#website\"},\"primaryImageOfPage\":{\"@id\":\"https:\/\/www.fiscalia.gov.co\/colombia\/la-entidad\/el-fiscal\/ex-fiscales\/luis-camilo-osorio-isaza\/#primaryimage\"},\"image\":{\"@id\":\"https:\/\/www.fiscalia.gov.co\/colombia\/la-entidad\/el-fiscal\/ex-fiscales\/luis-camilo-osorio-isaza\/#primaryimage\"},\"thumbnailUrl\":\"http:\/\/www.fiscalia.gov.co\/colombia\/wp-content\/uploads\/2012\/05\/LuisCamiloOsorio.jpg\",\"datePublished\":\"2012-05-30T17:05:42+00:00\",\"dateModified\":\"2024-02-14T15:57:45+00:00\",\"description\":\"P\u00e1gina oficial de la Fiscal\u00eda General de la Naci\u00f3n \u2013 Colombia. Garantizamos el acceso efectivo a la justicia, la verdad y la reparaci\u00f3n de las v\u00edctimas de los delitos.\",\"breadcrumb\":{\"@id\":\"https:\/\/www.fiscalia.gov.co\/colombia\/la-entidad\/el-fiscal\/ex-fiscales\/luis-camilo-osorio-isaza\/#breadcrumb\"},\"inLanguage\":\"es-CO\",\"potentialAction\":[{\"@type\":\"ReadAction\",\"target\":[\"https:\/\/www.fiscalia.gov.co\/colombia\/la-entidad\/el-fiscal\/ex-fiscales\/luis-camilo-osorio-isaza\/\"]}]},{\"@type\":\"ImageObject\",\"inLanguage\":\"es-CO\",\"@id\":\"https:\/\/www.fiscalia.gov.co\/colombia\/la-entidad\/el-fiscal\/ex-fiscales\/luis-camilo-osorio-isaza\/#primaryimage\",\"url\":\"http:\/\/www.fiscalia.gov.co\/colombia\/wp-content\/uploads\/2012\/05\/LuisCamiloOsorio.jpg\",\"contentUrl\":\"http:\/\/www.fiscalia.gov.co\/colombia\/wp-content\/uploads\/2012\/05\/LuisCamiloOsorio.jpg\"},{\"@type\":\"BreadcrumbList\",\"@id\":\"https:\/\/www.fiscalia.gov.co\/colombia\/la-entidad\/el-fiscal\/ex-fiscales\/luis-camilo-osorio-isaza\/#breadcrumb\",\"itemListElement\":[{\"@type\":\"ListItem\",\"position\":1,\"name\":\"Home\",\"item\":\"https:\/\/www.fiscalia.gov.co\/colombia\/\"},{\"@type\":\"ListItem\",\"position\":2,\"name\":\"La Entidad\",\"item\":\"https:\/\/www.fiscalia.gov.co\/colombia\/la-entidad\/\"},{\"@type\":\"ListItem\",\"position\":3,\"name\":\"Fiscal General de la Naci\u00f3n\",\"item\":\"https:\/\/www.fiscalia.gov.co\/colombia\/la-entidad\/el-fiscal\/\"},{\"@type\":\"ListItem\",\"position\":4,\"name\":\"Ex Fiscales Generales de la Naci\u00f3n\",\"item\":\"https:\/\/www.fiscalia.gov.co\/colombia\/la-entidad\/el-fiscal\/ex-fiscales\/\"},{\"@type\":\"ListItem\",\"position\":5,\"name\":\"Luis Camilo Osorio Isaza\"}]},{\"@type\":\"WebSite\",\"@id\":\"https:\/\/www.fiscalia.gov.co\/colombia\/#website\",\"url\":\"https:\/\/www.fiscalia.gov.co\/colombia\/\",\"name\":\"Fiscal\u00eda General de la Naci\u00f3n\",\"description\":\"P\u00e1gina oficial de la Fiscal\u00eda General de la Naci\u00f3n \u2013 Colombia. Garantizamos el acceso efectivo a la justicia, la verdad y la reparaci\u00f3n de las v\u00edctimas de los delitos.\",\"publisher\":{\"@id\":\"https:\/\/www.fiscalia.gov.co\/colombia\/#organization\"},\"potentialAction\":[{\"@type\":\"SearchAction\",\"target\":{\"@type\":\"EntryPoint\",\"urlTemplate\":\"https:\/\/www.fiscalia.gov.co\/colombia\/?s={search_term_string}\"},\"query-input\":{\"@type\":\"PropertyValueSpecification\",\"valueRequired\":true,\"valueName\":\"search_term_string\"}}],\"inLanguage\":\"es-CO\"},{\"@type\":\"Organization\",\"@id\":\"https:\/\/www.fiscalia.gov.co\/colombia\/#organization\",\"name\":\"Fiscal\u00eda General de la Naci\u00f3n\",\"url\":\"https:\/\/www.fiscalia.gov.co\/colombia\/\",\"logo\":{\"@type\":\"ImageObject\",\"inLanguage\":\"es-CO\",\"@id\":\"https:\/\/www.fiscalia.gov.co\/colombia\/#\/schema\/logo\/image\/\",\"url\":\"https:\/\/www.fiscalia.gov.co\/colombia\/wp-content\/uploads\/LogoHorizontal_1.jpg\",\"contentUrl\":\"https:\/\/www.fiscalia.gov.co\/colombia\/wp-content\/uploads\/LogoHorizontal_1.jpg\",\"width\":300,\"height\":90,\"caption\":\"Fiscal\u00eda General de la Naci\u00f3n\"},\"image\":{\"@id\":\"https:\/\/www.fiscalia.gov.co\/colombia\/#\/schema\/logo\/image\/\"},\"sameAs\":[\"https:\/\/www.facebook.com\/FiscaliaCol\",\"https:\/\/x.com\/FiscaliaCol\",\"https:\/\/www.instagram.com\/fiscaliacol\",\"https:\/\/www.linkedin.com\/company\/fiscalia-general-de-la-naci-n\/\",\"https:\/\/youtube.com\/@fiscaliageneraldelanacion-4668?si=6nN79nyQICPU5iTh\"]}]}<\/script>\n<!-- \/ Yoast SEO plugin. -->","yoast_head_json":{"title":"Fiscal\u00eda General de la Naci\u00f3n","description":"P\u00e1gina oficial de la Fiscal\u00eda General de la Naci\u00f3n \u2013 Colombia. Garantizamos el acceso efectivo a la justicia, la verdad y la reparaci\u00f3n de las v\u00edctimas de los delitos.","robots":{"index":"index","follow":"follow","max-snippet":"max-snippet:-1","max-image-preview":"max-image-preview:large","max-video-preview":"max-video-preview:-1"},"canonical":"https:\/\/www.fiscalia.gov.co\/colombia\/la-entidad\/el-fiscal\/ex-fiscales\/luis-camilo-osorio-isaza\/","og_locale":"es_ES","og_type":"article","og_title":"Fiscal\u00eda General de la Naci\u00f3n","og_description":"P\u00e1gina oficial de la Fiscal\u00eda General de la Naci\u00f3n \u2013 Colombia. Garantizamos el acceso efectivo a la justicia, la verdad y la reparaci\u00f3n de las v\u00edctimas de los delitos.","og_url":"https:\/\/www.fiscalia.gov.co\/colombia\/la-entidad\/el-fiscal\/ex-fiscales\/luis-camilo-osorio-isaza\/","og_site_name":"Fiscal\u00eda General de la Naci\u00f3n","article_publisher":"https:\/\/www.facebook.com\/FiscaliaCol","article_modified_time":"2024-02-14T15:57:45+00:00","og_image":[{"url":"http:\/\/www.fiscalia.gov.co\/colombia\/wp-content\/uploads\/2012\/05\/LuisCamiloOsorio.jpg","type":"","width":"","height":""}],"twitter_card":"summary_large_image","twitter_site":"@FiscaliaCol","twitter_misc":{"Tiempo de lectura":"2 minutos"},"schema":{"@context":"https:\/\/schema.org","@graph":[{"@type":"WebPage","@id":"https:\/\/www.fiscalia.gov.co\/colombia\/la-entidad\/el-fiscal\/ex-fiscales\/luis-camilo-osorio-isaza\/","url":"https:\/\/www.fiscalia.gov.co\/colombia\/la-entidad\/el-fiscal\/ex-fiscales\/luis-camilo-osorio-isaza\/","name":"Fiscal\u00eda General de la Naci\u00f3n","isPartOf":{"@id":"https:\/\/www.fiscalia.gov.co\/colombia\/#website"},"primaryImageOfPage":{"@id":"https:\/\/www.fiscalia.gov.co\/colombia\/la-entidad\/el-fiscal\/ex-fiscales\/luis-camilo-osorio-isaza\/#primaryimage"},"image":{"@id":"https:\/\/www.fiscalia.gov.co\/colombia\/la-entidad\/el-fiscal\/ex-fiscales\/luis-camilo-osorio-isaza\/#primaryimage"},"thumbnailUrl":"http:\/\/www.fiscalia.gov.co\/colombia\/wp-content\/uploads\/2012\/05\/LuisCamiloOsorio.jpg","datePublished":"2012-05-30T17:05:42+00:00","dateModified":"2024-02-14T15:57:45+00:00","description":"P\u00e1gina oficial de la Fiscal\u00eda General de la Naci\u00f3n \u2013 Colombia. Garantizamos el acceso efectivo a la justicia, la verdad y la reparaci\u00f3n de las v\u00edctimas de los delitos.","breadcrumb":{"@id":"https:\/\/www.fiscalia.gov.co\/colombia\/la-entidad\/el-fiscal\/ex-fiscales\/luis-camilo-osorio-isaza\/#breadcrumb"},"inLanguage":"es-CO","potentialAction":[{"@type":"ReadAction","target":["https:\/\/www.fiscalia.gov.co\/colombia\/la-entidad\/el-fiscal\/ex-fiscales\/luis-camilo-osorio-isaza\/"]}]},{"@type":"ImageObject","inLanguage":"es-CO","@id":"https:\/\/www.fiscalia.gov.co\/colombia\/la-entidad\/el-fiscal\/ex-fiscales\/luis-camilo-osorio-isaza\/#primaryimage","url":"http:\/\/www.fiscalia.gov.co\/colombia\/wp-content\/uploads\/2012\/05\/LuisCamiloOsorio.jpg","contentUrl":"http:\/\/www.fiscalia.gov.co\/colombia\/wp-content\/uploads\/2012\/05\/LuisCamiloOsorio.jpg"},{"@type":"BreadcrumbList","@id":"https:\/\/www.fiscalia.gov.co\/colombia\/la-entidad\/el-fiscal\/ex-fiscales\/luis-camilo-osorio-isaza\/#breadcrumb","itemListElement":[{"@type":"ListItem","position":1,"name":"Home","item":"https:\/\/www.fiscalia.gov.co\/colombia\/"},{"@type":"ListItem","position":2,"name":"La Entidad","item":"https:\/\/www.fiscalia.gov.co\/colombia\/la-entidad\/"},{"@type":"ListItem","position":3,"name":"Fiscal General de la Naci\u00f3n","item":"https:\/\/www.fiscalia.gov.co\/colombia\/la-entidad\/el-fiscal\/"},{"@type":"ListItem","position":4,"name":"Ex Fiscales Generales de la Naci\u00f3n","item":"https:\/\/www.fiscalia.gov.co\/colombia\/la-entidad\/el-fiscal\/ex-fiscales\/"},{"@type":"ListItem","position":5,"name":"Luis Camilo Osorio Isaza"}]},{"@type":"WebSite","@id":"https:\/\/www.fiscalia.gov.co\/colombia\/#website","url":"https:\/\/www.fiscalia.gov.co\/colombia\/","name":"Fiscal\u00eda General de la Naci\u00f3n","description":"P\u00e1gina oficial de la Fiscal\u00eda General de la Naci\u00f3n \u2013 Colombia. Garantizamos el acceso efectivo a la justicia, la verdad y la reparaci\u00f3n de las v\u00edctimas de los delitos.","publisher":{"@id":"https:\/\/www.fiscalia.gov.co\/colombia\/#organization"},"potentialAction":[{"@type":"SearchAction","target":{"@type":"EntryPoint","urlTemplate":"https:\/\/www.fiscalia.gov.co\/colombia\/?s={search_term_string}"},"query-input":{"@type":"PropertyValueSpecification","valueRequired":true,"valueName":"search_term_string"}}],"inLanguage":"es-CO"},{"@type":"Organization","@id":"https:\/\/www.fiscalia.gov.co\/colombia\/#organization","name":"Fiscal\u00eda General de la Naci\u00f3n","url":"https:\/\/www.fiscalia.gov.co\/colombia\/","logo":{"@type":"ImageObject","inLanguage":"es-CO","@id":"https:\/\/www.fiscalia.gov.co\/colombia\/#\/schema\/logo\/image\/","url":"https:\/\/www.fiscalia.gov.co\/colombia\/wp-content\/uploads\/LogoHorizontal_1.jpg","contentUrl":"https:\/\/www.fiscalia.gov.co\/colombia\/wp-content\/uploads\/LogoHorizontal_1.jpg","width":300,"height":90,"caption":"Fiscal\u00eda General de la Naci\u00f3n"},"image":{"@id":"https:\/\/www.fiscalia.gov.co\/colombia\/#\/schema\/logo\/image\/"},"sameAs":["https:\/\/www.facebook.com\/FiscaliaCol","https:\/\/x.com\/FiscaliaCol","https:\/\/www.instagram.com\/fiscaliacol","https:\/\/www.linkedin.com\/company\/fiscalia-general-de-la-naci-n\/","https:\/\/youtube.com\/@fiscaliageneraldelanacion-4668?si=6nN79nyQICPU5iTh"]}]}},"ticketed":false,"_links":{"self":[{"href":"https:\/\/www.fiscalia.gov.co\/colombia\/wp-json\/wp\/v2\/pages\/16225","targetHints":{"allow":["GET"]}}],"collection":[{"href":"https:\/\/www.fiscalia.gov.co\/colombia\/wp-json\/wp\/v2\/pages"}],"about":[{"href":"https:\/\/www.fiscalia.gov.co\/colombia\/wp-json\/wp\/v2\/types\/page"}],"author":[{"embeddable":true,"href":"https:\/\/www.fiscalia.gov.co\/colombia\/wp-json\/wp\/v2\/users\/143"}],"replies":[{"embeddable":true,"href":"https:\/\/www.fiscalia.gov.co\/colombia\/wp-json\/wp\/v2\/comments?post=16225"}],"version-history":[{"count":15,"href":"https:\/\/www.fiscalia.gov.co\/colombia\/wp-json\/wp\/v2\/pages\/16225\/revisions"}],"predecessor-version":[{"id":288170,"href":"https:\/\/www.fiscalia.gov.co\/colombia\/wp-json\/wp\/v2\/pages\/16225\/revisions\/288170"}],"up":[{"embeddable":true,"href":"https:\/\/www.fiscalia.gov.co\/colombia\/wp-json\/wp\/v2\/pages\/16207"}],"wp:attachment":[{"href":"https:\/\/www.fiscalia.gov.co\/colombia\/wp-json\/wp\/v2\/media?parent=16225"}],"curies":[{"name":"wp","href":"https:\/\/api.w.org\/{rel}","templated":true}]}}