{"id":161087,"date":"2018-03-16T09:36:58","date_gmt":"2018-03-16T14:36:58","guid":{"rendered":"https:\/\/www.fiscalia.gov.co\/colombia\/?page_id=161087"},"modified":"2019-09-03T14:36:58","modified_gmt":"2019-09-03T19:36:58","slug":"policia-judicial","status":"publish","type":"page","link":"https:\/\/www.fiscalia.gov.co\/colombia\/policia-judicial\/","title":{"rendered":"Policia Judicial"},"content":{"rendered":"<section class=\"wpb-content-wrapper\"><div id=\"tdi_1\" class=\"tdc-row\"><div class=\"vc_row tdi_2  wpb_row td-pb-row\" >\n<style scoped>\n\/* custom css - generated by TagDiv Composer *\/\n\n\/* custom css - generated by TagDiv Composer *\/\n.tdi_2,\r\n                .tdi_2 .tdc-columns{\r\n                    min-height: 0;\r\n                }.tdi_2,\r\n\t\t\t\t.tdi_2 .tdc-columns{\r\n\t\t\t\t    display: block;\r\n\t\t\t\t}.tdi_2 .tdc-columns{\r\n\t\t\t\t    width: 100%;\r\n\t\t\t\t}.tdi_2:before,\r\n\t\t\t\t.tdi_2:after{\r\n\t\t\t\t    display: table;\r\n\t\t\t\t}\n<\/style><div class=\"vc_column tdi_4  wpb_column vc_column_container tdc-column td-pb-span12\">\n<style scoped>\n\/* custom css - generated by TagDiv Composer *\/\n\n\/* custom css - generated by TagDiv Composer *\/\n.tdi_4{\r\n                    vertical-align: baseline;\r\n                }.tdi_4 > .wpb_wrapper,\r\n\t\t\t\t.tdi_4 > .wpb_wrapper > .tdc-elements{\r\n\t\t\t\t    display: block;\r\n\t\t\t\t}.tdi_4 > .wpb_wrapper > .tdc-elements{\r\n\t\t\t\t    width: 100%;\r\n\t\t\t\t}.tdi_4 > .wpb_wrapper > .vc_row_inner{\r\n\t\t\t\t    width: auto;\r\n\t\t\t\t}.tdi_4 > .wpb_wrapper{\r\n\t\t\t\t    width: auto;\r\n\t\t\t\t    height: auto;\r\n\t\t\t\t}\n<\/style><div class=\"wpb_wrapper\" >[vc_custom_heading source=&#8221;post_title&#8221; use_theme_fonts=&#8221;yes&#8221;][vc_custom_heading text=&#8221;Cuerpo T\u00e9cnico de Investigaci\u00f3n&#8221; font_container=&#8221;tag:h4|text_align:left&#8221; use_theme_fonts=&#8221;yes&#8221;]<\/div><\/div><\/div><\/div><div id=\"tdi_5\" class=\"tdc-row\"><div class=\"vc_row tdi_6  wpb_row td-pb-row\" >\n<style scoped>\n\/* custom css - generated by TagDiv Composer *\/\n\n\/* custom css - generated by TagDiv Composer *\/\n.tdi_6,\r\n                .tdi_6 .tdc-columns{\r\n                    min-height: 0;\r\n                }.tdi_6,\r\n\t\t\t\t.tdi_6 .tdc-columns{\r\n\t\t\t\t    display: block;\r\n\t\t\t\t}.tdi_6 .tdc-columns{\r\n\t\t\t\t    width: 100%;\r\n\t\t\t\t}.tdi_6:before,\r\n\t\t\t\t.tdi_6:after{\r\n\t\t\t\t    display: table;\r\n\t\t\t\t}\n<\/style><div class=\"vc_column tdi_8  wpb_column vc_column_container tdc-column td-pb-span12\">\n<style scoped>\n\/* custom css - generated by TagDiv Composer *\/\n\n\/* custom css - generated by TagDiv Composer *\/\n.tdi_8{\r\n                    vertical-align: baseline;\r\n                }.tdi_8 > .wpb_wrapper,\r\n\t\t\t\t.tdi_8 > .wpb_wrapper > .tdc-elements{\r\n\t\t\t\t    display: block;\r\n\t\t\t\t}.tdi_8 > .wpb_wrapper > .tdc-elements{\r\n\t\t\t\t    width: 100%;\r\n\t\t\t\t}.tdi_8 > .wpb_wrapper > .vc_row_inner{\r\n\t\t\t\t    width: auto;\r\n\t\t\t\t}.tdi_8 > .wpb_wrapper{\r\n\t\t\t\t    width: auto;\r\n\t\t\t\t    height: auto;\r\n\t\t\t\t}\n<\/style><div class=\"wpb_wrapper\" >[vc_tta_tour][vc_tta_section title=&#8221;Procedimientos PJ&#8221; tab_id=&#8221;1521211637833-f09565ca-9af6&#8243;][vc_column_text][listyofiles folder=&#8221;\/wp-content\/uploads\/policiajudicial\/&#8221;]\u00a0[\/vc_column_text][\/vc_tta_section][vc_tta_section title=&#8221;Marco Jur\u00eddico PJ&#8221; tab_id=&#8221;1521211637854-362fcc5b-38bd&#8221;][vc_column_text]Constituci\u00f3n Pol\u00edtica de Colombia\r\n<ul>\r\n \t<li><a href=\"http:\/\/www.alcaldiabogota.gov.co\/sisjur\/normas\/Norma1.jsp?i=2774\" target=\"_blank\" rel=\"noopener\">Ley 30 de 1986 Estatuto Estupefacientes<\/a><\/li>\r\n \t<li><a href=\"http:\/\/www.alcaldiabogota.gov.co\/sisjur\/normas\/Norma1.jsp?i=304\" target=\"_blank\" rel=\"noopener\">Ley 80 de 1993 Estatuto de Contrataci\u00f3n<\/a><\/li>\r\n \t<li><a href=\"http:\/\/www.alcaldiabogota.gov.co\/sisjur\/normas\/Norma1.jsp?i=6389\" target=\"_blank\" rel=\"noopener\">Ley 600 de 2000 C\u00f3digo Procedimiento Penal<\/a><\/li>\r\n \t<li><a href=\"http:\/\/www.alcaldiabogota.gov.co\/sisjur\/normas\/Norma1.jsp?i=6388\" target=\"_blank\" rel=\"noopener\">Ley 599 de 2000 C\u00f3digo Penal<\/a><\/li>\r\n \t<li><a href=\"http:\/\/www.alcaldiabogota.gov.co\/sisjur\/normas\/Norma1.jsp?i=4589\" target=\"_blank\" rel=\"noopener\">Ley 734 de 2000 C\u00f3digo Disciplinario<\/a><\/li>\r\n \t<li><a href=\"http:\/\/www.alcaldiabogota.gov.co\/sisjur\/normas\/Norma1.jsp?i=5557\" target=\"_blank\" rel=\"noopener\">Ley 769 de 2002 C\u00f3digo de Transito<\/a><\/li>\r\n \t<li><a href=\"http:\/\/www.alcaldiabogota.gov.co\/sisjur\/normas\/Norma1.jsp?i=11151\" target=\"_blank\" rel=\"noopener\">Acto Legislativo 002 de 2003<\/a><\/li>\r\n \t<li><a href=\"http:\/\/www.alcaldiabogota.gov.co\/sisjur\/normas\/Norma1.jsp?i=14787\" target=\"_blank\" rel=\"noopener\">Ley 906 de 2004 C\u00f3digo Procedimiento Penal<\/a><\/li>\r\n \t<li><a href=\"http:\/\/www.alcaldiabogota.gov.co\/sisjur\/normas\/Norma1.jsp?i=22130\" target=\"_blank\" rel=\"noopener\">Ley 938 de 2004 Estructura Fiscal\u00eda General de la Naci\u00f3n<\/a><\/li>\r\n \t<li><a href=\"http:\/\/www.alcaldiabogota.gov.co\/sisjur\/normas\/Norma1.jsp?i=17416\" target=\"_blank\" rel=\"noopener\">Ley 985 de 2005 Trata de personas<\/a><\/li>\r\n \t<li><a href=\"http:\/\/www.alcaldiabogota.gov.co\/sisjur\/normas\/Norma1.jsp?i=22647\" target=\"_blank\" rel=\"noopener\">Ley 1121 de 2006 Investigaci\u00f3n Terrorismo<\/a><\/li>\r\n \t<li><a href=\"http:\/\/www.alcaldiabogota.gov.co\/sisjur\/normas\/Norma1.jsp?i=22106\" target=\"_blank\" rel=\"noopener\">Ley 1098 de 2006 C\u00f3digo de Infancia y Adolescentes<\/a><\/li>\r\n \t<li><a href=\"http:\/\/www.alcaldiabogota.gov.co\/sisjur\/normas\/Norma1.jsp?i=25620\" target=\"_blank\" rel=\"noopener\">Ley 1142 de 2007 Reformas parciales procedimiento y ley penal colombiana<\/a><\/li>\r\n \t<li><a href=\"http:\/\/www.alcaldiabogota.gov.co\/sisjur\/normas\/Norma1.jsp?i=34054\" target=\"_blank\" rel=\"noopener\">Ley 1257 de 2008 Violencia y discriminaci\u00f3n contra la mujer<\/a><\/li>\r\n \t<li><a href=\"http:\/\/www.alcaldiabogota.gov.co\/sisjur\/normas\/Norma1.jsp?i=34130\" target=\"_blank\" rel=\"noopener\">Ley 1258 de 2008 Sociedades por acciones simplificadas<\/a><\/li>\r\n \t<li><a href=\"http:\/\/www.alcaldiabogota.gov.co\/sisjur\/normas\/Norma1.jsp?i=34492\" target=\"_blank\" rel=\"noopener\">Ley 1273 de 2009 Protecci\u00f3n de datos y comunicaciones<\/a><\/li>\r\n \t<li><a href=\"http:\/\/www.alcaldiabogota.gov.co\/sisjur\/normas\/Norma1.jsp?i=37853\" target=\"_blank\" rel=\"noopener\">NTCGP 1000 de 2009 Calidad<\/a><\/li>\r\n \t<li><a href=\"http:\/\/www.alcaldiabogota.gov.co\/sisjur\/normas\/Norma1.jsp?i=43202\" target=\"_blank\" rel=\"noopener\">Ley 1453 de 2011 Seguridad Ciudadana<\/a><\/li>\r\n \t<li><a href=\"http:\/\/www.alcaldiabogota.gov.co\/sisjur\/normas\/Norma1.jsp?i=43292\" target=\"_blank\" rel=\"noopener\">Ley 1474 de 2011 Ley Anticorrupci\u00f3n<\/a><\/li>\r\n \t<li><a href=\"http:\/\/www.alcaldiabogota.gov.co\/sisjur\/normas\/Norma1.jsp?i=53771\" target=\"_blank\" rel=\"noopener\">Ley 1652 de 2013 Entrevistas Forenses ni\u00f1os y ni\u00f1as \u2013 Actos Sexuales<\/a><\/li>\r\n \t<li><a href=\"http:\/\/www.alcaldiabogota.gov.co\/sisjur\/normas\/Norma1.jsp?i=62513\" target=\"_blank\" rel=\"noopener\">Ley 1078 de 2014 Extinci\u00f3n<\/a><\/li>\r\n \t<li><a href=\"http:\/\/www.alcaldiabogota.gov.co\/sisjur\/normas\/Norma1.jsp?i=62277\" target=\"_blank\" rel=\"noopener\">Ley 1760 de 2015 Medidas de aseguramiento<\/a><\/li>\r\n \t<li><a href=\"http:\/\/www.alcaldiabogota.gov.co\/sisjur\/normas\/Norma1.jsp?i=62278\" target=\"_blank\" rel=\"noopener\">Ley 1761 de 2015 Feminicidio<\/a><\/li>\r\n \t<li><a href=\"http:\/\/www.alcaldiabogota.gov.co\/sisjur\/normas\/Norma1.jsp?i=64468\" target=\"_blank\" rel=\"noopener\">Ley 1774 de 2016 Maltrato animal<\/a><\/li>\r\n \t<li><a href=\"http:\/\/www.alcaldiabogota.gov.co\/sisjur\/normas\/Norma1.jsp?i=66661\" target=\"_blank\" rel=\"noopener\">Ley 1801 de 2016 C\u00f3digo de Polic\u00eda<\/a><\/li>\r\n \t<li><a href=\"http:\/\/www.alcaldiabogota.gov.co\/sisjur\/normas\/Norma1.jsp?i=51241\" target=\"_blank\" rel=\"noopener\">Decreto 016 de 2014 Restructura Fiscal\u00eda<\/a><\/li>\r\n \t<li>Decreto 898 de 2017 Restructura Fiscal\u00eda<\/li>\r\n \t<li><a href=\"http:\/\/www.alcaldiabogota.gov.co\/sisjur\/normas\/Norma1.jsp?i=67904\" target=\"_blank\" rel=\"noopener\">Ley 1826 de 2017 Sistema abreviado \u2013 acusador privado<\/a><\/li>\r\n \t<li><a href=\"http:\/\/www.alcaldiabogota.gov.co\/sisjur\/normas\/Norma1.jsp?i=70013\" target=\"_blank\" rel=\"noopener\">Ley 1849 de 2017 Modifica ley Extinci\u00f3n<\/a><\/li>\r\n<\/ul>\r\n[\/vc_column_text][\/vc_tta_section][vc_tta_section title=&#8221;Jurisprudencia&#8221; tab_id=&#8221;1521230922317-e6c61614-3f3b&#8221;][vc_column_text][listyofiles folder=&#8221;\/wp-content\/uploads\/policiajudicial\/JURISPRUDENCIA&#8221;]\u00a0[\/vc_column_text][\/vc_tta_section][vc_tta_section title=&#8221;Formatos PJ&#8221; tab_id=&#8221;1521732163443-e7b400e5-9003&#8243;][vc_custom_heading text=&#8221;FORMATOS PJ NUEVOS ACTUALIZACI\u00d3N MANUAL&#8221; use_theme_fonts=&#8221;yes&#8221;][vc_column_text][listyofiles folder=&#8221;\/wp-content\/uploads\/policiajudicial\/NUEVOS&#8221;]\u00a0[\/vc_column_text][vc_custom_heading text=&#8221;FORMATOS PJ VIEJOS LUGAR DE LOS HECHOS&#8221; use_theme_fonts=&#8221;yes&#8221;][vc_column_text][listyofiles folder=&#8221;\/wp-content\/uploads\/policiajudicial\/HECHOS&#8221;]\u00a0[\/vc_column_text][vc_custom_heading text=&#8221;FORMATOS PJ VIEJOS ACTUALIZACI\u00d3N MANUAL DE POLIC\u00cdA JUDICIAL&#8221; use_theme_fonts=&#8221;yes&#8221;][vc_column_text][listyofiles folder=&#8221;\/wp-content\/uploads\/policiajudicial\/MANUALPJ&#8221;]\u00a0[\/vc_column_text][\/vc_tta_section][vc_tta_section title=&#8221;Documentos PJ &#8211; Fiscal\u00eda&#8221; tab_id=&#8221;1521731486151-d8b34e43-793c&#8221;][vc_column_text][listyofiles folder=&#8221;\/wp-content\/uploads\/policiajudicial\/DOCPJFISCALIA&#8221;]\u00a0[\/vc_column_text][\/vc_tta_section][vc_tta_section title=&#8221;Documentos Aprobados CNPJ&#8221; tab_id=&#8221;1521731523539-e1b4d64a-3644&#8243;][vc_custom_heading text=&#8221;DOCUMENTOS APROBADOS &#8211; CNPJ&#8221; use_theme_fonts=&#8221;yes&#8221;][vc_column_text][listyofiles folder=&#8221;\/wp-content\/uploads\/policiajudicial\/DOC-CNPJ&#8221;]\u00a0[\/vc_column_text][vc_custom_heading text=&#8221;ACTAS DE CONSEJO NACIONAL POLIC\u00cdA JUDICIAL&#8221; use_theme_fonts=&#8221;yes&#8221;][vc_column_text][listyofiles folder=&#8221;\/wp-content\/uploads\/policiajudicial\/ACTASCNPJ&#8221;]\u00a0[\/vc_column_text][\/vc_tta_section][vc_tta_section title=&#8221;Gu\u00edas&#8221; tab_id=&#8221;1567539191164-24969126-0fb8&#8243;][vc_column_text]\r\n<ul>\r\n \t<li><a href=\"https:\/\/www.fiscalia.gov.co\/colombia\/wp-content\/uploads\/GPJ-3-Guia-Investigaciones-Economico-Financieras-V-01.pdf\">GPJ-3 Guia Investigaciones Economico Financieras V-01<\/a><\/li>\r\n \t<li><a href=\"https:\/\/www.fiscalia.gov.co\/colombia\/wp-content\/uploads\/GPJ-2-Guia-Investigaciones-V-01.pdf\">GPJ-2 Guia Investigaciones V-01<\/a><a href=\"https:\/\/www.fiscalia.gov.co\/colombia\/wp-content\/uploads\/GU\u00cdA-T\u00c9CNICA-PARA-LA-INSPECCI\u00d3N-AL-LUGAR-DE-LOS-HECHOS11.docx\">GU\u00cdA-T\u00c9CNICA-PARA-LA-INSPECCI\u00d3N-AL-LUGAR-DE-LOS-HECHOS11<\/a><\/li>\r\n<\/ul>\r\n[\/vc_column_text][\/vc_tta_section][\/vc_tta_tour]<\/div><\/div><\/div><\/div><\/section>\n<div class=\"twitter-share\"><a href=\"https:\/\/twitter.com\/intent\/tweet?via=fiscaliacol\" class=\"twitter-share-button\">Tweet<\/a><\/div>\n","protected":false},"excerpt":{"rendered":"[vc_custom_heading source=\"post_title\" use_theme_fonts=\"yes\"][vc_custom_heading text=\"Cuerpo T\u00e9cnico de Investigaci\u00f3n\" font_container=\"tag:h4|text_align:left\" use_theme_fonts=\"yes\"] [vc_tta_tour][vc_tta_section title=\"Procedimientos PJ\" tab_id=\"1521211637833-f09565ca-9af6\"][vc_column_text][listyofiles folder=\"\/wp-content\/uploads\/policiajudicial\/\"]\u00a0[\/vc_column_text][\/vc_tta_section][vc_tta_section title=\"Marco Jur\u00eddico PJ\" tab_id=\"1521211637854-362fcc5b-38bd\"][vc_column_text]Constituci\u00f3n Pol\u00edtica de Colombia Ley 30 de 1986 Estatuto Estupefacientes Ley 80 de 1993 Estatuto de Contrataci\u00f3n Ley 600 de 2000 C\u00f3digo Procedimiento Penal Ley 599 de 2000 C\u00f3digo Penal Ley 734 de 2000 C\u00f3digo Disciplinario Ley 769 [...]","protected":false},"author":143,"featured_media":0,"parent":0,"menu_order":0,"comment_status":"closed","ping_status":"closed","template":"","meta":{"_price":"","_stock":"","_tribe_ticket_header":"","_tribe_default_ticket_provider":"","_tribe_ticket_capacity":"0","_ticket_start_date":"","_ticket_end_date":"","_tribe_ticket_show_description":"","_tribe_ticket_show_not_going":false,"_tribe_ticket_use_global_stock":"","_tribe_ticket_global_stock_level":"","_global_stock_mode":"","_global_stock_cap":"","_tribe_rsvp_for_event":"","_tribe_ticket_going_count":"","_tribe_ticket_not_going_count":"","_tribe_tickets_list":"[]","_tribe_ticket_has_attendee_info_fields":false,"tdm_status":"","tdm_grid_status":"","footnotes":"","_tec_slr_enabled":"","_tec_slr_layout":""},"class_list":["post-161087","page","type-page","status-publish"],"yoast_head":"<!-- This site is optimized with the Yoast SEO plugin v24.3 - https:\/\/yoast.com\/wordpress\/plugins\/seo\/ -->\n<title>Fiscal\u00eda General de la Naci\u00f3n<\/title>\n<meta name=\"description\" content=\"P\u00e1gina oficial de la Fiscal\u00eda General de la Naci\u00f3n \u2013 Colombia. Garantizamos el acceso efectivo a la justicia, la verdad y la reparaci\u00f3n de las v\u00edctimas de los delitos.\" \/>\n<meta name=\"robots\" content=\"index, follow, max-snippet:-1, max-image-preview:large, max-video-preview:-1\" \/>\n<link rel=\"canonical\" href=\"https:\/\/www.fiscalia.gov.co\/colombia\/policia-judicial\/\" \/>\n<meta property=\"og:locale\" content=\"es_ES\" \/>\n<meta property=\"og:type\" content=\"article\" \/>\n<meta property=\"og:title\" content=\"Fiscal\u00eda General de la Naci\u00f3n\" \/>\n<meta property=\"og:description\" content=\"P\u00e1gina oficial de la Fiscal\u00eda General de la Naci\u00f3n \u2013 Colombia. Garantizamos el acceso efectivo a la justicia, la verdad y la reparaci\u00f3n de las v\u00edctimas de los delitos.\" \/>\n<meta property=\"og:url\" content=\"https:\/\/www.fiscalia.gov.co\/colombia\/policia-judicial\/\" \/>\n<meta property=\"og:site_name\" content=\"Fiscal\u00eda General de la Naci\u00f3n\" \/>\n<meta property=\"article:publisher\" content=\"https:\/\/www.facebook.com\/FiscaliaCol\" \/>\n<meta property=\"article:modified_time\" content=\"2019-09-03T19:36:58+00:00\" \/>\n<meta name=\"twitter:card\" content=\"summary_large_image\" \/>\n<meta name=\"twitter:site\" content=\"@FiscaliaCol\" \/>\n<meta name=\"twitter:label1\" content=\"Tiempo de lectura\" \/>\n\t<meta name=\"twitter:data1\" content=\"3 minutos\" \/>\n<script type=\"application\/ld+json\" class=\"yoast-schema-graph\">{\"@context\":\"https:\/\/schema.org\",\"@graph\":[{\"@type\":\"WebPage\",\"@id\":\"https:\/\/www.fiscalia.gov.co\/colombia\/policia-judicial\/\",\"url\":\"https:\/\/www.fiscalia.gov.co\/colombia\/policia-judicial\/\",\"name\":\"Fiscal\u00eda General de la Naci\u00f3n\",\"isPartOf\":{\"@id\":\"https:\/\/www.fiscalia.gov.co\/colombia\/#website\"},\"datePublished\":\"2018-03-16T14:36:58+00:00\",\"dateModified\":\"2019-09-03T19:36:58+00:00\",\"description\":\"P\u00e1gina oficial de la Fiscal\u00eda General de la Naci\u00f3n \u2013 Colombia. Garantizamos el acceso efectivo a la justicia, la verdad y la reparaci\u00f3n de las v\u00edctimas de los delitos.\",\"breadcrumb\":{\"@id\":\"https:\/\/www.fiscalia.gov.co\/colombia\/policia-judicial\/#breadcrumb\"},\"inLanguage\":\"es-CO\",\"potentialAction\":[{\"@type\":\"ReadAction\",\"target\":[\"https:\/\/www.fiscalia.gov.co\/colombia\/policia-judicial\/\"]}]},{\"@type\":\"BreadcrumbList\",\"@id\":\"https:\/\/www.fiscalia.gov.co\/colombia\/policia-judicial\/#breadcrumb\",\"itemListElement\":[{\"@type\":\"ListItem\",\"position\":1,\"name\":\"Home\",\"item\":\"https:\/\/www.fiscalia.gov.co\/colombia\/\"},{\"@type\":\"ListItem\",\"position\":2,\"name\":\"Policia Judicial\"}]},{\"@type\":\"WebSite\",\"@id\":\"https:\/\/www.fiscalia.gov.co\/colombia\/#website\",\"url\":\"https:\/\/www.fiscalia.gov.co\/colombia\/\",\"name\":\"Fiscal\u00eda General de la Naci\u00f3n\",\"description\":\"P\u00e1gina oficial de la Fiscal\u00eda General de la Naci\u00f3n \u2013 Colombia. Garantizamos el acceso efectivo a la justicia, la verdad y la reparaci\u00f3n de las v\u00edctimas de los delitos.\",\"publisher\":{\"@id\":\"https:\/\/www.fiscalia.gov.co\/colombia\/#organization\"},\"potentialAction\":[{\"@type\":\"SearchAction\",\"target\":{\"@type\":\"EntryPoint\",\"urlTemplate\":\"https:\/\/www.fiscalia.gov.co\/colombia\/?s={search_term_string}\"},\"query-input\":{\"@type\":\"PropertyValueSpecification\",\"valueRequired\":true,\"valueName\":\"search_term_string\"}}],\"inLanguage\":\"es-CO\"},{\"@type\":\"Organization\",\"@id\":\"https:\/\/www.fiscalia.gov.co\/colombia\/#organization\",\"name\":\"Fiscal\u00eda General de la Naci\u00f3n\",\"url\":\"https:\/\/www.fiscalia.gov.co\/colombia\/\",\"logo\":{\"@type\":\"ImageObject\",\"inLanguage\":\"es-CO\",\"@id\":\"https:\/\/www.fiscalia.gov.co\/colombia\/#\/schema\/logo\/image\/\",\"url\":\"https:\/\/www.fiscalia.gov.co\/colombia\/wp-content\/uploads\/LogoHorizontal_1.jpg\",\"contentUrl\":\"https:\/\/www.fiscalia.gov.co\/colombia\/wp-content\/uploads\/LogoHorizontal_1.jpg\",\"width\":300,\"height\":90,\"caption\":\"Fiscal\u00eda General de la Naci\u00f3n\"},\"image\":{\"@id\":\"https:\/\/www.fiscalia.gov.co\/colombia\/#\/schema\/logo\/image\/\"},\"sameAs\":[\"https:\/\/www.facebook.com\/FiscaliaCol\",\"https:\/\/x.com\/FiscaliaCol\",\"https:\/\/www.instagram.com\/fiscaliacol\",\"https:\/\/www.linkedin.com\/company\/fiscalia-general-de-la-naci-n\/\",\"https:\/\/youtube.com\/@fiscaliageneraldelanacion-4668?si=6nN79nyQICPU5iTh\"]}]}<\/script>\n<!-- \/ Yoast SEO plugin. -->","yoast_head_json":{"title":"Fiscal\u00eda General de la Naci\u00f3n","description":"P\u00e1gina oficial de la Fiscal\u00eda General de la Naci\u00f3n \u2013 Colombia. Garantizamos el acceso efectivo a la justicia, la verdad y la reparaci\u00f3n de las v\u00edctimas de los delitos.","robots":{"index":"index","follow":"follow","max-snippet":"max-snippet:-1","max-image-preview":"max-image-preview:large","max-video-preview":"max-video-preview:-1"},"canonical":"https:\/\/www.fiscalia.gov.co\/colombia\/policia-judicial\/","og_locale":"es_ES","og_type":"article","og_title":"Fiscal\u00eda General de la Naci\u00f3n","og_description":"P\u00e1gina oficial de la Fiscal\u00eda General de la Naci\u00f3n \u2013 Colombia. Garantizamos el acceso efectivo a la justicia, la verdad y la reparaci\u00f3n de las v\u00edctimas de los delitos.","og_url":"https:\/\/www.fiscalia.gov.co\/colombia\/policia-judicial\/","og_site_name":"Fiscal\u00eda General de la Naci\u00f3n","article_publisher":"https:\/\/www.facebook.com\/FiscaliaCol","article_modified_time":"2019-09-03T19:36:58+00:00","twitter_card":"summary_large_image","twitter_site":"@FiscaliaCol","twitter_misc":{"Tiempo de lectura":"3 minutos"},"schema":{"@context":"https:\/\/schema.org","@graph":[{"@type":"WebPage","@id":"https:\/\/www.fiscalia.gov.co\/colombia\/policia-judicial\/","url":"https:\/\/www.fiscalia.gov.co\/colombia\/policia-judicial\/","name":"Fiscal\u00eda General de la Naci\u00f3n","isPartOf":{"@id":"https:\/\/www.fiscalia.gov.co\/colombia\/#website"},"datePublished":"2018-03-16T14:36:58+00:00","dateModified":"2019-09-03T19:36:58+00:00","description":"P\u00e1gina oficial de la Fiscal\u00eda General de la Naci\u00f3n \u2013 Colombia. Garantizamos el acceso efectivo a la justicia, la verdad y la reparaci\u00f3n de las v\u00edctimas de los delitos.","breadcrumb":{"@id":"https:\/\/www.fiscalia.gov.co\/colombia\/policia-judicial\/#breadcrumb"},"inLanguage":"es-CO","potentialAction":[{"@type":"ReadAction","target":["https:\/\/www.fiscalia.gov.co\/colombia\/policia-judicial\/"]}]},{"@type":"BreadcrumbList","@id":"https:\/\/www.fiscalia.gov.co\/colombia\/policia-judicial\/#breadcrumb","itemListElement":[{"@type":"ListItem","position":1,"name":"Home","item":"https:\/\/www.fiscalia.gov.co\/colombia\/"},{"@type":"ListItem","position":2,"name":"Policia Judicial"}]},{"@type":"WebSite","@id":"https:\/\/www.fiscalia.gov.co\/colombia\/#website","url":"https:\/\/www.fiscalia.gov.co\/colombia\/","name":"Fiscal\u00eda General de la Naci\u00f3n","description":"P\u00e1gina oficial de la Fiscal\u00eda General de la Naci\u00f3n \u2013 Colombia. Garantizamos el acceso efectivo a la justicia, la verdad y la reparaci\u00f3n de las v\u00edctimas de los delitos.","publisher":{"@id":"https:\/\/www.fiscalia.gov.co\/colombia\/#organization"},"potentialAction":[{"@type":"SearchAction","target":{"@type":"EntryPoint","urlTemplate":"https:\/\/www.fiscalia.gov.co\/colombia\/?s={search_term_string}"},"query-input":{"@type":"PropertyValueSpecification","valueRequired":true,"valueName":"search_term_string"}}],"inLanguage":"es-CO"},{"@type":"Organization","@id":"https:\/\/www.fiscalia.gov.co\/colombia\/#organization","name":"Fiscal\u00eda General de la Naci\u00f3n","url":"https:\/\/www.fiscalia.gov.co\/colombia\/","logo":{"@type":"ImageObject","inLanguage":"es-CO","@id":"https:\/\/www.fiscalia.gov.co\/colombia\/#\/schema\/logo\/image\/","url":"https:\/\/www.fiscalia.gov.co\/colombia\/wp-content\/uploads\/LogoHorizontal_1.jpg","contentUrl":"https:\/\/www.fiscalia.gov.co\/colombia\/wp-content\/uploads\/LogoHorizontal_1.jpg","width":300,"height":90,"caption":"Fiscal\u00eda General de la Naci\u00f3n"},"image":{"@id":"https:\/\/www.fiscalia.gov.co\/colombia\/#\/schema\/logo\/image\/"},"sameAs":["https:\/\/www.facebook.com\/FiscaliaCol","https:\/\/x.com\/FiscaliaCol","https:\/\/www.instagram.com\/fiscaliacol","https:\/\/www.linkedin.com\/company\/fiscalia-general-de-la-naci-n\/","https:\/\/youtube.com\/@fiscaliageneraldelanacion-4668?si=6nN79nyQICPU5iTh"]}]}},"ticketed":false,"_links":{"self":[{"href":"https:\/\/www.fiscalia.gov.co\/colombia\/wp-json\/wp\/v2\/pages\/161087","targetHints":{"allow":["GET"]}}],"collection":[{"href":"https:\/\/www.fiscalia.gov.co\/colombia\/wp-json\/wp\/v2\/pages"}],"about":[{"href":"https:\/\/www.fiscalia.gov.co\/colombia\/wp-json\/wp\/v2\/types\/page"}],"author":[{"embeddable":true,"href":"https:\/\/www.fiscalia.gov.co\/colombia\/wp-json\/wp\/v2\/users\/143"}],"replies":[{"embeddable":true,"href":"https:\/\/www.fiscalia.gov.co\/colombia\/wp-json\/wp\/v2\/comments?post=161087"}],"version-history":[{"count":28,"href":"https:\/\/www.fiscalia.gov.co\/colombia\/wp-json\/wp\/v2\/pages\/161087\/revisions"}],"predecessor-version":[{"id":183645,"href":"https:\/\/www.fiscalia.gov.co\/colombia\/wp-json\/wp\/v2\/pages\/161087\/revisions\/183645"}],"wp:attachment":[{"href":"https:\/\/www.fiscalia.gov.co\/colombia\/wp-json\/wp\/v2\/media?parent=161087"}],"curies":[{"name":"wp","href":"https:\/\/api.w.org\/{rel}","templated":true}]}}