{"id":160895,"date":"2018-03-14T08:18:00","date_gmt":"2018-03-14T13:18:00","guid":{"rendered":"https:\/\/www.fiscalia.gov.co\/colombia\/?page_id=160895"},"modified":"2022-05-25T16:51:04","modified_gmt":"2022-05-25T21:51:04","slug":"entregas-narino","status":"publish","type":"page","link":"https:\/\/www.fiscalia.gov.co\/colombia\/justicia-transicional-2\/entrega-de-restos-oseos\/entregas-narino\/","title":{"rendered":"Entregas Nari\u00f1o"},"content":{"rendered":"<p><img loading=\"lazy\" decoding=\"async\" class=\"wp-image-249258  alignleft\" src=\"https:\/\/www.fiscalia.gov.co\/colombia\/wp-content\/uploads\/2022-05-24-san-juan-de-pasto-1024x461.jpg\" alt=\"\" width=\"258\" height=\"116\" srcset=\"https:\/\/www.fiscalia.gov.co\/colombia\/wp-content\/uploads\/2022-05-24-san-juan-de-pasto-1024x461.jpg 1024w, https:\/\/www.fiscalia.gov.co\/colombia\/wp-content\/uploads\/2022-05-24-san-juan-de-pasto-300x135.jpg 300w, https:\/\/www.fiscalia.gov.co\/colombia\/wp-content\/uploads\/2022-05-24-san-juan-de-pasto-768x346.jpg 768w, https:\/\/www.fiscalia.gov.co\/colombia\/wp-content\/uploads\/2022-05-24-san-juan-de-pasto-1536x691.jpg 1536w, https:\/\/www.fiscalia.gov.co\/colombia\/wp-content\/uploads\/2022-05-24-san-juan-de-pasto-696x313.jpg 696w, https:\/\/www.fiscalia.gov.co\/colombia\/wp-content\/uploads\/2022-05-24-san-juan-de-pasto-1068x481.jpg 1068w, https:\/\/www.fiscalia.gov.co\/colombia\/wp-content\/uploads\/2022-05-24-san-juan-de-pasto-933x420.jpg 933w, https:\/\/www.fiscalia.gov.co\/colombia\/wp-content\/uploads\/2022-05-24-san-juan-de-pasto.jpg 1600w\" sizes=\"auto, (max-width: 258px) 100vw, 258px\" \/>San Juan de Pasto (Nari\u00f1o),\u00a0 24 de mayo 2022<br \/>\nLugar de ceremonia de entrega de restos: Auditorio de la FGN Sede Edificio Mil\u00e1n, Pasto &#8211; Nari\u00f1o.<br \/>\nRestos entregados: 1<br \/>\nLugar donde se realizaron las exhumaciones: Departamento de Nari\u00f1o<\/p>\n<p><span style=\"font-family: verdana, geneva, sans-serif;\"><span style=\"font-size: 12pt;\"><a href=\"https:\/\/www.fiscalia.gov.co\/colombia\/wp-content\/uploads\/2017\/06\/Tumaco-Nari\u00f1o-2017-05-20.jpg\"><img loading=\"lazy\" decoding=\"async\" class=\"wp-image-213715 alignleft\" src=\"https:\/\/www.fiscalia.gov.co\/colombia\/wp-content\/uploads\/2021-02-17-pasto.jpg\" alt=\"\" width=\"256\" height=\"110\" srcset=\"https:\/\/www.fiscalia.gov.co\/colombia\/wp-content\/uploads\/2021-02-17-pasto.jpg 744w, https:\/\/www.fiscalia.gov.co\/colombia\/wp-content\/uploads\/2021-02-17-pasto-300x129.jpg 300w, https:\/\/www.fiscalia.gov.co\/colombia\/wp-content\/uploads\/2021-02-17-pasto-696x299.jpg 696w, https:\/\/www.fiscalia.gov.co\/colombia\/wp-content\/uploads\/2021-02-17-pasto-741x320.jpg 741w\" sizes=\"auto, (max-width: 256px) 100vw, 256px\" \/><\/a>Pasto (Nari\u00f1o), 17 de febrero 2021<br \/>\nLugar de la ceremonia de entrega de restos: Sede Unidad V\u00edctimas territorial Nari\u00f1o<br \/>\nRestos entregados: 1<br \/>\nLugar donde se realizaron las exhumaciones: Departamento Nari\u00f1o<br \/>\n<\/span><\/span><a href=\"https:\/\/www.fiscalia.gov.co\/colombia\/wp-content\/uploads\/2017\/06\/Tumaco-Nari\u00f1o-2017-05-20.jpg\"><br \/>\n<img loading=\"lazy\" decoding=\"async\" class=\"size-full wp-image-1481 alignleft\" title=\"Entrega Nari\u00f1o\" src=\"https:\/\/www.fiscalia.gov.co\/colombia\/wp-content\/uploads\/2017\/06\/Tumaco-Nari\u00f1o-2017-05-20.jpg\" alt=\"\" width=\"256\" height=\"110\" \/><\/a>Tumaco (Nari\u00f1o), 20 de mayo 2017.<br \/>\nLugar de la ceremonia de entrega de restos: Auditorio Hotel Villa del Sol<br \/>\nRestos entregados: 6<br \/>\nLugar donde se realizaron las exhumaciones: Departamento de Nari\u00f1o<\/p>\n<p style=\"text-align: left;\"><a href=\"https:\/\/www.fiscalia.gov.co\/colombia\/wp-content\/uploads\/2017\/06\/Pasto-Nari\u00f1o-2017-05-17.jpg\"><img loading=\"lazy\" decoding=\"async\" class=\"size-full wp-image-1481 alignleft\" title=\"Entrega Nari\u00f1o\" src=\"https:\/\/www.fiscalia.gov.co\/colombia\/wp-content\/uploads\/2017\/06\/Pasto-Nari\u00f1o-2017-05-17.jpg\" alt=\"\" width=\"256\" height=\"110\" \/><\/a>Pasto (Nari\u00f1o), 17 de mayo 2017.<br \/>\nLugar de la ceremonia de entrega de restos: Auditorio Hotel Terranova<br \/>\nRestos entregados: 6<br \/>\nLugar donde se realizaron las exhumaciones: Departamento de Nari\u00f1o<\/p>\n<p style=\"text-align: left;\"><a href=\"https:\/\/www.fiscalia.gov.co\/colombia\/wp-content\/uploads\/2016\/09\/Entrega-Tumaco-2016-08-31.jpg\"><img loading=\"lazy\" decoding=\"async\" class=\"size-full wp-image-1481 alignleft\" title=\"Entrega Nari\u00f1o\" src=\"https:\/\/www.fiscalia.gov.co\/colombia\/wp-content\/uploads\/2016\/09\/Entrega-Tumaco-2016-08-31.jpg\" alt=\"\" width=\"256\" height=\"110\" \/><\/a>Tumaco (Nari\u00f1o), 31 de agosto de 2016<br \/>\nLugar de la ceremonia de entrega de restos: Auditorio Hotel Los Corales<br \/>\nRestos entregados: 6<br \/>\nLugar donde se realizaron las exhumaciones: Departamento de Nari\u00f1o<\/p>\n<p style=\"text-align: left;\"><a href=\"https:\/\/www.fiscalia.gov.co\/colombia\/wp-content\/uploads\/2016\/12\/Pasto-2016-08-27.jpg\"><img loading=\"lazy\" decoding=\"async\" class=\"size-full wp-image-1481 alignleft\" title=\"Entrega Nari\u00f1o\" src=\"https:\/\/www.fiscalia.gov.co\/colombia\/wp-content\/uploads\/2016\/12\/Pasto-2016-08-27.jpg\" alt=\"\" width=\"256\" height=\"110\" \/><\/a>Pasto(Nari\u00f1o), 27 de agosto de 2016<br \/>\nLugar de la ceremonia de entrega de restos: Auditorio Casa de Ejercicios San Ignacio<br \/>\nRestos entregados: 11<br \/>\nLugar donde se realizaron las exhumaciones: Departamentos de Nari\u00f1o y Putumayo<\/p>\n<p style=\"text-align: left;\"><a href=\"https:\/\/www.fiscalia.gov.co\/colombia\/wp-content\/uploads\/2016\/03\/Ipiales-2016-03-17.jpg\"><img loading=\"lazy\" decoding=\"async\" class=\"size-full wp-image-1481 alignleft\" title=\"Entrega Nari\u00f1o\" src=\"https:\/\/www.fiscalia.gov.co\/colombia\/wp-content\/uploads\/2016\/03\/Ipiales-2016-03-17.jpg\" alt=\"\" width=\"256\" height=\"110\" \/><\/a>Ipiales (Nari\u00f1o), 17 de marzo de 2016.<br \/>\nLugar de la ceremonia de entrega de restos: Casa de la Cultura.<br \/>\nRestos entregados: 1<br \/>\nLugar y fecha donde se realiz\u00f3 la exhumaci\u00f3n: Departamento del Putumayo, 11 de febrero de 2011<\/p>\n<p style=\"text-align: left;\"><a href=\"https:\/\/www.fiscalia.gov.co\/colombia\/wp-content\/uploads\/2014\/07\/24-DE-JULIO-DE-2014-NARI\u00d1O.jpg\"><img loading=\"lazy\" decoding=\"async\" class=\"size-full wp-image-1481 alignleft\" title=\"Entrega Nari\u00f1o\" src=\"https:\/\/www.fiscalia.gov.co\/colombia\/wp-content\/uploads\/2014\/07\/24-DE-JULIO-DE-2014-NARI\u00d1O.jpg\" alt=\"\" width=\"256\" height=\"110\" \/><\/a>Ipiales (Nari\u00f1o), 24 de julio de 2014<br \/>\nLugar de la ceremonia de entrega de restos: Auditorio de la C\u00e1mara de Comercio<br \/>\nRestos entregados: 1<br \/>\nLugar donde se realizaron las exhumaciones: Departamento de Putumayo<\/p>\n<p style=\"text-align: left;\"><a href=\"https:\/\/www.fiscalia.gov.co\/colombia\/wp-content\/uploads\/2014\/06\/pasto-13-de-junio-de-2014.jpg\"><img loading=\"lazy\" decoding=\"async\" class=\"size-full wp-image-1481 alignleft\" title=\"Entrega Nari\u00f1o\" src=\"https:\/\/www.fiscalia.gov.co\/colombia\/wp-content\/uploads\/2014\/06\/pasto-13-de-junio-de-2014.jpg\" alt=\"\" width=\"256\" height=\"110\" \/><\/a>Pasto (Nari\u00f1o), 13 de junio de 2014<br \/>\nLugar de la ceremonia de entrega de restos: Casa de Ejercicios San Ignacio<br \/>\nRestos entregados: 9<br \/>\nLugar donde se realizaron las exhumaciones: Departamentos de Nari\u00f1o y Putumayo<\/p>\n<p style=\"text-align: left;\"><a href=\"https:\/\/www.fiscalia.gov.co\/colombia\/wp-content\/uploads\/2013\/11\/pasto15-de-noviembre-2013.jpg\"><img loading=\"lazy\" decoding=\"async\" class=\"size-full wp-image-1481 alignleft\" title=\"Entrega Nari\u00f1o\" src=\"https:\/\/www.fiscalia.gov.co\/colombia\/wp-content\/uploads\/2013\/11\/pasto15-de-noviembre-2013.jpg\" alt=\"\" width=\"256\" height=\"110\" \/><\/a>Pasto (Nari\u00f1o), 15 de noviembre de 2013<br \/>\nLugar de la ceremonia de entrega de restos: Instalaciones del Hotel Agualongo<br \/>\nRestos entregados: 11<br \/>\nLugar donde se realizaron las exhumaciones: Departamentos de Nari\u00f1o y Putumayo<\/p>\n<p style=\"text-align: left;\"><a href=\"https:\/\/www.fiscalia.gov.co\/colombia\/wp-content\/uploads\/2012\/07\/119.jpg\"><img loading=\"lazy\" decoding=\"async\" class=\"size-full wp-image-1481 alignleft\" title=\"Entrega Nari\u00f1o\" src=\"https:\/\/www.fiscalia.gov.co\/colombia\/wp-content\/uploads\/2012\/07\/119.jpg\" alt=\"\" width=\"256\" height=\"110\" \/><\/a>San Andr\u00e9s de Tumaco (Nari\u00f1o), 12 de abril de 2013<br \/>\nLugar de la ceremonia de entrega de restos: Hotel Los Corales<br \/>\nRestos entregados: 10<br \/>\nLugar donde se realizaron las exhumaciones: Departamento de Nari\u00f1o<\/p>\n<p style=\"text-align: left;\"><a href=\"https:\/\/www.fiscalia.gov.co\/colombia\/wp-content\/uploads\/2012\/07\/215.jpg\"><img loading=\"lazy\" decoding=\"async\" class=\"size-full wp-image-1481 alignleft\" title=\"Entrega Nari\u00f1o\" src=\"https:\/\/www.fiscalia.gov.co\/colombia\/wp-content\/uploads\/2012\/07\/215.jpg\" alt=\"\" width=\"256\" height=\"110\" \/><\/a>Pasto (Nari\u00f1o), 5 de abril de 2013<br \/>\nLugar de la ceremonia de entrega de restos: Auditorio Casa de Ejercicios San Ignacio<br \/>\nRestos entregados: 18<br \/>\nLugar donde se realizaron las exhumaciones: Departamentos de Nari\u00f1o y Putumayo<\/p>\n<p style=\"text-align: left;\"><a href=\"https:\/\/www.fiscalia.gov.co\/colombia\/wp-content\/uploads\/2012\/07\/315.jpg\"><img loading=\"lazy\" decoding=\"async\" class=\" wp-image-1481 alignleft\" title=\"Entrega Nari\u00f1o\" src=\"https:\/\/www.fiscalia.gov.co\/colombia\/wp-content\/uploads\/2012\/07\/315.jpg\" alt=\"\" width=\"256\" height=\"110\" \/><\/a>Pasto (Nari\u00f1o), 10 de agosto de 2012<br \/>\nLugar de la ceremonia de entrega de restos: Hotel Agualongo<br \/>\nRestos entregados: 39<br \/>\nLugar donde se realizaron las exhumaciones: Departamentos de Nari\u00f1o y Putumayo<\/p>\n<p style=\"text-align: left;\"><a href=\"https:\/\/www.fiscalia.gov.co\/colombia\/wp-content\/uploads\/2012\/07\/413.jpg\"><img loading=\"lazy\" decoding=\"async\" class=\" wp-image-1481 alignleft\" title=\"Entrega Nari\u00f1o\" src=\"https:\/\/www.fiscalia.gov.co\/colombia\/wp-content\/uploads\/2012\/07\/413.jpg\" alt=\"\" width=\"256\" height=\"110\" \/><\/a>Pasto (Nari\u00f1o), 2 de febrero de 2012<br \/>\nLugar de la ceremonia de entrega de restos: Sal\u00f3n de Convenciones Valle de Atr\u00edz del Hotel Agualango<br \/>\nRestos entregados: 21<br \/>\nLugar donde se realizaron las exhumaciones: Departamento de Nari\u00f1o<\/p>\n<p style=\"text-align: left;\"><a href=\"https:\/\/www.fiscalia.gov.co\/colombia\/wp-content\/uploads\/2012\/07\/510.jpg\"><img loading=\"lazy\" decoding=\"async\" class=\" wp-image-1482 alignleft\" title=\"Entrega Nari\u00f1o\" src=\"https:\/\/www.fiscalia.gov.co\/colombia\/wp-content\/uploads\/2012\/07\/510.jpg\" alt=\"\" width=\"256\" height=\"110\" \/><\/a>San Andr\u00e9s de Tumaco (Nari\u00f1o), 25 de octubre de 2010<br \/>\nLugar de la ceremonia de entrega de restos: Sal\u00f3n Parroquial de la Catedral<br \/>\nRestos entregados: 3<br \/>\nLugar donde se realizaron las exhumaciones: Departamento de Nari\u00f1o<\/p>\n<p style=\"text-align: left;\"><a href=\"https:\/\/www.fiscalia.gov.co\/colombia\/wp-content\/uploads\/2012\/07\/69.jpg\"><img loading=\"lazy\" decoding=\"async\" class=\" wp-image-1483 alignleft\" title=\"Entrega Nari\u00f1o\" src=\"https:\/\/www.fiscalia.gov.co\/colombia\/wp-content\/uploads\/2012\/07\/69.jpg\" alt=\"\" width=\"256\" height=\"110\" \/><\/a>San Andr\u00e9s de Tumaco (Nari\u00f1o), 29 de octubre de 2010<br \/>\nLugar de la ceremonia de entrega de restos: Sal\u00f3n Parroquial de la Catedral<br \/>\nRestos entregados: 3<br \/>\nLugar donde se realizaron las exhumaciones: Departamento de Nari\u00f1o<\/p>\n\n<div class=\"twitter-share\"><a href=\"https:\/\/twitter.com\/intent\/tweet?via=fiscaliacol\" class=\"twitter-share-button\">Tweet<\/a><\/div>\n","protected":false},"excerpt":{"rendered":"<p>San Juan de Pasto (Nari\u00f1o),\u00a0 24 de mayo 2022 Lugar de ceremonia de entrega de restos: Auditorio de la FGN Sede Edificio Mil\u00e1n, Pasto &#8211; Nari\u00f1o. Restos entregados: 1 Lugar donde se realizaron las exhumaciones: Departamento de Nari\u00f1o Pasto (Nari\u00f1o), 17 de febrero 2021 Lugar de la ceremonia de entrega de restos: Sede Unidad V\u00edctimas [&hellip;]<\/p>\n","protected":false},"author":143,"featured_media":0,"parent":104055,"menu_order":0,"comment_status":"closed","ping_status":"closed","template":"","meta":{"_price":"","_stock":"","_tribe_ticket_header":"","_tribe_default_ticket_provider":"","_tribe_ticket_capacity":"0","_ticket_start_date":"","_ticket_end_date":"","_tribe_ticket_show_description":"","_tribe_ticket_show_not_going":false,"_tribe_ticket_use_global_stock":"","_tribe_ticket_global_stock_level":"","_global_stock_mode":"","_global_stock_cap":"","_tribe_rsvp_for_event":"","_tribe_ticket_going_count":"","_tribe_ticket_not_going_count":"","_tribe_tickets_list":"[]","_tribe_ticket_has_attendee_info_fields":false,"tdm_status":"","tdm_grid_status":"","footnotes":"","_tec_slr_enabled":"","_tec_slr_layout":""},"class_list":["post-160895","page","type-page","status-publish"],"yoast_head":"<!-- This site is optimized with the Yoast SEO plugin v24.3 - https:\/\/yoast.com\/wordpress\/plugins\/seo\/ -->\n<title>Fiscal\u00eda General de la Naci\u00f3n<\/title>\n<meta name=\"description\" content=\"P\u00e1gina oficial de la Fiscal\u00eda General de la Naci\u00f3n \u2013 Colombia. Garantizamos el acceso efectivo a la justicia, la verdad y la reparaci\u00f3n de las v\u00edctimas de los delitos.\" \/>\n<meta name=\"robots\" content=\"index, follow, max-snippet:-1, max-image-preview:large, max-video-preview:-1\" \/>\n<link rel=\"canonical\" href=\"https:\/\/www.fiscalia.gov.co\/colombia\/justicia-transicional-2\/entrega-de-restos-oseos\/entregas-narino\/\" \/>\n<meta property=\"og:locale\" content=\"es_ES\" \/>\n<meta property=\"og:type\" content=\"article\" \/>\n<meta property=\"og:title\" content=\"Fiscal\u00eda General de la Naci\u00f3n\" \/>\n<meta property=\"og:description\" content=\"P\u00e1gina oficial de la Fiscal\u00eda General de la Naci\u00f3n \u2013 Colombia. Garantizamos el acceso efectivo a la justicia, la verdad y la reparaci\u00f3n de las v\u00edctimas de los delitos.\" \/>\n<meta property=\"og:url\" content=\"https:\/\/www.fiscalia.gov.co\/colombia\/justicia-transicional-2\/entrega-de-restos-oseos\/entregas-narino\/\" \/>\n<meta property=\"og:site_name\" content=\"Fiscal\u00eda General de la Naci\u00f3n\" \/>\n<meta property=\"article:publisher\" content=\"https:\/\/www.facebook.com\/FiscaliaCol\" \/>\n<meta property=\"article:modified_time\" content=\"2022-05-25T21:51:04+00:00\" \/>\n<meta property=\"og:image\" content=\"https:\/\/www.fiscalia.gov.co\/colombia\/wp-content\/uploads\/2022-05-24-san-juan-de-pasto-1024x461.jpg\" \/>\n<meta name=\"twitter:card\" content=\"summary_large_image\" \/>\n<meta name=\"twitter:site\" content=\"@FiscaliaCol\" \/>\n<meta name=\"twitter:label1\" content=\"Tiempo de lectura\" \/>\n\t<meta name=\"twitter:data1\" content=\"3 minutos\" \/>\n<script type=\"application\/ld+json\" class=\"yoast-schema-graph\">{\"@context\":\"https:\/\/schema.org\",\"@graph\":[{\"@type\":\"WebPage\",\"@id\":\"https:\/\/www.fiscalia.gov.co\/colombia\/justicia-transicional-2\/entrega-de-restos-oseos\/entregas-narino\/\",\"url\":\"https:\/\/www.fiscalia.gov.co\/colombia\/justicia-transicional-2\/entrega-de-restos-oseos\/entregas-narino\/\",\"name\":\"Fiscal\u00eda General de la Naci\u00f3n\",\"isPartOf\":{\"@id\":\"https:\/\/www.fiscalia.gov.co\/colombia\/#website\"},\"primaryImageOfPage\":{\"@id\":\"https:\/\/www.fiscalia.gov.co\/colombia\/justicia-transicional-2\/entrega-de-restos-oseos\/entregas-narino\/#primaryimage\"},\"image\":{\"@id\":\"https:\/\/www.fiscalia.gov.co\/colombia\/justicia-transicional-2\/entrega-de-restos-oseos\/entregas-narino\/#primaryimage\"},\"thumbnailUrl\":\"https:\/\/www.fiscalia.gov.co\/colombia\/wp-content\/uploads\/2022-05-24-san-juan-de-pasto-1024x461.jpg\",\"datePublished\":\"2018-03-14T13:18:00+00:00\",\"dateModified\":\"2022-05-25T21:51:04+00:00\",\"description\":\"P\u00e1gina oficial de la Fiscal\u00eda General de la Naci\u00f3n \u2013 Colombia. Garantizamos el acceso efectivo a la justicia, la verdad y la reparaci\u00f3n de las v\u00edctimas de los delitos.\",\"breadcrumb\":{\"@id\":\"https:\/\/www.fiscalia.gov.co\/colombia\/justicia-transicional-2\/entrega-de-restos-oseos\/entregas-narino\/#breadcrumb\"},\"inLanguage\":\"es-CO\",\"potentialAction\":[{\"@type\":\"ReadAction\",\"target\":[\"https:\/\/www.fiscalia.gov.co\/colombia\/justicia-transicional-2\/entrega-de-restos-oseos\/entregas-narino\/\"]}]},{\"@type\":\"ImageObject\",\"inLanguage\":\"es-CO\",\"@id\":\"https:\/\/www.fiscalia.gov.co\/colombia\/justicia-transicional-2\/entrega-de-restos-oseos\/entregas-narino\/#primaryimage\",\"url\":\"https:\/\/www.fiscalia.gov.co\/colombia\/wp-content\/uploads\/2022-05-24-san-juan-de-pasto.jpg\",\"contentUrl\":\"https:\/\/www.fiscalia.gov.co\/colombia\/wp-content\/uploads\/2022-05-24-san-juan-de-pasto.jpg\",\"width\":1600,\"height\":720},{\"@type\":\"BreadcrumbList\",\"@id\":\"https:\/\/www.fiscalia.gov.co\/colombia\/justicia-transicional-2\/entrega-de-restos-oseos\/entregas-narino\/#breadcrumb\",\"itemListElement\":[{\"@type\":\"ListItem\",\"position\":1,\"name\":\"Home\",\"item\":\"https:\/\/www.fiscalia.gov.co\/colombia\/\"},{\"@type\":\"ListItem\",\"position\":2,\"name\":\"Justicia Transicional\",\"item\":\"https:\/\/www.fiscalia.gov.co\/colombia\/justicia-transicional-2\/\"},{\"@type\":\"ListItem\",\"position\":3,\"name\":\"Entrega de restos \u00f3seos\",\"item\":\"https:\/\/www.fiscalia.gov.co\/colombia\/justicia-transicional-2\/entrega-de-restos-oseos\/\"},{\"@type\":\"ListItem\",\"position\":4,\"name\":\"Entregas Nari\u00f1o\"}]},{\"@type\":\"WebSite\",\"@id\":\"https:\/\/www.fiscalia.gov.co\/colombia\/#website\",\"url\":\"https:\/\/www.fiscalia.gov.co\/colombia\/\",\"name\":\"Fiscal\u00eda General de la Naci\u00f3n\",\"description\":\"P\u00e1gina oficial de la Fiscal\u00eda General de la Naci\u00f3n \u2013 Colombia. Garantizamos el acceso efectivo a la justicia, la verdad y la reparaci\u00f3n de las v\u00edctimas de los delitos.\",\"publisher\":{\"@id\":\"https:\/\/www.fiscalia.gov.co\/colombia\/#organization\"},\"potentialAction\":[{\"@type\":\"SearchAction\",\"target\":{\"@type\":\"EntryPoint\",\"urlTemplate\":\"https:\/\/www.fiscalia.gov.co\/colombia\/?s={search_term_string}\"},\"query-input\":{\"@type\":\"PropertyValueSpecification\",\"valueRequired\":true,\"valueName\":\"search_term_string\"}}],\"inLanguage\":\"es-CO\"},{\"@type\":\"Organization\",\"@id\":\"https:\/\/www.fiscalia.gov.co\/colombia\/#organization\",\"name\":\"Fiscal\u00eda General de la Naci\u00f3n\",\"url\":\"https:\/\/www.fiscalia.gov.co\/colombia\/\",\"logo\":{\"@type\":\"ImageObject\",\"inLanguage\":\"es-CO\",\"@id\":\"https:\/\/www.fiscalia.gov.co\/colombia\/#\/schema\/logo\/image\/\",\"url\":\"https:\/\/www.fiscalia.gov.co\/colombia\/wp-content\/uploads\/LogoHorizontal_1.jpg\",\"contentUrl\":\"https:\/\/www.fiscalia.gov.co\/colombia\/wp-content\/uploads\/LogoHorizontal_1.jpg\",\"width\":300,\"height\":90,\"caption\":\"Fiscal\u00eda General de la Naci\u00f3n\"},\"image\":{\"@id\":\"https:\/\/www.fiscalia.gov.co\/colombia\/#\/schema\/logo\/image\/\"},\"sameAs\":[\"https:\/\/www.facebook.com\/FiscaliaCol\",\"https:\/\/x.com\/FiscaliaCol\",\"https:\/\/www.instagram.com\/fiscaliacol\",\"https:\/\/www.linkedin.com\/company\/fiscalia-general-de-la-naci-n\/\",\"https:\/\/youtube.com\/@fiscaliageneraldelanacion-4668?si=6nN79nyQICPU5iTh\"]}]}<\/script>\n<!-- \/ Yoast SEO plugin. -->","yoast_head_json":{"title":"Fiscal\u00eda General de la Naci\u00f3n","description":"P\u00e1gina oficial de la Fiscal\u00eda General de la Naci\u00f3n \u2013 Colombia. Garantizamos el acceso efectivo a la justicia, la verdad y la reparaci\u00f3n de las v\u00edctimas de los delitos.","robots":{"index":"index","follow":"follow","max-snippet":"max-snippet:-1","max-image-preview":"max-image-preview:large","max-video-preview":"max-video-preview:-1"},"canonical":"https:\/\/www.fiscalia.gov.co\/colombia\/justicia-transicional-2\/entrega-de-restos-oseos\/entregas-narino\/","og_locale":"es_ES","og_type":"article","og_title":"Fiscal\u00eda General de la Naci\u00f3n","og_description":"P\u00e1gina oficial de la Fiscal\u00eda General de la Naci\u00f3n \u2013 Colombia. Garantizamos el acceso efectivo a la justicia, la verdad y la reparaci\u00f3n de las v\u00edctimas de los delitos.","og_url":"https:\/\/www.fiscalia.gov.co\/colombia\/justicia-transicional-2\/entrega-de-restos-oseos\/entregas-narino\/","og_site_name":"Fiscal\u00eda General de la Naci\u00f3n","article_publisher":"https:\/\/www.facebook.com\/FiscaliaCol","article_modified_time":"2022-05-25T21:51:04+00:00","og_image":[{"url":"https:\/\/www.fiscalia.gov.co\/colombia\/wp-content\/uploads\/2022-05-24-san-juan-de-pasto-1024x461.jpg","type":"","width":"","height":""}],"twitter_card":"summary_large_image","twitter_site":"@FiscaliaCol","twitter_misc":{"Tiempo de lectura":"3 minutos"},"schema":{"@context":"https:\/\/schema.org","@graph":[{"@type":"WebPage","@id":"https:\/\/www.fiscalia.gov.co\/colombia\/justicia-transicional-2\/entrega-de-restos-oseos\/entregas-narino\/","url":"https:\/\/www.fiscalia.gov.co\/colombia\/justicia-transicional-2\/entrega-de-restos-oseos\/entregas-narino\/","name":"Fiscal\u00eda General de la Naci\u00f3n","isPartOf":{"@id":"https:\/\/www.fiscalia.gov.co\/colombia\/#website"},"primaryImageOfPage":{"@id":"https:\/\/www.fiscalia.gov.co\/colombia\/justicia-transicional-2\/entrega-de-restos-oseos\/entregas-narino\/#primaryimage"},"image":{"@id":"https:\/\/www.fiscalia.gov.co\/colombia\/justicia-transicional-2\/entrega-de-restos-oseos\/entregas-narino\/#primaryimage"},"thumbnailUrl":"https:\/\/www.fiscalia.gov.co\/colombia\/wp-content\/uploads\/2022-05-24-san-juan-de-pasto-1024x461.jpg","datePublished":"2018-03-14T13:18:00+00:00","dateModified":"2022-05-25T21:51:04+00:00","description":"P\u00e1gina oficial de la Fiscal\u00eda General de la Naci\u00f3n \u2013 Colombia. Garantizamos el acceso efectivo a la justicia, la verdad y la reparaci\u00f3n de las v\u00edctimas de los delitos.","breadcrumb":{"@id":"https:\/\/www.fiscalia.gov.co\/colombia\/justicia-transicional-2\/entrega-de-restos-oseos\/entregas-narino\/#breadcrumb"},"inLanguage":"es-CO","potentialAction":[{"@type":"ReadAction","target":["https:\/\/www.fiscalia.gov.co\/colombia\/justicia-transicional-2\/entrega-de-restos-oseos\/entregas-narino\/"]}]},{"@type":"ImageObject","inLanguage":"es-CO","@id":"https:\/\/www.fiscalia.gov.co\/colombia\/justicia-transicional-2\/entrega-de-restos-oseos\/entregas-narino\/#primaryimage","url":"https:\/\/www.fiscalia.gov.co\/colombia\/wp-content\/uploads\/2022-05-24-san-juan-de-pasto.jpg","contentUrl":"https:\/\/www.fiscalia.gov.co\/colombia\/wp-content\/uploads\/2022-05-24-san-juan-de-pasto.jpg","width":1600,"height":720},{"@type":"BreadcrumbList","@id":"https:\/\/www.fiscalia.gov.co\/colombia\/justicia-transicional-2\/entrega-de-restos-oseos\/entregas-narino\/#breadcrumb","itemListElement":[{"@type":"ListItem","position":1,"name":"Home","item":"https:\/\/www.fiscalia.gov.co\/colombia\/"},{"@type":"ListItem","position":2,"name":"Justicia Transicional","item":"https:\/\/www.fiscalia.gov.co\/colombia\/justicia-transicional-2\/"},{"@type":"ListItem","position":3,"name":"Entrega de restos \u00f3seos","item":"https:\/\/www.fiscalia.gov.co\/colombia\/justicia-transicional-2\/entrega-de-restos-oseos\/"},{"@type":"ListItem","position":4,"name":"Entregas Nari\u00f1o"}]},{"@type":"WebSite","@id":"https:\/\/www.fiscalia.gov.co\/colombia\/#website","url":"https:\/\/www.fiscalia.gov.co\/colombia\/","name":"Fiscal\u00eda General de la Naci\u00f3n","description":"P\u00e1gina oficial de la Fiscal\u00eda General de la Naci\u00f3n \u2013 Colombia. Garantizamos el acceso efectivo a la justicia, la verdad y la reparaci\u00f3n de las v\u00edctimas de los delitos.","publisher":{"@id":"https:\/\/www.fiscalia.gov.co\/colombia\/#organization"},"potentialAction":[{"@type":"SearchAction","target":{"@type":"EntryPoint","urlTemplate":"https:\/\/www.fiscalia.gov.co\/colombia\/?s={search_term_string}"},"query-input":{"@type":"PropertyValueSpecification","valueRequired":true,"valueName":"search_term_string"}}],"inLanguage":"es-CO"},{"@type":"Organization","@id":"https:\/\/www.fiscalia.gov.co\/colombia\/#organization","name":"Fiscal\u00eda General de la Naci\u00f3n","url":"https:\/\/www.fiscalia.gov.co\/colombia\/","logo":{"@type":"ImageObject","inLanguage":"es-CO","@id":"https:\/\/www.fiscalia.gov.co\/colombia\/#\/schema\/logo\/image\/","url":"https:\/\/www.fiscalia.gov.co\/colombia\/wp-content\/uploads\/LogoHorizontal_1.jpg","contentUrl":"https:\/\/www.fiscalia.gov.co\/colombia\/wp-content\/uploads\/LogoHorizontal_1.jpg","width":300,"height":90,"caption":"Fiscal\u00eda General de la Naci\u00f3n"},"image":{"@id":"https:\/\/www.fiscalia.gov.co\/colombia\/#\/schema\/logo\/image\/"},"sameAs":["https:\/\/www.facebook.com\/FiscaliaCol","https:\/\/x.com\/FiscaliaCol","https:\/\/www.instagram.com\/fiscaliacol","https:\/\/www.linkedin.com\/company\/fiscalia-general-de-la-naci-n\/","https:\/\/youtube.com\/@fiscaliageneraldelanacion-4668?si=6nN79nyQICPU5iTh"]}]}},"ticketed":false,"_links":{"self":[{"href":"https:\/\/www.fiscalia.gov.co\/colombia\/wp-json\/wp\/v2\/pages\/160895","targetHints":{"allow":["GET"]}}],"collection":[{"href":"https:\/\/www.fiscalia.gov.co\/colombia\/wp-json\/wp\/v2\/pages"}],"about":[{"href":"https:\/\/www.fiscalia.gov.co\/colombia\/wp-json\/wp\/v2\/types\/page"}],"author":[{"embeddable":true,"href":"https:\/\/www.fiscalia.gov.co\/colombia\/wp-json\/wp\/v2\/users\/143"}],"replies":[{"embeddable":true,"href":"https:\/\/www.fiscalia.gov.co\/colombia\/wp-json\/wp\/v2\/comments?post=160895"}],"version-history":[{"count":6,"href":"https:\/\/www.fiscalia.gov.co\/colombia\/wp-json\/wp\/v2\/pages\/160895\/revisions"}],"predecessor-version":[{"id":249259,"href":"https:\/\/www.fiscalia.gov.co\/colombia\/wp-json\/wp\/v2\/pages\/160895\/revisions\/249259"}],"up":[{"embeddable":true,"href":"https:\/\/www.fiscalia.gov.co\/colombia\/wp-json\/wp\/v2\/pages\/104055"}],"wp:attachment":[{"href":"https:\/\/www.fiscalia.gov.co\/colombia\/wp-json\/wp\/v2\/media?parent=160895"}],"curies":[{"name":"wp","href":"https:\/\/api.w.org\/{rel}","templated":true}]}}