{"id":160891,"date":"2018-03-14T08:14:42","date_gmt":"2018-03-14T13:14:42","guid":{"rendered":"https:\/\/www.fiscalia.gov.co\/colombia\/?page_id=160891"},"modified":"2022-06-09T10:32:57","modified_gmt":"2022-06-09T15:32:57","slug":"entregas-magdalena","status":"publish","type":"page","link":"https:\/\/www.fiscalia.gov.co\/colombia\/justicia-transicional-2\/entrega-de-restos-oseos\/entregas-magdalena\/","title":{"rendered":"Entregas Magdalena"},"content":{"rendered":"<p><img loading=\"lazy\" decoding=\"async\" class=\"wp-image-250225 alignleft\" src=\"https:\/\/www.fiscalia.gov.co\/colombia\/wp-content\/uploads\/2022-02-16-18-santa-marta.jpg\" alt=\"\" width=\"286\" height=\"123\" srcset=\"https:\/\/www.fiscalia.gov.co\/colombia\/wp-content\/uploads\/2022-02-16-18-santa-marta.jpg 744w, https:\/\/www.fiscalia.gov.co\/colombia\/wp-content\/uploads\/2022-02-16-18-santa-marta-300x129.jpg 300w, https:\/\/www.fiscalia.gov.co\/colombia\/wp-content\/uploads\/2022-02-16-18-santa-marta-696x299.jpg 696w, https:\/\/www.fiscalia.gov.co\/colombia\/wp-content\/uploads\/2022-02-16-18-santa-marta-741x320.jpg 741w\" sizes=\"auto, (max-width: 286px) 100vw, 286px\" \/>Santa Marta (Magdalena), 18 de febrero 2022<br \/>\n<span style=\"font-family: Verdana, BlinkMacSystemFont, -apple-system, 'Segoe UI', Roboto, Oxygen, Ubuntu, Cantarell, 'Open Sans', 'Helvetica Neue', sans-serif;\">Lugar de la ceremonia de entrega de restos: Hotel Catedral Plaza<br \/>\n<\/span><span style=\"font-family: Verdana, BlinkMacSystemFont, -apple-system, 'Segoe UI', Roboto, Oxygen, Ubuntu, Cantarell, 'Open Sans', 'Helvetica Neue', sans-serif;\">Restos entregadoS: 1<br \/>\n<\/span><span style=\"font-family: Verdana, BlinkMacSystemFont, -apple-system, 'Segoe UI', Roboto, Oxygen, Ubuntu, Cantarell, 'Open Sans', 'Helvetica Neue', sans-serif;\">Lugar donde se realizaron las exhumaciones: Departamento del Magdalena<\/span><\/p>\n<p><img loading=\"lazy\" decoding=\"async\" class=\"alignleft wp-image-250224\" src=\"https:\/\/www.fiscalia.gov.co\/colombia\/wp-content\/uploads\/2022-02-16-santa-marta.jpg\" alt=\"\" width=\"286\" height=\"123\" srcset=\"https:\/\/www.fiscalia.gov.co\/colombia\/wp-content\/uploads\/2022-02-16-santa-marta.jpg 744w, https:\/\/www.fiscalia.gov.co\/colombia\/wp-content\/uploads\/2022-02-16-santa-marta-300x129.jpg 300w, https:\/\/www.fiscalia.gov.co\/colombia\/wp-content\/uploads\/2022-02-16-santa-marta-696x299.jpg 696w, https:\/\/www.fiscalia.gov.co\/colombia\/wp-content\/uploads\/2022-02-16-santa-marta-741x320.jpg 741w\" sizes=\"auto, (max-width: 286px) 100vw, 286px\" \/><\/p>\n<p class=\"x_MsoNormal\">Santa Marta (Magdalena), 16 al 18 de febrero 2022<br \/>\n<span style=\"font-family: Verdana, BlinkMacSystemFont, -apple-system, 'Segoe UI', Roboto, Oxygen, Ubuntu, Cantarell, 'Open Sans', 'Helvetica Neue', sans-serif;\">Lugar de la ceremonia de entrega de restos: Hotel Catedral Plaza<br \/>\n<\/span><span style=\"font-family: Verdana, BlinkMacSystemFont, -apple-system, 'Segoe UI', Roboto, Oxygen, Ubuntu, Cantarell, 'Open Sans', 'Helvetica Neue', sans-serif;\">Restos entregados: 2<br \/>\n<\/span><span style=\"font-family: Verdana, BlinkMacSystemFont, -apple-system, 'Segoe UI', Roboto, Oxygen, Ubuntu, Cantarell, 'Open Sans', 'Helvetica Neue', sans-serif;\">Lugar donde se realizaron las exhumaciones: Departamento del Magdalena<\/span><\/p>\n<p><img loading=\"lazy\" decoding=\"async\" class=\" wp-image-207363 alignleft\" src=\"https:\/\/www.fiscalia.gov.co\/colombia\/wp-content\/uploads\/Santa-Marta-2020-10-23.jpg\" alt=\"\" width=\"286\" height=\"123\" srcset=\"https:\/\/www.fiscalia.gov.co\/colombia\/wp-content\/uploads\/Santa-Marta-2020-10-23.jpg 744w, https:\/\/www.fiscalia.gov.co\/colombia\/wp-content\/uploads\/Santa-Marta-2020-10-23-300x129.jpg 300w, https:\/\/www.fiscalia.gov.co\/colombia\/wp-content\/uploads\/Santa-Marta-2020-10-23-696x299.jpg 696w, https:\/\/www.fiscalia.gov.co\/colombia\/wp-content\/uploads\/Santa-Marta-2020-10-23-741x320.jpg 741w\" sizes=\"auto, (max-width: 286px) 100vw, 286px\" \/>Santa Marta (Magdalena), 23 de octubre de 2020<br \/>\nLugar de la ceremonia de entrega de restos: Auditorio Hotel las Brisas<br \/>\nRestos entregados: 2<br \/>\nLugar donde se realizaron las exhumaciones: Departamento Magdalena<\/p>\n<p><img loading=\"lazy\" decoding=\"async\" class=\"wp-image-170940 alignleft\" src=\"https:\/\/www.fiscalia.gov.co\/colombia\/wp-content\/uploads\/17-Magdalena-Gaira-2018-jun-23.jpg\" alt=\"\" width=\"293\" height=\"126\" srcset=\"https:\/\/www.fiscalia.gov.co\/colombia\/wp-content\/uploads\/17-Magdalena-Gaira-2018-jun-23.jpg 744w, https:\/\/www.fiscalia.gov.co\/colombia\/wp-content\/uploads\/17-Magdalena-Gaira-2018-jun-23-300x129.jpg 300w, https:\/\/www.fiscalia.gov.co\/colombia\/wp-content\/uploads\/17-Magdalena-Gaira-2018-jun-23-696x299.jpg 696w, https:\/\/www.fiscalia.gov.co\/colombia\/wp-content\/uploads\/17-Magdalena-Gaira-2018-jun-23-741x320.jpg 741w\" sizes=\"auto, (max-width: 293px) 100vw, 293px\" \/>Gaira (Magdalena), 23 de junio de 2018.<br \/>\nLugar de la ceremonia de entrega de restos: Lugar de residencia<br \/>\nRestos entregados: 1<br \/>\nLugar donde se realizaron las exhumaciones: Departamento de Magdalena<\/p>\n<p><img loading=\"lazy\" decoding=\"async\" class=\"wp-image-170941 alignleft\" src=\"https:\/\/www.fiscalia.gov.co\/colombia\/wp-content\/uploads\/18-Magdalena-Santa-Marta-2018-jun-23.jpg\" alt=\"\" width=\"291\" height=\"125\" srcset=\"https:\/\/www.fiscalia.gov.co\/colombia\/wp-content\/uploads\/18-Magdalena-Santa-Marta-2018-jun-23.jpg 744w, https:\/\/www.fiscalia.gov.co\/colombia\/wp-content\/uploads\/18-Magdalena-Santa-Marta-2018-jun-23-300x129.jpg 300w, https:\/\/www.fiscalia.gov.co\/colombia\/wp-content\/uploads\/18-Magdalena-Santa-Marta-2018-jun-23-696x299.jpg 696w, https:\/\/www.fiscalia.gov.co\/colombia\/wp-content\/uploads\/18-Magdalena-Santa-Marta-2018-jun-23-741x320.jpg 741w\" sizes=\"auto, (max-width: 291px) 100vw, 291px\" \/>Santa Marta (Magdalena), 23 de junio de 2018.<br \/>\nLugar de la ceremonia de entrega de restos: Auditorio Fiscal\u00eda general de la Naci\u00f3n sede Santa Marta<br \/>\nRestos entregados: 1<br \/>\nLugar donde se realizaron las exhumaciones: Departamento de Magdalena<\/p>\n<p style=\"text-align: left;\"><a href=\"https:\/\/www.fiscalia.gov.co\/colombia\/wp-content\/uploads\/2017\/06\/Santa-Marta-Magdalena-2017-04-07.jpg\"><img loading=\"lazy\" decoding=\"async\" class=\" wp-image-1460 alignleft\" title=\"Entrega Meta\" src=\"https:\/\/www.fiscalia.gov.co\/colombia\/wp-content\/uploads\/2017\/06\/Santa-Marta-Magdalena-2017-04-07.jpg\" alt=\"\" width=\"289\" height=\"124\" \/><\/a><\/p>\n<p>Santa Marta (Magdalena), Santa Marta (Magdalena), 7 de abril de 2017<br \/>\nLugar de la ceremonia de entrega de restos:\u00a0Auditorio Comando Central de la Polic\u00eda<br \/>\nRestos entregados: 4<br \/>\nLugar donde se realizaron las exhumaciones: Departamento de Magdalena<\/p>\n<p style=\"text-align: left;\"><a href=\"https:\/\/www.fiscalia.gov.co\/colombia\/wp-content\/uploads\/2016\/12\/Santa-Marta-2016-08-18.jpg\"><img loading=\"lazy\" decoding=\"async\" class=\" wp-image-1460 alignleft\" title=\"Entrega Meta\" src=\"https:\/\/www.fiscalia.gov.co\/colombia\/wp-content\/uploads\/2016\/12\/Santa-Marta-2016-08-18.jpg\" alt=\"\" width=\"291\" height=\"125\" \/><\/a><\/p>\n<p>Santa Marta (Magdalena), 18 de agosto de 2016<br \/>\nLugar de la ceremonia de entrega de restos:\u00a0Auditorio Hotel El Rodadero<br \/>\nRestos entregados: 1<br \/>\nLugar donde se realizaron las exhumaciones: Departamento de Magdalena<\/p>\n<p style=\"text-align: left;\"><a href=\"https:\/\/www.fiscalia.gov.co\/colombia\/wp-content\/uploads\/2014\/08\/1-de-agosto-santa-marta-2014.jpg\"><img loading=\"lazy\" decoding=\"async\" class=\" wp-image-1460 alignleft\" title=\"Entrega Meta\" src=\"https:\/\/www.fiscalia.gov.co\/colombia\/wp-content\/uploads\/2014\/08\/1-de-agosto-santa-marta-2014.jpg\" alt=\"\" width=\"291\" height=\"125\" \/><\/a>Santa Marta (Magdalena), 1 de agosto de 2014<br \/>\nLugar de la ceremonia de entrega de restos: Hotel Teyuna<br \/>\nRestos entregados: 18<br \/>\nLugar donde se realizaron las exhumaciones: Departamento de Magdalena<\/p>\n<p style=\"text-align: left;\"><a href=\"https:\/\/www.fiscalia.gov.co\/colombia\/wp-content\/uploads\/2014\/01\/santa-marta-24-de-enero-2014.jpg\"><img loading=\"lazy\" decoding=\"async\" class=\" wp-image-1460 alignleft\" title=\"Entrega Meta\" src=\"https:\/\/www.fiscalia.gov.co\/colombia\/wp-content\/uploads\/2014\/01\/santa-marta-24-de-enero-2014.jpg\" alt=\"\" width=\"289\" height=\"124\" \/><\/a>Santa Marta (Magdalena), 24 de enero de 2014<br \/>\nLugar de la ceremonia de entrega de restos: Hotel Santa Marta Real<br \/>\nRestos entregados: 23<br \/>\nLugar donde se realizaron las exhumaciones: Departamentos de Caquet\u00e1 y Magdalena<\/p>\n<p style=\"text-align: left;\"><a href=\"https:\/\/www.fiscalia.gov.co\/colombia\/wp-content\/uploads\/2013\/08\/santa-marta-02-de-agosto-2013.jpg\"><img loading=\"lazy\" decoding=\"async\" class=\" wp-image-1460 alignleft\" title=\"Entrega Meta\" src=\"https:\/\/www.fiscalia.gov.co\/colombia\/wp-content\/uploads\/2013\/08\/santa-marta-02-de-agosto-2013.jpg\" alt=\"\" width=\"293\" height=\"126\" \/><\/a>Santa Marta (Magdalena), 2 de agosto de 2013<br \/>\nLugar de la ceremonia de entrega de restos: Auditorio del Centro Vacacional Teyuna<br \/>\nRestos entregados: 14<br \/>\nLugar donde se realizaron las exhumaciones: Departamento de Magdalena<\/p>\n<p style=\"text-align: left;\"><a href=\"https:\/\/www.fiscalia.gov.co\/colombia\/wp-content\/uploads\/2013\/08\/31julio2013santa-marta.jpg\"><img loading=\"lazy\" decoding=\"async\" class=\" wp-image-1460 alignleft\" title=\"Entrega Meta\" src=\"https:\/\/www.fiscalia.gov.co\/colombia\/wp-content\/uploads\/2013\/08\/31julio2013santa-marta.jpg\" alt=\"\" width=\"291\" height=\"125\" \/><\/a>Santa Marta (Magdalena), 31 de julio de 2013<br \/>\nLugar de la ceremonia de entrega de restos: Auditorio del Centro Vacacional Teyuna<br \/>\nRestos entregados: 14<br \/>\nLugar donde se realizaron las exhumaciones: Departamentos de Bol\u00edvar y Magdalena<\/p>\n\n<div class=\"twitter-share\"><a href=\"https:\/\/twitter.com\/intent\/tweet?via=fiscaliacol\" class=\"twitter-share-button\">Tweet<\/a><\/div>\n","protected":false},"excerpt":{"rendered":"<p>Santa Marta (Magdalena), 18 de febrero 2022 Lugar de la ceremonia de entrega de restos: Hotel Catedral Plaza Restos entregadoS: 1 Lugar donde se realizaron las exhumaciones: Departamento del Magdalena Santa Marta (Magdalena), 16 al 18 de febrero 2022 Lugar de la ceremonia de entrega de restos: Hotel Catedral Plaza Restos entregados: 2 Lugar donde [&hellip;]<\/p>\n","protected":false},"author":143,"featured_media":0,"parent":104055,"menu_order":0,"comment_status":"closed","ping_status":"closed","template":"","meta":{"_price":"","_stock":"","_tribe_ticket_header":"","_tribe_default_ticket_provider":"","_tribe_ticket_capacity":"0","_ticket_start_date":"","_ticket_end_date":"","_tribe_ticket_show_description":"","_tribe_ticket_show_not_going":false,"_tribe_ticket_use_global_stock":"","_tribe_ticket_global_stock_level":"","_global_stock_mode":"","_global_stock_cap":"","_tribe_rsvp_for_event":"","_tribe_ticket_going_count":"","_tribe_ticket_not_going_count":"","_tribe_tickets_list":"[]","_tribe_ticket_has_attendee_info_fields":false,"tdm_status":"","tdm_grid_status":"","footnotes":"","_tec_slr_enabled":"","_tec_slr_layout":""},"class_list":["post-160891","page","type-page","status-publish"],"yoast_head":"<!-- This site is optimized with the Yoast SEO plugin v24.3 - https:\/\/yoast.com\/wordpress\/plugins\/seo\/ -->\n<title>Fiscal\u00eda General de la Naci\u00f3n<\/title>\n<meta name=\"description\" content=\"P\u00e1gina oficial de la Fiscal\u00eda General de la Naci\u00f3n \u2013 Colombia. Garantizamos el acceso efectivo a la justicia, la verdad y la reparaci\u00f3n de las v\u00edctimas de los delitos.\" \/>\n<meta name=\"robots\" content=\"index, follow, max-snippet:-1, max-image-preview:large, max-video-preview:-1\" \/>\n<link rel=\"canonical\" href=\"https:\/\/www.fiscalia.gov.co\/colombia\/justicia-transicional-2\/entrega-de-restos-oseos\/entregas-magdalena\/\" \/>\n<meta property=\"og:locale\" content=\"es_ES\" \/>\n<meta property=\"og:type\" content=\"article\" \/>\n<meta property=\"og:title\" content=\"Fiscal\u00eda General de la Naci\u00f3n\" \/>\n<meta property=\"og:description\" content=\"P\u00e1gina oficial de la Fiscal\u00eda General de la Naci\u00f3n \u2013 Colombia. Garantizamos el acceso efectivo a la justicia, la verdad y la reparaci\u00f3n de las v\u00edctimas de los delitos.\" \/>\n<meta property=\"og:url\" content=\"https:\/\/www.fiscalia.gov.co\/colombia\/justicia-transicional-2\/entrega-de-restos-oseos\/entregas-magdalena\/\" \/>\n<meta property=\"og:site_name\" content=\"Fiscal\u00eda General de la Naci\u00f3n\" \/>\n<meta property=\"article:publisher\" content=\"https:\/\/www.facebook.com\/FiscaliaCol\" \/>\n<meta property=\"article:modified_time\" content=\"2022-06-09T15:32:57+00:00\" \/>\n<meta property=\"og:image\" content=\"https:\/\/www.fiscalia.gov.co\/colombia\/wp-content\/uploads\/2022-02-16-18-santa-marta.jpg\" \/>\n<meta name=\"twitter:card\" content=\"summary_large_image\" \/>\n<meta name=\"twitter:site\" content=\"@FiscaliaCol\" \/>\n<meta name=\"twitter:label1\" content=\"Tiempo de lectura\" \/>\n\t<meta name=\"twitter:data1\" content=\"2 minutos\" \/>\n<script type=\"application\/ld+json\" class=\"yoast-schema-graph\">{\"@context\":\"https:\/\/schema.org\",\"@graph\":[{\"@type\":\"WebPage\",\"@id\":\"https:\/\/www.fiscalia.gov.co\/colombia\/justicia-transicional-2\/entrega-de-restos-oseos\/entregas-magdalena\/\",\"url\":\"https:\/\/www.fiscalia.gov.co\/colombia\/justicia-transicional-2\/entrega-de-restos-oseos\/entregas-magdalena\/\",\"name\":\"Fiscal\u00eda General de la Naci\u00f3n\",\"isPartOf\":{\"@id\":\"https:\/\/www.fiscalia.gov.co\/colombia\/#website\"},\"primaryImageOfPage\":{\"@id\":\"https:\/\/www.fiscalia.gov.co\/colombia\/justicia-transicional-2\/entrega-de-restos-oseos\/entregas-magdalena\/#primaryimage\"},\"image\":{\"@id\":\"https:\/\/www.fiscalia.gov.co\/colombia\/justicia-transicional-2\/entrega-de-restos-oseos\/entregas-magdalena\/#primaryimage\"},\"thumbnailUrl\":\"https:\/\/www.fiscalia.gov.co\/colombia\/wp-content\/uploads\/2022-02-16-18-santa-marta.jpg\",\"datePublished\":\"2018-03-14T13:14:42+00:00\",\"dateModified\":\"2022-06-09T15:32:57+00:00\",\"description\":\"P\u00e1gina oficial de la Fiscal\u00eda General de la Naci\u00f3n \u2013 Colombia. Garantizamos el acceso efectivo a la justicia, la verdad y la reparaci\u00f3n de las v\u00edctimas de los delitos.\",\"breadcrumb\":{\"@id\":\"https:\/\/www.fiscalia.gov.co\/colombia\/justicia-transicional-2\/entrega-de-restos-oseos\/entregas-magdalena\/#breadcrumb\"},\"inLanguage\":\"es-CO\",\"potentialAction\":[{\"@type\":\"ReadAction\",\"target\":[\"https:\/\/www.fiscalia.gov.co\/colombia\/justicia-transicional-2\/entrega-de-restos-oseos\/entregas-magdalena\/\"]}]},{\"@type\":\"ImageObject\",\"inLanguage\":\"es-CO\",\"@id\":\"https:\/\/www.fiscalia.gov.co\/colombia\/justicia-transicional-2\/entrega-de-restos-oseos\/entregas-magdalena\/#primaryimage\",\"url\":\"https:\/\/www.fiscalia.gov.co\/colombia\/wp-content\/uploads\/2022-02-16-18-santa-marta.jpg\",\"contentUrl\":\"https:\/\/www.fiscalia.gov.co\/colombia\/wp-content\/uploads\/2022-02-16-18-santa-marta.jpg\",\"width\":744,\"height\":320},{\"@type\":\"BreadcrumbList\",\"@id\":\"https:\/\/www.fiscalia.gov.co\/colombia\/justicia-transicional-2\/entrega-de-restos-oseos\/entregas-magdalena\/#breadcrumb\",\"itemListElement\":[{\"@type\":\"ListItem\",\"position\":1,\"name\":\"Home\",\"item\":\"https:\/\/www.fiscalia.gov.co\/colombia\/\"},{\"@type\":\"ListItem\",\"position\":2,\"name\":\"Justicia Transicional\",\"item\":\"https:\/\/www.fiscalia.gov.co\/colombia\/justicia-transicional-2\/\"},{\"@type\":\"ListItem\",\"position\":3,\"name\":\"Entrega de restos \u00f3seos\",\"item\":\"https:\/\/www.fiscalia.gov.co\/colombia\/justicia-transicional-2\/entrega-de-restos-oseos\/\"},{\"@type\":\"ListItem\",\"position\":4,\"name\":\"Entregas Magdalena\"}]},{\"@type\":\"WebSite\",\"@id\":\"https:\/\/www.fiscalia.gov.co\/colombia\/#website\",\"url\":\"https:\/\/www.fiscalia.gov.co\/colombia\/\",\"name\":\"Fiscal\u00eda General de la Naci\u00f3n\",\"description\":\"P\u00e1gina oficial de la Fiscal\u00eda General de la Naci\u00f3n \u2013 Colombia. Garantizamos el acceso efectivo a la justicia, la verdad y la reparaci\u00f3n de las v\u00edctimas de los delitos.\",\"publisher\":{\"@id\":\"https:\/\/www.fiscalia.gov.co\/colombia\/#organization\"},\"potentialAction\":[{\"@type\":\"SearchAction\",\"target\":{\"@type\":\"EntryPoint\",\"urlTemplate\":\"https:\/\/www.fiscalia.gov.co\/colombia\/?s={search_term_string}\"},\"query-input\":{\"@type\":\"PropertyValueSpecification\",\"valueRequired\":true,\"valueName\":\"search_term_string\"}}],\"inLanguage\":\"es-CO\"},{\"@type\":\"Organization\",\"@id\":\"https:\/\/www.fiscalia.gov.co\/colombia\/#organization\",\"name\":\"Fiscal\u00eda General de la Naci\u00f3n\",\"url\":\"https:\/\/www.fiscalia.gov.co\/colombia\/\",\"logo\":{\"@type\":\"ImageObject\",\"inLanguage\":\"es-CO\",\"@id\":\"https:\/\/www.fiscalia.gov.co\/colombia\/#\/schema\/logo\/image\/\",\"url\":\"https:\/\/www.fiscalia.gov.co\/colombia\/wp-content\/uploads\/LogoHorizontal_1.jpg\",\"contentUrl\":\"https:\/\/www.fiscalia.gov.co\/colombia\/wp-content\/uploads\/LogoHorizontal_1.jpg\",\"width\":300,\"height\":90,\"caption\":\"Fiscal\u00eda General de la Naci\u00f3n\"},\"image\":{\"@id\":\"https:\/\/www.fiscalia.gov.co\/colombia\/#\/schema\/logo\/image\/\"},\"sameAs\":[\"https:\/\/www.facebook.com\/FiscaliaCol\",\"https:\/\/x.com\/FiscaliaCol\",\"https:\/\/www.instagram.com\/fiscaliacol\",\"https:\/\/www.linkedin.com\/company\/fiscalia-general-de-la-naci-n\/\",\"https:\/\/youtube.com\/@fiscaliageneraldelanacion-4668?si=6nN79nyQICPU5iTh\"]}]}<\/script>\n<!-- \/ Yoast SEO plugin. -->","yoast_head_json":{"title":"Fiscal\u00eda General de la Naci\u00f3n","description":"P\u00e1gina oficial de la Fiscal\u00eda General de la Naci\u00f3n \u2013 Colombia. Garantizamos el acceso efectivo a la justicia, la verdad y la reparaci\u00f3n de las v\u00edctimas de los delitos.","robots":{"index":"index","follow":"follow","max-snippet":"max-snippet:-1","max-image-preview":"max-image-preview:large","max-video-preview":"max-video-preview:-1"},"canonical":"https:\/\/www.fiscalia.gov.co\/colombia\/justicia-transicional-2\/entrega-de-restos-oseos\/entregas-magdalena\/","og_locale":"es_ES","og_type":"article","og_title":"Fiscal\u00eda General de la Naci\u00f3n","og_description":"P\u00e1gina oficial de la Fiscal\u00eda General de la Naci\u00f3n \u2013 Colombia. Garantizamos el acceso efectivo a la justicia, la verdad y la reparaci\u00f3n de las v\u00edctimas de los delitos.","og_url":"https:\/\/www.fiscalia.gov.co\/colombia\/justicia-transicional-2\/entrega-de-restos-oseos\/entregas-magdalena\/","og_site_name":"Fiscal\u00eda General de la Naci\u00f3n","article_publisher":"https:\/\/www.facebook.com\/FiscaliaCol","article_modified_time":"2022-06-09T15:32:57+00:00","og_image":[{"url":"https:\/\/www.fiscalia.gov.co\/colombia\/wp-content\/uploads\/2022-02-16-18-santa-marta.jpg","type":"","width":"","height":""}],"twitter_card":"summary_large_image","twitter_site":"@FiscaliaCol","twitter_misc":{"Tiempo de lectura":"2 minutos"},"schema":{"@context":"https:\/\/schema.org","@graph":[{"@type":"WebPage","@id":"https:\/\/www.fiscalia.gov.co\/colombia\/justicia-transicional-2\/entrega-de-restos-oseos\/entregas-magdalena\/","url":"https:\/\/www.fiscalia.gov.co\/colombia\/justicia-transicional-2\/entrega-de-restos-oseos\/entregas-magdalena\/","name":"Fiscal\u00eda General de la Naci\u00f3n","isPartOf":{"@id":"https:\/\/www.fiscalia.gov.co\/colombia\/#website"},"primaryImageOfPage":{"@id":"https:\/\/www.fiscalia.gov.co\/colombia\/justicia-transicional-2\/entrega-de-restos-oseos\/entregas-magdalena\/#primaryimage"},"image":{"@id":"https:\/\/www.fiscalia.gov.co\/colombia\/justicia-transicional-2\/entrega-de-restos-oseos\/entregas-magdalena\/#primaryimage"},"thumbnailUrl":"https:\/\/www.fiscalia.gov.co\/colombia\/wp-content\/uploads\/2022-02-16-18-santa-marta.jpg","datePublished":"2018-03-14T13:14:42+00:00","dateModified":"2022-06-09T15:32:57+00:00","description":"P\u00e1gina oficial de la Fiscal\u00eda General de la Naci\u00f3n \u2013 Colombia. Garantizamos el acceso efectivo a la justicia, la verdad y la reparaci\u00f3n de las v\u00edctimas de los delitos.","breadcrumb":{"@id":"https:\/\/www.fiscalia.gov.co\/colombia\/justicia-transicional-2\/entrega-de-restos-oseos\/entregas-magdalena\/#breadcrumb"},"inLanguage":"es-CO","potentialAction":[{"@type":"ReadAction","target":["https:\/\/www.fiscalia.gov.co\/colombia\/justicia-transicional-2\/entrega-de-restos-oseos\/entregas-magdalena\/"]}]},{"@type":"ImageObject","inLanguage":"es-CO","@id":"https:\/\/www.fiscalia.gov.co\/colombia\/justicia-transicional-2\/entrega-de-restos-oseos\/entregas-magdalena\/#primaryimage","url":"https:\/\/www.fiscalia.gov.co\/colombia\/wp-content\/uploads\/2022-02-16-18-santa-marta.jpg","contentUrl":"https:\/\/www.fiscalia.gov.co\/colombia\/wp-content\/uploads\/2022-02-16-18-santa-marta.jpg","width":744,"height":320},{"@type":"BreadcrumbList","@id":"https:\/\/www.fiscalia.gov.co\/colombia\/justicia-transicional-2\/entrega-de-restos-oseos\/entregas-magdalena\/#breadcrumb","itemListElement":[{"@type":"ListItem","position":1,"name":"Home","item":"https:\/\/www.fiscalia.gov.co\/colombia\/"},{"@type":"ListItem","position":2,"name":"Justicia Transicional","item":"https:\/\/www.fiscalia.gov.co\/colombia\/justicia-transicional-2\/"},{"@type":"ListItem","position":3,"name":"Entrega de restos \u00f3seos","item":"https:\/\/www.fiscalia.gov.co\/colombia\/justicia-transicional-2\/entrega-de-restos-oseos\/"},{"@type":"ListItem","position":4,"name":"Entregas Magdalena"}]},{"@type":"WebSite","@id":"https:\/\/www.fiscalia.gov.co\/colombia\/#website","url":"https:\/\/www.fiscalia.gov.co\/colombia\/","name":"Fiscal\u00eda General de la Naci\u00f3n","description":"P\u00e1gina oficial de la Fiscal\u00eda General de la Naci\u00f3n \u2013 Colombia. Garantizamos el acceso efectivo a la justicia, la verdad y la reparaci\u00f3n de las v\u00edctimas de los delitos.","publisher":{"@id":"https:\/\/www.fiscalia.gov.co\/colombia\/#organization"},"potentialAction":[{"@type":"SearchAction","target":{"@type":"EntryPoint","urlTemplate":"https:\/\/www.fiscalia.gov.co\/colombia\/?s={search_term_string}"},"query-input":{"@type":"PropertyValueSpecification","valueRequired":true,"valueName":"search_term_string"}}],"inLanguage":"es-CO"},{"@type":"Organization","@id":"https:\/\/www.fiscalia.gov.co\/colombia\/#organization","name":"Fiscal\u00eda General de la Naci\u00f3n","url":"https:\/\/www.fiscalia.gov.co\/colombia\/","logo":{"@type":"ImageObject","inLanguage":"es-CO","@id":"https:\/\/www.fiscalia.gov.co\/colombia\/#\/schema\/logo\/image\/","url":"https:\/\/www.fiscalia.gov.co\/colombia\/wp-content\/uploads\/LogoHorizontal_1.jpg","contentUrl":"https:\/\/www.fiscalia.gov.co\/colombia\/wp-content\/uploads\/LogoHorizontal_1.jpg","width":300,"height":90,"caption":"Fiscal\u00eda General de la Naci\u00f3n"},"image":{"@id":"https:\/\/www.fiscalia.gov.co\/colombia\/#\/schema\/logo\/image\/"},"sameAs":["https:\/\/www.facebook.com\/FiscaliaCol","https:\/\/x.com\/FiscaliaCol","https:\/\/www.instagram.com\/fiscaliacol","https:\/\/www.linkedin.com\/company\/fiscalia-general-de-la-naci-n\/","https:\/\/youtube.com\/@fiscaliageneraldelanacion-4668?si=6nN79nyQICPU5iTh"]}]}},"ticketed":false,"_links":{"self":[{"href":"https:\/\/www.fiscalia.gov.co\/colombia\/wp-json\/wp\/v2\/pages\/160891","targetHints":{"allow":["GET"]}}],"collection":[{"href":"https:\/\/www.fiscalia.gov.co\/colombia\/wp-json\/wp\/v2\/pages"}],"about":[{"href":"https:\/\/www.fiscalia.gov.co\/colombia\/wp-json\/wp\/v2\/types\/page"}],"author":[{"embeddable":true,"href":"https:\/\/www.fiscalia.gov.co\/colombia\/wp-json\/wp\/v2\/users\/143"}],"replies":[{"embeddable":true,"href":"https:\/\/www.fiscalia.gov.co\/colombia\/wp-json\/wp\/v2\/comments?post=160891"}],"version-history":[{"count":7,"href":"https:\/\/www.fiscalia.gov.co\/colombia\/wp-json\/wp\/v2\/pages\/160891\/revisions"}],"predecessor-version":[{"id":250227,"href":"https:\/\/www.fiscalia.gov.co\/colombia\/wp-json\/wp\/v2\/pages\/160891\/revisions\/250227"}],"up":[{"embeddable":true,"href":"https:\/\/www.fiscalia.gov.co\/colombia\/wp-json\/wp\/v2\/pages\/104055"}],"wp:attachment":[{"href":"https:\/\/www.fiscalia.gov.co\/colombia\/wp-json\/wp\/v2\/media?parent=160891"}],"curies":[{"name":"wp","href":"https:\/\/api.w.org\/{rel}","templated":true}]}}