{"id":160880,"date":"2018-03-13T17:03:20","date_gmt":"2018-03-13T22:03:20","guid":{"rendered":"https:\/\/www.fiscalia.gov.co\/colombia\/?page_id=160880"},"modified":"2021-06-03T11:57:39","modified_gmt":"2021-06-03T16:57:39","slug":"entregas-guaviare","status":"publish","type":"page","link":"https:\/\/www.fiscalia.gov.co\/colombia\/justicia-transicional-2\/entrega-de-restos-oseos\/entregas-guaviare\/","title":{"rendered":"Entregas Guaviare"},"content":{"rendered":"<p><img loading=\"lazy\" decoding=\"async\" class=\"wp-image-221350  alignleft\" src=\"https:\/\/www.fiscalia.gov.co\/colombia\/wp-content\/uploads\/2021-05-27-san-jose-del-guaviare.jpg\" alt=\"\" width=\"327\" height=\"141\" srcset=\"https:\/\/www.fiscalia.gov.co\/colombia\/wp-content\/uploads\/2021-05-27-san-jose-del-guaviare.jpg 744w, https:\/\/www.fiscalia.gov.co\/colombia\/wp-content\/uploads\/2021-05-27-san-jose-del-guaviare-300x129.jpg 300w, https:\/\/www.fiscalia.gov.co\/colombia\/wp-content\/uploads\/2021-05-27-san-jose-del-guaviare-696x299.jpg 696w, https:\/\/www.fiscalia.gov.co\/colombia\/wp-content\/uploads\/2021-05-27-san-jose-del-guaviare-741x320.jpg 741w\" sizes=\"auto, (max-width: 327px) 100vw, 327px\" \/>San Jos\u00e9 del Guaviare (Guaviare), 27 de mayo 2021<br \/>\nLugar de la ceremonia de entrega de restos: Hotel Palma Real<br \/>\nRestos entregados: 1<br \/>\nLugar donde se realizaron las exhumaciones: Departamento del Meta (Cementerio de Granada)<\/p>\n<p><img loading=\"lazy\" decoding=\"async\" class=\"wp-image-208880 alignleft\" src=\"https:\/\/www.fiscalia.gov.co\/colombia\/wp-content\/uploads\/2020-11-27-san-jose-guaviare.jpg\" alt=\"\" width=\"333\" height=\"143\" srcset=\"https:\/\/www.fiscalia.gov.co\/colombia\/wp-content\/uploads\/2020-11-27-san-jose-guaviare.jpg 744w, https:\/\/www.fiscalia.gov.co\/colombia\/wp-content\/uploads\/2020-11-27-san-jose-guaviare-300x129.jpg 300w, https:\/\/www.fiscalia.gov.co\/colombia\/wp-content\/uploads\/2020-11-27-san-jose-guaviare-696x299.jpg 696w, https:\/\/www.fiscalia.gov.co\/colombia\/wp-content\/uploads\/2020-11-27-san-jose-guaviare-741x320.jpg 741w\" sizes=\"auto, (max-width: 333px) 100vw, 333px\" \/>Guaviare (San Jose del Guaviare), 27 de noviembre 2020<br \/>\nLugar de la ceremonia de entrega de restos: HOTEL AEROPUERTO -GUAVIARE<br \/>\nRestos entregados: 1<br \/>\nLugar donde se realizaron las exhumaciones: Departamento Guaviare- Cementerio El Para\u00edso<\/p>\n<p><img loading=\"lazy\" decoding=\"async\" class=\"wp-image-170932 alignleft\" src=\"https:\/\/www.fiscalia.gov.co\/colombia\/wp-content\/uploads\/13-Guaviare-San-Jose-2018-sep-27.jpg\" alt=\"\" width=\"340\" height=\"146\" srcset=\"https:\/\/www.fiscalia.gov.co\/colombia\/wp-content\/uploads\/13-Guaviare-San-Jose-2018-sep-27.jpg 744w, https:\/\/www.fiscalia.gov.co\/colombia\/wp-content\/uploads\/13-Guaviare-San-Jose-2018-sep-27-300x129.jpg 300w, https:\/\/www.fiscalia.gov.co\/colombia\/wp-content\/uploads\/13-Guaviare-San-Jose-2018-sep-27-696x299.jpg 696w, https:\/\/www.fiscalia.gov.co\/colombia\/wp-content\/uploads\/13-Guaviare-San-Jose-2018-sep-27-741x320.jpg 741w\" sizes=\"auto, (max-width: 340px) 100vw, 340px\" \/>San Jose del Guaviare (Guaviare), 27 de septiembre 2018.<br \/>\nLugar de la ceremonia de entrega de restos: Auditorio Centro Regional de San Jose del Guaviare<br \/>\nRestos entregados: 1<br \/>\nLugar donde se realizaron las exhumaciones: Departamento de San Jose del Guaviare<\/p>\n<p><img loading=\"lazy\" decoding=\"async\" class=\"wp-image-170933 alignleft\" src=\"https:\/\/www.fiscalia.gov.co\/colombia\/wp-content\/uploads\/14-Guaviare-San-Jose-2018-sep-27.jpg\" alt=\"\" width=\"349\" height=\"150\" srcset=\"https:\/\/www.fiscalia.gov.co\/colombia\/wp-content\/uploads\/14-Guaviare-San-Jose-2018-sep-27.jpg 744w, https:\/\/www.fiscalia.gov.co\/colombia\/wp-content\/uploads\/14-Guaviare-San-Jose-2018-sep-27-300x129.jpg 300w, https:\/\/www.fiscalia.gov.co\/colombia\/wp-content\/uploads\/14-Guaviare-San-Jose-2018-sep-27-696x299.jpg 696w, https:\/\/www.fiscalia.gov.co\/colombia\/wp-content\/uploads\/14-Guaviare-San-Jose-2018-sep-27-741x320.jpg 741w\" sizes=\"auto, (max-width: 349px) 100vw, 349px\" \/>San Jose del Guaviare (Guaviare), 27 de septiembre 2018.<br \/>\nLugar de la ceremonia de entrega de restos: Auditorio Centro Regional de San Jose del Guaviare<br \/>\nRestos entregados: 1<br \/>\nLugar donde se realizaron las exhumaciones: Departamento de San Jose del Guaviare<\/p>\n<p style=\"text-align: left;\"><a href=\" https:\/\/www.fiscalia.gov.co\/colombia\/wp-content\/uploads\/2016\/03\/San-Jose-del-Guaviare-2015-10-23.jpg\"><img loading=\"lazy\" decoding=\"async\" class=\" wp-image-1460 alignleft\" title=\"Entrega Meta\" src=\" https:\/\/www.fiscalia.gov.co\/colombia\/wp-content\/uploads\/2016\/03\/San-Jose-del-Guaviare-2015-10-23.jpg\" alt=\"\" width=\"352\" height=\"151\" \/><\/a> San Jos\u00e9 del Guaviare (Guaviare), 23 de octubre de 2015.<br \/>\nLugar de la ceremonia de entrega de restos: Centro Pastoral Cempagua<br \/>\nRestos entregados: 5<br \/>\nLugar donde se realizaron las exhumaciones: Departamento del Guaviare<\/p>\n<p style=\"text-align: left;\"><a href=\"https:\/\/www.fiscalia.gov.co\/colombia\/wp-content\/uploads\/26-de-abril-de-2014-san-jose.jpg\"><img loading=\"lazy\" decoding=\"async\" class=\"alignleft wp-image-1460 \" title=\"Entrega Meta\" src=\" https:\/\/www.fiscalia.gov.co\/colombia\/wp-content\/uploads\/2014\/04\/25-de-abril-de-2014-san-jose.jpg \" alt=\"\" width=\"350\" height=\"149\" \/><\/a> San Jos\u00e9 del Guaviare (Guaviare), 26 de abril de 2014.<br \/>\nLugar de la ceremonia de entrega de restos: Casa de Justicia de San Jos\u00e9 del Guaviare.<br \/>\nRestos entregados: 1<br \/>\nLugar donde se realizaron las exhumaciones: Departamento del Guaviare.<\/p>\n<p>&nbsp;<\/p>\n\n<div class=\"twitter-share\"><a href=\"https:\/\/twitter.com\/intent\/tweet?via=fiscaliacol\" class=\"twitter-share-button\">Tweet<\/a><\/div>\n","protected":false},"excerpt":{"rendered":"<p>San Jos\u00e9 del Guaviare (Guaviare), 27 de mayo 2021 Lugar de la ceremonia de entrega de restos: Hotel Palma Real Restos entregados: 1 Lugar donde se realizaron las exhumaciones: Departamento del Meta (Cementerio de Granada) Guaviare (San Jose del Guaviare), 27 de noviembre 2020 Lugar de la ceremonia de entrega de restos: HOTEL AEROPUERTO -GUAVIARE [&hellip;]<\/p>\n","protected":false},"author":143,"featured_media":0,"parent":104055,"menu_order":0,"comment_status":"closed","ping_status":"closed","template":"","meta":{"_price":"","_stock":"","_tribe_ticket_header":"","_tribe_default_ticket_provider":"","_tribe_ticket_capacity":"0","_ticket_start_date":"","_ticket_end_date":"","_tribe_ticket_show_description":"","_tribe_ticket_show_not_going":false,"_tribe_ticket_use_global_stock":"","_tribe_ticket_global_stock_level":"","_global_stock_mode":"","_global_stock_cap":"","_tribe_rsvp_for_event":"","_tribe_ticket_going_count":"","_tribe_ticket_not_going_count":"","_tribe_tickets_list":"[]","_tribe_ticket_has_attendee_info_fields":false,"tdm_status":"","tdm_grid_status":"","footnotes":"","_tec_slr_enabled":"","_tec_slr_layout":""},"class_list":["post-160880","page","type-page","status-publish"],"yoast_head":"<!-- This site is optimized with the Yoast SEO plugin v24.3 - https:\/\/yoast.com\/wordpress\/plugins\/seo\/ -->\n<title>Fiscal\u00eda General de la Naci\u00f3n<\/title>\n<meta name=\"description\" content=\"P\u00e1gina oficial de la Fiscal\u00eda General de la Naci\u00f3n \u2013 Colombia. Garantizamos el acceso efectivo a la justicia, la verdad y la reparaci\u00f3n de las v\u00edctimas de los delitos.\" \/>\n<meta name=\"robots\" content=\"index, follow, max-snippet:-1, max-image-preview:large, max-video-preview:-1\" \/>\n<link rel=\"canonical\" href=\"https:\/\/www.fiscalia.gov.co\/colombia\/justicia-transicional-2\/entrega-de-restos-oseos\/entregas-guaviare\/\" \/>\n<meta property=\"og:locale\" content=\"es_ES\" \/>\n<meta property=\"og:type\" content=\"article\" \/>\n<meta property=\"og:title\" content=\"Fiscal\u00eda General de la Naci\u00f3n\" \/>\n<meta property=\"og:description\" content=\"P\u00e1gina oficial de la Fiscal\u00eda General de la Naci\u00f3n \u2013 Colombia. Garantizamos el acceso efectivo a la justicia, la verdad y la reparaci\u00f3n de las v\u00edctimas de los delitos.\" \/>\n<meta property=\"og:url\" content=\"https:\/\/www.fiscalia.gov.co\/colombia\/justicia-transicional-2\/entrega-de-restos-oseos\/entregas-guaviare\/\" \/>\n<meta property=\"og:site_name\" content=\"Fiscal\u00eda General de la Naci\u00f3n\" \/>\n<meta property=\"article:publisher\" content=\"https:\/\/www.facebook.com\/FiscaliaCol\" \/>\n<meta property=\"article:modified_time\" content=\"2021-06-03T16:57:39+00:00\" \/>\n<meta property=\"og:image\" content=\"https:\/\/www.fiscalia.gov.co\/colombia\/wp-content\/uploads\/2021-05-27-san-jose-del-guaviare.jpg\" \/>\n<meta name=\"twitter:card\" content=\"summary_large_image\" \/>\n<meta name=\"twitter:site\" content=\"@FiscaliaCol\" \/>\n<meta name=\"twitter:label1\" content=\"Tiempo de lectura\" \/>\n\t<meta name=\"twitter:data1\" content=\"1 minuto\" \/>\n<script type=\"application\/ld+json\" class=\"yoast-schema-graph\">{\"@context\":\"https:\/\/schema.org\",\"@graph\":[{\"@type\":\"WebPage\",\"@id\":\"https:\/\/www.fiscalia.gov.co\/colombia\/justicia-transicional-2\/entrega-de-restos-oseos\/entregas-guaviare\/\",\"url\":\"https:\/\/www.fiscalia.gov.co\/colombia\/justicia-transicional-2\/entrega-de-restos-oseos\/entregas-guaviare\/\",\"name\":\"Fiscal\u00eda General de la Naci\u00f3n\",\"isPartOf\":{\"@id\":\"https:\/\/www.fiscalia.gov.co\/colombia\/#website\"},\"primaryImageOfPage\":{\"@id\":\"https:\/\/www.fiscalia.gov.co\/colombia\/justicia-transicional-2\/entrega-de-restos-oseos\/entregas-guaviare\/#primaryimage\"},\"image\":{\"@id\":\"https:\/\/www.fiscalia.gov.co\/colombia\/justicia-transicional-2\/entrega-de-restos-oseos\/entregas-guaviare\/#primaryimage\"},\"thumbnailUrl\":\"https:\/\/www.fiscalia.gov.co\/colombia\/wp-content\/uploads\/2021-05-27-san-jose-del-guaviare.jpg\",\"datePublished\":\"2018-03-13T22:03:20+00:00\",\"dateModified\":\"2021-06-03T16:57:39+00:00\",\"description\":\"P\u00e1gina oficial de la Fiscal\u00eda General de la Naci\u00f3n \u2013 Colombia. Garantizamos el acceso efectivo a la justicia, la verdad y la reparaci\u00f3n de las v\u00edctimas de los delitos.\",\"breadcrumb\":{\"@id\":\"https:\/\/www.fiscalia.gov.co\/colombia\/justicia-transicional-2\/entrega-de-restos-oseos\/entregas-guaviare\/#breadcrumb\"},\"inLanguage\":\"es-CO\",\"potentialAction\":[{\"@type\":\"ReadAction\",\"target\":[\"https:\/\/www.fiscalia.gov.co\/colombia\/justicia-transicional-2\/entrega-de-restos-oseos\/entregas-guaviare\/\"]}]},{\"@type\":\"ImageObject\",\"inLanguage\":\"es-CO\",\"@id\":\"https:\/\/www.fiscalia.gov.co\/colombia\/justicia-transicional-2\/entrega-de-restos-oseos\/entregas-guaviare\/#primaryimage\",\"url\":\"https:\/\/www.fiscalia.gov.co\/colombia\/wp-content\/uploads\/2021-05-27-san-jose-del-guaviare.jpg\",\"contentUrl\":\"https:\/\/www.fiscalia.gov.co\/colombia\/wp-content\/uploads\/2021-05-27-san-jose-del-guaviare.jpg\",\"width\":744,\"height\":320},{\"@type\":\"BreadcrumbList\",\"@id\":\"https:\/\/www.fiscalia.gov.co\/colombia\/justicia-transicional-2\/entrega-de-restos-oseos\/entregas-guaviare\/#breadcrumb\",\"itemListElement\":[{\"@type\":\"ListItem\",\"position\":1,\"name\":\"Home\",\"item\":\"https:\/\/www.fiscalia.gov.co\/colombia\/\"},{\"@type\":\"ListItem\",\"position\":2,\"name\":\"Justicia Transicional\",\"item\":\"https:\/\/www.fiscalia.gov.co\/colombia\/justicia-transicional-2\/\"},{\"@type\":\"ListItem\",\"position\":3,\"name\":\"Entrega de restos \u00f3seos\",\"item\":\"https:\/\/www.fiscalia.gov.co\/colombia\/justicia-transicional-2\/entrega-de-restos-oseos\/\"},{\"@type\":\"ListItem\",\"position\":4,\"name\":\"Entregas Guaviare\"}]},{\"@type\":\"WebSite\",\"@id\":\"https:\/\/www.fiscalia.gov.co\/colombia\/#website\",\"url\":\"https:\/\/www.fiscalia.gov.co\/colombia\/\",\"name\":\"Fiscal\u00eda General de la Naci\u00f3n\",\"description\":\"P\u00e1gina oficial de la Fiscal\u00eda General de la Naci\u00f3n \u2013 Colombia. Garantizamos el acceso efectivo a la justicia, la verdad y la reparaci\u00f3n de las v\u00edctimas de los delitos.\",\"publisher\":{\"@id\":\"https:\/\/www.fiscalia.gov.co\/colombia\/#organization\"},\"potentialAction\":[{\"@type\":\"SearchAction\",\"target\":{\"@type\":\"EntryPoint\",\"urlTemplate\":\"https:\/\/www.fiscalia.gov.co\/colombia\/?s={search_term_string}\"},\"query-input\":{\"@type\":\"PropertyValueSpecification\",\"valueRequired\":true,\"valueName\":\"search_term_string\"}}],\"inLanguage\":\"es-CO\"},{\"@type\":\"Organization\",\"@id\":\"https:\/\/www.fiscalia.gov.co\/colombia\/#organization\",\"name\":\"Fiscal\u00eda General de la Naci\u00f3n\",\"url\":\"https:\/\/www.fiscalia.gov.co\/colombia\/\",\"logo\":{\"@type\":\"ImageObject\",\"inLanguage\":\"es-CO\",\"@id\":\"https:\/\/www.fiscalia.gov.co\/colombia\/#\/schema\/logo\/image\/\",\"url\":\"https:\/\/www.fiscalia.gov.co\/colombia\/wp-content\/uploads\/LogoHorizontal_1.jpg\",\"contentUrl\":\"https:\/\/www.fiscalia.gov.co\/colombia\/wp-content\/uploads\/LogoHorizontal_1.jpg\",\"width\":300,\"height\":90,\"caption\":\"Fiscal\u00eda General de la Naci\u00f3n\"},\"image\":{\"@id\":\"https:\/\/www.fiscalia.gov.co\/colombia\/#\/schema\/logo\/image\/\"},\"sameAs\":[\"https:\/\/www.facebook.com\/FiscaliaCol\",\"https:\/\/x.com\/FiscaliaCol\",\"https:\/\/www.instagram.com\/fiscaliacol\",\"https:\/\/www.linkedin.com\/company\/fiscalia-general-de-la-naci-n\/\",\"https:\/\/youtube.com\/@fiscaliageneraldelanacion-4668?si=6nN79nyQICPU5iTh\"]}]}<\/script>\n<!-- \/ Yoast SEO plugin. -->","yoast_head_json":{"title":"Fiscal\u00eda General de la Naci\u00f3n","description":"P\u00e1gina oficial de la Fiscal\u00eda General de la Naci\u00f3n \u2013 Colombia. Garantizamos el acceso efectivo a la justicia, la verdad y la reparaci\u00f3n de las v\u00edctimas de los delitos.","robots":{"index":"index","follow":"follow","max-snippet":"max-snippet:-1","max-image-preview":"max-image-preview:large","max-video-preview":"max-video-preview:-1"},"canonical":"https:\/\/www.fiscalia.gov.co\/colombia\/justicia-transicional-2\/entrega-de-restos-oseos\/entregas-guaviare\/","og_locale":"es_ES","og_type":"article","og_title":"Fiscal\u00eda General de la Naci\u00f3n","og_description":"P\u00e1gina oficial de la Fiscal\u00eda General de la Naci\u00f3n \u2013 Colombia. Garantizamos el acceso efectivo a la justicia, la verdad y la reparaci\u00f3n de las v\u00edctimas de los delitos.","og_url":"https:\/\/www.fiscalia.gov.co\/colombia\/justicia-transicional-2\/entrega-de-restos-oseos\/entregas-guaviare\/","og_site_name":"Fiscal\u00eda General de la Naci\u00f3n","article_publisher":"https:\/\/www.facebook.com\/FiscaliaCol","article_modified_time":"2021-06-03T16:57:39+00:00","og_image":[{"url":"https:\/\/www.fiscalia.gov.co\/colombia\/wp-content\/uploads\/2021-05-27-san-jose-del-guaviare.jpg","type":"","width":"","height":""}],"twitter_card":"summary_large_image","twitter_site":"@FiscaliaCol","twitter_misc":{"Tiempo de lectura":"1 minuto"},"schema":{"@context":"https:\/\/schema.org","@graph":[{"@type":"WebPage","@id":"https:\/\/www.fiscalia.gov.co\/colombia\/justicia-transicional-2\/entrega-de-restos-oseos\/entregas-guaviare\/","url":"https:\/\/www.fiscalia.gov.co\/colombia\/justicia-transicional-2\/entrega-de-restos-oseos\/entregas-guaviare\/","name":"Fiscal\u00eda General de la Naci\u00f3n","isPartOf":{"@id":"https:\/\/www.fiscalia.gov.co\/colombia\/#website"},"primaryImageOfPage":{"@id":"https:\/\/www.fiscalia.gov.co\/colombia\/justicia-transicional-2\/entrega-de-restos-oseos\/entregas-guaviare\/#primaryimage"},"image":{"@id":"https:\/\/www.fiscalia.gov.co\/colombia\/justicia-transicional-2\/entrega-de-restos-oseos\/entregas-guaviare\/#primaryimage"},"thumbnailUrl":"https:\/\/www.fiscalia.gov.co\/colombia\/wp-content\/uploads\/2021-05-27-san-jose-del-guaviare.jpg","datePublished":"2018-03-13T22:03:20+00:00","dateModified":"2021-06-03T16:57:39+00:00","description":"P\u00e1gina oficial de la Fiscal\u00eda General de la Naci\u00f3n \u2013 Colombia. Garantizamos el acceso efectivo a la justicia, la verdad y la reparaci\u00f3n de las v\u00edctimas de los delitos.","breadcrumb":{"@id":"https:\/\/www.fiscalia.gov.co\/colombia\/justicia-transicional-2\/entrega-de-restos-oseos\/entregas-guaviare\/#breadcrumb"},"inLanguage":"es-CO","potentialAction":[{"@type":"ReadAction","target":["https:\/\/www.fiscalia.gov.co\/colombia\/justicia-transicional-2\/entrega-de-restos-oseos\/entregas-guaviare\/"]}]},{"@type":"ImageObject","inLanguage":"es-CO","@id":"https:\/\/www.fiscalia.gov.co\/colombia\/justicia-transicional-2\/entrega-de-restos-oseos\/entregas-guaviare\/#primaryimage","url":"https:\/\/www.fiscalia.gov.co\/colombia\/wp-content\/uploads\/2021-05-27-san-jose-del-guaviare.jpg","contentUrl":"https:\/\/www.fiscalia.gov.co\/colombia\/wp-content\/uploads\/2021-05-27-san-jose-del-guaviare.jpg","width":744,"height":320},{"@type":"BreadcrumbList","@id":"https:\/\/www.fiscalia.gov.co\/colombia\/justicia-transicional-2\/entrega-de-restos-oseos\/entregas-guaviare\/#breadcrumb","itemListElement":[{"@type":"ListItem","position":1,"name":"Home","item":"https:\/\/www.fiscalia.gov.co\/colombia\/"},{"@type":"ListItem","position":2,"name":"Justicia Transicional","item":"https:\/\/www.fiscalia.gov.co\/colombia\/justicia-transicional-2\/"},{"@type":"ListItem","position":3,"name":"Entrega de restos \u00f3seos","item":"https:\/\/www.fiscalia.gov.co\/colombia\/justicia-transicional-2\/entrega-de-restos-oseos\/"},{"@type":"ListItem","position":4,"name":"Entregas Guaviare"}]},{"@type":"WebSite","@id":"https:\/\/www.fiscalia.gov.co\/colombia\/#website","url":"https:\/\/www.fiscalia.gov.co\/colombia\/","name":"Fiscal\u00eda General de la Naci\u00f3n","description":"P\u00e1gina oficial de la Fiscal\u00eda General de la Naci\u00f3n \u2013 Colombia. Garantizamos el acceso efectivo a la justicia, la verdad y la reparaci\u00f3n de las v\u00edctimas de los delitos.","publisher":{"@id":"https:\/\/www.fiscalia.gov.co\/colombia\/#organization"},"potentialAction":[{"@type":"SearchAction","target":{"@type":"EntryPoint","urlTemplate":"https:\/\/www.fiscalia.gov.co\/colombia\/?s={search_term_string}"},"query-input":{"@type":"PropertyValueSpecification","valueRequired":true,"valueName":"search_term_string"}}],"inLanguage":"es-CO"},{"@type":"Organization","@id":"https:\/\/www.fiscalia.gov.co\/colombia\/#organization","name":"Fiscal\u00eda General de la Naci\u00f3n","url":"https:\/\/www.fiscalia.gov.co\/colombia\/","logo":{"@type":"ImageObject","inLanguage":"es-CO","@id":"https:\/\/www.fiscalia.gov.co\/colombia\/#\/schema\/logo\/image\/","url":"https:\/\/www.fiscalia.gov.co\/colombia\/wp-content\/uploads\/LogoHorizontal_1.jpg","contentUrl":"https:\/\/www.fiscalia.gov.co\/colombia\/wp-content\/uploads\/LogoHorizontal_1.jpg","width":300,"height":90,"caption":"Fiscal\u00eda General de la Naci\u00f3n"},"image":{"@id":"https:\/\/www.fiscalia.gov.co\/colombia\/#\/schema\/logo\/image\/"},"sameAs":["https:\/\/www.facebook.com\/FiscaliaCol","https:\/\/x.com\/FiscaliaCol","https:\/\/www.instagram.com\/fiscaliacol","https:\/\/www.linkedin.com\/company\/fiscalia-general-de-la-naci-n\/","https:\/\/youtube.com\/@fiscaliageneraldelanacion-4668?si=6nN79nyQICPU5iTh"]}]}},"ticketed":false,"_links":{"self":[{"href":"https:\/\/www.fiscalia.gov.co\/colombia\/wp-json\/wp\/v2\/pages\/160880","targetHints":{"allow":["GET"]}}],"collection":[{"href":"https:\/\/www.fiscalia.gov.co\/colombia\/wp-json\/wp\/v2\/pages"}],"about":[{"href":"https:\/\/www.fiscalia.gov.co\/colombia\/wp-json\/wp\/v2\/types\/page"}],"author":[{"embeddable":true,"href":"https:\/\/www.fiscalia.gov.co\/colombia\/wp-json\/wp\/v2\/users\/143"}],"replies":[{"embeddable":true,"href":"https:\/\/www.fiscalia.gov.co\/colombia\/wp-json\/wp\/v2\/comments?post=160880"}],"version-history":[{"count":7,"href":"https:\/\/www.fiscalia.gov.co\/colombia\/wp-json\/wp\/v2\/pages\/160880\/revisions"}],"predecessor-version":[{"id":221351,"href":"https:\/\/www.fiscalia.gov.co\/colombia\/wp-json\/wp\/v2\/pages\/160880\/revisions\/221351"}],"up":[{"embeddable":true,"href":"https:\/\/www.fiscalia.gov.co\/colombia\/wp-json\/wp\/v2\/pages\/104055"}],"wp:attachment":[{"href":"https:\/\/www.fiscalia.gov.co\/colombia\/wp-json\/wp\/v2\/media?parent=160880"}],"curies":[{"name":"wp","href":"https:\/\/api.w.org\/{rel}","templated":true}]}}