{"id":160244,"date":"2018-07-04T09:30:46","date_gmt":"2018-07-04T14:30:46","guid":{"rendered":"https:\/\/www.fiscalia.gov.co\/colombia\/?page_id=160244"},"modified":"2025-06-11T11:42:55","modified_gmt":"2025-06-11T16:42:55","slug":"sentencias-y-conciliaciones-que-se-han-pagado-por-parte-de-la-fiscalia-general-de-la-nacion","status":"publish","type":"page","link":"https:\/\/www.fiscalia.gov.co\/colombia\/sentencias-y-conciliaciones-que-se-han-pagado-por-parte-de-la-fiscalia-general-de-la-nacion\/","title":{"rendered":"Unidad de Pago y Cumplimiento de Sentencias y Acuerdos Conciliatorios"},"content":{"rendered":"<p><strong>Consulte su n\u00famero de turno, para el pago de la sentencia o conciliaci\u00f3n judicial.<\/strong><\/p>\n<p><strong><br \/>\n<\/strong>Para consultar el turno que le fue asignado, digite alguna de estas opciones:<br \/>\na. Control F + numero de 21 d\u00edgitos correspondiente al radicado de correspondencia D.A.J<br \/>\nb. Control F + n\u00famero de jur\u00eddico legal<br \/>\nc. Control F + nombre demandante principal<br \/>\nd. Control F + n\u00famero de proceso<strong><br \/>\n<\/strong><\/p>\n<ul>\n<li><strong><a href=\"https:\/\/www.fiscalia.gov.co\/colombia\/wp-content\/uploads\/ACTA-ASIGNACION-DE-TURNOS-MES-DE-ENERO-DE-2023.pdf\" target=\"_blank\" rel=\"noopener\">Acta de asignaci\u00f3n de turnos mes de enero de 2023<\/a><\/strong><\/li>\n<li><strong><a href=\"https:\/\/www.fiscalia.gov.co\/colombia\/wp-content\/uploads\/ACTA-ASIGNACION-DE-TURNOS-MES-DE-FEBRERO-DE-2023.pdf\" target=\"_blank\" rel=\"noopener\">Acta de asignaci\u00f3n de turnos mes de febrero de 2023<\/a><\/strong><\/li>\n<li><a href=\"https:\/\/www.fiscalia.gov.co\/colombia\/wp-content\/uploads\/ADICION-ACTA-DE-ASIGNACION-DE-TURNOS-DEL-1-AL-31-DE-MARZO-DE-2023_0001.pdf\" target=\"_blank\" rel=\"noopener\"><strong>Acta de asignaci\u00f3n de turnos mes de marzo de 2023<\/strong><\/a><\/li>\n<li><a href=\"https:\/\/www.fiscalia.gov.co\/colombia\/wp-content\/uploads\/ACTA-ASIGNACION-DE-TURNOS-MES-DE-ABRIL-DE-2023.pdf\" target=\"_blank\" rel=\"noopener\"><strong>Acta de asignaci\u00f3n de turnos mes de abril de 2023<\/strong><\/a><\/li>\n<li><a href=\"https:\/\/www.fiscalia.gov.co\/colombia\/wp-content\/uploads\/ACTA-ASIGNACION-DE-TURNOS-MES-DE-MAYO-DE-2023.pdf\" target=\"_blank\" rel=\"noopener\"><strong>Acta de asignaci\u00f3n de turnos mes de mayo de 2023<\/strong><\/a><\/li>\n<li><a href=\"https:\/\/www.fiscalia.gov.co\/colombia\/wp-content\/uploads\/ACTA-DE-ASIGNACION-DE-TURNOS-MES-DE-JUNIO-DE-2023.pdf\" target=\"_blank\" rel=\"noopener\"><strong>Acta de asignaci\u00f3n de turnos mes de junio de 2023<\/strong><\/a><\/li>\n<li><a href=\"https:\/\/www.fiscalia.gov.co\/colombia\/wp-content\/uploads\/ACTA-ASIGNACION-DE-TURNOS-MES-DE-JULIO-DE-2023.pdf\" target=\"_blank\" rel=\"noopener\"><strong>Acta de asignaci\u00f3n de turnos mes de julio de 2023<\/strong><\/a><\/li>\n<li><a href=\"https:\/\/www.fiscalia.gov.co\/colombia\/wp-content\/uploads\/ACTA-ASIGNACION-DE-TURNOS-MES-DE-AGOSTO-DE-2023.pdf\" target=\"_blank\" rel=\"noopener\"><strong>Acta de asignaci\u00f3n de turnos mes de agosto de 2023<\/strong><\/a><\/li>\n<li><a href=\"https:\/\/www.fiscalia.gov.co\/colombia\/wp-content\/uploads\/ACTA-ASIGNACION-DE-TURNOS-MES-DE-SEPTIEMBRE-DE-2023.pdf\" target=\"_blank\" rel=\"noopener\"><strong>Acta de asignaci\u00f3n de turnos mes de septiembre de 2023<\/strong><\/a><\/li>\n<li><a href=\"https:\/\/www.fiscalia.gov.co\/colombia\/wp-content\/uploads\/ACTA-ASIGNACION-DE-TURNOS-MES-DE-OCTUBRE-DE-2023.pdf\" target=\"_blank\" rel=\"noopener\"><strong>Acta de asignaci\u00f3n de turnos mes de octubre de 2023<\/strong><\/a><\/li>\n<li><a href=\"https:\/\/www.fiscalia.gov.co\/colombia\/wp-content\/uploads\/ACTA-ASIGNACION-DE-TURNOS-MES-DE-NOVIEMBRE-DE-2023.pdf\" target=\"_blank\" rel=\"noopener\"><strong>Acta de asignaci\u00f3n de turnos mes de noviembre de 2023<\/strong><\/a><\/li>\n<li><a href=\"https:\/\/www.fiscalia.gov.co\/colombia\/wp-content\/uploads\/ACTA-ASIGNACION-DE-TURNOS-MES-DE-DICIEMBRE-DE-2023.pdf\" target=\"_blank\" rel=\"noopener\"><strong>Acta de asignaci\u00f3n de turnos mes de diciembre de 2023<\/strong><\/a><\/li>\n<li><a href=\"https:\/\/www.fiscalia.gov.co\/colombia\/wp-content\/uploads\/ACTA-ASIGNACION-DE-TURNOS-1-AL-31-DE-ENERO-DE-2024.pdf\" target=\"_blank\" rel=\"noopener\"><strong>Acta de asignaci\u00f3n de turnos mes de enero de 2024<\/strong><\/a><\/li>\n<li><a href=\"https:\/\/www.fiscalia.gov.co\/colombia\/wp-content\/uploads\/ACTA-ASIGNACION-DE-TURNOS-1-AL-29-DE-FEBRERO-DE-2024_0001.pdf\" target=\"_blank\" rel=\"noopener\"><strong>Acta de asignaci\u00f3n de turnos mes de febrero de 2024<\/strong><\/a><\/li>\n<\/ul>\n<p><strong>Nota 1:<\/strong>\u00a0Las solicitudes radicadas con anterioridad al 1 de enero de 2023, continuaran con la fecha de turno ya \u00a0asignada con anterioridad y que fue informada mediante oficio por la FGN a cada uno de los beneficiarios y apoderados.<\/p>\n<p><b>Nota 2:<\/b> La Fiscal\u00eda General de la Naci\u00f3n informa que en la actualidad est\u00e1 realizando el pago de los cr\u00e9ditos judiciales correspondientes a <strong>Febrero de 2022<\/strong>. Esta informaci\u00f3n es actualizada en la medida que se ejecute el presupuesto asignado para la vigencia.<\/p>\n<p>Finalmente<strong>,<\/strong> es necesario indicar que, toda informaci\u00f3n o documentaci\u00f3n que remitan debe ser presentada por los canales ordinarios de radicaci\u00f3n: correo ordinario o certificado y ventanillas de correspondencia, o los canales digitales, y no por correo electr\u00f3nico.<\/p>\n<p>As\u00ed mismo, a trav\u00e9s de la p\u00e1gina de la Fiscal\u00eda General de la Naci\u00f3n (<a href=\"http:\/\/www.fiscalia.gov.co\/\">www.fiscalia.gov.co<\/a>), el ciudadano podr\u00e1 ingresar a trav\u00e9s del link\u00a0<a href=\"https:\/\/www.fiscalia.gov.co\/colombia\/servicios-de-informacion-al-ciudadano\/buzon-de-quejas-y-reclamos\/\" target=\"_blank\" rel=\"noopener\"><em>https:\/\/www.fiscalia.gov.co\/colombia\/servicios-de-informacion-al-ciudadano\/buzon-de-quejas-y-reclamos\/<\/em><\/a>, correspondiente al APLICATIVO WEB de PQRS (peticiones, quejas, reclamos y sugerencias), donde podr\u00e1 ingresar su petici\u00f3n y adjuntar los soportes o anexos respectivos que considere pertinentes en distintos formatos (PDF, Word, Excel etc.), para lo cual deber\u00e1 indicar la direcci\u00f3n electr\u00f3nica en la cual recibir\u00e1 notificaciones o comunicaciones. El aplicativo generar\u00e1 la respectiva radicaci\u00f3n e informar\u00e1 al peticionario, el n\u00famero asignado para su control y posterior trazabilidad.<\/p>\n<p>Lo anterior en aplicaci\u00f3n del art\u00edculo 15 de la ley 1755 de 2015, que en su inciso cuarto establece que\u00a0<em>\u201cLas autoridades podr\u00e1n exigir que ciertas peticiones se presenten por escrito, y pondr\u00e1n a\u00a0disposici\u00f3n de los interesados, sin costo, a menos que una ley expresamente se\u00f1ale lo contrario, formularios y otros instrumentos estandarizados para facilitar su diligenciamiento\u201d,<\/em>\u00a0pues de esta manera se da cumplimiento\u00a0 a lo establecido en el procedimiento de pago de cr\u00e9ditos judiciales a cargo de la Fiscal\u00eda General de la Naci\u00f3n que establece que el turno corresponde\u00a0 a la fecha y hora que se indican en el sticker de correspondencia, que s\u00f3lo arroja el Sistema de Gesti\u00f3n Documental (ORFEO).<\/p>\n\n<div class=\"twitter-share\"><a href=\"https:\/\/twitter.com\/intent\/tweet?via=fiscaliacol\" class=\"twitter-share-button\">Tweet<\/a><\/div>\n","protected":false},"excerpt":{"rendered":"<p>Consulte su n\u00famero de turno, para el pago de la sentencia o conciliaci\u00f3n judicial. Para consultar el turno que le fue asignado, digite alguna de estas opciones: a. Control F + numero de 21 d\u00edgitos correspondiente al radicado de correspondencia D.A.J b. Control F + n\u00famero de jur\u00eddico legal c. Control F + nombre demandante [&hellip;]<\/p>\n","protected":false},"author":162,"featured_media":0,"parent":0,"menu_order":0,"comment_status":"closed","ping_status":"closed","template":"","meta":{"_price":"","_stock":"","_tribe_ticket_header":"","_tribe_default_ticket_provider":"","_tribe_ticket_capacity":"0","_ticket_start_date":"","_ticket_end_date":"","_tribe_ticket_show_description":"","_tribe_ticket_show_not_going":false,"_tribe_ticket_use_global_stock":"","_tribe_ticket_global_stock_level":"","_global_stock_mode":"","_global_stock_cap":"","_tribe_rsvp_for_event":"","_tribe_ticket_going_count":"","_tribe_ticket_not_going_count":"","_tribe_tickets_list":"[]","_tribe_ticket_has_attendee_info_fields":false,"tdm_status":"","tdm_grid_status":"","footnotes":"","_tec_slr_enabled":"","_tec_slr_layout":""},"class_list":["post-160244","page","type-page","status-publish"],"yoast_head":"<!-- This site is optimized with the Yoast SEO plugin v24.3 - https:\/\/yoast.com\/wordpress\/plugins\/seo\/ -->\n<title>Fiscal\u00eda General de la Naci\u00f3n<\/title>\n<meta name=\"description\" content=\"P\u00e1gina oficial de la Fiscal\u00eda General de la Naci\u00f3n \u2013 Colombia. Garantizamos el acceso efectivo a la justicia, la verdad y la reparaci\u00f3n de las v\u00edctimas de los delitos.\" \/>\n<meta name=\"robots\" content=\"index, follow, max-snippet:-1, max-image-preview:large, max-video-preview:-1\" \/>\n<link rel=\"canonical\" href=\"https:\/\/www.fiscalia.gov.co\/colombia\/sentencias-y-conciliaciones-que-se-han-pagado-por-parte-de-la-fiscalia-general-de-la-nacion\/\" \/>\n<meta property=\"og:locale\" content=\"es_ES\" \/>\n<meta property=\"og:type\" content=\"article\" \/>\n<meta property=\"og:title\" content=\"Fiscal\u00eda General de la Naci\u00f3n\" \/>\n<meta property=\"og:description\" content=\"P\u00e1gina oficial de la Fiscal\u00eda General de la Naci\u00f3n \u2013 Colombia. Garantizamos el acceso efectivo a la justicia, la verdad y la reparaci\u00f3n de las v\u00edctimas de los delitos.\" \/>\n<meta property=\"og:url\" content=\"https:\/\/www.fiscalia.gov.co\/colombia\/sentencias-y-conciliaciones-que-se-han-pagado-por-parte-de-la-fiscalia-general-de-la-nacion\/\" \/>\n<meta property=\"og:site_name\" content=\"Fiscal\u00eda General de la Naci\u00f3n\" \/>\n<meta property=\"article:publisher\" content=\"https:\/\/www.facebook.com\/FiscaliaCol\" \/>\n<meta property=\"article:modified_time\" content=\"2025-06-11T16:42:55+00:00\" \/>\n<meta name=\"twitter:card\" content=\"summary_large_image\" \/>\n<meta name=\"twitter:site\" content=\"@FiscaliaCol\" \/>\n<meta name=\"twitter:label1\" content=\"Tiempo de lectura\" \/>\n\t<meta name=\"twitter:data1\" content=\"3 minutos\" \/>\n<script type=\"application\/ld+json\" class=\"yoast-schema-graph\">{\"@context\":\"https:\/\/schema.org\",\"@graph\":[{\"@type\":\"WebPage\",\"@id\":\"https:\/\/www.fiscalia.gov.co\/colombia\/sentencias-y-conciliaciones-que-se-han-pagado-por-parte-de-la-fiscalia-general-de-la-nacion\/\",\"url\":\"https:\/\/www.fiscalia.gov.co\/colombia\/sentencias-y-conciliaciones-que-se-han-pagado-por-parte-de-la-fiscalia-general-de-la-nacion\/\",\"name\":\"Fiscal\u00eda General de la Naci\u00f3n\",\"isPartOf\":{\"@id\":\"https:\/\/www.fiscalia.gov.co\/colombia\/#website\"},\"datePublished\":\"2018-07-04T14:30:46+00:00\",\"dateModified\":\"2025-06-11T16:42:55+00:00\",\"description\":\"P\u00e1gina oficial de la Fiscal\u00eda General de la Naci\u00f3n \u2013 Colombia. Garantizamos el acceso efectivo a la justicia, la verdad y la reparaci\u00f3n de las v\u00edctimas de los delitos.\",\"breadcrumb\":{\"@id\":\"https:\/\/www.fiscalia.gov.co\/colombia\/sentencias-y-conciliaciones-que-se-han-pagado-por-parte-de-la-fiscalia-general-de-la-nacion\/#breadcrumb\"},\"inLanguage\":\"es-CO\",\"potentialAction\":[{\"@type\":\"ReadAction\",\"target\":[\"https:\/\/www.fiscalia.gov.co\/colombia\/sentencias-y-conciliaciones-que-se-han-pagado-por-parte-de-la-fiscalia-general-de-la-nacion\/\"]}]},{\"@type\":\"BreadcrumbList\",\"@id\":\"https:\/\/www.fiscalia.gov.co\/colombia\/sentencias-y-conciliaciones-que-se-han-pagado-por-parte-de-la-fiscalia-general-de-la-nacion\/#breadcrumb\",\"itemListElement\":[{\"@type\":\"ListItem\",\"position\":1,\"name\":\"Home\",\"item\":\"https:\/\/www.fiscalia.gov.co\/colombia\/\"},{\"@type\":\"ListItem\",\"position\":2,\"name\":\"Unidad de Pago y Cumplimiento de Sentencias y Acuerdos Conciliatorios\"}]},{\"@type\":\"WebSite\",\"@id\":\"https:\/\/www.fiscalia.gov.co\/colombia\/#website\",\"url\":\"https:\/\/www.fiscalia.gov.co\/colombia\/\",\"name\":\"Fiscal\u00eda General de la Naci\u00f3n\",\"description\":\"P\u00e1gina oficial de la Fiscal\u00eda General de la Naci\u00f3n \u2013 Colombia. Garantizamos el acceso efectivo a la justicia, la verdad y la reparaci\u00f3n de las v\u00edctimas de los delitos.\",\"publisher\":{\"@id\":\"https:\/\/www.fiscalia.gov.co\/colombia\/#organization\"},\"potentialAction\":[{\"@type\":\"SearchAction\",\"target\":{\"@type\":\"EntryPoint\",\"urlTemplate\":\"https:\/\/www.fiscalia.gov.co\/colombia\/?s={search_term_string}\"},\"query-input\":{\"@type\":\"PropertyValueSpecification\",\"valueRequired\":true,\"valueName\":\"search_term_string\"}}],\"inLanguage\":\"es-CO\"},{\"@type\":\"Organization\",\"@id\":\"https:\/\/www.fiscalia.gov.co\/colombia\/#organization\",\"name\":\"Fiscal\u00eda General de la Naci\u00f3n\",\"url\":\"https:\/\/www.fiscalia.gov.co\/colombia\/\",\"logo\":{\"@type\":\"ImageObject\",\"inLanguage\":\"es-CO\",\"@id\":\"https:\/\/www.fiscalia.gov.co\/colombia\/#\/schema\/logo\/image\/\",\"url\":\"https:\/\/www.fiscalia.gov.co\/colombia\/wp-content\/uploads\/LogoHorizontal_1.jpg\",\"contentUrl\":\"https:\/\/www.fiscalia.gov.co\/colombia\/wp-content\/uploads\/LogoHorizontal_1.jpg\",\"width\":300,\"height\":90,\"caption\":\"Fiscal\u00eda General de la Naci\u00f3n\"},\"image\":{\"@id\":\"https:\/\/www.fiscalia.gov.co\/colombia\/#\/schema\/logo\/image\/\"},\"sameAs\":[\"https:\/\/www.facebook.com\/FiscaliaCol\",\"https:\/\/x.com\/FiscaliaCol\",\"https:\/\/www.instagram.com\/fiscaliacol\",\"https:\/\/www.linkedin.com\/company\/fiscalia-general-de-la-naci-n\/\",\"https:\/\/youtube.com\/@fiscaliageneraldelanacion-4668?si=6nN79nyQICPU5iTh\"]}]}<\/script>\n<!-- \/ Yoast SEO plugin. -->","yoast_head_json":{"title":"Fiscal\u00eda General de la Naci\u00f3n","description":"P\u00e1gina oficial de la Fiscal\u00eda General de la Naci\u00f3n \u2013 Colombia. Garantizamos el acceso efectivo a la justicia, la verdad y la reparaci\u00f3n de las v\u00edctimas de los delitos.","robots":{"index":"index","follow":"follow","max-snippet":"max-snippet:-1","max-image-preview":"max-image-preview:large","max-video-preview":"max-video-preview:-1"},"canonical":"https:\/\/www.fiscalia.gov.co\/colombia\/sentencias-y-conciliaciones-que-se-han-pagado-por-parte-de-la-fiscalia-general-de-la-nacion\/","og_locale":"es_ES","og_type":"article","og_title":"Fiscal\u00eda General de la Naci\u00f3n","og_description":"P\u00e1gina oficial de la Fiscal\u00eda General de la Naci\u00f3n \u2013 Colombia. Garantizamos el acceso efectivo a la justicia, la verdad y la reparaci\u00f3n de las v\u00edctimas de los delitos.","og_url":"https:\/\/www.fiscalia.gov.co\/colombia\/sentencias-y-conciliaciones-que-se-han-pagado-por-parte-de-la-fiscalia-general-de-la-nacion\/","og_site_name":"Fiscal\u00eda General de la Naci\u00f3n","article_publisher":"https:\/\/www.facebook.com\/FiscaliaCol","article_modified_time":"2025-06-11T16:42:55+00:00","twitter_card":"summary_large_image","twitter_site":"@FiscaliaCol","twitter_misc":{"Tiempo de lectura":"3 minutos"},"schema":{"@context":"https:\/\/schema.org","@graph":[{"@type":"WebPage","@id":"https:\/\/www.fiscalia.gov.co\/colombia\/sentencias-y-conciliaciones-que-se-han-pagado-por-parte-de-la-fiscalia-general-de-la-nacion\/","url":"https:\/\/www.fiscalia.gov.co\/colombia\/sentencias-y-conciliaciones-que-se-han-pagado-por-parte-de-la-fiscalia-general-de-la-nacion\/","name":"Fiscal\u00eda General de la Naci\u00f3n","isPartOf":{"@id":"https:\/\/www.fiscalia.gov.co\/colombia\/#website"},"datePublished":"2018-07-04T14:30:46+00:00","dateModified":"2025-06-11T16:42:55+00:00","description":"P\u00e1gina oficial de la Fiscal\u00eda General de la Naci\u00f3n \u2013 Colombia. Garantizamos el acceso efectivo a la justicia, la verdad y la reparaci\u00f3n de las v\u00edctimas de los delitos.","breadcrumb":{"@id":"https:\/\/www.fiscalia.gov.co\/colombia\/sentencias-y-conciliaciones-que-se-han-pagado-por-parte-de-la-fiscalia-general-de-la-nacion\/#breadcrumb"},"inLanguage":"es-CO","potentialAction":[{"@type":"ReadAction","target":["https:\/\/www.fiscalia.gov.co\/colombia\/sentencias-y-conciliaciones-que-se-han-pagado-por-parte-de-la-fiscalia-general-de-la-nacion\/"]}]},{"@type":"BreadcrumbList","@id":"https:\/\/www.fiscalia.gov.co\/colombia\/sentencias-y-conciliaciones-que-se-han-pagado-por-parte-de-la-fiscalia-general-de-la-nacion\/#breadcrumb","itemListElement":[{"@type":"ListItem","position":1,"name":"Home","item":"https:\/\/www.fiscalia.gov.co\/colombia\/"},{"@type":"ListItem","position":2,"name":"Unidad de Pago y Cumplimiento de Sentencias y Acuerdos Conciliatorios"}]},{"@type":"WebSite","@id":"https:\/\/www.fiscalia.gov.co\/colombia\/#website","url":"https:\/\/www.fiscalia.gov.co\/colombia\/","name":"Fiscal\u00eda General de la Naci\u00f3n","description":"P\u00e1gina oficial de la Fiscal\u00eda General de la Naci\u00f3n \u2013 Colombia. Garantizamos el acceso efectivo a la justicia, la verdad y la reparaci\u00f3n de las v\u00edctimas de los delitos.","publisher":{"@id":"https:\/\/www.fiscalia.gov.co\/colombia\/#organization"},"potentialAction":[{"@type":"SearchAction","target":{"@type":"EntryPoint","urlTemplate":"https:\/\/www.fiscalia.gov.co\/colombia\/?s={search_term_string}"},"query-input":{"@type":"PropertyValueSpecification","valueRequired":true,"valueName":"search_term_string"}}],"inLanguage":"es-CO"},{"@type":"Organization","@id":"https:\/\/www.fiscalia.gov.co\/colombia\/#organization","name":"Fiscal\u00eda General de la Naci\u00f3n","url":"https:\/\/www.fiscalia.gov.co\/colombia\/","logo":{"@type":"ImageObject","inLanguage":"es-CO","@id":"https:\/\/www.fiscalia.gov.co\/colombia\/#\/schema\/logo\/image\/","url":"https:\/\/www.fiscalia.gov.co\/colombia\/wp-content\/uploads\/LogoHorizontal_1.jpg","contentUrl":"https:\/\/www.fiscalia.gov.co\/colombia\/wp-content\/uploads\/LogoHorizontal_1.jpg","width":300,"height":90,"caption":"Fiscal\u00eda General de la Naci\u00f3n"},"image":{"@id":"https:\/\/www.fiscalia.gov.co\/colombia\/#\/schema\/logo\/image\/"},"sameAs":["https:\/\/www.facebook.com\/FiscaliaCol","https:\/\/x.com\/FiscaliaCol","https:\/\/www.instagram.com\/fiscaliacol","https:\/\/www.linkedin.com\/company\/fiscalia-general-de-la-naci-n\/","https:\/\/youtube.com\/@fiscaliageneraldelanacion-4668?si=6nN79nyQICPU5iTh"]}]}},"ticketed":false,"_links":{"self":[{"href":"https:\/\/www.fiscalia.gov.co\/colombia\/wp-json\/wp\/v2\/pages\/160244","targetHints":{"allow":["GET"]}}],"collection":[{"href":"https:\/\/www.fiscalia.gov.co\/colombia\/wp-json\/wp\/v2\/pages"}],"about":[{"href":"https:\/\/www.fiscalia.gov.co\/colombia\/wp-json\/wp\/v2\/types\/page"}],"author":[{"embeddable":true,"href":"https:\/\/www.fiscalia.gov.co\/colombia\/wp-json\/wp\/v2\/users\/162"}],"replies":[{"embeddable":true,"href":"https:\/\/www.fiscalia.gov.co\/colombia\/wp-json\/wp\/v2\/comments?post=160244"}],"version-history":[{"count":73,"href":"https:\/\/www.fiscalia.gov.co\/colombia\/wp-json\/wp\/v2\/pages\/160244\/revisions"}],"predecessor-version":[{"id":317091,"href":"https:\/\/www.fiscalia.gov.co\/colombia\/wp-json\/wp\/v2\/pages\/160244\/revisions\/317091"}],"wp:attachment":[{"href":"https:\/\/www.fiscalia.gov.co\/colombia\/wp-json\/wp\/v2\/media?parent=160244"}],"curies":[{"name":"wp","href":"https:\/\/api.w.org\/{rel}","templated":true}]}}