{"id":157665,"date":"2017-12-19T15:59:57","date_gmt":"2017-12-19T20:59:57","guid":{"rendered":"https:\/\/www.fiscalia.gov.co\/colombia\/?page_id=157665"},"modified":"2025-10-01T08:28:28","modified_gmt":"2025-10-01T13:28:28","slug":"direcciones-de-la-vuc","status":"publish","type":"page","link":"https:\/\/www.fiscalia.gov.co\/colombia\/servicios-de-informacion-al-ciudadano\/direcciones-de-la-vuc\/","title":{"rendered":"Direcciones de las Ventanillas \u00danicas de Correspondencia"},"content":{"rendered":"<p>La Fiscal\u00eda General de la Naci\u00f3n informa a la ciudadan\u00eda los horarios de atenci\u00f3n al p\u00fablico en sus ventanillas y oficinas de correspondencia a nivel nacional.<\/p>\n<table width=\"1154\">\n<tbody>\n<tr>\n<td width=\"194\">SECCIONAL<\/td>\n<td width=\"142\">CIUDAD<\/td>\n<td width=\"382\">DIRECCI\u00d3N<\/td>\n<td width=\"436\">HORARIO DE ATENCI\u00d3N AL P\u00daBLICO<\/td>\n<\/tr>\n<tr>\n<td width=\"194\">AMAZONAS<\/td>\n<td width=\"142\">Leticia<\/td>\n<td width=\"382\">Carrera 8 No. 11-80 Barrio Jose Maria Hernandez<\/td>\n<td width=\"436\">Lunes a Viernes de 08:00 a.m. &#8211; 12:00 p.m. y 2:00 p.m. &#8211; 6:00 p.m.<\/td>\n<\/tr>\n<tr>\n<td width=\"194\">ARAUCA<\/td>\n<td width=\"142\">Arauca<\/td>\n<td width=\"382\">Calle 22 No. 16-74 Piso 1 Barrio C\u00f3rdoba<\/td>\n<td width=\"436\">Lunes a Viernes de 08:00 a.m. &#8211; 12:00 p.m. y 2:00 p.m. &#8211; 6:00 p.m.<\/td>\n<\/tr>\n<tr>\n<td width=\"194\">ATL\u00c1NTICO<\/td>\n<td width=\"142\">Barranquilla<\/td>\n<td width=\"382\">Carrera 45 No. 33-10 Piso 1 Centro<\/td>\n<td width=\"436\">Lunes a Viernes de 08:00 a.m. &#8211; 12:00 p.m. y 1:00 p.m. &#8211; 5:00 p.m.<\/td>\n<\/tr>\n<tr>\n<td width=\"194\">BOGOT\u00c1<\/td>\n<td width=\"142\">Bogot\u00e1<\/td>\n<td width=\"382\">Carrera 28 No. 18-64 piso 1 Bloque Norte Antiguo Edificio DAS<\/td>\n<td width=\"436\">Lunes a Viernes de 08:00 a.m. &#8211; 05:00 p.m. Jornada Continua<\/td>\n<\/tr>\n<tr>\n<td width=\"194\">BOL\u00cdVAR<\/td>\n<td width=\"142\">Cartagena<\/td>\n<td width=\"382\">Calle 66 No. 4-86 Barrio Crespo<\/td>\n<td width=\"436\">Lunes a Viernes de 08:00 a.m. &#8211; 12:00 p.m. y 1:00 p.m. &#8211; 5:00 p.m.<\/td>\n<\/tr>\n<tr>\n<td width=\"194\">BOYAC\u00c1<\/td>\n<td width=\"142\">Tunja<\/td>\n<td width=\"382\">Calle 20 No. 10-26 Piso 1<\/td>\n<td width=\"436\">Lunes a Viernes de 08:00 a.m. &#8211; 05:00 p.m. Jornada Continua<\/td>\n<\/tr>\n<tr>\n<td width=\"194\">CALDAS<\/td>\n<td width=\"142\">Manizales<\/td>\n<td width=\"382\">Carrera 23 No. 20-40 Centro<\/td>\n<td width=\"436\">Lunes a Viernes de 08:00 a.m. &#8211; 12:00 p.m. y 2:00 p.m. &#8211; 6:00 p.m.<\/td>\n<\/tr>\n<tr>\n<td rowspan=\"3\" width=\"194\">CALI<\/td>\n<td width=\"142\">Cali<\/td>\n<td width=\"382\">Calle 10 No. 6-25 Edificio antiguo Telecom\u00a0 Piso 1<\/td>\n<td width=\"436\">Lunes a Viernes de 08:00 a.m. &#8211; 05:00 p.m. Jornada Continua<\/td>\n<\/tr>\n<tr>\n<td width=\"142\">Cali<\/td>\n<td width=\"382\">Calle 25 Norte No6AN &#8211; 11 Piso 5 Santa Monica Residencial<\/td>\n<td width=\"436\">Lunes a Viernes de 08:00 a.m. &#8211; 05:00 p.m. Jornada Continua<\/td>\n<\/tr>\n<tr>\n<td width=\"142\">Cali<\/td>\n<td width=\"382\">Avenida Roosevelt No 38-32 Edificio Conquistadores<\/td>\n<td width=\"436\">Lunes a Viernes de 08:00 a.m. &#8211; 05:00 p.m. Jornada Continua<\/td>\n<\/tr>\n<tr>\n<td width=\"194\">CAQUET\u00c1<\/td>\n<td width=\"142\">Florencia<\/td>\n<td width=\"382\">Carrera 9B No. 5B-02 Edificio Firenze Barrio la Estrella<\/td>\n<td width=\"436\">Lunes a Viernes de 08:00 a.m. &#8211; 11:30 a.m. y 2:00 p.m. &#8211; 5:30 p.m.<\/td>\n<\/tr>\n<tr>\n<td width=\"194\">CASANARE<\/td>\n<td width=\"142\">Yopal<\/td>\n<td width=\"382\">Carrera 21 No. 9-48 Barrio\u00a0 Centro SAN MARTIN<\/td>\n<td width=\"436\">Lunes a Viernes de 07:00 a.m. &#8211; 12:00 p.m. y 1:00 p.m. &#8211; 5:00 p.m.<\/td>\n<\/tr>\n<tr>\n<td width=\"194\">CAUCA<\/td>\n<td width=\"142\">Popay\u00e1n<\/td>\n<td width=\"382\">Calle 3 No. 2-76 Barrio La Pamba<\/td>\n<td width=\"436\">Lunes a Viernes de 08:00 a.m. &#8211; 05:00 p.m. Jornada Continua<\/td>\n<\/tr>\n<tr>\n<td width=\"194\">CESAR<\/td>\n<td width=\"142\">Valledupar<\/td>\n<td width=\"382\">Carrera 16 No. 14-60 Piso 1 Barrio Alfonso L\u00f3pez<\/td>\n<td width=\"436\">Lunes a Viernes de 07:00 a.m &#8211; 1:00 p.m. y 2:00 P.M. &#8211; 4:00 p.m.<\/td>\n<\/tr>\n<tr>\n<td width=\"194\">CHOC\u00d3<\/td>\n<td width=\"142\">Quibd\u00f3<\/td>\n<td width=\"382\">Calle 20 No. 3-11 Piso 1<\/td>\n<td width=\"436\">Lunes a Viernes de 08:00 a.m. &#8211; 12:00 pm. y 2:00 p.m. &#8211; 6:00 p.m.<\/td>\n<\/tr>\n<tr>\n<td width=\"194\">C\u00d3RDOBA<\/td>\n<td width=\"142\">Monter\u00eda<\/td>\n<td width=\"382\">Carrera 3 No. 10-54 Piso 1 Oficina de Bienes &#8211; Antiguo Hospital San Jer\u00f3nimo Barrio Buenavista<\/td>\n<td width=\"436\">Lunes a Viernes de 08:00 a.m. &#8211; 12:00 p.m. y 1:00 p.m. &#8211; 5:00 p.m.<\/td>\n<\/tr>\n<tr>\n<td width=\"194\">CUNDINAMARCA<\/td>\n<td width=\"142\">Bogot\u00e1<\/td>\n<td width=\"382\">Calle 17A No. 68D-69 Piso 1 Barrio Montevideo<\/td>\n<td width=\"436\">Lunes a Viernes de 08:00 a.m. &#8211; 05:00 p.m. Jornada Continua<\/td>\n<\/tr>\n<tr>\n<td>GUAN\u00cdA<\/td>\n<td width=\"142\">In\u00edrida<\/td>\n<td width=\"382\">Carrera 7 No. 14-133 Barrio La Esperanza<\/td>\n<td width=\"436\">Lunes a Viernes de 08:00 a.m. &#8211; 12:00 p.m. y 2:00 p.m. &#8211; 6:00 p.m.<\/td>\n<\/tr>\n<tr>\n<td>VAUP\u00c9S<\/td>\n<td width=\"142\">Mitu<\/td>\n<td width=\"382\">Cra. 14 No. 10-199 Barrio Centro<\/td>\n<td width=\"436\">Lunes a Viernes de 08:00 a.m. &#8211; 12:00 p.m. y 2:00 p.m. &#8211; 6:00 p.m.<\/td>\n<\/tr>\n<tr>\n<td width=\"194\">GUAVIARE<\/td>\n<td width=\"142\">San Jos\u00e9 del Guaviare<\/td>\n<td width=\"382\">Carrera 23 No. 20-123 Barrio La Esperanza<\/td>\n<td width=\"436\">Lunes a Viernes de 07:30 a.m. &#8211; 12:00 p.m. y 1:30 p.m. &#8211; 5:00 p.m.<\/td>\n<\/tr>\n<tr>\n<td width=\"194\">HUILA<\/td>\n<td width=\"142\">Neiva<\/td>\n<td width=\"382\">Carrera 21A No. 26-65 Sur Barrio Canaima<\/td>\n<td width=\"436\">Lunes a Viernes de 07:00 a.m. &#8211; 12:00 p.m. y 2:00 p.m. &#8211; 5:00 p.m.<\/td>\n<\/tr>\n<tr>\n<td width=\"194\">LA GUAJIRA<\/td>\n<td width=\"142\">Riohacha<\/td>\n<td width=\"382\">Calle 1 No. 6-65 Piso 1 Centro<\/td>\n<td width=\"436\">Lunes a Viernes de 08:00 a.m. &#8211; 12:00 p.m. y 2:00 p.m. &#8211; 6:00 p.m.<\/td>\n<\/tr>\n<tr>\n<td width=\"194\">MAGDALENA<\/td>\n<td width=\"142\">Santa Marta<\/td>\n<td width=\"382\">Carrera 13 No. 22-48<\/td>\n<td width=\"436\">Lunes a Viernes de 08:00 am &#8211; 12:00 p.m. y 1:00 pm &#8211; 05:00 pm<\/td>\n<\/tr>\n<tr>\n<td rowspan=\"2\" width=\"194\">MEDELL\u00cdN<\/td>\n<td width=\"142\">Medell\u00edn<\/td>\n<td width=\"382\">Carrera. 64c No. 67-300 Edificio CAF piso 3. Barrio Caribe<\/td>\n<td width=\"436\">Lunes a Viernes de 08:00 a.m. &#8211; 05:00 p.m. Jornada Continua<\/td>\n<\/tr>\n<tr>\n<td width=\"142\">Medell\u00edn<\/td>\n<td width=\"382\">Calle 54 No. 49-120 Barrio La Candelaria Edificio Veracruz<\/td>\n<td width=\"436\">Lunes a Viernes de 08:00 a.m. &#8211; 12:00 p.m. y 1:00 p.m. &#8211; 5:00 p.m.<\/td>\n<\/tr>\n<tr>\n<td width=\"194\">META<\/td>\n<td width=\"142\">Villavicencio<\/td>\n<td width=\"382\">Carrera 29 No. 33 B &#8211; 79 Sede Palacio Justicia Torre A Of 201<\/td>\n<td width=\"436\">Lunes a Viernes de 08:00 a.m. &#8211; 12:00 p.m. y 1:00 p.m. &#8211; 5:00 p.m.<\/td>\n<\/tr>\n<tr>\n<td width=\"194\">NARI\u00d1O<\/td>\n<td width=\"142\">Pasto<\/td>\n<td width=\"382\">Carrera 22 No. 19-47 Edificio Milan<\/td>\n<td width=\"436\">Lunes a Viernes de 08:00 a.m. &#8211; 05:00 p.m. Jornada Continua<\/td>\n<\/tr>\n<tr>\n<td width=\"194\">NIVEL CENTRAL &#8211; B\u00daNKER<\/td>\n<td width=\"142\">Bogot\u00e1<\/td>\n<td width=\"382\">Diagonal 22B No. 52-01 Ciudad Salitre<\/td>\n<td width=\"436\">Lunes a Viernes de 08:00 a.m. &#8211; 05:00 p.m. Jornada Continua<\/td>\n<\/tr>\n<tr>\n<td width=\"194\">NIVEL CENTRAL &#8211; PALOQUEMAO<\/td>\n<td width=\"142\">Bogot\u00e1<\/td>\n<td width=\"382\">Carrera. 28 No. 17 A-00 Piso 1<\/td>\n<td width=\"436\">Lunes a Viernes de 08:00 a.m. &#8211; 05:00 p.m. Jornada Continua<\/td>\n<\/tr>\n<tr>\n<td width=\"194\">NORTE DE SANTANDER<\/td>\n<td width=\"142\">C\u00facuta<\/td>\n<td width=\"382\">Avenida 3 AE No. 9-37 Piso 1 Barrio Urbanizaci\u00f3n Rocetal<\/td>\n<td width=\"436\">Lunes a Viernes de 08:00 a.m. &#8211; 11:00 a.m. y 2:00 p.m. &#8211; 5:00 p.m.<\/td>\n<\/tr>\n<tr>\n<td width=\"194\">PUTUMAYO<\/td>\n<td width=\"142\">Mocoa<\/td>\n<td width=\"382\">Calle 15 No. 7 A-26 Edificio Moderno Barrio Ciudad Jardin<\/td>\n<td width=\"436\">Lunes a Viernes de 08:00 a.m. &#8211; 12:00 p.m. y 2:00 p.m. &#8211; 6:00 p.m.<\/td>\n<\/tr>\n<tr>\n<td width=\"194\">QUIND\u00cdO<\/td>\n<td width=\"142\">Armenia<\/td>\n<td width=\"382\">Carrera 13 No 16-26 P 1 CAF<\/td>\n<td width=\"436\">Lunes a Viernes de 08:00 a.m. &#8211; 11:00 a.m. y 1:00 p.m. &#8211; 4:00 pm<\/td>\n<\/tr>\n<tr>\n<td width=\"194\">RISARALDA<\/td>\n<td width=\"142\">Pereira<\/td>\n<td width=\"382\">Carrera 7 No. 42-39<\/td>\n<td width=\"436\">Lunes a Viernes de 08:00 a.m. &#8211; 12:00 p.m. y 1:00 p.m. &#8211; 4:00 p.m.<\/td>\n<\/tr>\n<tr>\n<td width=\"194\">SAN ANDR\u00c9S<\/td>\n<td width=\"142\">San Andr\u00e9s<\/td>\n<td width=\"382\">Carrera 16 No 1a Barrio Sarie Bay<\/td>\n<td width=\"436\">Lunes a Viernes de 08:00 a.m. &#8211; 12:00 p.m. y 2:00 p.m. &#8211; 6:00 p.m.<\/td>\n<\/tr>\n<tr>\n<td rowspan=\"2\" width=\"194\">SANTANDER<\/td>\n<td width=\"142\">Bucaramanga<\/td>\n<td width=\"382\">Carrera 19 No. 24-61 Piso 1 Barrio Alarc\u00f3n<\/td>\n<td width=\"436\">Lunes a Viernes de 08:00 a.m. &#8211; 12:00 p.m. y 1:00 p.m. &#8211; 5:00 p.m.<\/td>\n<\/tr>\n<tr>\n<td width=\"142\">Barrancabermeja<\/td>\n<td width=\"382\">Calle 50 No. 8B-35 Palacio de Justicia oficina 103<\/td>\n<td width=\"436\">Lunes a Viernes de 08:00 a.m. &#8211; 12:00 p.m y 2:00 p.m. &#8211; 6:00 p.m.<\/td>\n<\/tr>\n<tr>\n<td width=\"194\">SUCRE<\/td>\n<td width=\"142\">Sincelejo<\/td>\n<td width=\"382\">Calle 22 No. 16-51 Edificio Nahara Piso 3<\/td>\n<td width=\"436\">Lunes a Viernes de 08:00 a.m. &#8211; 12:00 p.m. y 2:00 p.m. &#8211; 6:00 p.m.<\/td>\n<\/tr>\n<tr>\n<td width=\"194\">TOLIMA<\/td>\n<td width=\"142\">Ibagu\u00e9<\/td>\n<td width=\"382\">Transversal 1 Sur No. 47-02 Zona Industrial El Papayo<\/td>\n<td width=\"436\">Lunes a Viernes de 08:00 a.m. &#8211; 12:00 p.m. y 2:00 p.m. &#8211; 6:00 p.m.<\/td>\n<\/tr>\n<tr>\n<td width=\"194\">VALLE DEL CAUCA<\/td>\n<td width=\"142\">Buga<\/td>\n<td width=\"382\">Calle 7 No. 13 &#8211; 56 Edificio Condado Plaza Oficina 101<\/td>\n<td width=\"436\">Lunes a Viernes de 08:00 a.m. &#8211; 05:00 p.m. Jornada Continua<\/td>\n<\/tr>\n<tr>\n<td width=\"194\">VICHADA<\/td>\n<td width=\"142\">Puerto Carre\u00f1o<\/td>\n<td width=\"382\">Calle 16 No. 11-83\/87 Barrio La Primavera<\/td>\n<td width=\"436\">Lunes a Viernes de 08:00 a.m. &#8211; 12:00 p.m. y 2:00 p.m. &#8211; 6:00 p.m.<\/td>\n<\/tr>\n<\/tbody>\n<\/table>\n<p>&nbsp;<\/p>\n<p>Actualizado 2025-10-01<\/p>\n\n<div class=\"twitter-share\"><a href=\"https:\/\/twitter.com\/intent\/tweet?via=fiscaliacol\" class=\"twitter-share-button\">Tweet<\/a><\/div>\n","protected":false},"excerpt":{"rendered":"<p>La Fiscal\u00eda General de la Naci\u00f3n informa a la ciudadan\u00eda los horarios de atenci\u00f3n al p\u00fablico en sus ventanillas y oficinas de correspondencia a nivel nacional. SECCIONAL CIUDAD DIRECCI\u00d3N HORARIO DE ATENCI\u00d3N AL P\u00daBLICO AMAZONAS Leticia Carrera 8 No. 11-80 Barrio Jose Maria Hernandez Lunes a Viernes de 08:00 a.m. &#8211; 12:00 p.m. y 2:00 [&hellip;]<\/p>\n","protected":false},"author":143,"featured_media":0,"parent":8600,"menu_order":0,"comment_status":"closed","ping_status":"closed","template":"page-pagebuilder-title.php","meta":{"_price":"","_stock":"","_tribe_ticket_header":"","_tribe_default_ticket_provider":"","_tribe_ticket_capacity":"0","_ticket_start_date":"","_ticket_end_date":"","_tribe_ticket_show_description":"","_tribe_ticket_show_not_going":false,"_tribe_ticket_use_global_stock":"","_tribe_ticket_global_stock_level":"","_global_stock_mode":"","_global_stock_cap":"","_tribe_rsvp_for_event":"","_tribe_ticket_going_count":"","_tribe_ticket_not_going_count":"","_tribe_tickets_list":"[]","_tribe_ticket_has_attendee_info_fields":false,"tdm_status":"","tdm_grid_status":"","footnotes":"","_tec_slr_enabled":"","_tec_slr_layout":""},"class_list":["post-157665","page","type-page","status-publish"],"yoast_head":"<!-- This site is optimized with the Yoast SEO plugin v24.3 - https:\/\/yoast.com\/wordpress\/plugins\/seo\/ -->\n<title>Fiscal\u00eda General de la Naci\u00f3n<\/title>\n<meta name=\"description\" content=\"P\u00e1gina oficial de la Fiscal\u00eda General de la Naci\u00f3n \u2013 Colombia. Garantizamos el acceso efectivo a la justicia, la verdad y la reparaci\u00f3n de las v\u00edctimas de los delitos.\" \/>\n<meta name=\"robots\" content=\"index, follow, max-snippet:-1, max-image-preview:large, max-video-preview:-1\" \/>\n<link rel=\"canonical\" href=\"https:\/\/www.fiscalia.gov.co\/colombia\/servicios-de-informacion-al-ciudadano\/direcciones-de-la-vuc\/\" \/>\n<meta property=\"og:locale\" content=\"es_ES\" \/>\n<meta property=\"og:type\" content=\"article\" \/>\n<meta property=\"og:title\" content=\"Fiscal\u00eda General de la Naci\u00f3n\" \/>\n<meta property=\"og:description\" content=\"P\u00e1gina oficial de la Fiscal\u00eda General de la Naci\u00f3n \u2013 Colombia. Garantizamos el acceso efectivo a la justicia, la verdad y la reparaci\u00f3n de las v\u00edctimas de los delitos.\" \/>\n<meta property=\"og:url\" content=\"https:\/\/www.fiscalia.gov.co\/colombia\/servicios-de-informacion-al-ciudadano\/direcciones-de-la-vuc\/\" \/>\n<meta property=\"og:site_name\" content=\"Fiscal\u00eda General de la Naci\u00f3n\" \/>\n<meta property=\"article:publisher\" content=\"https:\/\/www.facebook.com\/FiscaliaCol\" \/>\n<meta property=\"article:modified_time\" content=\"2025-10-01T13:28:28+00:00\" \/>\n<meta name=\"twitter:card\" content=\"summary_large_image\" \/>\n<meta name=\"twitter:site\" content=\"@FiscaliaCol\" \/>\n<meta name=\"twitter:label1\" content=\"Tiempo de lectura\" \/>\n\t<meta name=\"twitter:data1\" content=\"5 minutos\" \/>\n<script type=\"application\/ld+json\" class=\"yoast-schema-graph\">{\"@context\":\"https:\/\/schema.org\",\"@graph\":[{\"@type\":\"WebPage\",\"@id\":\"https:\/\/www.fiscalia.gov.co\/colombia\/servicios-de-informacion-al-ciudadano\/direcciones-de-la-vuc\/\",\"url\":\"https:\/\/www.fiscalia.gov.co\/colombia\/servicios-de-informacion-al-ciudadano\/direcciones-de-la-vuc\/\",\"name\":\"Fiscal\u00eda General de la Naci\u00f3n\",\"isPartOf\":{\"@id\":\"https:\/\/www.fiscalia.gov.co\/colombia\/#website\"},\"datePublished\":\"2017-12-19T20:59:57+00:00\",\"dateModified\":\"2025-10-01T13:28:28+00:00\",\"description\":\"P\u00e1gina oficial de la Fiscal\u00eda General de la Naci\u00f3n \u2013 Colombia. Garantizamos el acceso efectivo a la justicia, la verdad y la reparaci\u00f3n de las v\u00edctimas de los delitos.\",\"breadcrumb\":{\"@id\":\"https:\/\/www.fiscalia.gov.co\/colombia\/servicios-de-informacion-al-ciudadano\/direcciones-de-la-vuc\/#breadcrumb\"},\"inLanguage\":\"es-CO\",\"potentialAction\":[{\"@type\":\"ReadAction\",\"target\":[\"https:\/\/www.fiscalia.gov.co\/colombia\/servicios-de-informacion-al-ciudadano\/direcciones-de-la-vuc\/\"]}]},{\"@type\":\"BreadcrumbList\",\"@id\":\"https:\/\/www.fiscalia.gov.co\/colombia\/servicios-de-informacion-al-ciudadano\/direcciones-de-la-vuc\/#breadcrumb\",\"itemListElement\":[{\"@type\":\"ListItem\",\"position\":1,\"name\":\"Home\",\"item\":\"https:\/\/www.fiscalia.gov.co\/colombia\/\"},{\"@type\":\"ListItem\",\"position\":2,\"name\":\"Participaci\u00f3n ciudadana\",\"item\":\"https:\/\/www.fiscalia.gov.co\/colombia\/servicios-de-informacion-al-ciudadano\/\"},{\"@type\":\"ListItem\",\"position\":3,\"name\":\"Direcciones de las Ventanillas \u00danicas de Correspondencia\"}]},{\"@type\":\"WebSite\",\"@id\":\"https:\/\/www.fiscalia.gov.co\/colombia\/#website\",\"url\":\"https:\/\/www.fiscalia.gov.co\/colombia\/\",\"name\":\"Fiscal\u00eda General de la Naci\u00f3n\",\"description\":\"P\u00e1gina oficial de la Fiscal\u00eda General de la Naci\u00f3n \u2013 Colombia. Garantizamos el acceso efectivo a la justicia, la verdad y la reparaci\u00f3n de las v\u00edctimas de los delitos.\",\"publisher\":{\"@id\":\"https:\/\/www.fiscalia.gov.co\/colombia\/#organization\"},\"potentialAction\":[{\"@type\":\"SearchAction\",\"target\":{\"@type\":\"EntryPoint\",\"urlTemplate\":\"https:\/\/www.fiscalia.gov.co\/colombia\/?s={search_term_string}\"},\"query-input\":{\"@type\":\"PropertyValueSpecification\",\"valueRequired\":true,\"valueName\":\"search_term_string\"}}],\"inLanguage\":\"es-CO\"},{\"@type\":\"Organization\",\"@id\":\"https:\/\/www.fiscalia.gov.co\/colombia\/#organization\",\"name\":\"Fiscal\u00eda General de la Naci\u00f3n\",\"url\":\"https:\/\/www.fiscalia.gov.co\/colombia\/\",\"logo\":{\"@type\":\"ImageObject\",\"inLanguage\":\"es-CO\",\"@id\":\"https:\/\/www.fiscalia.gov.co\/colombia\/#\/schema\/logo\/image\/\",\"url\":\"https:\/\/www.fiscalia.gov.co\/colombia\/wp-content\/uploads\/LogoHorizontal_1.jpg\",\"contentUrl\":\"https:\/\/www.fiscalia.gov.co\/colombia\/wp-content\/uploads\/LogoHorizontal_1.jpg\",\"width\":300,\"height\":90,\"caption\":\"Fiscal\u00eda General de la Naci\u00f3n\"},\"image\":{\"@id\":\"https:\/\/www.fiscalia.gov.co\/colombia\/#\/schema\/logo\/image\/\"},\"sameAs\":[\"https:\/\/www.facebook.com\/FiscaliaCol\",\"https:\/\/x.com\/FiscaliaCol\",\"https:\/\/www.instagram.com\/fiscaliacol\",\"https:\/\/www.linkedin.com\/company\/fiscalia-general-de-la-naci-n\/\",\"https:\/\/youtube.com\/@fiscaliageneraldelanacion-4668?si=6nN79nyQICPU5iTh\"]}]}<\/script>\n<!-- \/ Yoast SEO plugin. -->","yoast_head_json":{"title":"Fiscal\u00eda General de la Naci\u00f3n","description":"P\u00e1gina oficial de la Fiscal\u00eda General de la Naci\u00f3n \u2013 Colombia. Garantizamos el acceso efectivo a la justicia, la verdad y la reparaci\u00f3n de las v\u00edctimas de los delitos.","robots":{"index":"index","follow":"follow","max-snippet":"max-snippet:-1","max-image-preview":"max-image-preview:large","max-video-preview":"max-video-preview:-1"},"canonical":"https:\/\/www.fiscalia.gov.co\/colombia\/servicios-de-informacion-al-ciudadano\/direcciones-de-la-vuc\/","og_locale":"es_ES","og_type":"article","og_title":"Fiscal\u00eda General de la Naci\u00f3n","og_description":"P\u00e1gina oficial de la Fiscal\u00eda General de la Naci\u00f3n \u2013 Colombia. Garantizamos el acceso efectivo a la justicia, la verdad y la reparaci\u00f3n de las v\u00edctimas de los delitos.","og_url":"https:\/\/www.fiscalia.gov.co\/colombia\/servicios-de-informacion-al-ciudadano\/direcciones-de-la-vuc\/","og_site_name":"Fiscal\u00eda General de la Naci\u00f3n","article_publisher":"https:\/\/www.facebook.com\/FiscaliaCol","article_modified_time":"2025-10-01T13:28:28+00:00","twitter_card":"summary_large_image","twitter_site":"@FiscaliaCol","twitter_misc":{"Tiempo de lectura":"5 minutos"},"schema":{"@context":"https:\/\/schema.org","@graph":[{"@type":"WebPage","@id":"https:\/\/www.fiscalia.gov.co\/colombia\/servicios-de-informacion-al-ciudadano\/direcciones-de-la-vuc\/","url":"https:\/\/www.fiscalia.gov.co\/colombia\/servicios-de-informacion-al-ciudadano\/direcciones-de-la-vuc\/","name":"Fiscal\u00eda General de la Naci\u00f3n","isPartOf":{"@id":"https:\/\/www.fiscalia.gov.co\/colombia\/#website"},"datePublished":"2017-12-19T20:59:57+00:00","dateModified":"2025-10-01T13:28:28+00:00","description":"P\u00e1gina oficial de la Fiscal\u00eda General de la Naci\u00f3n \u2013 Colombia. Garantizamos el acceso efectivo a la justicia, la verdad y la reparaci\u00f3n de las v\u00edctimas de los delitos.","breadcrumb":{"@id":"https:\/\/www.fiscalia.gov.co\/colombia\/servicios-de-informacion-al-ciudadano\/direcciones-de-la-vuc\/#breadcrumb"},"inLanguage":"es-CO","potentialAction":[{"@type":"ReadAction","target":["https:\/\/www.fiscalia.gov.co\/colombia\/servicios-de-informacion-al-ciudadano\/direcciones-de-la-vuc\/"]}]},{"@type":"BreadcrumbList","@id":"https:\/\/www.fiscalia.gov.co\/colombia\/servicios-de-informacion-al-ciudadano\/direcciones-de-la-vuc\/#breadcrumb","itemListElement":[{"@type":"ListItem","position":1,"name":"Home","item":"https:\/\/www.fiscalia.gov.co\/colombia\/"},{"@type":"ListItem","position":2,"name":"Participaci\u00f3n ciudadana","item":"https:\/\/www.fiscalia.gov.co\/colombia\/servicios-de-informacion-al-ciudadano\/"},{"@type":"ListItem","position":3,"name":"Direcciones de las Ventanillas \u00danicas de Correspondencia"}]},{"@type":"WebSite","@id":"https:\/\/www.fiscalia.gov.co\/colombia\/#website","url":"https:\/\/www.fiscalia.gov.co\/colombia\/","name":"Fiscal\u00eda General de la Naci\u00f3n","description":"P\u00e1gina oficial de la Fiscal\u00eda General de la Naci\u00f3n \u2013 Colombia. Garantizamos el acceso efectivo a la justicia, la verdad y la reparaci\u00f3n de las v\u00edctimas de los delitos.","publisher":{"@id":"https:\/\/www.fiscalia.gov.co\/colombia\/#organization"},"potentialAction":[{"@type":"SearchAction","target":{"@type":"EntryPoint","urlTemplate":"https:\/\/www.fiscalia.gov.co\/colombia\/?s={search_term_string}"},"query-input":{"@type":"PropertyValueSpecification","valueRequired":true,"valueName":"search_term_string"}}],"inLanguage":"es-CO"},{"@type":"Organization","@id":"https:\/\/www.fiscalia.gov.co\/colombia\/#organization","name":"Fiscal\u00eda General de la Naci\u00f3n","url":"https:\/\/www.fiscalia.gov.co\/colombia\/","logo":{"@type":"ImageObject","inLanguage":"es-CO","@id":"https:\/\/www.fiscalia.gov.co\/colombia\/#\/schema\/logo\/image\/","url":"https:\/\/www.fiscalia.gov.co\/colombia\/wp-content\/uploads\/LogoHorizontal_1.jpg","contentUrl":"https:\/\/www.fiscalia.gov.co\/colombia\/wp-content\/uploads\/LogoHorizontal_1.jpg","width":300,"height":90,"caption":"Fiscal\u00eda General de la Naci\u00f3n"},"image":{"@id":"https:\/\/www.fiscalia.gov.co\/colombia\/#\/schema\/logo\/image\/"},"sameAs":["https:\/\/www.facebook.com\/FiscaliaCol","https:\/\/x.com\/FiscaliaCol","https:\/\/www.instagram.com\/fiscaliacol","https:\/\/www.linkedin.com\/company\/fiscalia-general-de-la-naci-n\/","https:\/\/youtube.com\/@fiscaliageneraldelanacion-4668?si=6nN79nyQICPU5iTh"]}]}},"ticketed":false,"_links":{"self":[{"href":"https:\/\/www.fiscalia.gov.co\/colombia\/wp-json\/wp\/v2\/pages\/157665","targetHints":{"allow":["GET"]}}],"collection":[{"href":"https:\/\/www.fiscalia.gov.co\/colombia\/wp-json\/wp\/v2\/pages"}],"about":[{"href":"https:\/\/www.fiscalia.gov.co\/colombia\/wp-json\/wp\/v2\/types\/page"}],"author":[{"embeddable":true,"href":"https:\/\/www.fiscalia.gov.co\/colombia\/wp-json\/wp\/v2\/users\/143"}],"replies":[{"embeddable":true,"href":"https:\/\/www.fiscalia.gov.co\/colombia\/wp-json\/wp\/v2\/comments?post=157665"}],"version-history":[{"count":24,"href":"https:\/\/www.fiscalia.gov.co\/colombia\/wp-json\/wp\/v2\/pages\/157665\/revisions"}],"predecessor-version":[{"id":324842,"href":"https:\/\/www.fiscalia.gov.co\/colombia\/wp-json\/wp\/v2\/pages\/157665\/revisions\/324842"}],"up":[{"embeddable":true,"href":"https:\/\/www.fiscalia.gov.co\/colombia\/wp-json\/wp\/v2\/pages\/8600"}],"wp:attachment":[{"href":"https:\/\/www.fiscalia.gov.co\/colombia\/wp-json\/wp\/v2\/media?parent=157665"}],"curies":[{"name":"wp","href":"https:\/\/api.w.org\/{rel}","templated":true}]}}