{"id":122488,"date":"2017-11-30T10:32:51","date_gmt":"2017-11-30T15:32:51","guid":{"rendered":"http:\/\/www.fiscalia.gov.co\/colombia\/?page_id=122488"},"modified":"2022-05-25T09:34:10","modified_gmt":"2022-05-25T14:34:10","slug":"entregas-arauca","status":"publish","type":"page","link":"https:\/\/www.fiscalia.gov.co\/colombia\/justicia-transicional-2\/entrega-de-restos-oseos\/entregas-arauca\/","title":{"rendered":"Entregas Arauca"},"content":{"rendered":"<p><img loading=\"lazy\" decoding=\"async\" class=\"wp-image-170915 alignleft\" src=\"https:\/\/www.fiscalia.gov.co\/colombia\/wp-content\/uploads\/4-Arauca-Arauca-2018-oct-05.jpg\" alt=\"\" width=\"265\" height=\"114\" data-wp-editing=\"1\" srcset=\"https:\/\/www.fiscalia.gov.co\/colombia\/wp-content\/uploads\/4-Arauca-Arauca-2018-oct-05.jpg 744w, https:\/\/www.fiscalia.gov.co\/colombia\/wp-content\/uploads\/4-Arauca-Arauca-2018-oct-05-300x129.jpg 300w, https:\/\/www.fiscalia.gov.co\/colombia\/wp-content\/uploads\/4-Arauca-Arauca-2018-oct-05-696x299.jpg 696w, https:\/\/www.fiscalia.gov.co\/colombia\/wp-content\/uploads\/4-Arauca-Arauca-2018-oct-05-741x320.jpg 741w\" sizes=\"auto, (max-width: 265px) 100vw, 265px\" \/>Arauca (Arauca), 5 de octubre 2018.<br \/>\nLugar de la ceremonia de entrega de restos: Auditorio Fiscal\u00eda General de la Naci\u00f3n<br \/>\nRestos entregados: 2<br \/>\nLugar donde se realizaron las exhumaciones: Departamento de Arauca<\/p>\n<p><img loading=\"lazy\" decoding=\"async\" class=\"wp-image-170914 alignleft\" src=\"https:\/\/www.fiscalia.gov.co\/colombia\/wp-content\/uploads\/3-Arauca-Saravena-2018-abr-28.jpg\" alt=\"\" width=\"266\" height=\"114\" srcset=\"https:\/\/www.fiscalia.gov.co\/colombia\/wp-content\/uploads\/3-Arauca-Saravena-2018-abr-28.jpg 744w, https:\/\/www.fiscalia.gov.co\/colombia\/wp-content\/uploads\/3-Arauca-Saravena-2018-abr-28-300x129.jpg 300w, https:\/\/www.fiscalia.gov.co\/colombia\/wp-content\/uploads\/3-Arauca-Saravena-2018-abr-28-696x299.jpg 696w, https:\/\/www.fiscalia.gov.co\/colombia\/wp-content\/uploads\/3-Arauca-Saravena-2018-abr-28-741x320.jpg 741w\" sizes=\"auto, (max-width: 266px) 100vw, 266px\" \/>Saravena (Arauca), 28 de abril de 2018.<br \/>\nLugar de la ceremonia de entrega de restos: Auditorio Fiscal\u00eda Saravena<br \/>\nRestos entregados: 4<br \/>\nLugar donde se realizaron las exhumaciones: Departamento de Cundinamarca<\/p>\n<p style=\"text-align: left;\"><a href=\"https:\/\/www.fiscalia.gov.co\/colombia\/wp-content\/uploads\/2017\/06\/Arauca-2017-06-14.jpg\"><img loading=\"lazy\" decoding=\"async\" class=\"wp-image-1219 alignleft\" title=\"Entrega Arauca\" src=\"https:\/\/www.fiscalia.gov.co\/colombia\/wp-content\/uploads\/2017\/06\/Arauca-2017-06-14.jpg\" alt=\"\" width=\"256\" height=\"110\" \/><\/a><\/p>\n<p>Arauca (Arauca), 14 de junio 2017<br \/>\nLugar de la ceremonia de entrega de restos:\u00a0Auditorio Fiscal\u00eda General de la Naci\u00f3n sede Arauca<br \/>\nRestos entregados: 1<br \/>\nLugar donde se realizaron las exhumaciones: Departamento de Arauca<\/p>\n<p style=\"text-align: left;\"><a href=\"https:\/\/www.fiscalia.gov.co\/colombia\/wp-content\/uploads\/2017\/06\/Tame-2017-06-13.jpg\"><img loading=\"lazy\" decoding=\"async\" class=\"wp-image-1219 alignleft\" title=\"Entrega Arauca\" src=\"https:\/\/www.fiscalia.gov.co\/colombia\/wp-content\/uploads\/2017\/06\/Tame-2017-06-13.jpg\" alt=\"\" width=\"256\" height=\"110\" \/><\/a><\/p>\n<p>Tame (Arauca), 13 de junio 2017<br \/>\nLugar de la ceremonia de entrega de restos:\u00a0Auditorio Hotel Tame Real<br \/>\nRestos entregados: 3<br \/>\nLugar donde se realizaron las exhumaciones: Departamentos de Arauca y Cauca.<\/p>\n<p style=\"text-align: left;\"><a href=\"https:\/\/www.fiscalia.gov.co\/colombia\/wp-content\/uploads\/2015\/04\/Entrega-Arauca-2015-03-13.jpg\"><img loading=\"lazy\" decoding=\"async\" class=\"wp-image-1219 alignleft\" title=\"Entrega Arauca\" src=\"https:\/\/www.fiscalia.gov.co\/colombia\/wp-content\/uploads\/2015\/04\/Entrega-Arauca-2015-03-13.jpg\" alt=\"\" width=\"256\" height=\"110\" \/><\/a><\/p>\n<p>Arauca (Arauca),\u00a013 de marzo de 2015.<br \/>\nLugar de la ceremonia de entrega de restos:\u00a0Auditorio del Hotel Verano Plaza<br \/>\nRestos entregados: 7<br \/>\nLugar donde se realizaron las exhumaciones: Departamentos de Arauca y Casanare.<\/p>\n<p style=\"text-align: left;\"><a href=\"https:\/\/www.fiscalia.gov.co\/colombia\/wp-content\/uploads\/2013\/06\/ARAUCA-14-DE-JUNIO-2013.jpg\"><img loading=\"lazy\" decoding=\"async\" class=\"wp-image-1219 alignleft\" title=\"Entrega Arauca\" src=\"https:\/\/www.fiscalia.gov.co\/colombia\/wp-content\/uploads\/2013\/06\/ARAUCA-14-DE-JUNIO-2013.jpg\" alt=\"\" width=\"256\" height=\"110\" \/><\/a><\/p>\n<p>Arauca (Arauca),\u00a014 de junio de 2013.<br \/>\nLugar de la ceremonia de entrega de restos:\u00a0Auditorio de la Escuela Superior de Administraci\u00f3n Publica<br \/>\nRestos entregados: 2<br \/>\nLugar donde se realizaron las exhumaciones: Departamento de Arauca<\/p>\n<p style=\"text-align: left;\"><a href=\"https:\/\/www.fiscalia.gov.co\/colombia\/wp-content\/uploads\/2012\/07\/114.jpg\"><img loading=\"lazy\" decoding=\"async\" class=\"wp-image-1219 alignleft\" title=\"Entrega Arauca\" src=\"https:\/\/www.fiscalia.gov.co\/colombia\/wp-content\/uploads\/2012\/07\/114.jpg\" alt=\"\" width=\"256\" height=\"110\" \/><\/a><\/p>\n<p style=\"text-align: left;\">Arauca (Arauca), 24 de agosto de 2012.<br \/>\nLugar de la ceremonia de entrega de restos: Instalaciones de la ESAP<br \/>\nRestos entregados: 9<br \/>\nLugar donde se realizaron las exhumaciones: Departamento de Arauca<\/p>\n<p style=\"text-align: left;\"><a href=\"https:\/\/www.fiscalia.gov.co\/colombia\/wp-content\/uploads\/2012\/07\/210.jpg\"><img loading=\"lazy\" decoding=\"async\" class=\"wp-image-1219 alignleft\" title=\"Entrega Arauca\" src=\"https:\/\/www.fiscalia.gov.co\/colombia\/wp-content\/uploads\/2012\/07\/210.jpg\" alt=\"\" width=\"256\" height=\"110\" \/><\/a><\/p>\n<p style=\"text-align: left;\">Tame (Arauca), 14 y 15 de abril de 2011.<br \/>\nLugar de la ceremonia de entrega de restos:\u00a0Auditorio del Sena y Funeraria Paz de Luz<br \/>\nRestos entregados: 9<br \/>\nLugar donde se realizaron las exhumaciones: Departamento de Arauca<\/p>\n<p style=\"text-align: left;\"><a href=\"https:\/\/www.fiscalia.gov.co\/colombia\/wp-content\/uploads\/2012\/07\/310.jpg\"><img loading=\"lazy\" decoding=\"async\" class=\"wp-image-1219 alignleft\" title=\"Entrega Arauca\" src=\"https:\/\/www.fiscalia.gov.co\/colombia\/wp-content\/uploads\/2012\/07\/310.jpg\" alt=\"\" width=\"256\" height=\"110\" \/><\/a><\/p>\n<p style=\"text-align: left;\">Arauca\u00a0(Arauca), 28 de marzo de 2008.<br \/>\nLugar de la ceremonia de entrega de restos:\u00a0Auditorio del Sena y Funeraria Paz de Luz<br \/>\nRestos entregados: 1<br \/>\nLugar donde se realizaron las exhumaciones: Departamento de Arauca<\/p>\n<p style=\"text-align: left;\"><a href=\"https:\/\/www.fiscalia.gov.co\/colombia\/wp-content\/uploads\/2012\/07\/48.jpg\"><img loading=\"lazy\" decoding=\"async\" class=\"wp-image-1219 alignleft\" title=\"Entrega Arauca\" src=\"https:\/\/www.fiscalia.gov.co\/colombia\/wp-content\/uploads\/2012\/07\/48.jpg\" alt=\"\" width=\"256\" height=\"110\" \/><\/a><\/p>\n<p style=\"text-align: left;\">Arauca\u00a0(Arauca), 19 de marzo de 2009.<br \/>\nLugar de la ceremonia de entrega de restos:\u00a0Unidad Local del CTI<br \/>\nRestos entregados: 1<br \/>\nLugar donde se realizaron las exhumaciones: Departamento de Arauca<\/p>\n\n<div class=\"twitter-share\"><a href=\"https:\/\/twitter.com\/intent\/tweet?via=fiscaliacol\" class=\"twitter-share-button\">Tweet<\/a><\/div>\n","protected":false},"excerpt":{"rendered":"<p>Arauca (Arauca), 5 de octubre 2018. Lugar de la ceremonia de entrega de restos: Auditorio Fiscal\u00eda General de la Naci\u00f3n Restos entregados: 2 Lugar donde se realizaron las exhumaciones: Departamento de Arauca Saravena (Arauca), 28 de abril de 2018. Lugar de la ceremonia de entrega de restos: Auditorio Fiscal\u00eda Saravena Restos entregados: 4 Lugar donde [&hellip;]<\/p>\n","protected":false},"author":143,"featured_media":0,"parent":104055,"menu_order":0,"comment_status":"closed","ping_status":"closed","template":"","meta":{"_price":"","_stock":"","_tribe_ticket_header":"","_tribe_default_ticket_provider":"","_tribe_ticket_capacity":"0","_ticket_start_date":"","_ticket_end_date":"","_tribe_ticket_show_description":"","_tribe_ticket_show_not_going":false,"_tribe_ticket_use_global_stock":"","_tribe_ticket_global_stock_level":"","_global_stock_mode":"","_global_stock_cap":"","_tribe_rsvp_for_event":"","_tribe_ticket_going_count":"","_tribe_ticket_not_going_count":"","_tribe_tickets_list":"[]","_tribe_ticket_has_attendee_info_fields":false,"tdm_status":"","tdm_grid_status":"","footnotes":"","_tec_slr_enabled":"","_tec_slr_layout":""},"class_list":["post-122488","page","type-page","status-publish"],"yoast_head":"<!-- This site is optimized with the Yoast SEO plugin v24.3 - https:\/\/yoast.com\/wordpress\/plugins\/seo\/ -->\n<title>Fiscal\u00eda General de la Naci\u00f3n<\/title>\n<meta name=\"description\" content=\"P\u00e1gina oficial de la Fiscal\u00eda General de la Naci\u00f3n \u2013 Colombia. Garantizamos el acceso efectivo a la justicia, la verdad y la reparaci\u00f3n de las v\u00edctimas de los delitos.\" \/>\n<meta name=\"robots\" content=\"index, follow, max-snippet:-1, max-image-preview:large, max-video-preview:-1\" \/>\n<link rel=\"canonical\" href=\"https:\/\/www.fiscalia.gov.co\/colombia\/justicia-transicional-2\/entrega-de-restos-oseos\/entregas-arauca\/\" \/>\n<meta property=\"og:locale\" content=\"es_ES\" \/>\n<meta property=\"og:type\" content=\"article\" \/>\n<meta property=\"og:title\" content=\"Fiscal\u00eda General de la Naci\u00f3n\" \/>\n<meta property=\"og:description\" content=\"P\u00e1gina oficial de la Fiscal\u00eda General de la Naci\u00f3n \u2013 Colombia. Garantizamos el acceso efectivo a la justicia, la verdad y la reparaci\u00f3n de las v\u00edctimas de los delitos.\" \/>\n<meta property=\"og:url\" content=\"https:\/\/www.fiscalia.gov.co\/colombia\/justicia-transicional-2\/entrega-de-restos-oseos\/entregas-arauca\/\" \/>\n<meta property=\"og:site_name\" content=\"Fiscal\u00eda General de la Naci\u00f3n\" \/>\n<meta property=\"article:publisher\" content=\"https:\/\/www.facebook.com\/FiscaliaCol\" \/>\n<meta property=\"article:modified_time\" content=\"2022-05-25T14:34:10+00:00\" \/>\n<meta property=\"og:image\" content=\"https:\/\/www.fiscalia.gov.co\/colombia\/wp-content\/uploads\/4-Arauca-Arauca-2018-oct-05.jpg\" \/>\n<meta name=\"twitter:card\" content=\"summary_large_image\" \/>\n<meta name=\"twitter:site\" content=\"@FiscaliaCol\" \/>\n<meta name=\"twitter:label1\" content=\"Tiempo de lectura\" \/>\n\t<meta name=\"twitter:data1\" content=\"2 minutos\" \/>\n<script type=\"application\/ld+json\" class=\"yoast-schema-graph\">{\"@context\":\"https:\/\/schema.org\",\"@graph\":[{\"@type\":\"WebPage\",\"@id\":\"https:\/\/www.fiscalia.gov.co\/colombia\/justicia-transicional-2\/entrega-de-restos-oseos\/entregas-arauca\/\",\"url\":\"https:\/\/www.fiscalia.gov.co\/colombia\/justicia-transicional-2\/entrega-de-restos-oseos\/entregas-arauca\/\",\"name\":\"Fiscal\u00eda General de la Naci\u00f3n\",\"isPartOf\":{\"@id\":\"https:\/\/www.fiscalia.gov.co\/colombia\/#website\"},\"primaryImageOfPage\":{\"@id\":\"https:\/\/www.fiscalia.gov.co\/colombia\/justicia-transicional-2\/entrega-de-restos-oseos\/entregas-arauca\/#primaryimage\"},\"image\":{\"@id\":\"https:\/\/www.fiscalia.gov.co\/colombia\/justicia-transicional-2\/entrega-de-restos-oseos\/entregas-arauca\/#primaryimage\"},\"thumbnailUrl\":\"https:\/\/www.fiscalia.gov.co\/colombia\/wp-content\/uploads\/4-Arauca-Arauca-2018-oct-05.jpg\",\"datePublished\":\"2017-11-30T15:32:51+00:00\",\"dateModified\":\"2022-05-25T14:34:10+00:00\",\"description\":\"P\u00e1gina oficial de la Fiscal\u00eda General de la Naci\u00f3n \u2013 Colombia. Garantizamos el acceso efectivo a la justicia, la verdad y la reparaci\u00f3n de las v\u00edctimas de los delitos.\",\"breadcrumb\":{\"@id\":\"https:\/\/www.fiscalia.gov.co\/colombia\/justicia-transicional-2\/entrega-de-restos-oseos\/entregas-arauca\/#breadcrumb\"},\"inLanguage\":\"es-CO\",\"potentialAction\":[{\"@type\":\"ReadAction\",\"target\":[\"https:\/\/www.fiscalia.gov.co\/colombia\/justicia-transicional-2\/entrega-de-restos-oseos\/entregas-arauca\/\"]}]},{\"@type\":\"ImageObject\",\"inLanguage\":\"es-CO\",\"@id\":\"https:\/\/www.fiscalia.gov.co\/colombia\/justicia-transicional-2\/entrega-de-restos-oseos\/entregas-arauca\/#primaryimage\",\"url\":\"https:\/\/www.fiscalia.gov.co\/colombia\/wp-content\/uploads\/4-Arauca-Arauca-2018-oct-05.jpg\",\"contentUrl\":\"https:\/\/www.fiscalia.gov.co\/colombia\/wp-content\/uploads\/4-Arauca-Arauca-2018-oct-05.jpg\",\"width\":744,\"height\":320},{\"@type\":\"BreadcrumbList\",\"@id\":\"https:\/\/www.fiscalia.gov.co\/colombia\/justicia-transicional-2\/entrega-de-restos-oseos\/entregas-arauca\/#breadcrumb\",\"itemListElement\":[{\"@type\":\"ListItem\",\"position\":1,\"name\":\"Home\",\"item\":\"https:\/\/www.fiscalia.gov.co\/colombia\/\"},{\"@type\":\"ListItem\",\"position\":2,\"name\":\"Justicia Transicional\",\"item\":\"https:\/\/www.fiscalia.gov.co\/colombia\/justicia-transicional-2\/\"},{\"@type\":\"ListItem\",\"position\":3,\"name\":\"Entrega de restos \u00f3seos\",\"item\":\"https:\/\/www.fiscalia.gov.co\/colombia\/justicia-transicional-2\/entrega-de-restos-oseos\/\"},{\"@type\":\"ListItem\",\"position\":4,\"name\":\"Entregas Arauca\"}]},{\"@type\":\"WebSite\",\"@id\":\"https:\/\/www.fiscalia.gov.co\/colombia\/#website\",\"url\":\"https:\/\/www.fiscalia.gov.co\/colombia\/\",\"name\":\"Fiscal\u00eda General de la Naci\u00f3n\",\"description\":\"P\u00e1gina oficial de la Fiscal\u00eda General de la Naci\u00f3n \u2013 Colombia. Garantizamos el acceso efectivo a la justicia, la verdad y la reparaci\u00f3n de las v\u00edctimas de los delitos.\",\"publisher\":{\"@id\":\"https:\/\/www.fiscalia.gov.co\/colombia\/#organization\"},\"potentialAction\":[{\"@type\":\"SearchAction\",\"target\":{\"@type\":\"EntryPoint\",\"urlTemplate\":\"https:\/\/www.fiscalia.gov.co\/colombia\/?s={search_term_string}\"},\"query-input\":{\"@type\":\"PropertyValueSpecification\",\"valueRequired\":true,\"valueName\":\"search_term_string\"}}],\"inLanguage\":\"es-CO\"},{\"@type\":\"Organization\",\"@id\":\"https:\/\/www.fiscalia.gov.co\/colombia\/#organization\",\"name\":\"Fiscal\u00eda General de la Naci\u00f3n\",\"url\":\"https:\/\/www.fiscalia.gov.co\/colombia\/\",\"logo\":{\"@type\":\"ImageObject\",\"inLanguage\":\"es-CO\",\"@id\":\"https:\/\/www.fiscalia.gov.co\/colombia\/#\/schema\/logo\/image\/\",\"url\":\"https:\/\/www.fiscalia.gov.co\/colombia\/wp-content\/uploads\/LogoHorizontal_1.jpg\",\"contentUrl\":\"https:\/\/www.fiscalia.gov.co\/colombia\/wp-content\/uploads\/LogoHorizontal_1.jpg\",\"width\":300,\"height\":90,\"caption\":\"Fiscal\u00eda General de la Naci\u00f3n\"},\"image\":{\"@id\":\"https:\/\/www.fiscalia.gov.co\/colombia\/#\/schema\/logo\/image\/\"},\"sameAs\":[\"https:\/\/www.facebook.com\/FiscaliaCol\",\"https:\/\/x.com\/FiscaliaCol\",\"https:\/\/www.instagram.com\/fiscaliacol\",\"https:\/\/www.linkedin.com\/company\/fiscalia-general-de-la-naci-n\/\",\"https:\/\/youtube.com\/@fiscaliageneraldelanacion-4668?si=6nN79nyQICPU5iTh\"]}]}<\/script>\n<!-- \/ Yoast SEO plugin. -->","yoast_head_json":{"title":"Fiscal\u00eda General de la Naci\u00f3n","description":"P\u00e1gina oficial de la Fiscal\u00eda General de la Naci\u00f3n \u2013 Colombia. Garantizamos el acceso efectivo a la justicia, la verdad y la reparaci\u00f3n de las v\u00edctimas de los delitos.","robots":{"index":"index","follow":"follow","max-snippet":"max-snippet:-1","max-image-preview":"max-image-preview:large","max-video-preview":"max-video-preview:-1"},"canonical":"https:\/\/www.fiscalia.gov.co\/colombia\/justicia-transicional-2\/entrega-de-restos-oseos\/entregas-arauca\/","og_locale":"es_ES","og_type":"article","og_title":"Fiscal\u00eda General de la Naci\u00f3n","og_description":"P\u00e1gina oficial de la Fiscal\u00eda General de la Naci\u00f3n \u2013 Colombia. Garantizamos el acceso efectivo a la justicia, la verdad y la reparaci\u00f3n de las v\u00edctimas de los delitos.","og_url":"https:\/\/www.fiscalia.gov.co\/colombia\/justicia-transicional-2\/entrega-de-restos-oseos\/entregas-arauca\/","og_site_name":"Fiscal\u00eda General de la Naci\u00f3n","article_publisher":"https:\/\/www.facebook.com\/FiscaliaCol","article_modified_time":"2022-05-25T14:34:10+00:00","og_image":[{"url":"https:\/\/www.fiscalia.gov.co\/colombia\/wp-content\/uploads\/4-Arauca-Arauca-2018-oct-05.jpg","type":"","width":"","height":""}],"twitter_card":"summary_large_image","twitter_site":"@FiscaliaCol","twitter_misc":{"Tiempo de lectura":"2 minutos"},"schema":{"@context":"https:\/\/schema.org","@graph":[{"@type":"WebPage","@id":"https:\/\/www.fiscalia.gov.co\/colombia\/justicia-transicional-2\/entrega-de-restos-oseos\/entregas-arauca\/","url":"https:\/\/www.fiscalia.gov.co\/colombia\/justicia-transicional-2\/entrega-de-restos-oseos\/entregas-arauca\/","name":"Fiscal\u00eda General de la Naci\u00f3n","isPartOf":{"@id":"https:\/\/www.fiscalia.gov.co\/colombia\/#website"},"primaryImageOfPage":{"@id":"https:\/\/www.fiscalia.gov.co\/colombia\/justicia-transicional-2\/entrega-de-restos-oseos\/entregas-arauca\/#primaryimage"},"image":{"@id":"https:\/\/www.fiscalia.gov.co\/colombia\/justicia-transicional-2\/entrega-de-restos-oseos\/entregas-arauca\/#primaryimage"},"thumbnailUrl":"https:\/\/www.fiscalia.gov.co\/colombia\/wp-content\/uploads\/4-Arauca-Arauca-2018-oct-05.jpg","datePublished":"2017-11-30T15:32:51+00:00","dateModified":"2022-05-25T14:34:10+00:00","description":"P\u00e1gina oficial de la Fiscal\u00eda General de la Naci\u00f3n \u2013 Colombia. Garantizamos el acceso efectivo a la justicia, la verdad y la reparaci\u00f3n de las v\u00edctimas de los delitos.","breadcrumb":{"@id":"https:\/\/www.fiscalia.gov.co\/colombia\/justicia-transicional-2\/entrega-de-restos-oseos\/entregas-arauca\/#breadcrumb"},"inLanguage":"es-CO","potentialAction":[{"@type":"ReadAction","target":["https:\/\/www.fiscalia.gov.co\/colombia\/justicia-transicional-2\/entrega-de-restos-oseos\/entregas-arauca\/"]}]},{"@type":"ImageObject","inLanguage":"es-CO","@id":"https:\/\/www.fiscalia.gov.co\/colombia\/justicia-transicional-2\/entrega-de-restos-oseos\/entregas-arauca\/#primaryimage","url":"https:\/\/www.fiscalia.gov.co\/colombia\/wp-content\/uploads\/4-Arauca-Arauca-2018-oct-05.jpg","contentUrl":"https:\/\/www.fiscalia.gov.co\/colombia\/wp-content\/uploads\/4-Arauca-Arauca-2018-oct-05.jpg","width":744,"height":320},{"@type":"BreadcrumbList","@id":"https:\/\/www.fiscalia.gov.co\/colombia\/justicia-transicional-2\/entrega-de-restos-oseos\/entregas-arauca\/#breadcrumb","itemListElement":[{"@type":"ListItem","position":1,"name":"Home","item":"https:\/\/www.fiscalia.gov.co\/colombia\/"},{"@type":"ListItem","position":2,"name":"Justicia Transicional","item":"https:\/\/www.fiscalia.gov.co\/colombia\/justicia-transicional-2\/"},{"@type":"ListItem","position":3,"name":"Entrega de restos \u00f3seos","item":"https:\/\/www.fiscalia.gov.co\/colombia\/justicia-transicional-2\/entrega-de-restos-oseos\/"},{"@type":"ListItem","position":4,"name":"Entregas Arauca"}]},{"@type":"WebSite","@id":"https:\/\/www.fiscalia.gov.co\/colombia\/#website","url":"https:\/\/www.fiscalia.gov.co\/colombia\/","name":"Fiscal\u00eda General de la Naci\u00f3n","description":"P\u00e1gina oficial de la Fiscal\u00eda General de la Naci\u00f3n \u2013 Colombia. Garantizamos el acceso efectivo a la justicia, la verdad y la reparaci\u00f3n de las v\u00edctimas de los delitos.","publisher":{"@id":"https:\/\/www.fiscalia.gov.co\/colombia\/#organization"},"potentialAction":[{"@type":"SearchAction","target":{"@type":"EntryPoint","urlTemplate":"https:\/\/www.fiscalia.gov.co\/colombia\/?s={search_term_string}"},"query-input":{"@type":"PropertyValueSpecification","valueRequired":true,"valueName":"search_term_string"}}],"inLanguage":"es-CO"},{"@type":"Organization","@id":"https:\/\/www.fiscalia.gov.co\/colombia\/#organization","name":"Fiscal\u00eda General de la Naci\u00f3n","url":"https:\/\/www.fiscalia.gov.co\/colombia\/","logo":{"@type":"ImageObject","inLanguage":"es-CO","@id":"https:\/\/www.fiscalia.gov.co\/colombia\/#\/schema\/logo\/image\/","url":"https:\/\/www.fiscalia.gov.co\/colombia\/wp-content\/uploads\/LogoHorizontal_1.jpg","contentUrl":"https:\/\/www.fiscalia.gov.co\/colombia\/wp-content\/uploads\/LogoHorizontal_1.jpg","width":300,"height":90,"caption":"Fiscal\u00eda General de la Naci\u00f3n"},"image":{"@id":"https:\/\/www.fiscalia.gov.co\/colombia\/#\/schema\/logo\/image\/"},"sameAs":["https:\/\/www.facebook.com\/FiscaliaCol","https:\/\/x.com\/FiscaliaCol","https:\/\/www.instagram.com\/fiscaliacol","https:\/\/www.linkedin.com\/company\/fiscalia-general-de-la-naci-n\/","https:\/\/youtube.com\/@fiscaliageneraldelanacion-4668?si=6nN79nyQICPU5iTh"]}]}},"ticketed":false,"_links":{"self":[{"href":"https:\/\/www.fiscalia.gov.co\/colombia\/wp-json\/wp\/v2\/pages\/122488","targetHints":{"allow":["GET"]}}],"collection":[{"href":"https:\/\/www.fiscalia.gov.co\/colombia\/wp-json\/wp\/v2\/pages"}],"about":[{"href":"https:\/\/www.fiscalia.gov.co\/colombia\/wp-json\/wp\/v2\/types\/page"}],"author":[{"embeddable":true,"href":"https:\/\/www.fiscalia.gov.co\/colombia\/wp-json\/wp\/v2\/users\/143"}],"replies":[{"embeddable":true,"href":"https:\/\/www.fiscalia.gov.co\/colombia\/wp-json\/wp\/v2\/comments?post=122488"}],"version-history":[{"count":9,"href":"https:\/\/www.fiscalia.gov.co\/colombia\/wp-json\/wp\/v2\/pages\/122488\/revisions"}],"predecessor-version":[{"id":249171,"href":"https:\/\/www.fiscalia.gov.co\/colombia\/wp-json\/wp\/v2\/pages\/122488\/revisions\/249171"}],"up":[{"embeddable":true,"href":"https:\/\/www.fiscalia.gov.co\/colombia\/wp-json\/wp\/v2\/pages\/104055"}],"wp:attachment":[{"href":"https:\/\/www.fiscalia.gov.co\/colombia\/wp-json\/wp\/v2\/media?parent=122488"}],"curies":[{"name":"wp","href":"https:\/\/api.w.org\/{rel}","templated":true}]}}