{"id":105013,"date":"2017-04-25T16:35:34","date_gmt":"2017-04-25T21:35:34","guid":{"rendered":"http:\/\/www.fiscalia.gov.co\/colombia\/?page_id=105013"},"modified":"2018-09-21T17:36:51","modified_gmt":"2018-09-21T22:36:51","slug":"ha-sido-victima","status":"publish","type":"page","link":"https:\/\/www.fiscalia.gov.co\/colombia\/justicia-transicional-2\/ha-sido-victima\/","title":{"rendered":"\u00bfHa sido v\u00edctima?"},"content":{"rendered":"<p><strong>La Ley 975 de 2005 define como v\u00edctima a\u00a0\u201c<\/strong>La persona que individual o colectivamente haya sufrido da\u00f1os directos tales como lesiones transitorias o permanentes que ocasionen alg\u00fan tipo de discapacidad f\u00edsica, ps\u00edquica y\/o sensorial (visual y\/o auditiva), sufrimiento emocional, p\u00e9rdida financiera o menoscabo de sus derechos fundamentales. Los da\u00f1os deber\u00e1n ser consecuencia de acciones que hayan transgredido la legislaci\u00f3n penal, realizadas por grupos armados organizados al margen de la ley\u201d.<\/p>\n<p>La ley otorga adem\u00e1s esta condici\u00f3n al c\u00f3nyuge o compa\u00f1ero permanente, as\u00ed como a sus familiares en primer grado de consanguinidad de la v\u00edctima directa cuando a \u00e9sta se le hubiere dado muerte o estuviere desaparecida.<\/p>\n<p>La condici\u00f3n de v\u00edctima se adquiere con independencia de que se identifique, aprehenda, procese o condene al autor de la conducta punible y sin consideraci\u00f3n a la relaci\u00f3n familiar existente entre el autor y la v\u00edctima.<\/p>\n<p>Igualmente se considerar\u00e1n como v\u00edctimas a los miembros de la Fuerza P\u00fablica que hayan sufrido lesiones transitorias o permanentes que ocasionen alg\u00fan tipo de discapacidad o menoscabo de sus derechos fundamentales como consecuencia de las acciones de los grupos armados organizados al margen de la ley.<\/p>\n<p>Se tendr\u00e1n como v\u00edctimas al c\u00f3nyuge, compa\u00f1ero o compa\u00f1era permanente y familiares en primer grado de consanguinidad\u00a0de los miembros de la fuerza p\u00fablica que hayan perdido la vida en desarrollo de actos del servicio, como consecuencia del accionar de dichos grupos.<\/p>\n<p><strong>La Ley 1448 de 2011, en el art\u00edculo 3\u00b0 agrega a estas definiciones: \u201c<\/strong>Aquellas personas que individual o colectivamente hayan sufrido un da\u00f1o por hechos ocurridos a partir del 1 de enero de 1985, como consecuencia de infracciones al Derecho Internacional Humanitario o de violaciones graves y manifiestas a las normas internacionales de Derechos Humanos, ocurridas con ocasi\u00f3n del conflicto armado interno. Se consideran v\u00edctimas las personas que hayan sufrido un da\u00f1o al intervenir para asistir a la v\u00edctima en peligro o para prevenir la victimizaci\u00f3n\u201d.<\/p>\n<p>La condici\u00f3n de v\u00edctima se adquiere con independencia de que se individualice, aprehenda, procese o condene al autor de la conducta punible y de la relaci\u00f3n familiar que pueda existir entre el autor y la v\u00edctima.<\/p>\n<p><strong>Par\u00e1grafo 1\u00b0.<\/strong>\u00a0Cuando los miembros de la Fuerza P\u00fablica sean v\u00edctimas en los t\u00e9rminos del presente art\u00edculo, su reparaci\u00f3n econ\u00f3mica corresponder\u00e1 por todo concepto a la que tengan derecho de acuerdo al r\u00e9gimen especial que les sea aplicable.<\/p>\n<p>De la misma forma, tendr\u00e1n derecho a las medidas de satisfacci\u00f3n y garant\u00edas de no repetici\u00f3n se\u00f1aladas en la presente ley.<\/p>\n<p><strong>Par\u00e1grafo 2\u00b0.<\/strong>\u00a0Los miembros de los grupos armados organizados al margen de la ley no ser\u00e1n considerados v\u00edctimas, salvo en los casos en los que los ni\u00f1os, ni\u00f1as o adolescentes hubieren sido desvinculados del grupo armado organizado al margen de la ley siendo menores de edad.<\/p>\n<p>Para los efectos de la presente ley, el o la c\u00f3nyuge, compa\u00f1ero o compa\u00f1era permanente, o los parientes de los miembros de grupos armados organizados al margen de la ley ser\u00e1n considerados como v\u00edctimas directas por el da\u00f1o sufrido en sus derechos en los t\u00e9rminos del presente art\u00edculo, pero no como v\u00edctimas indirectas por el da\u00f1o sufrido por los miembros de dichos grupos.<\/p>\n<p><strong>Par\u00e1grafo 3\u00b0.<\/strong>\u00a0Para los efectos de la definici\u00f3n contenida en el presente art\u00edculo, no ser\u00e1n considerados como v\u00edctimas quienes hayan sufrido un da\u00f1o en sus derechos como consecuencia de actos de delincuencia com\u00fan.<\/p>\n<p><strong>Par\u00e1grafo 4\u00b0.<\/strong>\u00a0Las personas que hayan sido v\u00edctimas por hechos ocurridos antes del 1o de enero de 1985 tienen derecho a la verdad, medidas de reparaci\u00f3n simb\u00f3lica y a las garant\u00edas de no repetici\u00f3n previstas en la presente ley, como parte del conglomerado social y sin necesidad de que sean individualizadas.<\/p>\n<p><strong>Par\u00e1grafo 5\u00b0.<\/strong>\u00a0La definici\u00f3n de v\u00edctima contemplada en el presente art\u00edculo, en ning\u00fan caso podr\u00e1 interpretarse o presumir reconocimiento alguno de car\u00e1cter pol\u00edtico sobre los grupos terroristas y\/o armados ilegales, que hayan ocasionado el da\u00f1o al que se refiere como hecho victimizante la presente ley, en el marco del Derecho Internacional Humanitario y de los Derechos Humanos, de manera particular de lo establecido por el\u00a0art\u00edculo tercero (3) com\u00fan a los Convenios de Ginebra de 1949. El ejercicio de las competencias y funciones que le corresponden en virtud de la Constituci\u00f3n, la ley y los reglamentos a las Fuerzas Armadas de combatir otros actores criminales, no se afectar\u00e1 en absoluto por las disposiciones contenidas en la presente ley.<\/p>\n<p>De otra parte, las v\u00edctimas tienen derecho a intervenir de forma directa en el proceso especial de Justicia y Paz, aportando pruebas, presentando derechos de petici\u00f3n y solicitando informaci\u00f3n. Por esta raz\u00f3n, es necesario que las v\u00edctimas o sobrevivientes se acerquen de forma inmediata a poner en conocimiento\u00a0los hechos que les causaron\u00a0 da\u00f1o ante los Despachos de la Direcci\u00f3n de Justicia Transicional que llevan a cabo la investigaci\u00f3n de los Grupos de las Autodefensas Unidas de Colombia, ante los Despachos de la Direcci\u00f3n Nacional de An\u00e1lisis y Contexto que documentan los hechos cometidos por los Grupos Subversivos, ante los Grupos Sat\u00e9lites de Polic\u00eda Judicial de la Direcci\u00f3n de Justicia Transicional, las instituciones que intervienen en la aplicaci\u00f3n de la Ley de Justicia y Paz o ante cualquier Unidad de Fiscal\u00eda o del Cuerpo T\u00e9cnico de Investigaci\u00f3n del pa\u00eds.<\/p>\n<p>No obstante, en los casos en los cuales el sobreviviente o v\u00edctima no tenga conocimiento respecto al bloque o grupo presunto responsable del hecho que le ocasion\u00f3 da\u00f1o puede acudir a las entidades mencionadas en el p\u00e1rrafo anterior para poner en conocimiento los hechos.<\/p>\n\n<div class=\"twitter-share\"><a href=\"https:\/\/twitter.com\/intent\/tweet?via=fiscaliacol\" class=\"twitter-share-button\">Tweet<\/a><\/div>\n","protected":false},"excerpt":{"rendered":"<p>La Ley 975 de 2005 define como v\u00edctima a\u00a0\u201cLa persona que individual o colectivamente haya sufrido da\u00f1os directos tales como lesiones transitorias o permanentes que ocasionen alg\u00fan tipo de discapacidad [&hellip;]<\/p>\n","protected":false},"author":143,"featured_media":0,"parent":104010,"menu_order":0,"comment_status":"closed","ping_status":"closed","template":"","meta":{"tdm_status":"","tdm_grid_status":"","footnotes":""},"class_list":["post-105013","page","type-page","status-publish"],"yoast_head":"<!-- This site is optimized with the Yoast SEO plugin v24.3 - https:\/\/yoast.com\/wordpress\/plugins\/seo\/ -->\n<title>Fiscal\u00eda General de la Naci\u00f3n<\/title>\n<meta name=\"description\" content=\"P\u00e1gina oficial de la Fiscal\u00eda General de la Naci\u00f3n \u2013 Colombia. Garantizamos el acceso efectivo a la justicia, la verdad y la reparaci\u00f3n de las v\u00edctimas de los delitos.\" \/>\n<meta name=\"robots\" content=\"index, follow, max-snippet:-1, max-image-preview:large, max-video-preview:-1\" \/>\n<link rel=\"canonical\" href=\"https:\/\/www.fiscalia.gov.co\/colombia\/justicia-transicional-2\/ha-sido-victima\/\" \/>\n<meta property=\"og:locale\" content=\"es_ES\" \/>\n<meta property=\"og:type\" content=\"article\" \/>\n<meta property=\"og:title\" content=\"Fiscal\u00eda General de la Naci\u00f3n\" \/>\n<meta property=\"og:description\" content=\"P\u00e1gina oficial de la Fiscal\u00eda General de la Naci\u00f3n \u2013 Colombia. Garantizamos el acceso efectivo a la justicia, la verdad y la reparaci\u00f3n de las v\u00edctimas de los delitos.\" \/>\n<meta property=\"og:url\" content=\"https:\/\/www.fiscalia.gov.co\/colombia\/justicia-transicional-2\/ha-sido-victima\/\" \/>\n<meta property=\"og:site_name\" content=\"Fiscal\u00eda General de la Naci\u00f3n\" \/>\n<meta property=\"article:publisher\" content=\"https:\/\/www.facebook.com\/FiscaliaCol\" \/>\n<meta property=\"article:modified_time\" content=\"2018-09-21T22:36:51+00:00\" \/>\n<meta name=\"twitter:card\" content=\"summary_large_image\" \/>\n<meta name=\"twitter:site\" content=\"@FiscaliaCol\" \/>\n<meta name=\"twitter:label1\" content=\"Tiempo de lectura\" \/>\n\t<meta name=\"twitter:data1\" content=\"5 minutos\" \/>\n<script type=\"application\/ld+json\" class=\"yoast-schema-graph\">{\"@context\":\"https:\/\/schema.org\",\"@graph\":[{\"@type\":\"WebPage\",\"@id\":\"https:\/\/www.fiscalia.gov.co\/colombia\/justicia-transicional-2\/ha-sido-victima\/\",\"url\":\"https:\/\/www.fiscalia.gov.co\/colombia\/justicia-transicional-2\/ha-sido-victima\/\",\"name\":\"Fiscal\u00eda General de la Naci\u00f3n\",\"isPartOf\":{\"@id\":\"https:\/\/www.fiscalia.gov.co\/colombia\/#website\"},\"datePublished\":\"2017-04-25T21:35:34+00:00\",\"dateModified\":\"2018-09-21T22:36:51+00:00\",\"description\":\"P\u00e1gina oficial de la Fiscal\u00eda General de la Naci\u00f3n \u2013 Colombia. Garantizamos el acceso efectivo a la justicia, la verdad y la reparaci\u00f3n de las v\u00edctimas de los delitos.\",\"breadcrumb\":{\"@id\":\"https:\/\/www.fiscalia.gov.co\/colombia\/justicia-transicional-2\/ha-sido-victima\/#breadcrumb\"},\"inLanguage\":\"es-CO\",\"potentialAction\":[{\"@type\":\"ReadAction\",\"target\":[\"https:\/\/www.fiscalia.gov.co\/colombia\/justicia-transicional-2\/ha-sido-victima\/\"]}]},{\"@type\":\"BreadcrumbList\",\"@id\":\"https:\/\/www.fiscalia.gov.co\/colombia\/justicia-transicional-2\/ha-sido-victima\/#breadcrumb\",\"itemListElement\":[{\"@type\":\"ListItem\",\"position\":1,\"name\":\"Home\",\"item\":\"https:\/\/www.fiscalia.gov.co\/colombia\/\"},{\"@type\":\"ListItem\",\"position\":2,\"name\":\"Justicia Transicional\",\"item\":\"https:\/\/www.fiscalia.gov.co\/colombia\/justicia-transicional-2\/\"},{\"@type\":\"ListItem\",\"position\":3,\"name\":\"\u00bfHa sido v\u00edctima?\"}]},{\"@type\":\"WebSite\",\"@id\":\"https:\/\/www.fiscalia.gov.co\/colombia\/#website\",\"url\":\"https:\/\/www.fiscalia.gov.co\/colombia\/\",\"name\":\"Fiscal\u00eda General de la Naci\u00f3n\",\"description\":\"P\u00e1gina oficial de la Fiscal\u00eda General de la Naci\u00f3n \u2013 Colombia. Garantizamos el acceso efectivo a la justicia, la verdad y la reparaci\u00f3n de las v\u00edctimas de los delitos.\",\"publisher\":{\"@id\":\"https:\/\/www.fiscalia.gov.co\/colombia\/#organization\"},\"potentialAction\":[{\"@type\":\"SearchAction\",\"target\":{\"@type\":\"EntryPoint\",\"urlTemplate\":\"https:\/\/www.fiscalia.gov.co\/colombia\/?s={search_term_string}\"},\"query-input\":{\"@type\":\"PropertyValueSpecification\",\"valueRequired\":true,\"valueName\":\"search_term_string\"}}],\"inLanguage\":\"es-CO\"},{\"@type\":\"Organization\",\"@id\":\"https:\/\/www.fiscalia.gov.co\/colombia\/#organization\",\"name\":\"Fiscal\u00eda General de la Naci\u00f3n\",\"url\":\"https:\/\/www.fiscalia.gov.co\/colombia\/\",\"logo\":{\"@type\":\"ImageObject\",\"inLanguage\":\"es-CO\",\"@id\":\"https:\/\/www.fiscalia.gov.co\/colombia\/#\/schema\/logo\/image\/\",\"url\":\"https:\/\/www.fiscalia.gov.co\/colombia\/wp-content\/uploads\/LogoHorizontal_1.jpg\",\"contentUrl\":\"https:\/\/www.fiscalia.gov.co\/colombia\/wp-content\/uploads\/LogoHorizontal_1.jpg\",\"width\":300,\"height\":90,\"caption\":\"Fiscal\u00eda General de la Naci\u00f3n\"},\"image\":{\"@id\":\"https:\/\/www.fiscalia.gov.co\/colombia\/#\/schema\/logo\/image\/\"},\"sameAs\":[\"https:\/\/www.facebook.com\/FiscaliaCol\",\"https:\/\/x.com\/FiscaliaCol\",\"https:\/\/www.instagram.com\/fiscaliacol\",\"https:\/\/www.linkedin.com\/company\/fiscalia-general-de-la-naci-n\/\",\"https:\/\/youtube.com\/@fiscaliageneraldelanacion-4668?si=6nN79nyQICPU5iTh\"]}]}<\/script>\n<!-- \/ Yoast SEO plugin. -->","yoast_head_json":{"title":"Fiscal\u00eda General de la Naci\u00f3n","description":"P\u00e1gina oficial de la Fiscal\u00eda General de la Naci\u00f3n \u2013 Colombia. Garantizamos el acceso efectivo a la justicia, la verdad y la reparaci\u00f3n de las v\u00edctimas de los delitos.","robots":{"index":"index","follow":"follow","max-snippet":"max-snippet:-1","max-image-preview":"max-image-preview:large","max-video-preview":"max-video-preview:-1"},"canonical":"https:\/\/www.fiscalia.gov.co\/colombia\/justicia-transicional-2\/ha-sido-victima\/","og_locale":"es_ES","og_type":"article","og_title":"Fiscal\u00eda General de la Naci\u00f3n","og_description":"P\u00e1gina oficial de la Fiscal\u00eda General de la Naci\u00f3n \u2013 Colombia. Garantizamos el acceso efectivo a la justicia, la verdad y la reparaci\u00f3n de las v\u00edctimas de los delitos.","og_url":"https:\/\/www.fiscalia.gov.co\/colombia\/justicia-transicional-2\/ha-sido-victima\/","og_site_name":"Fiscal\u00eda General de la Naci\u00f3n","article_publisher":"https:\/\/www.facebook.com\/FiscaliaCol","article_modified_time":"2018-09-21T22:36:51+00:00","twitter_card":"summary_large_image","twitter_site":"@FiscaliaCol","twitter_misc":{"Tiempo de lectura":"5 minutos"},"schema":{"@context":"https:\/\/schema.org","@graph":[{"@type":"WebPage","@id":"https:\/\/www.fiscalia.gov.co\/colombia\/justicia-transicional-2\/ha-sido-victima\/","url":"https:\/\/www.fiscalia.gov.co\/colombia\/justicia-transicional-2\/ha-sido-victima\/","name":"Fiscal\u00eda General de la Naci\u00f3n","isPartOf":{"@id":"https:\/\/www.fiscalia.gov.co\/colombia\/#website"},"datePublished":"2017-04-25T21:35:34+00:00","dateModified":"2018-09-21T22:36:51+00:00","description":"P\u00e1gina oficial de la Fiscal\u00eda General de la Naci\u00f3n \u2013 Colombia. Garantizamos el acceso efectivo a la justicia, la verdad y la reparaci\u00f3n de las v\u00edctimas de los delitos.","breadcrumb":{"@id":"https:\/\/www.fiscalia.gov.co\/colombia\/justicia-transicional-2\/ha-sido-victima\/#breadcrumb"},"inLanguage":"es-CO","potentialAction":[{"@type":"ReadAction","target":["https:\/\/www.fiscalia.gov.co\/colombia\/justicia-transicional-2\/ha-sido-victima\/"]}]},{"@type":"BreadcrumbList","@id":"https:\/\/www.fiscalia.gov.co\/colombia\/justicia-transicional-2\/ha-sido-victima\/#breadcrumb","itemListElement":[{"@type":"ListItem","position":1,"name":"Home","item":"https:\/\/www.fiscalia.gov.co\/colombia\/"},{"@type":"ListItem","position":2,"name":"Justicia Transicional","item":"https:\/\/www.fiscalia.gov.co\/colombia\/justicia-transicional-2\/"},{"@type":"ListItem","position":3,"name":"\u00bfHa sido v\u00edctima?"}]},{"@type":"WebSite","@id":"https:\/\/www.fiscalia.gov.co\/colombia\/#website","url":"https:\/\/www.fiscalia.gov.co\/colombia\/","name":"Fiscal\u00eda General de la Naci\u00f3n","description":"P\u00e1gina oficial de la Fiscal\u00eda General de la Naci\u00f3n \u2013 Colombia. Garantizamos el acceso efectivo a la justicia, la verdad y la reparaci\u00f3n de las v\u00edctimas de los delitos.","publisher":{"@id":"https:\/\/www.fiscalia.gov.co\/colombia\/#organization"},"potentialAction":[{"@type":"SearchAction","target":{"@type":"EntryPoint","urlTemplate":"https:\/\/www.fiscalia.gov.co\/colombia\/?s={search_term_string}"},"query-input":{"@type":"PropertyValueSpecification","valueRequired":true,"valueName":"search_term_string"}}],"inLanguage":"es-CO"},{"@type":"Organization","@id":"https:\/\/www.fiscalia.gov.co\/colombia\/#organization","name":"Fiscal\u00eda General de la Naci\u00f3n","url":"https:\/\/www.fiscalia.gov.co\/colombia\/","logo":{"@type":"ImageObject","inLanguage":"es-CO","@id":"https:\/\/www.fiscalia.gov.co\/colombia\/#\/schema\/logo\/image\/","url":"https:\/\/www.fiscalia.gov.co\/colombia\/wp-content\/uploads\/LogoHorizontal_1.jpg","contentUrl":"https:\/\/www.fiscalia.gov.co\/colombia\/wp-content\/uploads\/LogoHorizontal_1.jpg","width":300,"height":90,"caption":"Fiscal\u00eda General de la Naci\u00f3n"},"image":{"@id":"https:\/\/www.fiscalia.gov.co\/colombia\/#\/schema\/logo\/image\/"},"sameAs":["https:\/\/www.facebook.com\/FiscaliaCol","https:\/\/x.com\/FiscaliaCol","https:\/\/www.instagram.com\/fiscaliacol","https:\/\/www.linkedin.com\/company\/fiscalia-general-de-la-naci-n\/","https:\/\/youtube.com\/@fiscaliageneraldelanacion-4668?si=6nN79nyQICPU5iTh"]}]}},"_links":{"self":[{"href":"https:\/\/www.fiscalia.gov.co\/colombia\/wp-json\/wp\/v2\/pages\/105013","targetHints":{"allow":["GET"]}}],"collection":[{"href":"https:\/\/www.fiscalia.gov.co\/colombia\/wp-json\/wp\/v2\/pages"}],"about":[{"href":"https:\/\/www.fiscalia.gov.co\/colombia\/wp-json\/wp\/v2\/types\/page"}],"author":[{"embeddable":true,"href":"https:\/\/www.fiscalia.gov.co\/colombia\/wp-json\/wp\/v2\/users\/143"}],"replies":[{"embeddable":true,"href":"https:\/\/www.fiscalia.gov.co\/colombia\/wp-json\/wp\/v2\/comments?post=105013"}],"version-history":[{"count":2,"href":"https:\/\/www.fiscalia.gov.co\/colombia\/wp-json\/wp\/v2\/pages\/105013\/revisions"}],"predecessor-version":[{"id":169335,"href":"https:\/\/www.fiscalia.gov.co\/colombia\/wp-json\/wp\/v2\/pages\/105013\/revisions\/169335"}],"up":[{"embeddable":true,"href":"https:\/\/www.fiscalia.gov.co\/colombia\/wp-json\/wp\/v2\/pages\/104010"}],"wp:attachment":[{"href":"https:\/\/www.fiscalia.gov.co\/colombia\/wp-json\/wp\/v2\/media?parent=105013"}],"curies":[{"name":"wp","href":"https:\/\/api.w.org\/{rel}","templated":true}]}}