{"id":104075,"date":"2017-04-04T16:08:47","date_gmt":"2017-04-04T21:08:47","guid":{"rendered":"http:\/\/www.fiscalia.gov.co\/colombia\/?page_id=104075"},"modified":"2019-10-23T11:12:27","modified_gmt":"2019-10-23T16:12:27","slug":"enfoques-diferenciales","status":"publish","type":"page","link":"https:\/\/www.fiscalia.gov.co\/colombia\/justicia-transicional-2\/enfoques-diferenciales\/","title":{"rendered":"Enfoques diferenciales"},"content":{"rendered":"<p>La Ley 1448 de 2011 incluye el Enfoque Diferencial para garantizar un tratamiento especial y adecuado en las medidas de atenci\u00f3n, asistencia y reparaci\u00f3n integral a las v\u00edctimas del conflicto armado del pa\u00eds. Dicha diferenciaci\u00f3n busca que todas las v\u00edctimas que tengan vulnerabilidades particulares puedan acceder en igualdad de condiciones a dichas medidas.<\/p>\n<p>En el marco de la Ley de V\u00edctimas se reconocen 5 grupos que requieren dicho enfoque diferencial:<\/p>\n<ol>\n<li>Personas con discapacidad f\u00edsica o mental<\/li>\n<li>Mujeres<\/li>\n<li>Ni\u00f1os y adolescentes<\/li>\n<li>Poblaci\u00f3n LGTBI<\/li>\n<li>Grupos \u00e9tnicos: Comunidades negras o afrocolombianas, palenquero, raizales, pueblos y comunidades ind\u00edgenas, comunidad Rom o gitana.<\/li>\n<\/ol>\n<p>&nbsp;<\/p>\n<p><strong>Acercamiento y jornadas de atenci\u00f3n a v\u00edctimas del conflicto armado.<\/strong><strong>\u00a0<\/strong><\/p>\n<p>Uno de los mecanismos para promover el acceso de las v\u00edctimas a sus derechos en el marco de la ley 975 de 2005 y sus decretos reglamentarios es a trav\u00e9s de jornadas de atenci\u00f3n a v\u00edctimas. Dichas jornadas se realizan en las zonas donde tuvieron injerencia los grupos armados organizados al margen de la ley que se han desmovilizado y en los lugares de mayor concentraci\u00f3n de personas afectadas por el conflicto armado colombiano. Esta actividad se realiza teniendo en cuenta el impacto o enfoque diferencial, aplicando los protocolos y gu\u00edas existentes para cada caso en concreto.<\/p>\n<p>La convocatoria se hace en un lugar cercano a la residencia de las v\u00edctimas procurando siempre una atenci\u00f3n digna y una explicaci\u00f3n pr\u00e1ctica sobre el prop\u00f3sito y procedimiento de la Ley 975 de 2005, orientaci\u00f3n jur\u00eddica, representaci\u00f3n judicial y asistencia psicosocial para garantizar sus derechos de verdad, justicia y reparaci\u00f3n.<\/p>\n<p>En estas jornadas participan entidades gubernamentales del orden nacional, departamental y local, en especial Personer\u00edas, Procuradur\u00eda, Defensor\u00eda del Pueblo, Unidad para la Atenci\u00f3n y Reparaci\u00f3n Integral a las V\u00edctimas UARIV, y el Instituto Colombiano de Bienestar Familiar ICBF, entre otros.<\/p>\n<p>&nbsp;<\/p>\n<p><strong>Gu\u00edas para el acercamiento a v\u00edctimas ind\u00edgenas y afrocolombianas<\/strong><\/p>\n<p>Los servidores de la Direcci\u00f3n de Justicia Transicional cuentan con gu\u00edas que trazan directrices aplicables para una atenci\u00f3n diferenciada a v\u00edctimas de violencia sexual basada en g\u00e9nero y orientaci\u00f3n sexual, igualmente para el abordaje a v\u00edctimas ind\u00edgenas y afrocolombianas, son herramientas metodol\u00f3gicas y rutas operativas aplicables con un enfoque diferencial para estas comunidades, logrando una adecuada identificaci\u00f3n y determinaci\u00f3n de los delitos a partir de la caracterizaci\u00f3n de los derechos y libertades propios de estas las comunidades.<\/p>\n<p>El objetivo es estandarizar los mecanismos de acercamiento con enfoque diferencial y de g\u00e9nero y el desarrollo de las acciones que se deben adoptar en el marco del reconocimiento del car\u00e1cter multicultural y pluri\u00e9tnico de nuestra naci\u00f3n, as\u00ed como lograr su efectiva participaci\u00f3n como sujetos colectivos de derechos en el proceso de Justicia y Paz.<\/p>\n<p>&nbsp;<\/p>\n<p>&nbsp;<\/p>\n<p>&nbsp;<\/p>\n\n<div class=\"twitter-share\"><a href=\"https:\/\/twitter.com\/intent\/tweet?via=fiscaliacol\" class=\"twitter-share-button\">Tweet<\/a><\/div>\n","protected":false},"excerpt":{"rendered":"<p>La Ley 1448 de 2011 incluye el Enfoque Diferencial para garantizar un tratamiento especial y adecuado en las medidas de atenci\u00f3n, asistencia y reparaci\u00f3n integral a las v\u00edctimas del conflicto [&hellip;]<\/p>\n","protected":false},"author":143,"featured_media":0,"parent":104010,"menu_order":0,"comment_status":"closed","ping_status":"closed","template":"","meta":{"tdm_status":"","tdm_grid_status":"","footnotes":""},"class_list":["post-104075","page","type-page","status-publish"],"yoast_head":"<!-- This site is optimized with the Yoast SEO plugin v24.3 - https:\/\/yoast.com\/wordpress\/plugins\/seo\/ -->\n<title>Fiscal\u00eda General de la Naci\u00f3n<\/title>\n<meta name=\"description\" content=\"P\u00e1gina oficial de la Fiscal\u00eda General de la Naci\u00f3n \u2013 Colombia. Garantizamos el acceso efectivo a la justicia, la verdad y la reparaci\u00f3n de las v\u00edctimas de los delitos.\" \/>\n<meta name=\"robots\" content=\"index, follow, max-snippet:-1, max-image-preview:large, max-video-preview:-1\" \/>\n<link rel=\"canonical\" href=\"https:\/\/www.fiscalia.gov.co\/colombia\/justicia-transicional-2\/enfoques-diferenciales\/\" \/>\n<meta property=\"og:locale\" content=\"es_ES\" \/>\n<meta property=\"og:type\" content=\"article\" \/>\n<meta property=\"og:title\" content=\"Fiscal\u00eda General de la Naci\u00f3n\" \/>\n<meta property=\"og:description\" content=\"P\u00e1gina oficial de la Fiscal\u00eda General de la Naci\u00f3n \u2013 Colombia. Garantizamos el acceso efectivo a la justicia, la verdad y la reparaci\u00f3n de las v\u00edctimas de los delitos.\" \/>\n<meta property=\"og:url\" content=\"https:\/\/www.fiscalia.gov.co\/colombia\/justicia-transicional-2\/enfoques-diferenciales\/\" \/>\n<meta property=\"og:site_name\" content=\"Fiscal\u00eda General de la Naci\u00f3n\" \/>\n<meta property=\"article:publisher\" content=\"https:\/\/www.facebook.com\/FiscaliaCol\" \/>\n<meta property=\"article:modified_time\" content=\"2019-10-23T16:12:27+00:00\" \/>\n<meta name=\"twitter:card\" content=\"summary_large_image\" \/>\n<meta name=\"twitter:site\" content=\"@FiscaliaCol\" \/>\n<meta name=\"twitter:label1\" content=\"Tiempo de lectura\" \/>\n\t<meta name=\"twitter:data1\" content=\"2 minutos\" \/>\n<script type=\"application\/ld+json\" class=\"yoast-schema-graph\">{\"@context\":\"https:\/\/schema.org\",\"@graph\":[{\"@type\":\"WebPage\",\"@id\":\"https:\/\/www.fiscalia.gov.co\/colombia\/justicia-transicional-2\/enfoques-diferenciales\/\",\"url\":\"https:\/\/www.fiscalia.gov.co\/colombia\/justicia-transicional-2\/enfoques-diferenciales\/\",\"name\":\"Fiscal\u00eda General de la Naci\u00f3n\",\"isPartOf\":{\"@id\":\"https:\/\/www.fiscalia.gov.co\/colombia\/#website\"},\"datePublished\":\"2017-04-04T21:08:47+00:00\",\"dateModified\":\"2019-10-23T16:12:27+00:00\",\"description\":\"P\u00e1gina oficial de la Fiscal\u00eda General de la Naci\u00f3n \u2013 Colombia. Garantizamos el acceso efectivo a la justicia, la verdad y la reparaci\u00f3n de las v\u00edctimas de los delitos.\",\"breadcrumb\":{\"@id\":\"https:\/\/www.fiscalia.gov.co\/colombia\/justicia-transicional-2\/enfoques-diferenciales\/#breadcrumb\"},\"inLanguage\":\"es-CO\",\"potentialAction\":[{\"@type\":\"ReadAction\",\"target\":[\"https:\/\/www.fiscalia.gov.co\/colombia\/justicia-transicional-2\/enfoques-diferenciales\/\"]}]},{\"@type\":\"BreadcrumbList\",\"@id\":\"https:\/\/www.fiscalia.gov.co\/colombia\/justicia-transicional-2\/enfoques-diferenciales\/#breadcrumb\",\"itemListElement\":[{\"@type\":\"ListItem\",\"position\":1,\"name\":\"Home\",\"item\":\"https:\/\/www.fiscalia.gov.co\/colombia\/\"},{\"@type\":\"ListItem\",\"position\":2,\"name\":\"Justicia Transicional\",\"item\":\"https:\/\/www.fiscalia.gov.co\/colombia\/justicia-transicional-2\/\"},{\"@type\":\"ListItem\",\"position\":3,\"name\":\"Enfoques diferenciales\"}]},{\"@type\":\"WebSite\",\"@id\":\"https:\/\/www.fiscalia.gov.co\/colombia\/#website\",\"url\":\"https:\/\/www.fiscalia.gov.co\/colombia\/\",\"name\":\"Fiscal\u00eda General de la Naci\u00f3n\",\"description\":\"P\u00e1gina oficial de la Fiscal\u00eda General de la Naci\u00f3n \u2013 Colombia. Garantizamos el acceso efectivo a la justicia, la verdad y la reparaci\u00f3n de las v\u00edctimas de los delitos.\",\"publisher\":{\"@id\":\"https:\/\/www.fiscalia.gov.co\/colombia\/#organization\"},\"potentialAction\":[{\"@type\":\"SearchAction\",\"target\":{\"@type\":\"EntryPoint\",\"urlTemplate\":\"https:\/\/www.fiscalia.gov.co\/colombia\/?s={search_term_string}\"},\"query-input\":{\"@type\":\"PropertyValueSpecification\",\"valueRequired\":true,\"valueName\":\"search_term_string\"}}],\"inLanguage\":\"es-CO\"},{\"@type\":\"Organization\",\"@id\":\"https:\/\/www.fiscalia.gov.co\/colombia\/#organization\",\"name\":\"Fiscal\u00eda General de la Naci\u00f3n\",\"url\":\"https:\/\/www.fiscalia.gov.co\/colombia\/\",\"logo\":{\"@type\":\"ImageObject\",\"inLanguage\":\"es-CO\",\"@id\":\"https:\/\/www.fiscalia.gov.co\/colombia\/#\/schema\/logo\/image\/\",\"url\":\"https:\/\/www.fiscalia.gov.co\/colombia\/wp-content\/uploads\/LogoHorizontal_1.jpg\",\"contentUrl\":\"https:\/\/www.fiscalia.gov.co\/colombia\/wp-content\/uploads\/LogoHorizontal_1.jpg\",\"width\":300,\"height\":90,\"caption\":\"Fiscal\u00eda General de la Naci\u00f3n\"},\"image\":{\"@id\":\"https:\/\/www.fiscalia.gov.co\/colombia\/#\/schema\/logo\/image\/\"},\"sameAs\":[\"https:\/\/www.facebook.com\/FiscaliaCol\",\"https:\/\/x.com\/FiscaliaCol\",\"https:\/\/www.instagram.com\/fiscaliacol\",\"https:\/\/www.linkedin.com\/company\/fiscalia-general-de-la-naci-n\/\",\"https:\/\/youtube.com\/@fiscaliageneraldelanacion-4668?si=6nN79nyQICPU5iTh\"]}]}<\/script>\n<!-- \/ Yoast SEO plugin. -->","yoast_head_json":{"title":"Fiscal\u00eda General de la Naci\u00f3n","description":"P\u00e1gina oficial de la Fiscal\u00eda General de la Naci\u00f3n \u2013 Colombia. Garantizamos el acceso efectivo a la justicia, la verdad y la reparaci\u00f3n de las v\u00edctimas de los delitos.","robots":{"index":"index","follow":"follow","max-snippet":"max-snippet:-1","max-image-preview":"max-image-preview:large","max-video-preview":"max-video-preview:-1"},"canonical":"https:\/\/www.fiscalia.gov.co\/colombia\/justicia-transicional-2\/enfoques-diferenciales\/","og_locale":"es_ES","og_type":"article","og_title":"Fiscal\u00eda General de la Naci\u00f3n","og_description":"P\u00e1gina oficial de la Fiscal\u00eda General de la Naci\u00f3n \u2013 Colombia. Garantizamos el acceso efectivo a la justicia, la verdad y la reparaci\u00f3n de las v\u00edctimas de los delitos.","og_url":"https:\/\/www.fiscalia.gov.co\/colombia\/justicia-transicional-2\/enfoques-diferenciales\/","og_site_name":"Fiscal\u00eda General de la Naci\u00f3n","article_publisher":"https:\/\/www.facebook.com\/FiscaliaCol","article_modified_time":"2019-10-23T16:12:27+00:00","twitter_card":"summary_large_image","twitter_site":"@FiscaliaCol","twitter_misc":{"Tiempo de lectura":"2 minutos"},"schema":{"@context":"https:\/\/schema.org","@graph":[{"@type":"WebPage","@id":"https:\/\/www.fiscalia.gov.co\/colombia\/justicia-transicional-2\/enfoques-diferenciales\/","url":"https:\/\/www.fiscalia.gov.co\/colombia\/justicia-transicional-2\/enfoques-diferenciales\/","name":"Fiscal\u00eda General de la Naci\u00f3n","isPartOf":{"@id":"https:\/\/www.fiscalia.gov.co\/colombia\/#website"},"datePublished":"2017-04-04T21:08:47+00:00","dateModified":"2019-10-23T16:12:27+00:00","description":"P\u00e1gina oficial de la Fiscal\u00eda General de la Naci\u00f3n \u2013 Colombia. Garantizamos el acceso efectivo a la justicia, la verdad y la reparaci\u00f3n de las v\u00edctimas de los delitos.","breadcrumb":{"@id":"https:\/\/www.fiscalia.gov.co\/colombia\/justicia-transicional-2\/enfoques-diferenciales\/#breadcrumb"},"inLanguage":"es-CO","potentialAction":[{"@type":"ReadAction","target":["https:\/\/www.fiscalia.gov.co\/colombia\/justicia-transicional-2\/enfoques-diferenciales\/"]}]},{"@type":"BreadcrumbList","@id":"https:\/\/www.fiscalia.gov.co\/colombia\/justicia-transicional-2\/enfoques-diferenciales\/#breadcrumb","itemListElement":[{"@type":"ListItem","position":1,"name":"Home","item":"https:\/\/www.fiscalia.gov.co\/colombia\/"},{"@type":"ListItem","position":2,"name":"Justicia Transicional","item":"https:\/\/www.fiscalia.gov.co\/colombia\/justicia-transicional-2\/"},{"@type":"ListItem","position":3,"name":"Enfoques diferenciales"}]},{"@type":"WebSite","@id":"https:\/\/www.fiscalia.gov.co\/colombia\/#website","url":"https:\/\/www.fiscalia.gov.co\/colombia\/","name":"Fiscal\u00eda General de la Naci\u00f3n","description":"P\u00e1gina oficial de la Fiscal\u00eda General de la Naci\u00f3n \u2013 Colombia. Garantizamos el acceso efectivo a la justicia, la verdad y la reparaci\u00f3n de las v\u00edctimas de los delitos.","publisher":{"@id":"https:\/\/www.fiscalia.gov.co\/colombia\/#organization"},"potentialAction":[{"@type":"SearchAction","target":{"@type":"EntryPoint","urlTemplate":"https:\/\/www.fiscalia.gov.co\/colombia\/?s={search_term_string}"},"query-input":{"@type":"PropertyValueSpecification","valueRequired":true,"valueName":"search_term_string"}}],"inLanguage":"es-CO"},{"@type":"Organization","@id":"https:\/\/www.fiscalia.gov.co\/colombia\/#organization","name":"Fiscal\u00eda General de la Naci\u00f3n","url":"https:\/\/www.fiscalia.gov.co\/colombia\/","logo":{"@type":"ImageObject","inLanguage":"es-CO","@id":"https:\/\/www.fiscalia.gov.co\/colombia\/#\/schema\/logo\/image\/","url":"https:\/\/www.fiscalia.gov.co\/colombia\/wp-content\/uploads\/LogoHorizontal_1.jpg","contentUrl":"https:\/\/www.fiscalia.gov.co\/colombia\/wp-content\/uploads\/LogoHorizontal_1.jpg","width":300,"height":90,"caption":"Fiscal\u00eda General de la Naci\u00f3n"},"image":{"@id":"https:\/\/www.fiscalia.gov.co\/colombia\/#\/schema\/logo\/image\/"},"sameAs":["https:\/\/www.facebook.com\/FiscaliaCol","https:\/\/x.com\/FiscaliaCol","https:\/\/www.instagram.com\/fiscaliacol","https:\/\/www.linkedin.com\/company\/fiscalia-general-de-la-naci-n\/","https:\/\/youtube.com\/@fiscaliageneraldelanacion-4668?si=6nN79nyQICPU5iTh"]}]}},"_links":{"self":[{"href":"https:\/\/www.fiscalia.gov.co\/colombia\/wp-json\/wp\/v2\/pages\/104075","targetHints":{"allow":["GET"]}}],"collection":[{"href":"https:\/\/www.fiscalia.gov.co\/colombia\/wp-json\/wp\/v2\/pages"}],"about":[{"href":"https:\/\/www.fiscalia.gov.co\/colombia\/wp-json\/wp\/v2\/types\/page"}],"author":[{"embeddable":true,"href":"https:\/\/www.fiscalia.gov.co\/colombia\/wp-json\/wp\/v2\/users\/143"}],"replies":[{"embeddable":true,"href":"https:\/\/www.fiscalia.gov.co\/colombia\/wp-json\/wp\/v2\/comments?post=104075"}],"version-history":[{"count":5,"href":"https:\/\/www.fiscalia.gov.co\/colombia\/wp-json\/wp\/v2\/pages\/104075\/revisions"}],"predecessor-version":[{"id":185550,"href":"https:\/\/www.fiscalia.gov.co\/colombia\/wp-json\/wp\/v2\/pages\/104075\/revisions\/185550"}],"up":[{"embeddable":true,"href":"https:\/\/www.fiscalia.gov.co\/colombia\/wp-json\/wp\/v2\/pages\/104010"}],"wp:attachment":[{"href":"https:\/\/www.fiscalia.gov.co\/colombia\/wp-json\/wp\/v2\/media?parent=104075"}],"curies":[{"name":"wp","href":"https:\/\/api.w.org\/{rel}","templated":true}]}}