{"id":104073,"date":"2017-04-04T16:08:10","date_gmt":"2017-04-04T21:08:10","guid":{"rendered":"http:\/\/www.fiscalia.gov.co\/colombia\/?page_id=104073"},"modified":"2026-02-18T15:52:58","modified_gmt":"2026-02-18T20:52:58","slug":"ruta-de-atencion-integral-a-victimas","status":"publish","type":"page","link":"https:\/\/www.fiscalia.gov.co\/colombia\/ruta-de-atencion-integral-a-victimas\/","title":{"rendered":"Ruta de atenci\u00f3n integral a v\u00edctimas"},"content":{"rendered":"<p><strong>Proceso de Justicia y Paz<\/strong><\/p>\n<p><strong>1. Recepci\u00f3n y acogida<\/strong><\/p>\n<p>La v\u00edctima es recibida por el personal designado de la Direcci\u00f3n de Justicia Transicional y\/o por los servidores asignados a las fiscal\u00edas adscritas a la direcci\u00f3n, garantizando un trato digno, respetuoso, confidencial y con enfoque diferencial.<\/p>\n<p><strong>2. Verificaci\u00f3n de competencia<\/strong><\/p>\n<p>Se realiza una verificaci\u00f3n preliminar para establecer si los hechos narrados fueron cometidos durante y con ocasi\u00f3n del conflicto armado y se enmarcan en el proceso de Justicia y Paz.<\/p>\n<ul>\n<li>Si los hechos no son de competencia de la Direcci\u00f3n de Justicia Transicional, la v\u00edctima es orientada y remitida a la entidad competente.<\/li>\n<li>Si son de competencia de la Direcci\u00f3n, se contin\u00faa con la ruta.<\/li>\n<\/ul>\n<p><strong>3. Verificaci\u00f3n de registro<\/strong><\/p>\n<p>Se consulta el sistema de informaci\u00f3n del proceso de Justicia y Paz para determinar si la v\u00edctima se encuentra registrada.<\/p>\n<ul>\n<li>Si est\u00e1 registrada, se le informa el n\u00famero asignado y el despacho fiscal que conoce su caso.<\/li>\n<li>Si no est\u00e1 registrada, se procede con el registro de los hechos y la recepci\u00f3n de los documentos aportados por la v\u00edctima.<\/li>\n<\/ul>\n<p><strong>4. Registro de hechos<\/strong><\/p>\n<p>Cuando la v\u00edctima no se encuentra registrada:<\/p>\n<ul>\n<li>Se diligencia el formato de registro de hechos atribuibles a grupos armados organizados al margen de la ley.<\/li>\n<li>El caso es remitido al fiscal que, conforme a criterios de georeferenciaci\u00f3n y temporalidad del grupo armado organizado al margen de la ley, es el competente para conocer.<\/li>\n<\/ul>\n<p><strong>5. Orientaci\u00f3n jur\u00eddica<\/strong><\/p>\n<p>La v\u00edctima recibe orientaci\u00f3n clara y suficiente sobre:<\/p>\n<p>El proceso de Justicia y Paz y sus etapas.<\/p>\n<ul>\n<li>Sus derechos a la verdad, la justicia, la reparaci\u00f3n integral y las garant\u00edas de no repetici\u00f3n.<\/li>\n<li>La posibilidad de contar con representaci\u00f3n judicial y el acceso a defensor de oficio cuando no cuente con recursos econ\u00f3micos.<\/li>\n<\/ul>\n<p><strong>6. Atenci\u00f3n y acompa\u00f1amiento psicosocial<\/strong><\/p>\n<p>Se brinda atenci\u00f3n psicosocial orientada a:<\/p>\n<ul>\n<li>Contenci\u00f3n emocional.<\/li>\n<li>Estrategias de autocuidado.<\/li>\n<\/ul>\n<p>En casos de enfoque diferencial, violencia basada en g\u00e9nero o alta afectaci\u00f3n emocional, la atenci\u00f3n es prestada por profesional en psicolog\u00eda.<\/p>\n<p><strong>7. Articulaci\u00f3n interinstitucional<\/strong><\/p>\n<p>Se orienta a la v\u00edctima sobre las funciones de las entidades que integran el sistema de atenci\u00f3n a v\u00edctimas y se realizan las remisiones que resulten necesarias, garantizando la coordinaci\u00f3n institucional.<\/p>\n<p><strong>8. Documentaci\u00f3n y acreditaci\u00f3n<\/strong><\/p>\n<p>Una vez recibido el registro de hechos atribuibles a grupos organizados al margen de la ley por despacho competente, el fiscal del caso:<\/p>\n<ul>\n<li>Documenta los hechos con el recaudo de los elementos materiales probatorios e informaci\u00f3n necesarios para adoptar decisiones.<\/li>\n<li>Verifica la condici\u00f3n de v\u00edctima y el da\u00f1o sufrido.<\/li>\n<li>Convoca a la v\u00edctima a las actuaciones procesales pertinentes.<\/li>\n<\/ul>\n<p><strong>9. Participaci\u00f3n en el proceso<\/strong><\/p>\n<p>La v\u00edctima participa en las distintas etapas del proceso de Justicia y Paz, incluyendo las audiencias y actuaciones en las que sea convocada, ejerciendo activamente sus derechos.<\/p>\n<p><strong>10. Incidente de reparaci\u00f3n integral<\/strong><\/p>\n<p>La v\u00edctima participa en el incidente de reparaci\u00f3n integral, presenta sus pretensiones y es escuchada en relaci\u00f3n con el da\u00f1o sufrido y las medidas de reparaci\u00f3n.<\/p>\n<p><strong>11. Cierre del proceso<\/strong><\/p>\n<p>La ruta culmina con la sentencia proferida por la Sala de Justicia y Paz del Tribunal Superior de Distrito Judicial competente, informando a la v\u00edctima sobre su alcance y efectos.<\/p>\n<p>&nbsp;<\/p>\n<p><strong>Condiciones transversales de la ruta<\/strong><\/p>\n<ul>\n<li>El proceso es gratuito para las v\u00edctimas.<\/li>\n<li>Se garantiza la confidencialidad de la informaci\u00f3n.<\/li>\n<li>Se aplica enfoque diferencial y de g\u00e9nero.<\/li>\n<li>La v\u00edctima es el eje central de la actuaci\u00f3n institucional.<\/li>\n<\/ul>\n\n<div class=\"twitter-share\"><a href=\"https:\/\/twitter.com\/intent\/tweet?via=fiscaliacol\" class=\"twitter-share-button\">Tweet<\/a><\/div>\n","protected":false},"excerpt":{"rendered":"<p>Proceso de Justicia y Paz 1. Recepci\u00f3n y acogida La v\u00edctima es recibida por el personal designado de la Direcci\u00f3n de Justicia Transicional y\/o por los servidores asignados a las [&hellip;]<\/p>\n","protected":false},"author":143,"featured_media":0,"parent":0,"menu_order":0,"comment_status":"closed","ping_status":"closed","template":"","meta":{"tdm_status":"","tdm_grid_status":"","footnotes":""},"class_list":["post-104073","page","type-page","status-publish"],"yoast_head":"<!-- This site is optimized with the Yoast SEO plugin v24.3 - https:\/\/yoast.com\/wordpress\/plugins\/seo\/ -->\n<title>Fiscal\u00eda General de la Naci\u00f3n<\/title>\n<meta name=\"description\" content=\"P\u00e1gina oficial de la Fiscal\u00eda General de la Naci\u00f3n \u2013 Colombia. Garantizamos el acceso efectivo a la justicia, la verdad y la reparaci\u00f3n de las v\u00edctimas de los delitos.\" \/>\n<meta name=\"robots\" content=\"index, follow, max-snippet:-1, max-image-preview:large, max-video-preview:-1\" \/>\n<link rel=\"canonical\" href=\"https:\/\/www.fiscalia.gov.co\/colombia\/ruta-de-atencion-integral-a-victimas\/\" \/>\n<meta property=\"og:locale\" content=\"es_ES\" \/>\n<meta property=\"og:type\" content=\"article\" \/>\n<meta property=\"og:title\" content=\"Fiscal\u00eda General de la Naci\u00f3n\" \/>\n<meta property=\"og:description\" content=\"P\u00e1gina oficial de la Fiscal\u00eda General de la Naci\u00f3n \u2013 Colombia. Garantizamos el acceso efectivo a la justicia, la verdad y la reparaci\u00f3n de las v\u00edctimas de los delitos.\" \/>\n<meta property=\"og:url\" content=\"https:\/\/www.fiscalia.gov.co\/colombia\/ruta-de-atencion-integral-a-victimas\/\" \/>\n<meta property=\"og:site_name\" content=\"Fiscal\u00eda General de la Naci\u00f3n\" \/>\n<meta property=\"article:publisher\" content=\"https:\/\/www.facebook.com\/FiscaliaCol\" \/>\n<meta property=\"article:modified_time\" content=\"2026-02-18T20:52:58+00:00\" \/>\n<meta name=\"twitter:card\" content=\"summary_large_image\" \/>\n<meta name=\"twitter:site\" content=\"@FiscaliaCol\" \/>\n<meta name=\"twitter:label1\" content=\"Tiempo de lectura\" \/>\n\t<meta name=\"twitter:data1\" content=\"3 minutos\" \/>\n<script type=\"application\/ld+json\" class=\"yoast-schema-graph\">{\"@context\":\"https:\/\/schema.org\",\"@graph\":[{\"@type\":\"WebPage\",\"@id\":\"https:\/\/www.fiscalia.gov.co\/colombia\/ruta-de-atencion-integral-a-victimas\/\",\"url\":\"https:\/\/www.fiscalia.gov.co\/colombia\/ruta-de-atencion-integral-a-victimas\/\",\"name\":\"Fiscal\u00eda General de la Naci\u00f3n\",\"isPartOf\":{\"@id\":\"https:\/\/www.fiscalia.gov.co\/colombia\/#website\"},\"datePublished\":\"2017-04-04T21:08:10+00:00\",\"dateModified\":\"2026-02-18T20:52:58+00:00\",\"description\":\"P\u00e1gina oficial de la Fiscal\u00eda General de la Naci\u00f3n \u2013 Colombia. Garantizamos el acceso efectivo a la justicia, la verdad y la reparaci\u00f3n de las v\u00edctimas de los delitos.\",\"breadcrumb\":{\"@id\":\"https:\/\/www.fiscalia.gov.co\/colombia\/ruta-de-atencion-integral-a-victimas\/#breadcrumb\"},\"inLanguage\":\"es-CO\",\"potentialAction\":[{\"@type\":\"ReadAction\",\"target\":[\"https:\/\/www.fiscalia.gov.co\/colombia\/ruta-de-atencion-integral-a-victimas\/\"]}]},{\"@type\":\"BreadcrumbList\",\"@id\":\"https:\/\/www.fiscalia.gov.co\/colombia\/ruta-de-atencion-integral-a-victimas\/#breadcrumb\",\"itemListElement\":[{\"@type\":\"ListItem\",\"position\":1,\"name\":\"Home\",\"item\":\"https:\/\/www.fiscalia.gov.co\/colombia\/\"},{\"@type\":\"ListItem\",\"position\":2,\"name\":\"Ruta de atenci\u00f3n integral a v\u00edctimas\"}]},{\"@type\":\"WebSite\",\"@id\":\"https:\/\/www.fiscalia.gov.co\/colombia\/#website\",\"url\":\"https:\/\/www.fiscalia.gov.co\/colombia\/\",\"name\":\"Fiscal\u00eda General de la Naci\u00f3n\",\"description\":\"P\u00e1gina oficial de la Fiscal\u00eda General de la Naci\u00f3n \u2013 Colombia. Garantizamos el acceso efectivo a la justicia, la verdad y la reparaci\u00f3n de las v\u00edctimas de los delitos.\",\"publisher\":{\"@id\":\"https:\/\/www.fiscalia.gov.co\/colombia\/#organization\"},\"potentialAction\":[{\"@type\":\"SearchAction\",\"target\":{\"@type\":\"EntryPoint\",\"urlTemplate\":\"https:\/\/www.fiscalia.gov.co\/colombia\/?s={search_term_string}\"},\"query-input\":{\"@type\":\"PropertyValueSpecification\",\"valueRequired\":true,\"valueName\":\"search_term_string\"}}],\"inLanguage\":\"es-CO\"},{\"@type\":\"Organization\",\"@id\":\"https:\/\/www.fiscalia.gov.co\/colombia\/#organization\",\"name\":\"Fiscal\u00eda General de la Naci\u00f3n\",\"url\":\"https:\/\/www.fiscalia.gov.co\/colombia\/\",\"logo\":{\"@type\":\"ImageObject\",\"inLanguage\":\"es-CO\",\"@id\":\"https:\/\/www.fiscalia.gov.co\/colombia\/#\/schema\/logo\/image\/\",\"url\":\"https:\/\/www.fiscalia.gov.co\/colombia\/wp-content\/uploads\/LogoHorizontal_1.jpg\",\"contentUrl\":\"https:\/\/www.fiscalia.gov.co\/colombia\/wp-content\/uploads\/LogoHorizontal_1.jpg\",\"width\":300,\"height\":90,\"caption\":\"Fiscal\u00eda General de la Naci\u00f3n\"},\"image\":{\"@id\":\"https:\/\/www.fiscalia.gov.co\/colombia\/#\/schema\/logo\/image\/\"},\"sameAs\":[\"https:\/\/www.facebook.com\/FiscaliaCol\",\"https:\/\/x.com\/FiscaliaCol\",\"https:\/\/www.instagram.com\/fiscaliacol\",\"https:\/\/www.linkedin.com\/company\/fiscalia-general-de-la-naci-n\/\",\"https:\/\/youtube.com\/@fiscaliageneraldelanacion-4668?si=6nN79nyQICPU5iTh\"]}]}<\/script>\n<!-- \/ Yoast SEO plugin. -->","yoast_head_json":{"title":"Fiscal\u00eda General de la Naci\u00f3n","description":"P\u00e1gina oficial de la Fiscal\u00eda General de la Naci\u00f3n \u2013 Colombia. Garantizamos el acceso efectivo a la justicia, la verdad y la reparaci\u00f3n de las v\u00edctimas de los delitos.","robots":{"index":"index","follow":"follow","max-snippet":"max-snippet:-1","max-image-preview":"max-image-preview:large","max-video-preview":"max-video-preview:-1"},"canonical":"https:\/\/www.fiscalia.gov.co\/colombia\/ruta-de-atencion-integral-a-victimas\/","og_locale":"es_ES","og_type":"article","og_title":"Fiscal\u00eda General de la Naci\u00f3n","og_description":"P\u00e1gina oficial de la Fiscal\u00eda General de la Naci\u00f3n \u2013 Colombia. Garantizamos el acceso efectivo a la justicia, la verdad y la reparaci\u00f3n de las v\u00edctimas de los delitos.","og_url":"https:\/\/www.fiscalia.gov.co\/colombia\/ruta-de-atencion-integral-a-victimas\/","og_site_name":"Fiscal\u00eda General de la Naci\u00f3n","article_publisher":"https:\/\/www.facebook.com\/FiscaliaCol","article_modified_time":"2026-02-18T20:52:58+00:00","twitter_card":"summary_large_image","twitter_site":"@FiscaliaCol","twitter_misc":{"Tiempo de lectura":"3 minutos"},"schema":{"@context":"https:\/\/schema.org","@graph":[{"@type":"WebPage","@id":"https:\/\/www.fiscalia.gov.co\/colombia\/ruta-de-atencion-integral-a-victimas\/","url":"https:\/\/www.fiscalia.gov.co\/colombia\/ruta-de-atencion-integral-a-victimas\/","name":"Fiscal\u00eda General de la Naci\u00f3n","isPartOf":{"@id":"https:\/\/www.fiscalia.gov.co\/colombia\/#website"},"datePublished":"2017-04-04T21:08:10+00:00","dateModified":"2026-02-18T20:52:58+00:00","description":"P\u00e1gina oficial de la Fiscal\u00eda General de la Naci\u00f3n \u2013 Colombia. Garantizamos el acceso efectivo a la justicia, la verdad y la reparaci\u00f3n de las v\u00edctimas de los delitos.","breadcrumb":{"@id":"https:\/\/www.fiscalia.gov.co\/colombia\/ruta-de-atencion-integral-a-victimas\/#breadcrumb"},"inLanguage":"es-CO","potentialAction":[{"@type":"ReadAction","target":["https:\/\/www.fiscalia.gov.co\/colombia\/ruta-de-atencion-integral-a-victimas\/"]}]},{"@type":"BreadcrumbList","@id":"https:\/\/www.fiscalia.gov.co\/colombia\/ruta-de-atencion-integral-a-victimas\/#breadcrumb","itemListElement":[{"@type":"ListItem","position":1,"name":"Home","item":"https:\/\/www.fiscalia.gov.co\/colombia\/"},{"@type":"ListItem","position":2,"name":"Ruta de atenci\u00f3n integral a v\u00edctimas"}]},{"@type":"WebSite","@id":"https:\/\/www.fiscalia.gov.co\/colombia\/#website","url":"https:\/\/www.fiscalia.gov.co\/colombia\/","name":"Fiscal\u00eda General de la Naci\u00f3n","description":"P\u00e1gina oficial de la Fiscal\u00eda General de la Naci\u00f3n \u2013 Colombia. Garantizamos el acceso efectivo a la justicia, la verdad y la reparaci\u00f3n de las v\u00edctimas de los delitos.","publisher":{"@id":"https:\/\/www.fiscalia.gov.co\/colombia\/#organization"},"potentialAction":[{"@type":"SearchAction","target":{"@type":"EntryPoint","urlTemplate":"https:\/\/www.fiscalia.gov.co\/colombia\/?s={search_term_string}"},"query-input":{"@type":"PropertyValueSpecification","valueRequired":true,"valueName":"search_term_string"}}],"inLanguage":"es-CO"},{"@type":"Organization","@id":"https:\/\/www.fiscalia.gov.co\/colombia\/#organization","name":"Fiscal\u00eda General de la Naci\u00f3n","url":"https:\/\/www.fiscalia.gov.co\/colombia\/","logo":{"@type":"ImageObject","inLanguage":"es-CO","@id":"https:\/\/www.fiscalia.gov.co\/colombia\/#\/schema\/logo\/image\/","url":"https:\/\/www.fiscalia.gov.co\/colombia\/wp-content\/uploads\/LogoHorizontal_1.jpg","contentUrl":"https:\/\/www.fiscalia.gov.co\/colombia\/wp-content\/uploads\/LogoHorizontal_1.jpg","width":300,"height":90,"caption":"Fiscal\u00eda General de la Naci\u00f3n"},"image":{"@id":"https:\/\/www.fiscalia.gov.co\/colombia\/#\/schema\/logo\/image\/"},"sameAs":["https:\/\/www.facebook.com\/FiscaliaCol","https:\/\/x.com\/FiscaliaCol","https:\/\/www.instagram.com\/fiscaliacol","https:\/\/www.linkedin.com\/company\/fiscalia-general-de-la-naci-n\/","https:\/\/youtube.com\/@fiscaliageneraldelanacion-4668?si=6nN79nyQICPU5iTh"]}]}},"_links":{"self":[{"href":"https:\/\/www.fiscalia.gov.co\/colombia\/wp-json\/wp\/v2\/pages\/104073","targetHints":{"allow":["GET"]}}],"collection":[{"href":"https:\/\/www.fiscalia.gov.co\/colombia\/wp-json\/wp\/v2\/pages"}],"about":[{"href":"https:\/\/www.fiscalia.gov.co\/colombia\/wp-json\/wp\/v2\/types\/page"}],"author":[{"embeddable":true,"href":"https:\/\/www.fiscalia.gov.co\/colombia\/wp-json\/wp\/v2\/users\/143"}],"replies":[{"embeddable":true,"href":"https:\/\/www.fiscalia.gov.co\/colombia\/wp-json\/wp\/v2\/comments?post=104073"}],"version-history":[{"count":5,"href":"https:\/\/www.fiscalia.gov.co\/colombia\/wp-json\/wp\/v2\/pages\/104073\/revisions"}],"predecessor-version":[{"id":331444,"href":"https:\/\/www.fiscalia.gov.co\/colombia\/wp-json\/wp\/v2\/pages\/104073\/revisions\/331444"}],"wp:attachment":[{"href":"https:\/\/www.fiscalia.gov.co\/colombia\/wp-json\/wp\/v2\/media?parent=104073"}],"curies":[{"name":"wp","href":"https:\/\/api.w.org\/{rel}","templated":true}]}}