{"id":104070,"date":"2017-04-04T16:06:42","date_gmt":"2017-04-04T21:06:42","guid":{"rendered":"http:\/\/www.fiscalia.gov.co\/colombia\/?page_id=104070"},"modified":"2022-03-22T09:05:51","modified_gmt":"2022-03-22T14:05:51","slug":"grupo-interno-de-trabajo-de-orientacion-registro-y-asignacion-de-casos-de-victimas","status":"publish","type":"page","link":"https:\/\/www.fiscalia.gov.co\/colombia\/grupo-interno-de-trabajo-de-orientacion-registro-y-asignacion-de-casos-de-victimas\/","title":{"rendered":"Grupo interno de trabajo de orientaci\u00f3n, registro y asignaci\u00f3n de casos de v\u00edctimas"},"content":{"rendered":"<div class=\"storytitle\">Grupo de Orientaci\u00f3n y Registro de Casos de V\u00edctimas de Justicia Transicional<\/div>\n<div class=\"meta_post\"><\/div>\n<div class=\"big\">\n<div id=\"content\">\n<p>Este grupo busca garantizar la atenci\u00f3n integral, orientaci\u00f3n y acceso a la justicia de quienes hayan sido v\u00edctimas de los grupos armados por da\u00f1o f\u00edsico, moral o psicol\u00f3gico en el contexto de la Ley 975 de 2005 o Ley de Justicia y Paz.<\/p>\n<p>Teniendo en cuenta un enfoque diferencial y criterios de acci\u00f3n sin da\u00f1o, el grupo hace \u00e9nfasis en las problem\u00e1ticas que afectan los derechos los ni\u00f1os y los adolescentes, la violencia de g\u00e9nero y los delitos cometidos contra grupos \u00a0especialmente protegidos, como la poblaci\u00f3n ind\u00edgena, afrodescendiente y los personas pertenecientes\u00a0 la comunidad LGBTI buscando contribuir\u00a0a la\u00a0protecci\u00f3n de dichos derechos y al mejoramiento de su calidad de vida mediante apoyo psicol\u00f3gico y capacitaci\u00f3n de emprendimiento como parte de la realizaci\u00f3n de los principios de verdad, justicia y reparaci\u00f3n.<\/p>\n<p><strong>Origen y funciones del grupo<\/strong><strong>\u00a0<\/strong><\/p>\n<p>El grupo se conform\u00f3 mediante la resoluci\u00f3n 0-0574 del 2 de abril de 2014 proferida por el se\u00f1or Fiscal General de la Naci\u00f3n y en la cual se crean tambi\u00e9n los grupos de Grupo de Apoyo Legal, Apoyo Administrativo, el Grupo de An\u00e1lisis de Informaci\u00f3n Priorizaci\u00f3n y Estad\u00edstica, de Investigaci\u00f3n de Hechos Delictivos dentro del marco de la Justicia Transicional, Grupo de Persecuci\u00f3n de Bienes en el marco de la Justicia Transicional, Grupo de Exhumaciones y el de Orientaci\u00f3n Registro y Asignaci\u00f3n de Casos en el marco de la Justicia Transicional.<\/p>\n<p>Entre las funciones del Grupo de Orientaci\u00f3n y Registro de Casos de V\u00edctimas est\u00e1n las de ejecutar, implementar y desarrollar las pol\u00edticas que en coordinaci\u00f3n con la Subdirecci\u00f3n Nacional de Atenci\u00f3n a V\u00edctimas y Usuarios se establezcan para la atenci\u00f3n de personas v\u00edctimas de los hechos que comprende el marco de la Justicia Transicional en Colombia. A continuaci\u00f3n otras directrices:<\/p>\n<ol>\n<li>Brindar a las v\u00edctimas una adecuada orientaci\u00f3n respecto de su participaci\u00f3n en el proceso de Justicia Transicional.<\/li>\n<li>Tramitar, registrar y direccionar ante el Fiscal competente los reportes de hechos atribuibles a los grupos armados organizados al margen de la ley de competencia de la Justicia Transicional.<\/li>\n<li>Asumir el conocimiento de los asuntos que por su naturaleza le sean asignados por el Director de\u00a0la Direcci\u00f3n de Justicia Transicional o su Delegado.<\/li>\n<li>Apoyar las jornadas de v\u00edctimas en el marco de la Justicia Transicional.<\/li>\n<li>Recaudar la informaci\u00f3n suficiente para el diligenciamiento de los formatos de registro de hechos atribuibles a los grupos armados<\/li>\n<li>Coordinar con las Fiscal\u00edas adscritas a la Direcci\u00f3n de Justicia Transicional la actualizaci\u00f3n permanente de la informaci\u00f3n para la asignaci\u00f3n de casos, conforme los criterios establecidos por el Director.<\/li>\n<li>Priorizar y direccionar los casos en los que se identifiquen situaciones de amenazas o de especial connotaci\u00f3n que deban ser conocidos por otros grupos de trabajo, otras dependencias de la Fiscal\u00eda General de la Naci\u00f3n u otras instituciones.<\/li>\n<li>Responder y gestionar los derechos de petici\u00f3n y acciones de tutela que por su objeto y contenido sean de conocimiento espec\u00edfico del Grupo.<\/li>\n<li>Brindar orientaci\u00f3n a las v\u00edctimas en situaci\u00f3n de amenaza y riesgo, generando las alertas tempranas sobre aquellas de las que tenga conocimiento, adelantando los tr\u00e1mites procedentes en procura a lograr su asistencia inicial y adelantar los tr\u00e1mites necesarios para efectos de garantizar su seguridad e informar a las dependencias correspondientes sobre la situaci\u00f3n de las mismas. (Decreto 1737 de 2010, Memorando No. 046 de diciembre de 2013).<\/li>\n<li>Coordinar, implementar y hacer seguimiento a los lineamientos de la Direcci\u00f3n de Justicia Transicional, en los temas relacionados con enfoque diferencial.<\/li>\n<li>Promover la articulaci\u00f3n entre los Grupos internos de trabajo y dependencias de la Fiscal\u00eda General de la Naci\u00f3n, entidades p\u00fablicas y privadas u organismos no gubernamentales en asuntos relacionados con enfoque diferencial.<\/li>\n<li>Asumir la tem\u00e1tica relacionada con los hechos de violencia basada en g\u00e9nero (VBG), respecto de las actividades inherentes a la divulgaci\u00f3n, seguimiento y monitoreo de directrices, consolidaci\u00f3n de informaci\u00f3n,\u00a0<em>coordinaci\u00f3n y articulaci\u00f3n\u00a0<\/em>con los Fiscales Delegados de la Direcci\u00f3n como con otras entidades y organizaciones gubernamentales y no gubernamentales, con el fin de implementar estrategias que permitan el avance de las investigaciones y garantizar los derechos de la justicia, verdad, reparaci\u00f3n y garant\u00eda de no repetici\u00f3n y la atenci\u00f3n diferencial.<\/li>\n<\/ol>\n<p><strong>Sistema de Informaci\u00f3n Interinstitucional de Justicia y Paz.<\/strong><\/p>\n<p>Bajo la coordinaci\u00f3n del Ministerio del Interior, con el apoyo de Organizaci\u00f3n Internacional para las Migraciones OIM, la Agencia de Estados Unidos para el Desarrollo Internacional USAID y con la participaci\u00f3n de la Direcci\u00f3n de Justicia Transicional, se dise\u00f1\u00f3 el Sistema de Informaci\u00f3n Interinstitucional de Justicia y Paz como una estrategia para facilitar la coordinaci\u00f3n y el intercambio de informaci\u00f3n entre las entidades que conforman el Comit\u00e9 Interinstitucional de Justicia y Paz.<\/p>\n<\/div>\n<\/div>\n\n<div class=\"twitter-share\"><a href=\"https:\/\/twitter.com\/intent\/tweet?via=fiscaliacol\" class=\"twitter-share-button\">Tweet<\/a><\/div>\n","protected":false},"excerpt":{"rendered":"<p>Grupo de Orientaci\u00f3n y Registro de Casos de V\u00edctimas de Justicia Transicional Este grupo busca garantizar la atenci\u00f3n integral, orientaci\u00f3n y acceso a la justicia de quienes hayan sido v\u00edctimas de los grupos armados por da\u00f1o f\u00edsico, moral o psicol\u00f3gico en el contexto de la Ley 975 de 2005 o Ley de Justicia y Paz. [&hellip;]<\/p>\n","protected":false},"author":143,"featured_media":0,"parent":0,"menu_order":0,"comment_status":"closed","ping_status":"closed","template":"","meta":{"_price":"","_stock":"","_tribe_ticket_header":"","_tribe_default_ticket_provider":"","_tribe_ticket_capacity":"0","_ticket_start_date":"","_ticket_end_date":"","_tribe_ticket_show_description":"","_tribe_ticket_show_not_going":false,"_tribe_ticket_use_global_stock":"","_tribe_ticket_global_stock_level":"","_global_stock_mode":"","_global_stock_cap":"","_tribe_rsvp_for_event":"","_tribe_ticket_going_count":"","_tribe_ticket_not_going_count":"","_tribe_tickets_list":"[]","_tribe_ticket_has_attendee_info_fields":false,"tdm_status":"","tdm_grid_status":"","footnotes":"","_tec_slr_enabled":"","_tec_slr_layout":""},"class_list":["post-104070","page","type-page","status-publish"],"yoast_head":"<!-- This site is optimized with the Yoast SEO plugin v24.3 - https:\/\/yoast.com\/wordpress\/plugins\/seo\/ -->\n<title>Fiscal\u00eda General de la Naci\u00f3n<\/title>\n<meta name=\"description\" content=\"P\u00e1gina oficial de la Fiscal\u00eda General de la Naci\u00f3n \u2013 Colombia. Garantizamos el acceso efectivo a la justicia, la verdad y la reparaci\u00f3n de las v\u00edctimas de los delitos.\" \/>\n<meta name=\"robots\" content=\"index, follow, max-snippet:-1, max-image-preview:large, max-video-preview:-1\" \/>\n<link rel=\"canonical\" href=\"https:\/\/www.fiscalia.gov.co\/colombia\/grupo-interno-de-trabajo-de-orientacion-registro-y-asignacion-de-casos-de-victimas\/\" \/>\n<meta property=\"og:locale\" content=\"es_ES\" \/>\n<meta property=\"og:type\" content=\"article\" \/>\n<meta property=\"og:title\" content=\"Fiscal\u00eda General de la Naci\u00f3n\" \/>\n<meta property=\"og:description\" content=\"P\u00e1gina oficial de la Fiscal\u00eda General de la Naci\u00f3n \u2013 Colombia. Garantizamos el acceso efectivo a la justicia, la verdad y la reparaci\u00f3n de las v\u00edctimas de los delitos.\" \/>\n<meta property=\"og:url\" content=\"https:\/\/www.fiscalia.gov.co\/colombia\/grupo-interno-de-trabajo-de-orientacion-registro-y-asignacion-de-casos-de-victimas\/\" \/>\n<meta property=\"og:site_name\" content=\"Fiscal\u00eda General de la Naci\u00f3n\" \/>\n<meta property=\"article:publisher\" content=\"https:\/\/www.facebook.com\/FiscaliaCol\" \/>\n<meta property=\"article:modified_time\" content=\"2022-03-22T14:05:51+00:00\" \/>\n<meta name=\"twitter:card\" content=\"summary_large_image\" \/>\n<meta name=\"twitter:site\" content=\"@FiscaliaCol\" \/>\n<meta name=\"twitter:label1\" content=\"Tiempo de lectura\" \/>\n\t<meta name=\"twitter:data1\" content=\"4 minutos\" \/>\n<script type=\"application\/ld+json\" class=\"yoast-schema-graph\">{\"@context\":\"https:\/\/schema.org\",\"@graph\":[{\"@type\":\"WebPage\",\"@id\":\"https:\/\/www.fiscalia.gov.co\/colombia\/grupo-interno-de-trabajo-de-orientacion-registro-y-asignacion-de-casos-de-victimas\/\",\"url\":\"https:\/\/www.fiscalia.gov.co\/colombia\/grupo-interno-de-trabajo-de-orientacion-registro-y-asignacion-de-casos-de-victimas\/\",\"name\":\"Fiscal\u00eda General de la Naci\u00f3n\",\"isPartOf\":{\"@id\":\"https:\/\/www.fiscalia.gov.co\/colombia\/#website\"},\"datePublished\":\"2017-04-04T21:06:42+00:00\",\"dateModified\":\"2022-03-22T14:05:51+00:00\",\"description\":\"P\u00e1gina oficial de la Fiscal\u00eda General de la Naci\u00f3n \u2013 Colombia. Garantizamos el acceso efectivo a la justicia, la verdad y la reparaci\u00f3n de las v\u00edctimas de los delitos.\",\"breadcrumb\":{\"@id\":\"https:\/\/www.fiscalia.gov.co\/colombia\/grupo-interno-de-trabajo-de-orientacion-registro-y-asignacion-de-casos-de-victimas\/#breadcrumb\"},\"inLanguage\":\"es-CO\",\"potentialAction\":[{\"@type\":\"ReadAction\",\"target\":[\"https:\/\/www.fiscalia.gov.co\/colombia\/grupo-interno-de-trabajo-de-orientacion-registro-y-asignacion-de-casos-de-victimas\/\"]}]},{\"@type\":\"BreadcrumbList\",\"@id\":\"https:\/\/www.fiscalia.gov.co\/colombia\/grupo-interno-de-trabajo-de-orientacion-registro-y-asignacion-de-casos-de-victimas\/#breadcrumb\",\"itemListElement\":[{\"@type\":\"ListItem\",\"position\":1,\"name\":\"Home\",\"item\":\"https:\/\/www.fiscalia.gov.co\/colombia\/\"},{\"@type\":\"ListItem\",\"position\":2,\"name\":\"Grupo interno de trabajo de orientaci\u00f3n, registro y asignaci\u00f3n de casos de v\u00edctimas\"}]},{\"@type\":\"WebSite\",\"@id\":\"https:\/\/www.fiscalia.gov.co\/colombia\/#website\",\"url\":\"https:\/\/www.fiscalia.gov.co\/colombia\/\",\"name\":\"Fiscal\u00eda General de la Naci\u00f3n\",\"description\":\"P\u00e1gina oficial de la Fiscal\u00eda General de la Naci\u00f3n \u2013 Colombia. Garantizamos el acceso efectivo a la justicia, la verdad y la reparaci\u00f3n de las v\u00edctimas de los delitos.\",\"publisher\":{\"@id\":\"https:\/\/www.fiscalia.gov.co\/colombia\/#organization\"},\"potentialAction\":[{\"@type\":\"SearchAction\",\"target\":{\"@type\":\"EntryPoint\",\"urlTemplate\":\"https:\/\/www.fiscalia.gov.co\/colombia\/?s={search_term_string}\"},\"query-input\":{\"@type\":\"PropertyValueSpecification\",\"valueRequired\":true,\"valueName\":\"search_term_string\"}}],\"inLanguage\":\"es-CO\"},{\"@type\":\"Organization\",\"@id\":\"https:\/\/www.fiscalia.gov.co\/colombia\/#organization\",\"name\":\"Fiscal\u00eda General de la Naci\u00f3n\",\"url\":\"https:\/\/www.fiscalia.gov.co\/colombia\/\",\"logo\":{\"@type\":\"ImageObject\",\"inLanguage\":\"es-CO\",\"@id\":\"https:\/\/www.fiscalia.gov.co\/colombia\/#\/schema\/logo\/image\/\",\"url\":\"https:\/\/www.fiscalia.gov.co\/colombia\/wp-content\/uploads\/LogoHorizontal_1.jpg\",\"contentUrl\":\"https:\/\/www.fiscalia.gov.co\/colombia\/wp-content\/uploads\/LogoHorizontal_1.jpg\",\"width\":300,\"height\":90,\"caption\":\"Fiscal\u00eda General de la Naci\u00f3n\"},\"image\":{\"@id\":\"https:\/\/www.fiscalia.gov.co\/colombia\/#\/schema\/logo\/image\/\"},\"sameAs\":[\"https:\/\/www.facebook.com\/FiscaliaCol\",\"https:\/\/x.com\/FiscaliaCol\",\"https:\/\/www.instagram.com\/fiscaliacol\",\"https:\/\/www.linkedin.com\/company\/fiscalia-general-de-la-naci-n\/\",\"https:\/\/youtube.com\/@fiscaliageneraldelanacion-4668?si=6nN79nyQICPU5iTh\"]}]}<\/script>\n<!-- \/ Yoast SEO plugin. -->","yoast_head_json":{"title":"Fiscal\u00eda General de la Naci\u00f3n","description":"P\u00e1gina oficial de la Fiscal\u00eda General de la Naci\u00f3n \u2013 Colombia. Garantizamos el acceso efectivo a la justicia, la verdad y la reparaci\u00f3n de las v\u00edctimas de los delitos.","robots":{"index":"index","follow":"follow","max-snippet":"max-snippet:-1","max-image-preview":"max-image-preview:large","max-video-preview":"max-video-preview:-1"},"canonical":"https:\/\/www.fiscalia.gov.co\/colombia\/grupo-interno-de-trabajo-de-orientacion-registro-y-asignacion-de-casos-de-victimas\/","og_locale":"es_ES","og_type":"article","og_title":"Fiscal\u00eda General de la Naci\u00f3n","og_description":"P\u00e1gina oficial de la Fiscal\u00eda General de la Naci\u00f3n \u2013 Colombia. Garantizamos el acceso efectivo a la justicia, la verdad y la reparaci\u00f3n de las v\u00edctimas de los delitos.","og_url":"https:\/\/www.fiscalia.gov.co\/colombia\/grupo-interno-de-trabajo-de-orientacion-registro-y-asignacion-de-casos-de-victimas\/","og_site_name":"Fiscal\u00eda General de la Naci\u00f3n","article_publisher":"https:\/\/www.facebook.com\/FiscaliaCol","article_modified_time":"2022-03-22T14:05:51+00:00","twitter_card":"summary_large_image","twitter_site":"@FiscaliaCol","twitter_misc":{"Tiempo de lectura":"4 minutos"},"schema":{"@context":"https:\/\/schema.org","@graph":[{"@type":"WebPage","@id":"https:\/\/www.fiscalia.gov.co\/colombia\/grupo-interno-de-trabajo-de-orientacion-registro-y-asignacion-de-casos-de-victimas\/","url":"https:\/\/www.fiscalia.gov.co\/colombia\/grupo-interno-de-trabajo-de-orientacion-registro-y-asignacion-de-casos-de-victimas\/","name":"Fiscal\u00eda General de la Naci\u00f3n","isPartOf":{"@id":"https:\/\/www.fiscalia.gov.co\/colombia\/#website"},"datePublished":"2017-04-04T21:06:42+00:00","dateModified":"2022-03-22T14:05:51+00:00","description":"P\u00e1gina oficial de la Fiscal\u00eda General de la Naci\u00f3n \u2013 Colombia. Garantizamos el acceso efectivo a la justicia, la verdad y la reparaci\u00f3n de las v\u00edctimas de los delitos.","breadcrumb":{"@id":"https:\/\/www.fiscalia.gov.co\/colombia\/grupo-interno-de-trabajo-de-orientacion-registro-y-asignacion-de-casos-de-victimas\/#breadcrumb"},"inLanguage":"es-CO","potentialAction":[{"@type":"ReadAction","target":["https:\/\/www.fiscalia.gov.co\/colombia\/grupo-interno-de-trabajo-de-orientacion-registro-y-asignacion-de-casos-de-victimas\/"]}]},{"@type":"BreadcrumbList","@id":"https:\/\/www.fiscalia.gov.co\/colombia\/grupo-interno-de-trabajo-de-orientacion-registro-y-asignacion-de-casos-de-victimas\/#breadcrumb","itemListElement":[{"@type":"ListItem","position":1,"name":"Home","item":"https:\/\/www.fiscalia.gov.co\/colombia\/"},{"@type":"ListItem","position":2,"name":"Grupo interno de trabajo de orientaci\u00f3n, registro y asignaci\u00f3n de casos de v\u00edctimas"}]},{"@type":"WebSite","@id":"https:\/\/www.fiscalia.gov.co\/colombia\/#website","url":"https:\/\/www.fiscalia.gov.co\/colombia\/","name":"Fiscal\u00eda General de la Naci\u00f3n","description":"P\u00e1gina oficial de la Fiscal\u00eda General de la Naci\u00f3n \u2013 Colombia. Garantizamos el acceso efectivo a la justicia, la verdad y la reparaci\u00f3n de las v\u00edctimas de los delitos.","publisher":{"@id":"https:\/\/www.fiscalia.gov.co\/colombia\/#organization"},"potentialAction":[{"@type":"SearchAction","target":{"@type":"EntryPoint","urlTemplate":"https:\/\/www.fiscalia.gov.co\/colombia\/?s={search_term_string}"},"query-input":{"@type":"PropertyValueSpecification","valueRequired":true,"valueName":"search_term_string"}}],"inLanguage":"es-CO"},{"@type":"Organization","@id":"https:\/\/www.fiscalia.gov.co\/colombia\/#organization","name":"Fiscal\u00eda General de la Naci\u00f3n","url":"https:\/\/www.fiscalia.gov.co\/colombia\/","logo":{"@type":"ImageObject","inLanguage":"es-CO","@id":"https:\/\/www.fiscalia.gov.co\/colombia\/#\/schema\/logo\/image\/","url":"https:\/\/www.fiscalia.gov.co\/colombia\/wp-content\/uploads\/LogoHorizontal_1.jpg","contentUrl":"https:\/\/www.fiscalia.gov.co\/colombia\/wp-content\/uploads\/LogoHorizontal_1.jpg","width":300,"height":90,"caption":"Fiscal\u00eda General de la Naci\u00f3n"},"image":{"@id":"https:\/\/www.fiscalia.gov.co\/colombia\/#\/schema\/logo\/image\/"},"sameAs":["https:\/\/www.facebook.com\/FiscaliaCol","https:\/\/x.com\/FiscaliaCol","https:\/\/www.instagram.com\/fiscaliacol","https:\/\/www.linkedin.com\/company\/fiscalia-general-de-la-naci-n\/","https:\/\/youtube.com\/@fiscaliageneraldelanacion-4668?si=6nN79nyQICPU5iTh"]}]}},"ticketed":false,"_links":{"self":[{"href":"https:\/\/www.fiscalia.gov.co\/colombia\/wp-json\/wp\/v2\/pages\/104070","targetHints":{"allow":["GET"]}}],"collection":[{"href":"https:\/\/www.fiscalia.gov.co\/colombia\/wp-json\/wp\/v2\/pages"}],"about":[{"href":"https:\/\/www.fiscalia.gov.co\/colombia\/wp-json\/wp\/v2\/types\/page"}],"author":[{"embeddable":true,"href":"https:\/\/www.fiscalia.gov.co\/colombia\/wp-json\/wp\/v2\/users\/143"}],"replies":[{"embeddable":true,"href":"https:\/\/www.fiscalia.gov.co\/colombia\/wp-json\/wp\/v2\/comments?post=104070"}],"version-history":[{"count":9,"href":"https:\/\/www.fiscalia.gov.co\/colombia\/wp-json\/wp\/v2\/pages\/104070\/revisions"}],"predecessor-version":[{"id":244017,"href":"https:\/\/www.fiscalia.gov.co\/colombia\/wp-json\/wp\/v2\/pages\/104070\/revisions\/244017"}],"wp:attachment":[{"href":"https:\/\/www.fiscalia.gov.co\/colombia\/wp-json\/wp\/v2\/media?parent=104070"}],"curies":[{"name":"wp","href":"https:\/\/api.w.org\/{rel}","templated":true}]}}