{"id":104055,"date":"2017-04-04T16:00:33","date_gmt":"2017-04-04T21:00:33","guid":{"rendered":"http:\/\/www.fiscalia.gov.co\/colombia\/?page_id=104055"},"modified":"2024-06-27T11:31:22","modified_gmt":"2024-06-27T16:31:22","slug":"entrega-de-restos-oseos","status":"publish","type":"page","link":"https:\/\/www.fiscalia.gov.co\/colombia\/justicia-transicional-2\/entrega-de-restos-oseos\/","title":{"rendered":"Entrega de restos \u00f3seos"},"content":{"rendered":"<h2><div class=\"su-quote su-quote-style-default\"><div class=\"su-quote-inner su-u-clearfix su-u-trim\"><strong>\u2026Te recibo quiz\u00e1s como nunca esper\u00e9 pues siempre tuve la esperanza de tu regreso\u2026<\/strong><\/div><\/div><\/h2>\n<p>A continuaci\u00f3n, usted encontrar\u00e1 las diligencias de entrega digna que ha realizado la Direcci\u00f3n de Justicia Transicional a nivel nacional con informaci\u00f3n respecto de: departamento, municipio y fecha de la diligencia; n\u00famero de cuerpos entregados y lugar en donde se realiz\u00f3 la exhumaci\u00f3n.<\/p>\n<div class=\"su-row\">\n<div class=\"su-column su-column-size-1-4\"><div class=\"su-column-inner su-u-clearfix su-u-trim\"> <div class=\"su-list\" style=\"margin-left:0px\">\n<p><a href=\"http:\/\/www.fiscalia.gov.co\/colombia\/justicia-transicional-2\/entrega-de-restos-oseos\/entregas-amazonas\/\" target=\"_blank\" rel=\"noopener noreferrer\">Amazonas<\/a><\/p>\n<p><a href=\"https:\/\/www.fiscalia.gov.co\/colombia\/justicia-transicional-2\/entrega-de-restos-oseos\/entregas-antioquia\/\" target=\"_blank\" rel=\"noopener noreferrer\">Antioquia<\/a><\/p>\n<p><a href=\"http:\/\/www.fiscalia.gov.co\/colombia\/justicia-transicional-2\/entrega-de-restos-oseos\/entregas-arauca\/\" target=\"_blank\" rel=\"noopener noreferrer\">Arauca<\/a><\/p>\n<p><a href=\"https:\/\/www.fiscalia.gov.co\/colombia\/justicia-transicional-2\/entrega-de-restos-oseos\/entregas-bogota\/\" target=\"_blank\" rel=\"noopener noreferrer\">Bogot\u00e1<\/a><\/p>\n<p><a href=\"https:\/\/www.fiscalia.gov.co\/colombia\/justicia-transicional-2\/entrega-de-restos-oseos\/entregas-bolivar\/\" target=\"_blank\" rel=\"noopener noreferrer\">Bol\u00edvar<\/a><\/p>\n<p><a href=\"https:\/\/www.fiscalia.gov.co\/colombia\/justicia-transicional-2\/entrega-de-restos-oseos\/entregas-boyaca\/\" target=\"_blank\" rel=\"noopener noreferrer\">Boyac\u00e1<\/a><\/p>\n<\/div>\u00a0 <\/div><\/div>\n<div class=\"su-column su-column-size-1-4\"><div class=\"su-column-inner su-u-clearfix su-u-trim\">\n<div class=\"su-list\" style=\"margin-left:0px\">\n<p><a href=\"http:\/\/www.fiscalia.gov.co\/colombia\/justicia-transicional-2\/entrega-de-restos-oseos\/entregas-caqueta\/\" target=\"_blank\" rel=\"noopener noreferrer\">Caquet\u00e1<\/a><\/p>\n<p><a href=\"https:\/\/www.fiscalia.gov.co\/colombia\/justicia-transicional-2\/entrega-de-restos-oseos\/entregas-casanare\/\" target=\"_blank\" rel=\"noopener noreferrer\">Casanare<\/a><\/p>\n<p><a href=\"https:\/\/www.fiscalia.gov.co\/colombia\/justicia-transicional-2\/entrega-de-restos-oseos\/entregas-cauca\/\" target=\"_blank\" rel=\"noopener noreferrer\">Cauca<\/a><\/p>\n<p><a href=\"https:\/\/www.fiscalia.gov.co\/colombia\/justicia-transicional-2\/entrega-de-restos-oseos\/entregas-caldas\/\" target=\"_blank\" rel=\"noopener noreferrer\">Caldas<\/a><\/p>\n<p><a href=\"https:\/\/www.fiscalia.gov.co\/colombia\/justicia-transicional-2\/entrega-de-restos-oseos\/entregas-cesar\/\" target=\"_blank\" rel=\"noopener noreferrer\">Cesar<\/a><\/p>\n<p><a href=\"https:\/\/www.fiscalia.gov.co\/colombia\/justicia-transicional-2\/entrega-de-restos-oseos\/entregas-choco\/\" target=\"_blank\" rel=\"noopener noreferrer\">Choc\u00f3<\/a><\/p>\n<p><a href=\"https:\/\/www.fiscalia.gov.co\/colombia\/justicia-transicional-2\/entrega-de-restos-oseos\/entregas-cordoba\/\" target=\"_blank\" rel=\"noopener noreferrer\">C\u00f3rdoba<\/a><\/p>\n<p><a href=\"https:\/\/www.fiscalia.gov.co\/colombia\/justicia-transicional-2\/entrega-de-restos-oseos\/entregas-cundinamarca\/\" target=\"_blank\" rel=\"noopener noreferrer\">Cundinamarca<\/a><\/p>\n<p><a href=\"https:\/\/www.fiscalia.gov.co\/colombia\/justicia-transicional-2\/entrega-de-restos-oseos\/entregas-guajira\/\" target=\"_blank\" rel=\"noopener noreferrer\">Guajira<\/a><\/p>\n<p><a href=\"https:\/\/www.fiscalia.gov.co\/colombia\/justicia-transicional-2\/entrega-de-restos-oseos\/entregas-guaviare\/\" target=\"_blank\" rel=\"noopener noreferrer\">Guaviare<\/a><\/p>\n<\/div>\n<\/div><\/div>\n<div class=\"su-column su-column-size-1-4\"><div class=\"su-column-inner su-u-clearfix su-u-trim\">\n<div class=\"su-list\" style=\"margin-left:0px\">\n<p><a href=\"https:\/\/www.fiscalia.gov.co\/colombia\/justicia-transicional-2\/entrega-de-restos-oseos\/entregas-huila\/\" target=\"_blank\" rel=\"noopener noreferrer\">Huila<\/a><\/p>\n<p><a href=\"https:\/\/www.fiscalia.gov.co\/colombia\/justicia-transicional-2\/entrega-de-restos-oseos\/entregas-magdalena\/\" target=\"_blank\" rel=\"noopener noreferrer\">Magdalena<\/a><\/p>\n<p><a href=\"https:\/\/www.fiscalia.gov.co\/colombia\/justicia-transicional-2\/entrega-de-restos-oseos\/entregas-meta\/\" target=\"_blank\" rel=\"noopener noreferrer\">Meta<\/a><\/p>\n<p><a href=\"https:\/\/www.fiscalia.gov.co\/colombia\/justicia-transicional-2\/entrega-de-restos-oseos\/entregas-narino\/\" target=\"_blank\" rel=\"noopener noreferrer\">Nari\u00f1o<\/a><\/p>\n<p><a href=\"https:\/\/www.fiscalia.gov.co\/colombia\/justicia-transicional-2\/entrega-de-restos-oseos\/entregas-norte-de-santander\/\" target=\"_blank\" rel=\"noopener noreferrer\">Norte de Santander<\/a><\/p>\n<p><a href=\"https:\/\/www.fiscalia.gov.co\/colombia\/justicia-transicional-2\/entrega-de-restos-oseos\/entregas-putumayo\/\" target=\"_blank\" rel=\"noopener noreferrer\">Putumayo<\/a><\/p>\n<\/div>\n<\/div><\/div>\n<div class=\"su-column su-column-size-1-4\"><div class=\"su-column-inner su-u-clearfix su-u-trim\">\n<div class=\"su-list\" style=\"margin-left:0px\">\n<p><a href=\"https:\/\/www.fiscalia.gov.co\/colombia\/justicia-transicional-2\/entrega-de-restos-oseos\/entregas-quindio\/\" target=\"_blank\" rel=\"noopener noreferrer\">Quind\u00edo<\/a><\/p>\n<p><a href=\"https:\/\/www.fiscalia.gov.co\/colombia\/justicia-transicional-2\/entrega-de-restos-oseos\/entregas-risaralda\/\" target=\"_blank\" rel=\"noopener noreferrer\">Risaralda<\/a><\/p>\n<p><a href=\"https:\/\/www.fiscalia.gov.co\/colombia\/justicia-transicional-2\/entrega-de-restos-oseos\/entregas-santander\/\" target=\"_blank\" rel=\"noopener noreferrer\">Santander<\/a><\/p>\n<p><a href=\"https:\/\/www.fiscalia.gov.co\/colombia\/justicia-transicional-2\/entrega-de-restos-oseos\/entregas-sucre\/\" target=\"_blank\" rel=\"noopener noreferrer\">Sucre<\/a><\/p>\n<p><a href=\"https:\/\/www.fiscalia.gov.co\/colombia\/justicia-transicional-2\/entrega-de-restos-oseos\/entregas-tolima\/\" target=\"_blank\" rel=\"noopener noreferrer\">Tolima<\/a><\/p>\n<p><a href=\"https:\/\/www.fiscalia.gov.co\/colombia\/justicia-transicional-2\/entrega-de-restos-oseos\/entregas-valle-del-cauca\/\" target=\"_blank\" rel=\"noopener noreferrer\">Valle del Cauca<\/a><\/p>\n<\/div>\n<\/div><\/div>\n<\/div>\n\n<div class=\"twitter-share\"><a href=\"https:\/\/twitter.com\/intent\/tweet?via=fiscaliacol\" class=\"twitter-share-button\">Tweet<\/a><\/div>\n","protected":false},"excerpt":{"rendered":"<p>A continuaci\u00f3n, usted encontrar\u00e1 las diligencias de entrega digna que ha realizado la Direcci\u00f3n de Justicia Transicional a nivel nacional con informaci\u00f3n respecto de: departamento, municipio y fecha de la diligencia; n\u00famero de cuerpos entregados y lugar en donde se realiz\u00f3 la exhumaci\u00f3n.<\/p>\n","protected":false},"author":143,"featured_media":0,"parent":104010,"menu_order":0,"comment_status":"closed","ping_status":"closed","template":"","meta":{"_price":"","_stock":"","_tribe_ticket_header":"","_tribe_default_ticket_provider":"","_tribe_ticket_capacity":"0","_ticket_start_date":"","_ticket_end_date":"","_tribe_ticket_show_description":"","_tribe_ticket_show_not_going":false,"_tribe_ticket_use_global_stock":"","_tribe_ticket_global_stock_level":"","_global_stock_mode":"","_global_stock_cap":"","_tribe_rsvp_for_event":"","_tribe_ticket_going_count":"","_tribe_ticket_not_going_count":"","_tribe_tickets_list":"[]","_tribe_ticket_has_attendee_info_fields":false,"tdm_status":"","tdm_grid_status":"","footnotes":"","_tec_slr_enabled":"","_tec_slr_layout":""},"class_list":["post-104055","page","type-page","status-publish"],"yoast_head":"<!-- This site is optimized with the Yoast SEO plugin v24.3 - https:\/\/yoast.com\/wordpress\/plugins\/seo\/ -->\n<title>Fiscal\u00eda General de la Naci\u00f3n<\/title>\n<meta name=\"description\" content=\"P\u00e1gina oficial de la Fiscal\u00eda General de la Naci\u00f3n \u2013 Colombia. Garantizamos el acceso efectivo a la justicia, la verdad y la reparaci\u00f3n de las v\u00edctimas de los delitos.\" \/>\n<meta name=\"robots\" content=\"index, follow, max-snippet:-1, max-image-preview:large, max-video-preview:-1\" \/>\n<link rel=\"canonical\" href=\"https:\/\/www.fiscalia.gov.co\/colombia\/justicia-transicional-2\/entrega-de-restos-oseos\/\" \/>\n<meta property=\"og:locale\" content=\"es_ES\" \/>\n<meta property=\"og:type\" content=\"article\" \/>\n<meta property=\"og:title\" content=\"Fiscal\u00eda General de la Naci\u00f3n\" \/>\n<meta property=\"og:description\" content=\"P\u00e1gina oficial de la Fiscal\u00eda General de la Naci\u00f3n \u2013 Colombia. Garantizamos el acceso efectivo a la justicia, la verdad y la reparaci\u00f3n de las v\u00edctimas de los delitos.\" \/>\n<meta property=\"og:url\" content=\"https:\/\/www.fiscalia.gov.co\/colombia\/justicia-transicional-2\/entrega-de-restos-oseos\/\" \/>\n<meta property=\"og:site_name\" content=\"Fiscal\u00eda General de la Naci\u00f3n\" \/>\n<meta property=\"article:publisher\" content=\"https:\/\/www.facebook.com\/FiscaliaCol\" \/>\n<meta property=\"article:modified_time\" content=\"2024-06-27T16:31:22+00:00\" \/>\n<meta name=\"twitter:card\" content=\"summary_large_image\" \/>\n<meta name=\"twitter:site\" content=\"@FiscaliaCol\" \/>\n<meta name=\"twitter:label1\" content=\"Tiempo de lectura\" \/>\n\t<meta name=\"twitter:data1\" content=\"1 minuto\" \/>\n<script type=\"application\/ld+json\" class=\"yoast-schema-graph\">{\"@context\":\"https:\/\/schema.org\",\"@graph\":[{\"@type\":\"WebPage\",\"@id\":\"https:\/\/www.fiscalia.gov.co\/colombia\/justicia-transicional-2\/entrega-de-restos-oseos\/\",\"url\":\"https:\/\/www.fiscalia.gov.co\/colombia\/justicia-transicional-2\/entrega-de-restos-oseos\/\",\"name\":\"Fiscal\u00eda General de la Naci\u00f3n\",\"isPartOf\":{\"@id\":\"https:\/\/www.fiscalia.gov.co\/colombia\/#website\"},\"datePublished\":\"2017-04-04T21:00:33+00:00\",\"dateModified\":\"2024-06-27T16:31:22+00:00\",\"description\":\"P\u00e1gina oficial de la Fiscal\u00eda General de la Naci\u00f3n \u2013 Colombia. Garantizamos el acceso efectivo a la justicia, la verdad y la reparaci\u00f3n de las v\u00edctimas de los delitos.\",\"breadcrumb\":{\"@id\":\"https:\/\/www.fiscalia.gov.co\/colombia\/justicia-transicional-2\/entrega-de-restos-oseos\/#breadcrumb\"},\"inLanguage\":\"es-CO\",\"potentialAction\":[{\"@type\":\"ReadAction\",\"target\":[\"https:\/\/www.fiscalia.gov.co\/colombia\/justicia-transicional-2\/entrega-de-restos-oseos\/\"]}]},{\"@type\":\"BreadcrumbList\",\"@id\":\"https:\/\/www.fiscalia.gov.co\/colombia\/justicia-transicional-2\/entrega-de-restos-oseos\/#breadcrumb\",\"itemListElement\":[{\"@type\":\"ListItem\",\"position\":1,\"name\":\"Home\",\"item\":\"https:\/\/www.fiscalia.gov.co\/colombia\/\"},{\"@type\":\"ListItem\",\"position\":2,\"name\":\"Justicia Transicional\",\"item\":\"https:\/\/www.fiscalia.gov.co\/colombia\/justicia-transicional-2\/\"},{\"@type\":\"ListItem\",\"position\":3,\"name\":\"Entrega de restos \u00f3seos\"}]},{\"@type\":\"WebSite\",\"@id\":\"https:\/\/www.fiscalia.gov.co\/colombia\/#website\",\"url\":\"https:\/\/www.fiscalia.gov.co\/colombia\/\",\"name\":\"Fiscal\u00eda General de la Naci\u00f3n\",\"description\":\"P\u00e1gina oficial de la Fiscal\u00eda General de la Naci\u00f3n \u2013 Colombia. Garantizamos el acceso efectivo a la justicia, la verdad y la reparaci\u00f3n de las v\u00edctimas de los delitos.\",\"publisher\":{\"@id\":\"https:\/\/www.fiscalia.gov.co\/colombia\/#organization\"},\"potentialAction\":[{\"@type\":\"SearchAction\",\"target\":{\"@type\":\"EntryPoint\",\"urlTemplate\":\"https:\/\/www.fiscalia.gov.co\/colombia\/?s={search_term_string}\"},\"query-input\":{\"@type\":\"PropertyValueSpecification\",\"valueRequired\":true,\"valueName\":\"search_term_string\"}}],\"inLanguage\":\"es-CO\"},{\"@type\":\"Organization\",\"@id\":\"https:\/\/www.fiscalia.gov.co\/colombia\/#organization\",\"name\":\"Fiscal\u00eda General de la Naci\u00f3n\",\"url\":\"https:\/\/www.fiscalia.gov.co\/colombia\/\",\"logo\":{\"@type\":\"ImageObject\",\"inLanguage\":\"es-CO\",\"@id\":\"https:\/\/www.fiscalia.gov.co\/colombia\/#\/schema\/logo\/image\/\",\"url\":\"https:\/\/www.fiscalia.gov.co\/colombia\/wp-content\/uploads\/LogoHorizontal_1.jpg\",\"contentUrl\":\"https:\/\/www.fiscalia.gov.co\/colombia\/wp-content\/uploads\/LogoHorizontal_1.jpg\",\"width\":300,\"height\":90,\"caption\":\"Fiscal\u00eda General de la Naci\u00f3n\"},\"image\":{\"@id\":\"https:\/\/www.fiscalia.gov.co\/colombia\/#\/schema\/logo\/image\/\"},\"sameAs\":[\"https:\/\/www.facebook.com\/FiscaliaCol\",\"https:\/\/x.com\/FiscaliaCol\",\"https:\/\/www.instagram.com\/fiscaliacol\",\"https:\/\/www.linkedin.com\/company\/fiscalia-general-de-la-naci-n\/\",\"https:\/\/youtube.com\/@fiscaliageneraldelanacion-4668?si=6nN79nyQICPU5iTh\"]}]}<\/script>\n<!-- \/ Yoast SEO plugin. -->","yoast_head_json":{"title":"Fiscal\u00eda General de la Naci\u00f3n","description":"P\u00e1gina oficial de la Fiscal\u00eda General de la Naci\u00f3n \u2013 Colombia. Garantizamos el acceso efectivo a la justicia, la verdad y la reparaci\u00f3n de las v\u00edctimas de los delitos.","robots":{"index":"index","follow":"follow","max-snippet":"max-snippet:-1","max-image-preview":"max-image-preview:large","max-video-preview":"max-video-preview:-1"},"canonical":"https:\/\/www.fiscalia.gov.co\/colombia\/justicia-transicional-2\/entrega-de-restos-oseos\/","og_locale":"es_ES","og_type":"article","og_title":"Fiscal\u00eda General de la Naci\u00f3n","og_description":"P\u00e1gina oficial de la Fiscal\u00eda General de la Naci\u00f3n \u2013 Colombia. Garantizamos el acceso efectivo a la justicia, la verdad y la reparaci\u00f3n de las v\u00edctimas de los delitos.","og_url":"https:\/\/www.fiscalia.gov.co\/colombia\/justicia-transicional-2\/entrega-de-restos-oseos\/","og_site_name":"Fiscal\u00eda General de la Naci\u00f3n","article_publisher":"https:\/\/www.facebook.com\/FiscaliaCol","article_modified_time":"2024-06-27T16:31:22+00:00","twitter_card":"summary_large_image","twitter_site":"@FiscaliaCol","twitter_misc":{"Tiempo de lectura":"1 minuto"},"schema":{"@context":"https:\/\/schema.org","@graph":[{"@type":"WebPage","@id":"https:\/\/www.fiscalia.gov.co\/colombia\/justicia-transicional-2\/entrega-de-restos-oseos\/","url":"https:\/\/www.fiscalia.gov.co\/colombia\/justicia-transicional-2\/entrega-de-restos-oseos\/","name":"Fiscal\u00eda General de la Naci\u00f3n","isPartOf":{"@id":"https:\/\/www.fiscalia.gov.co\/colombia\/#website"},"datePublished":"2017-04-04T21:00:33+00:00","dateModified":"2024-06-27T16:31:22+00:00","description":"P\u00e1gina oficial de la Fiscal\u00eda General de la Naci\u00f3n \u2013 Colombia. Garantizamos el acceso efectivo a la justicia, la verdad y la reparaci\u00f3n de las v\u00edctimas de los delitos.","breadcrumb":{"@id":"https:\/\/www.fiscalia.gov.co\/colombia\/justicia-transicional-2\/entrega-de-restos-oseos\/#breadcrumb"},"inLanguage":"es-CO","potentialAction":[{"@type":"ReadAction","target":["https:\/\/www.fiscalia.gov.co\/colombia\/justicia-transicional-2\/entrega-de-restos-oseos\/"]}]},{"@type":"BreadcrumbList","@id":"https:\/\/www.fiscalia.gov.co\/colombia\/justicia-transicional-2\/entrega-de-restos-oseos\/#breadcrumb","itemListElement":[{"@type":"ListItem","position":1,"name":"Home","item":"https:\/\/www.fiscalia.gov.co\/colombia\/"},{"@type":"ListItem","position":2,"name":"Justicia Transicional","item":"https:\/\/www.fiscalia.gov.co\/colombia\/justicia-transicional-2\/"},{"@type":"ListItem","position":3,"name":"Entrega de restos \u00f3seos"}]},{"@type":"WebSite","@id":"https:\/\/www.fiscalia.gov.co\/colombia\/#website","url":"https:\/\/www.fiscalia.gov.co\/colombia\/","name":"Fiscal\u00eda General de la Naci\u00f3n","description":"P\u00e1gina oficial de la Fiscal\u00eda General de la Naci\u00f3n \u2013 Colombia. Garantizamos el acceso efectivo a la justicia, la verdad y la reparaci\u00f3n de las v\u00edctimas de los delitos.","publisher":{"@id":"https:\/\/www.fiscalia.gov.co\/colombia\/#organization"},"potentialAction":[{"@type":"SearchAction","target":{"@type":"EntryPoint","urlTemplate":"https:\/\/www.fiscalia.gov.co\/colombia\/?s={search_term_string}"},"query-input":{"@type":"PropertyValueSpecification","valueRequired":true,"valueName":"search_term_string"}}],"inLanguage":"es-CO"},{"@type":"Organization","@id":"https:\/\/www.fiscalia.gov.co\/colombia\/#organization","name":"Fiscal\u00eda General de la Naci\u00f3n","url":"https:\/\/www.fiscalia.gov.co\/colombia\/","logo":{"@type":"ImageObject","inLanguage":"es-CO","@id":"https:\/\/www.fiscalia.gov.co\/colombia\/#\/schema\/logo\/image\/","url":"https:\/\/www.fiscalia.gov.co\/colombia\/wp-content\/uploads\/LogoHorizontal_1.jpg","contentUrl":"https:\/\/www.fiscalia.gov.co\/colombia\/wp-content\/uploads\/LogoHorizontal_1.jpg","width":300,"height":90,"caption":"Fiscal\u00eda General de la Naci\u00f3n"},"image":{"@id":"https:\/\/www.fiscalia.gov.co\/colombia\/#\/schema\/logo\/image\/"},"sameAs":["https:\/\/www.facebook.com\/FiscaliaCol","https:\/\/x.com\/FiscaliaCol","https:\/\/www.instagram.com\/fiscaliacol","https:\/\/www.linkedin.com\/company\/fiscalia-general-de-la-naci-n\/","https:\/\/youtube.com\/@fiscaliageneraldelanacion-4668?si=6nN79nyQICPU5iTh"]}]}},"ticketed":false,"_links":{"self":[{"href":"https:\/\/www.fiscalia.gov.co\/colombia\/wp-json\/wp\/v2\/pages\/104055","targetHints":{"allow":["GET"]}}],"collection":[{"href":"https:\/\/www.fiscalia.gov.co\/colombia\/wp-json\/wp\/v2\/pages"}],"about":[{"href":"https:\/\/www.fiscalia.gov.co\/colombia\/wp-json\/wp\/v2\/types\/page"}],"author":[{"embeddable":true,"href":"https:\/\/www.fiscalia.gov.co\/colombia\/wp-json\/wp\/v2\/users\/143"}],"replies":[{"embeddable":true,"href":"https:\/\/www.fiscalia.gov.co\/colombia\/wp-json\/wp\/v2\/comments?post=104055"}],"version-history":[{"count":41,"href":"https:\/\/www.fiscalia.gov.co\/colombia\/wp-json\/wp\/v2\/pages\/104055\/revisions"}],"predecessor-version":[{"id":297529,"href":"https:\/\/www.fiscalia.gov.co\/colombia\/wp-json\/wp\/v2\/pages\/104055\/revisions\/297529"}],"up":[{"embeddable":true,"href":"https:\/\/www.fiscalia.gov.co\/colombia\/wp-json\/wp\/v2\/pages\/104010"}],"wp:attachment":[{"href":"https:\/\/www.fiscalia.gov.co\/colombia\/wp-json\/wp\/v2\/media?parent=104055"}],"curies":[{"name":"wp","href":"https:\/\/api.w.org\/{rel}","templated":true}]}}