{"id":9835,"date":"2012-02-22T17:20:03","date_gmt":"2012-02-22T22:20:03","guid":{"rendered":"https:\/\/www.fiscalia.gov.co\/colombia\/en\/?page_id=9835"},"modified":"2018-05-29T16:21:54","modified_gmt":"2018-05-29T16:21:54","slug":"todas-las-noticias","status":"publish","type":"page","link":"https:\/\/www.fiscalia.gov.co\/colombia\/en\/todas-las-noticias\/","title":{"rendered":"News"},"content":{"rendered":"<div id=\"tdi_1\" class=\"tdc-row\"><div class=\"vc_row tdi_2  wpb_row td-pb-row\" >\n<style scoped>\n\n\/* custom css *\/\n.tdi_2,\r\n                .tdi_2 .tdc-columns{\r\n                    min-height: 0;\r\n                }.tdi_2,\r\n\t\t\t\t.tdi_2 .tdc-columns{\r\n\t\t\t\t    display: block;\r\n\t\t\t\t}.tdi_2 .tdc-columns{\r\n\t\t\t\t    width: 100%;\r\n\t\t\t\t}\n<\/style><div class=\"vc_column tdi_4  wpb_column vc_column_container tdc-column td-pb-span12\">\n<style scoped>\n\n\/* custom css *\/\n.tdi_4{\r\n                    vertical-align: baseline;\r\n                }.tdi_4 > .wpb_wrapper,\r\n\t\t\t\t.tdi_4 > .wpb_wrapper > .tdc-elements{\r\n\t\t\t\t    display: block;\r\n\t\t\t\t}.tdi_4 > .wpb_wrapper > .tdc-elements{\r\n\t\t\t\t    width: 100%;\r\n\t\t\t\t}.tdi_4 > .wpb_wrapper > .vc_row_inner{\r\n\t\t\t\t    width: auto;\r\n\t\t\t\t}.tdi_4 > .wpb_wrapper{\r\n\t\t\t\t    width: auto;\r\n\t\t\t\t    height: auto;\r\n\t\t\t\t}\n<\/style><div class=\"wpb_wrapper\">[vc_custom_heading source=&#8221;post_title&#8221; use_theme_fonts=&#8221;yes&#8221;]<\/div><\/div><\/div><\/div><div id=\"tdi_5\" class=\"tdc-row\"><div class=\"vc_row tdi_6  wpb_row td-pb-row\" >\n<style scoped>\n\n\/* custom css *\/\n.tdi_6,\r\n                .tdi_6 .tdc-columns{\r\n                    min-height: 0;\r\n                }.tdi_6,\r\n\t\t\t\t.tdi_6 .tdc-columns{\r\n\t\t\t\t    display: block;\r\n\t\t\t\t}.tdi_6 .tdc-columns{\r\n\t\t\t\t    width: 100%;\r\n\t\t\t\t}\n<\/style><div class=\"vc_column tdi_8  wpb_column vc_column_container tdc-column td-pb-span12\">\n<style scoped>\n\n\/* custom css *\/\n.tdi_8{\r\n                    vertical-align: baseline;\r\n                }.tdi_8 > .wpb_wrapper,\r\n\t\t\t\t.tdi_8 > .wpb_wrapper > .tdc-elements{\r\n\t\t\t\t    display: block;\r\n\t\t\t\t}.tdi_8 > .wpb_wrapper > .tdc-elements{\r\n\t\t\t\t    width: 100%;\r\n\t\t\t\t}.tdi_8 > .wpb_wrapper > .vc_row_inner{\r\n\t\t\t\t    width: auto;\r\n\t\t\t\t}.tdi_8 > .wpb_wrapper{\r\n\t\t\t\t    width: auto;\r\n\t\t\t\t    height: auto;\r\n\t\t\t\t}\n<\/style><div class=\"wpb_wrapper\"><div class=\"wpb_wrapper td_block_empty_space td_block_wrap vc_empty_space tdi_10 \"  style=\"height: 50px\"><\/div><div class=\"td_block_wrap td_block_4 tdi_11 td_with_ajax_pagination td-pb-border-top td_block_template_1 td-column-3 td_block_padding\"  data-td-block-uid=\"tdi_11\" ><script>var block_tdi_11 = new tdBlock();\nblock_tdi_11.id = \"tdi_11\";\nblock_tdi_11.atts = '{\"category_ids\":\"-820,-823,-824,-825,-826,-827,-828,-20705,-829,-830,-831,-832,-17290,-833,-834,-835,-836,-837,-838,-849,-839,-840,-841,-842,-843,-844,-845,-846,-847,-848\",\"limit\":\"9\",\"ajax_pagination\":\"next_prev\",\"separator\":\"\",\"block_type\":\"td_block_4\",\"custom_title\":\"\",\"custom_url\":\"\",\"block_template_id\":\"\",\"m2_tl\":\"\",\"m2_el\":\"\",\"post_ids\":\"\",\"category_id\":\"\",\"tag_slug\":\"\",\"autors_id\":\"\",\"installed_post_types\":\"\",\"sort\":\"\",\"offset\":\"\",\"show_modified_date\":\"\",\"time_ago\":\"\",\"time_ago_add_txt\":\"ago\",\"time_ago_txt_pos\":\"\",\"el_class\":\"\",\"td_ajax_filter_type\":\"\",\"td_ajax_filter_ids\":\"\",\"td_filter_default_txt\":\"All\",\"td_ajax_preloading\":\"\",\"f_header_font_header\":\"\",\"f_header_font_title\":\"Block header\",\"f_header_font_settings\":\"\",\"f_header_font_family\":\"\",\"f_header_font_size\":\"\",\"f_header_font_line_height\":\"\",\"f_header_font_style\":\"\",\"f_header_font_weight\":\"\",\"f_header_font_transform\":\"\",\"f_header_font_spacing\":\"\",\"f_header_\":\"\",\"f_ajax_font_title\":\"Ajax categories\",\"f_ajax_font_settings\":\"\",\"f_ajax_font_family\":\"\",\"f_ajax_font_size\":\"\",\"f_ajax_font_line_height\":\"\",\"f_ajax_font_style\":\"\",\"f_ajax_font_weight\":\"\",\"f_ajax_font_transform\":\"\",\"f_ajax_font_spacing\":\"\",\"f_ajax_\":\"\",\"f_more_font_title\":\"Load more button\",\"f_more_font_settings\":\"\",\"f_more_font_family\":\"\",\"f_more_font_size\":\"\",\"f_more_font_line_height\":\"\",\"f_more_font_style\":\"\",\"f_more_font_weight\":\"\",\"f_more_font_transform\":\"\",\"f_more_font_spacing\":\"\",\"f_more_\":\"\",\"m2f_title_font_header\":\"\",\"m2f_title_font_title\":\"Article title\",\"m2f_title_font_settings\":\"\",\"m2f_title_font_family\":\"\",\"m2f_title_font_size\":\"\",\"m2f_title_font_line_height\":\"\",\"m2f_title_font_style\":\"\",\"m2f_title_font_weight\":\"\",\"m2f_title_font_transform\":\"\",\"m2f_title_font_spacing\":\"\",\"m2f_title_\":\"\",\"m2f_cat_font_title\":\"Article category tag\",\"m2f_cat_font_settings\":\"\",\"m2f_cat_font_family\":\"\",\"m2f_cat_font_size\":\"\",\"m2f_cat_font_line_height\":\"\",\"m2f_cat_font_style\":\"\",\"m2f_cat_font_weight\":\"\",\"m2f_cat_font_transform\":\"\",\"m2f_cat_font_spacing\":\"\",\"m2f_cat_\":\"\",\"m2f_meta_font_title\":\"Article meta info\",\"m2f_meta_font_settings\":\"\",\"m2f_meta_font_family\":\"\",\"m2f_meta_font_size\":\"\",\"m2f_meta_font_line_height\":\"\",\"m2f_meta_font_style\":\"\",\"m2f_meta_font_weight\":\"\",\"m2f_meta_font_transform\":\"\",\"m2f_meta_font_spacing\":\"\",\"m2f_meta_\":\"\",\"m2f_ex_font_title\":\"Article excerpt\",\"m2f_ex_font_settings\":\"\",\"m2f_ex_font_family\":\"\",\"m2f_ex_font_size\":\"\",\"m2f_ex_font_line_height\":\"\",\"m2f_ex_font_style\":\"\",\"m2f_ex_font_weight\":\"\",\"m2f_ex_font_transform\":\"\",\"m2f_ex_font_spacing\":\"\",\"m2f_ex_\":\"\",\"ajax_pagination_infinite_stop\":\"\",\"css\":\"\",\"tdc_css\":\"\",\"td_column_number\":3,\"header_color\":\"\",\"color_preset\":\"\",\"border_top\":\"\",\"class\":\"tdi_11\",\"tdc_css_class\":\"tdi_11\",\"tdc_css_class_style\":\"tdi_11_rand_style\"}';\nblock_tdi_11.td_column_number = \"3\";\nblock_tdi_11.block_type = \"td_block_4\";\nblock_tdi_11.post_count = \"9\";\nblock_tdi_11.found_posts = \"4413\";\nblock_tdi_11.header_color = \"\";\nblock_tdi_11.ajax_pagination_infinite_stop = \"\";\nblock_tdi_11.max_num_pages = \"491\";\ntdBlocksArray.push(block_tdi_11);\n<\/script><div class=\"td-block-title-wrap\"><\/div><div id=tdi_11 class=\"td_block_inner\">\n\n\t<div class=\"td-block-row\">\n\n\t<div class=\"td-block-span4\">\n\n        <div class=\"td_module_2 td_module_wrap td-animation-stack td_module_no_thumb\">\n            <div class=\"td-module-image\">\n                                <a href=\"https:\/\/www.fiscalia.gov.co\/colombia\/en\/category\/news\/\" class=\"td-post-category\">News<\/a>            <\/div>\n            <h3 class=\"entry-title td-module-title\"><a href=\"https:\/\/www.fiscalia.gov.co\/colombia\/en\/2026\/02\/24\/criminal-group-los-de-la-r-responsible-for-multiple-crimes-in-buga-valle-del-cauca-had-a-hard-blow\/\" rel=\"bookmark\" title=\"Criminal group \u2018Los de la R\u2019, responsible for multiple crimes in Buga (Valle del Cauca) had a hard blow\">Criminal group \u2018Los de la R\u2019, responsible for multiple crimes in Buga (Valle del Cauca) had a hard blow<\/a><\/h3>\n\n            <div class=\"td-module-meta-info\">\n             <div class=\"td-post-date-boletin\">                 Guadalajara de Buga (Valle del Cauca). <\/div>                                <span class=\"td-post-date\"><time class=\"entry-date updated td-module-date\" datetime=\"2026-02-24T15:00:00-05:00\" >Tuesday, 24 de February de 2026 3:00 pm<\/time><\/span>                                 <div class=\"td-post-date-boletin\">                 \u00a0Bulletin\u00a058521\u00a0                 <\/div>  \n            <\/div>\n\n\n            <div class=\"td-excerpt\">\n                The Office of the Attorney General\u00a0brought nine alleged members of the criminal group \u2018Los de la R\u2019 before a judge in\u00a0Guadalajara de Buga (Valle del Cauca).\u00a0\r\n\r\nThe\u00a0people\u00a0allegedly\u00a0involved\u00a0are:\u00a0Miguel \u00c1ngel Jaramillo Acosta, Mar\u00eda Paula Ospina Ram\u00edrez, Juan Pablo Plaza M\u00fanera,\u00a0Jhon\u00a0Manuel Clavijo Calder\u00f3n,...            <\/div>\n\n            \n        <\/div>\n\n        \n\t<\/div> <!-- .\/td-block-span4 -->\n\n\t<div class=\"td-block-span4\">\n\n        <div class=\"td_module_2 td_module_wrap td-animation-stack td_module_no_thumb\">\n            <div class=\"td-module-image\">\n                                <a href=\"https:\/\/www.fiscalia.gov.co\/colombia\/en\/category\/news\/\" class=\"td-post-category\">News<\/a>            <\/div>\n            <h3 class=\"entry-title td-module-title\"><a href=\"https:\/\/www.fiscalia.gov.co\/colombia\/en\/2026\/02\/24\/preventive-detention-measure-for-alleged-members-of-los-caleteros-illegal-network-accused-of-storing-and-distributing-narcotics-in-cartagena-bolivar\/\" rel=\"bookmark\" title=\"Preventive detention measure for alleged members of \u2018Los Caleteros\u2019, illegal network accused of storing and distributing narcotics in Cartagena (Bol\u00edvar)\">Preventive detention measure for alleged members of \u2018Los Caleteros\u2019, illegal network accused of storing and distributing narcotics in Cartagena (Bol\u00edvar)<\/a><\/h3>\n\n            <div class=\"td-module-meta-info\">\n             <div class=\"td-post-date-boletin\">                 Cartagena (Bol\u00edvar). <\/div>                                <span class=\"td-post-date\"><time class=\"entry-date updated td-module-date\" datetime=\"2026-02-24T11:33:22-05:00\" >Tuesday, 24 de February de 2026 11:33 am<\/time><\/span>                                 <div class=\"td-post-date-boletin\">                 Bulletin 58519\u00a0                 <\/div>  \n            <\/div>\n\n\n            <div class=\"td-excerpt\">\n                A prosecutor\u00a0appointed to the branch office in\u00a0Bol\u00edvar\u00a0(Seccional\u00a0Bolivar) prosecuted\u00a010 alleged members of the criminal group\u00a0Los\u00a0Caleteros, who are\u00a0alllegedlly\u00a0involved in local drug trafficking in Cartagena.\u00a0\r\n\r\nThe individuals\u00a0are:\u00a0Kelvis Jos\u00e9 Hern\u00e1ndez Padilla, Yordis Valente Polo, Claudia Patricia Puello Ram\u00edrez, Pedro Morales Cris\u00f3n, Alexander Botte Gal\u00e1n,...            <\/div>\n\n            \n        <\/div>\n\n        \n\t<\/div> <!-- .\/td-block-span4 -->\n\n\t<div class=\"td-block-span4\">\n\n        <div class=\"td_module_2 td_module_wrap td-animation-stack td_module_no_thumb\">\n            <div class=\"td-module-image\">\n                                <a href=\"https:\/\/www.fiscalia.gov.co\/colombia\/en\/category\/news\/\" class=\"td-post-category\">News<\/a>            <\/div>\n            <h3 class=\"entry-title td-module-title\"><a href=\"https:\/\/www.fiscalia.gov.co\/colombia\/en\/2026\/02\/24\/five-people-were-prosecuted-for-trafficking-and-illegal-possession-of-firearms-in-tibu-norte-de-santander\/\" rel=\"bookmark\" title=\"Five people were prosecuted for trafficking and illegal possession of firearms in Tib\u00fa (Norte de Santander)\">Five people were prosecuted for trafficking and illegal possession of firearms in Tib\u00fa (Norte de Santander)<\/a><\/h3>\n\n            <div class=\"td-module-meta-info\">\n             <div class=\"td-post-date-boletin\">                 Tib\u00fa\u00a0(Norte de Santander). <\/div>                                <span class=\"td-post-date\"><time class=\"entry-date updated td-module-date\" datetime=\"2026-02-24T08:22:10-05:00\" >Tuesday, 24 de February de 2026 8:22 am<\/time><\/span>                                 <div class=\"td-post-date-boletin\">                 Bulletin 58514\u00a0                 <\/div>  \n            <\/div>\n\n\n            <div class=\"td-excerpt\">\n                A prosecutor appointed to\u00a0the branch office in Norte de Santander (Seccional\u00a0Norte de Santander) prosecuted five individuals allegedly responsible for the crimes of manufacturing, trafficking,\u00a0possession of firearms, accessories, parts, or ammunition;\u00a0aggravated\u00a0manufacturing, trafficking, and\u00a0possession\u00a0of firearms, ammunition restricted for exclusive use by...            <\/div>\n\n            \n        <\/div>\n\n        \n\t<\/div> <!-- .\/td-block-span4 --><\/div><!--.\/row-fluid-->\n\n\t<div class=\"td-block-row\">\n\n\t<div class=\"td-block-span4\">\n\n        <div class=\"td_module_2 td_module_wrap td-animation-stack td_module_no_thumb\">\n            <div class=\"td-module-image\">\n                                <a href=\"https:\/\/www.fiscalia.gov.co\/colombia\/en\/category\/news\/\" class=\"td-post-category\">News<\/a>            <\/div>\n            <h3 class=\"entry-title td-module-title\"><a href=\"https:\/\/www.fiscalia.gov.co\/colombia\/en\/2026\/02\/24\/a-couple-accused-of-commiting-multiple-extortions-in-sucre-was-sent-to-prison\/\" rel=\"bookmark\" title=\"A couple accused of commiting multiple extortions in Sucre was sent to prison\">A couple accused of commiting multiple extortions in Sucre was sent to prison<\/a><\/h3>\n\n            <div class=\"td-module-meta-info\">\n             <div class=\"td-post-date-boletin\">                 \u00a0Sincelejo (Sucre). <\/div>                                <span class=\"td-post-date\"><time class=\"entry-date updated td-module-date\" datetime=\"2026-02-24T08:12:43-05:00\" >Tuesday, 24 de February de 2026 8:12 am<\/time><\/span>                                 <div class=\"td-post-date-boletin\">                 Bulletin 58512\u00a0                 <\/div>  \n            <\/div>\n\n\n            <div class=\"td-excerpt\">\n                The Office of the Attorney General, through the\u00a0branch office in\u00a0Sucre\u00a0(Seccional\u00a0Sucre), prosecuted\u00a0Fabi\u00e1n Molina\u00a0Donneys\u00a0and Erial Patricia Trejos Ospina for their alleged responsibility in the crime of aggravated extortion. They did not plead guilty.\u00a0\u00a0\r\n\r\nAccording to the investigation, the defendants allegedly withdrew\u00a0severals\u00a0sums of...            <\/div>\n\n            \n        <\/div>\n\n        \n\t<\/div> <!-- .\/td-block-span4 -->\n\n\t<div class=\"td-block-span4\">\n\n        <div class=\"td_module_2 td_module_wrap td-animation-stack td_module_no_thumb\">\n            <div class=\"td-module-image\">\n                                <a href=\"https:\/\/www.fiscalia.gov.co\/colombia\/en\/category\/news\/\" class=\"td-post-category\">News<\/a>            <\/div>\n            <h3 class=\"entry-title td-module-title\"><a href=\"https:\/\/www.fiscalia.gov.co\/colombia\/en\/2026\/02\/20\/a-person-was-sentenced-to-more-than-31-years-in-prison-for-the-crime-of-his-sentimental-partner-in-a-rural-area-of-yopal-casanare\/\" rel=\"bookmark\" title=\"A person was sentenced to more than 31 years in prison for the crime of his sentimental partner in a rural area of Yopal (Casanare)\">A person was sentenced to more than 31 years in prison for the crime of his sentimental partner in a rural area of Yopal (Casanare)<\/a><\/h3>\n\n            <div class=\"td-module-meta-info\">\n             <div class=\"td-post-date-boletin\">                 Yopal\u00a0(Casanare). <\/div>                                <span class=\"td-post-date\"><time class=\"entry-date updated td-module-date\" datetime=\"2026-02-20T16:18:04-05:00\" >Friday, 20 de February de 2026 4:18 pm<\/time><\/span>                                 <div class=\"td-post-date-boletin\">                 Bulletin 58489\u00a0                 <\/div>  \n            <\/div>\n\n\n            <div class=\"td-excerpt\">\n                \u00a0The aggressor wounded the victim several times\u00a0since\u00a0she did not want to continue the relationship.\u00a0\r\nThe evidence collected by the Office of the Attorney General led\u00a0the\u00a055-year-old man to accept, through a plea agreement, his responsibility in the crime of his sentimental\u00a0partner,...            <\/div>\n\n            \n        <\/div>\n\n        \n\t<\/div> <!-- .\/td-block-span4 -->\n\n\t<div class=\"td-block-span4\">\n\n        <div class=\"td_module_2 td_module_wrap td-animation-stack td_module_no_thumb\">\n            <div class=\"td-module-image\">\n                                <a href=\"https:\/\/www.fiscalia.gov.co\/colombia\/en\/category\/news\/\" class=\"td-post-category\">News<\/a>            <\/div>\n            <h3 class=\"entry-title td-module-title\"><a href=\"https:\/\/www.fiscalia.gov.co\/colombia\/en\/2026\/02\/18\/alleged-hitman-working-for-the-clan-del-golfo-was-sent-to-prison-in-cartagena-bolivar\/\" rel=\"bookmark\" title=\"Alleged hitman working for the Clan del Golfo was sent to prison in Cartagena (Bol\u00edvar)\">Alleged hitman working for the Clan del Golfo was sent to prison in Cartagena (Bol\u00edvar)<\/a><\/h3>\n\n            <div class=\"td-module-meta-info\">\n             <div class=\"td-post-date-boletin\">                 Cartagena (Bol\u00edvar). <\/div>                                <span class=\"td-post-date\"><time class=\"entry-date updated td-module-date\" datetime=\"2026-02-18T14:38:58-05:00\" >Wednesday, 18 de February de 2026 2:38 pm<\/time><\/span>                                 <div class=\"td-post-date-boletin\">                 Bulletin 58457\u00a0                 <\/div>  \n            <\/div>\n\n\n            <div class=\"td-excerpt\">\n                A prosecutor\u00a0appointed to the branch office in\u00a0Bol\u00edvar\u00a0(Seccional Bolivar)\u00a0prosecuted\u00a0Hilier Jos\u00e9 Altamiranda\u00a0Carreazo, an alleged member of Clan del Golfo. The 23\u2011year\u2011old man is\u00a0allegedly\u00a0involved\u00a0in a murder committed in Cartagena\u00a0due to\u00a0territorial control for drug trafficking.\u00a0\r\n\r\nIt is believed that this individual, known within the...            <\/div>\n\n            \n        <\/div>\n\n        \n\t<\/div> <!-- .\/td-block-span4 --><\/div><!--.\/row-fluid-->\n\n\t<div class=\"td-block-row\">\n\n\t<div class=\"td-block-span4\">\n\n        <div class=\"td_module_2 td_module_wrap td-animation-stack td_module_no_thumb\">\n            <div class=\"td-module-image\">\n                                <a href=\"https:\/\/www.fiscalia.gov.co\/colombia\/en\/category\/news\/\" class=\"td-post-category\">News<\/a>            <\/div>\n            <h3 class=\"entry-title td-module-title\"><a href=\"https:\/\/www.fiscalia.gov.co\/colombia\/en\/2026\/02\/17\/three-people-were-prosecuted-for-allegedly-transporting-narcotics-while-traveling-on-roads-in-pereira\/\" rel=\"bookmark\" title=\"\ufeffThree people were prosecuted for allegedly transporting narcotics while traveling on roads in Pereira\">\ufeffThree people were prosecuted for allegedly transporting narcotics while traveling on roads in Pereira<\/a><\/h3>\n\n            <div class=\"td-module-meta-info\">\n             <div class=\"td-post-date-boletin\">                 Pereira\u00a0(Risaralda). <\/div>                                <span class=\"td-post-date\"><time class=\"entry-date updated td-module-date\" datetime=\"2026-02-17T16:40:21-05:00\" >Tuesday, 17 de February de 2026 4:40 pm<\/time><\/span>                                 <div class=\"td-post-date-boletin\">                 Bulletin 58451\u00a0                 <\/div>  \n            <\/div>\n\n\n            <div class=\"td-excerpt\">\n                The Office of the Attorney General prosecuted two men and one woman\u00a0in Pereira (Risaralda) for\u00a0being\u00a0allegedly responsible for transporting 455.7 kilograms of marijuana and 144 grams of cocaine while traveling on roads in the department.\u00a0\r\n\r\nThese incidents occurred independently of each...            <\/div>\n\n            \n        <\/div>\n\n        \n\t<\/div> <!-- .\/td-block-span4 -->\n\n\t<div class=\"td-block-span4\">\n\n        <div class=\"td_module_2 td_module_wrap td-animation-stack td_module_no_thumb\">\n            <div class=\"td-module-image\">\n                                <a href=\"https:\/\/www.fiscalia.gov.co\/colombia\/en\/category\/news\/\" class=\"td-post-category\">News<\/a>            <\/div>\n            <h3 class=\"entry-title td-module-title\"><a href=\"https:\/\/www.fiscalia.gov.co\/colombia\/en\/2026\/02\/17\/the-alleged-leader-of-a-drug-trafficking-and-money-laundering-network-wanted-for-extradition-by-brazil-was-arrested\/\" rel=\"bookmark\" title=\"The alleged leader of a drug trafficking and money laundering network wanted for extradition by Brazil was arrested\">The alleged leader of a drug trafficking and money laundering network wanted for extradition by Brazil was arrested<\/a><\/h3>\n\n            <div class=\"td-module-meta-info\">\n             <div class=\"td-post-date-boletin\">                 Bogot\u00e1 D.C.. <\/div>                                <span class=\"td-post-date\"><time class=\"entry-date updated td-module-date\" datetime=\"2026-02-17T16:26:44-05:00\" >Tuesday, 17 de February de 2026 4:26 pm<\/time><\/span>                                 <div class=\"td-post-date-boletin\">                 Bulletin 58450\u00a0                 <\/div>  \n            <\/div>\n\n\n            <div class=\"td-excerpt\">\n                He is accused of sending shipments of cocaine hydrochloride from Colombia to Spain and the Netherlands.\u00a0\r\nThe Office of the Attorney General, in coordination with the National Police and the Federal Police of Brazil, achieved the arrest for extradition purposes...            <\/div>\n\n            \n        <\/div>\n\n        \n\t<\/div> <!-- .\/td-block-span4 -->\n\n\t<div class=\"td-block-span4\">\n\n        <div class=\"td_module_2 td_module_wrap td-animation-stack td_module_no_thumb\">\n            <div class=\"td-module-image\">\n                                <a href=\"https:\/\/www.fiscalia.gov.co\/colombia\/en\/category\/news\/\" class=\"td-post-category\">News<\/a>            <\/div>\n            <h3 class=\"entry-title td-module-title\"><a href=\"https:\/\/www.fiscalia.gov.co\/colombia\/en\/2026\/02\/16\/three-alleged-members-of-los-j-were-formally-charged-for-the-crime-of-an-observer-and-human-rights-defender-in-cucuta\/\" rel=\"bookmark\" title=\"Three alleged members of \u2018Los J\u2019 were formally charged for the crime of an observer and human rights defender in C\u00facuta\">Three alleged members of \u2018Los J\u2019 were formally charged for the crime of an observer and human rights defender in C\u00facuta<\/a><\/h3>\n\n            <div class=\"td-module-meta-info\">\n             <div class=\"td-post-date-boletin\">                 Bogot\u00e1 D.C.\u00a0. <\/div>                                <span class=\"td-post-date\"><time class=\"entry-date updated td-module-date\" datetime=\"2026-02-16T08:36:18-05:00\" >Monday, 16 de February de 2026 8:36 am<\/time><\/span>                                 <div class=\"td-post-date-boletin\">                 Bulletin 58424\u00a0                 <\/div>  \n            <\/div>\n\n\n            <div class=\"td-excerpt\">\n                Among those prosecuted is the alleged leader of the criminal group, who is accused of ordering the homicide due to the leadership role exercised by the victim.\u00a0\r\nThe Office of the Attorney General\u00a0prosecuted Jairo Andr\u00e9s Miranda Ram\u00edrez, Brayan Stiven Rol\u00f3n...            <\/div>\n\n            \n        <\/div>\n\n        \n\t<\/div> <!-- .\/td-block-span4 --><\/div><!--.\/row-fluid--><\/div><div class=\"td-next-prev-wrap\"><a href=\"#\" class=\"td-ajax-prev-page ajax-page-disabled\" aria-label=\"prev-page\" id=\"prev-page-tdi_11\" data-td_block_id=\"tdi_11\"><i class=\"td-next-prev-icon td-icon-font td-icon-menu-left\"><\/i><\/a><a href=\"#\"  class=\"td-ajax-next-page\" aria-label=\"next-page\" id=\"next-page-tdi_11\" data-td_block_id=\"tdi_11\"><i class=\"td-next-prev-icon td-icon-font td-icon-menu-right\"><\/i><\/a><\/div><\/div> <!-- .\/block --><\/div><\/div><\/div><\/div><div id=\"tdi_12\" class=\"tdc-row\"><div class=\"vc_row tdi_13  wpb_row td-pb-row\" >\n<style scoped>\n\n\/* custom css *\/\n.tdi_13,\r\n                .tdi_13 .tdc-columns{\r\n                    min-height: 0;\r\n                }.tdi_13,\r\n\t\t\t\t.tdi_13 .tdc-columns{\r\n\t\t\t\t    display: block;\r\n\t\t\t\t}.tdi_13 .tdc-columns{\r\n\t\t\t\t    width: 100%;\r\n\t\t\t\t}\n<\/style><div class=\"vc_column tdi_15  wpb_column vc_column_container tdc-column td-pb-span12\">\n<style scoped>\n\n\/* custom css *\/\n.tdi_15{\r\n                    vertical-align: baseline;\r\n                }.tdi_15 > .wpb_wrapper,\r\n\t\t\t\t.tdi_15 > .wpb_wrapper > .tdc-elements{\r\n\t\t\t\t    display: block;\r\n\t\t\t\t}.tdi_15 > .wpb_wrapper > .tdc-elements{\r\n\t\t\t\t    width: 100%;\r\n\t\t\t\t}.tdi_15 > .wpb_wrapper > .vc_row_inner{\r\n\t\t\t\t    width: auto;\r\n\t\t\t\t}.tdi_15 > .wpb_wrapper{\r\n\t\t\t\t    width: auto;\r\n\t\t\t\t    height: auto;\r\n\t\t\t\t}\n<\/style><div class=\"wpb_wrapper\"><\/div><\/div><\/div><\/div>","protected":false},"excerpt":{"rendered":"[vc_custom_heading source=\"post_title\" use_theme_fonts=\"yes\"] News Criminal group \u2018Los de la R\u2019, responsible for multiple crimes in Buga (Valle del Cauca) had a hard blow Guadalajara de Buga (Valle del Cauca). Tuesday, 24 de February de 2026 3:00 pm \u00a0Bulletin\u00a058521\u00a0 The Office of the Attorney General\u00a0brought nine alleged members of the criminal group \u2018Los de la R\u2019 [...]","protected":false},"author":1,"featured_media":0,"parent":0,"menu_order":1,"comment_status":"open","ping_status":"closed","template":"page-pagebuilder-latest.php","meta":{"footnotes":""},"class_list":["post-9835","page","type-page","status-publish"],"_links":{"self":[{"href":"https:\/\/www.fiscalia.gov.co\/colombia\/en\/wp-json\/wp\/v2\/pages\/9835"}],"collection":[{"href":"https:\/\/www.fiscalia.gov.co\/colombia\/en\/wp-json\/wp\/v2\/pages"}],"about":[{"href":"https:\/\/www.fiscalia.gov.co\/colombia\/en\/wp-json\/wp\/v2\/types\/page"}],"author":[{"embeddable":true,"href":"https:\/\/www.fiscalia.gov.co\/colombia\/en\/wp-json\/wp\/v2\/users\/1"}],"replies":[{"embeddable":true,"href":"https:\/\/www.fiscalia.gov.co\/colombia\/en\/wp-json\/wp\/v2\/comments?post=9835"}],"version-history":[{"count":5,"href":"https:\/\/www.fiscalia.gov.co\/colombia\/en\/wp-json\/wp\/v2\/pages\/9835\/revisions"}],"predecessor-version":[{"id":37265,"href":"https:\/\/www.fiscalia.gov.co\/colombia\/en\/wp-json\/wp\/v2\/pages\/9835\/revisions\/37265"}],"wp:attachment":[{"href":"https:\/\/www.fiscalia.gov.co\/colombia\/en\/wp-json\/wp\/v2\/media?parent=9835"}],"curies":[{"name":"wp","href":"https:\/\/api.w.org\/{rel}","templated":true}]}}