{"id":9126,"date":"2011-12-13T15:06:16","date_gmt":"2011-12-13T20:06:16","guid":{"rendered":"https:\/\/www.fiscalia.gov.co\/colombia\/en\/?page_id=66"},"modified":"2019-02-14T15:25:55","modified_gmt":"2019-02-14T15:25:55","slug":"about-us","status":"publish","type":"page","link":"https:\/\/www.fiscalia.gov.co\/colombia\/en\/about-us\/","title":{"rendered":"About Us"},"content":{"rendered":"<div id=\"tdi_1\" class=\"tdc-row\"><div class=\"vc_row tdi_2  wpb_row td-pb-row\" >\n<style scoped>\n\n\/* custom css *\/\n.tdi_2,\r\n                .tdi_2 .tdc-columns{\r\n                    min-height: 0;\r\n                }.tdi_2,\r\n\t\t\t\t.tdi_2 .tdc-columns{\r\n\t\t\t\t    display: block;\r\n\t\t\t\t}.tdi_2 .tdc-columns{\r\n\t\t\t\t    width: 100%;\r\n\t\t\t\t}\n<\/style><div class=\"vc_column tdi_4  wpb_column vc_column_container tdc-column td-pb-span8\">\n<style scoped>\n\n\/* custom css *\/\n.tdi_4{\r\n                    vertical-align: baseline;\r\n                }.tdi_4 > .wpb_wrapper,\r\n\t\t\t\t.tdi_4 > .wpb_wrapper > .tdc-elements{\r\n\t\t\t\t    display: block;\r\n\t\t\t\t}.tdi_4 > .wpb_wrapper > .tdc-elements{\r\n\t\t\t\t    width: 100%;\r\n\t\t\t\t}.tdi_4 > .wpb_wrapper > .vc_row_inner{\r\n\t\t\t\t    width: auto;\r\n\t\t\t\t}.tdi_4 > .wpb_wrapper{\r\n\t\t\t\t    width: auto;\r\n\t\t\t\t    height: auto;\r\n\t\t\t\t}\n<\/style><div class=\"wpb_wrapper\">[vc_column_text]En este men\u00fa usted encontrar\u00e1 toda la informaci\u00f3n relacionada con la misi\u00f3n y visi\u00f3n de la entidad.\r\n\r\nDespl\u00e1cese por las diferentes secciones para saber m\u00e1s sobre qui\u00e9nes somos, nuestras funciones, principios y valores, logo, himno, equipo de trabajo, nuestro directorio, normatividad, informaci\u00f3n financiera y contables, entre otros aspectos.\r\n\r\n&nbsp;\r\n\r\n&nbsp;\r\n\r\n[\/vc_column_text]<\/div><\/div><div class=\"vc_column tdi_6  wpb_column vc_column_container tdc-column td-pb-span4\">\n<style scoped>\n\n\/* custom css *\/\n.tdi_6{\r\n                    vertical-align: baseline;\r\n                }.tdi_6 > .wpb_wrapper,\r\n\t\t\t\t.tdi_6 > .wpb_wrapper > .tdc-elements{\r\n\t\t\t\t    display: block;\r\n\t\t\t\t}.tdi_6 > .wpb_wrapper > .tdc-elements{\r\n\t\t\t\t    width: 100%;\r\n\t\t\t\t}.tdi_6 > .wpb_wrapper > .vc_row_inner{\r\n\t\t\t\t    width: auto;\r\n\t\t\t\t}.tdi_6 > .wpb_wrapper{\r\n\t\t\t\t    width: auto;\r\n\t\t\t\t    height: auto;\r\n\t\t\t\t}\n<\/style><div class=\"wpb_wrapper\"><div class=\"wpb_wrapper td_block_wrap vc_widget_sidebar tdi_8 \" ><aside class=\"td_block_template_1 widget widget_nav_menu\"><h4 class=\"block-title\"><span>Entity<\/span><\/h4><div class=\"menu-entity-container\"><ul id=\"menu-entity\" class=\"menu\"><li id=\"menu-item-37696\" class=\"menu-item menu-item-type-post_type menu-item-object-page menu-item-first menu-item-37696\"><a href=\"https:\/\/www.fiscalia.gov.co\/colombia\/en\/about-us\/mision\/\">Mission<\/a><\/li>\n<li id=\"menu-item-37697\" class=\"menu-item menu-item-type-post_type menu-item-object-page menu-item-37697\"><a href=\"https:\/\/www.fiscalia.gov.co\/colombia\/en\/about-us\/vision\/\">Vision<\/a><\/li>\n<li id=\"menu-item-37695\" class=\"menu-item menu-item-type-post_type menu-item-object-page menu-item-37695\"><a href=\"https:\/\/www.fiscalia.gov.co\/colombia\/en\/staff\/el-fiscal\/\">Attorney General<\/a><\/li>\n<li id=\"menu-item-37698\" class=\"menu-item menu-item-type-post_type menu-item-object-page menu-item-37698\"><a href=\"https:\/\/www.fiscalia.gov.co\/colombia\/en\/about-us\/funciones\/\">Functions<\/a><\/li>\n<li id=\"menu-item-37699\" class=\"menu-item menu-item-type-post_type menu-item-object-page menu-item-37699\"><a href=\"https:\/\/www.fiscalia.gov.co\/colombia\/en\/about-us\/principios-y-valores\/\">Principles and Values<\/a><\/li>\n<li id=\"menu-item-37694\" class=\"menu-item menu-item-type-post_type menu-item-object-page menu-item-37694\"><a href=\"https:\/\/www.fiscalia.gov.co\/colombia\/en\/about-us\/el-logo-el-himno\/\">The Logo, The anthem<\/a><\/li>\n<\/ul><\/div><\/aside><\/div><\/div><\/div><\/div><\/div>","protected":false},"excerpt":{"rendered":"[vc_column_text]En este men\u00fa usted encontrar\u00e1 toda la informaci\u00f3n relacionada con la misi\u00f3n y visi\u00f3n de la entidad. Despl\u00e1cese por las diferentes secciones para saber m\u00e1s sobre qui\u00e9nes somos, nuestras funciones, principios y valores, logo, himno, equipo de trabajo, nuestro directorio, normatividad, informaci\u00f3n financiera y contables, entre otros aspectos. &nbsp; &nbsp; [\/vc_column_text] EntityMission Vision Attorney General [...]","protected":false},"author":1,"featured_media":0,"parent":0,"menu_order":2,"comment_status":"open","ping_status":"closed","template":"page-pagebuilder-title.php","meta":{"footnotes":""},"class_list":["post-9126","page","type-page","status-publish"],"_links":{"self":[{"href":"https:\/\/www.fiscalia.gov.co\/colombia\/en\/wp-json\/wp\/v2\/pages\/9126"}],"collection":[{"href":"https:\/\/www.fiscalia.gov.co\/colombia\/en\/wp-json\/wp\/v2\/pages"}],"about":[{"href":"https:\/\/www.fiscalia.gov.co\/colombia\/en\/wp-json\/wp\/v2\/types\/page"}],"author":[{"embeddable":true,"href":"https:\/\/www.fiscalia.gov.co\/colombia\/en\/wp-json\/wp\/v2\/users\/1"}],"replies":[{"embeddable":true,"href":"https:\/\/www.fiscalia.gov.co\/colombia\/en\/wp-json\/wp\/v2\/comments?post=9126"}],"version-history":[{"count":8,"href":"https:\/\/www.fiscalia.gov.co\/colombia\/en\/wp-json\/wp\/v2\/pages\/9126\/revisions"}],"predecessor-version":[{"id":37677,"href":"https:\/\/www.fiscalia.gov.co\/colombia\/en\/wp-json\/wp\/v2\/pages\/9126\/revisions\/37677"}],"wp:attachment":[{"href":"https:\/\/www.fiscalia.gov.co\/colombia\/en\/wp-json\/wp\/v2\/media?parent=9126"}],"curies":[{"name":"wp","href":"https:\/\/api.w.org\/{rel}","templated":true}]}}