{"id":8603,"date":"2012-01-05T10:57:56","date_gmt":"2012-01-05T15:57:56","guid":{"rendered":"https:\/\/www.fiscalia.gov.co\/colombia\/en\/?page_id=8603"},"modified":"2012-03-29T10:41:53","modified_gmt":"2012-03-29T15:41:53","slug":"chats-y-foros","status":"publish","type":"page","link":"https:\/\/www.fiscalia.gov.co\/colombia\/en\/chats-y-foros\/","title":{"rendered":"Chats y foros"},"content":{"rendered":"<p>[box title=&#8221;Bienvenido&#8221; color=&#8221;#007CC9&#8243; align: center;]Con el fin de promover la participaci\u00f3n ciudadana, la Fiscal\u00eda General de la Naci\u00f3n ha dispuesto chats y foros\u00a0para que usted entre en contacto con nosotros. <a title=\"Reg\u00edstrese\" href=\"http:\/\/www.fiscalia.gov.co\/en\/wp-login.php?action=register\">Reg\u00edstrese<\/a> y participe.<\/p>\n<p>&nbsp;<\/p>\n<div align=\"center\"><a  class=\"vc_btn vc_btn-#007CC9 vc_btn-sm vc_btn_square \" target=\"self\" href=\"http:\/\/www.fiscalia.gov.co\/en\/chats-y-foros\/chats\/\" >Chats<\/a> <a  class=\"vc_btn vc_btn-#007CC9 vc_btn-sm vc_btn_square \" target=\"blank\" href=\"http:\/\/www.fiscalia.gov.co\/en\/chats-y-foros\/foros\/\" >Foros<\/a><\/div>\n<p>&nbsp;<\/p>\n<p>[\/box]<\/p>\n","protected":false},"excerpt":{"rendered":"<p>[box title=&#8221;Bienvenido&#8221; color=&#8221;#007CC9&#8243; align: center;]Con el fin de promover la participaci\u00f3n ciudadana, la Fiscal\u00eda General de la Naci\u00f3n ha dispuesto chats y foros\u00a0para que usted entre en contacto con nosotros. Reg\u00edstrese y participe. &nbsp; &nbsp; [\/box]<\/p>\n","protected":false},"author":1,"featured_media":0,"parent":0,"menu_order":10,"comment_status":"open","ping_status":"closed","template":"","meta":{"footnotes":""},"class_list":["post-8603","page","type-page","status-publish"],"_links":{"self":[{"href":"https:\/\/www.fiscalia.gov.co\/colombia\/en\/wp-json\/wp\/v2\/pages\/8603"}],"collection":[{"href":"https:\/\/www.fiscalia.gov.co\/colombia\/en\/wp-json\/wp\/v2\/pages"}],"about":[{"href":"https:\/\/www.fiscalia.gov.co\/colombia\/en\/wp-json\/wp\/v2\/types\/page"}],"author":[{"embeddable":true,"href":"https:\/\/www.fiscalia.gov.co\/colombia\/en\/wp-json\/wp\/v2\/users\/1"}],"replies":[{"embeddable":true,"href":"https:\/\/www.fiscalia.gov.co\/colombia\/en\/wp-json\/wp\/v2\/comments?post=8603"}],"version-history":[{"count":23,"href":"https:\/\/www.fiscalia.gov.co\/colombia\/en\/wp-json\/wp\/v2\/pages\/8603\/revisions"}],"predecessor-version":[{"id":11447,"href":"https:\/\/www.fiscalia.gov.co\/colombia\/en\/wp-json\/wp\/v2\/pages\/8603\/revisions\/11447"}],"wp:attachment":[{"href":"https:\/\/www.fiscalia.gov.co\/colombia\/en\/wp-json\/wp\/v2\/media?parent=8603"}],"curies":[{"name":"wp","href":"https:\/\/api.w.org\/{rel}","templated":true}]}}