{"id":8598,"date":"2012-01-05T10:53:31","date_gmt":"2012-01-05T15:53:31","guid":{"rendered":"https:\/\/www.fiscalia.gov.co\/colombia\/en\/?page_id=8598"},"modified":"2012-04-16T10:12:09","modified_gmt":"2012-04-16T15:12:09","slug":"contrataciones","status":"publish","type":"page","link":"https:\/\/www.fiscalia.gov.co\/colombia\/en\/contrataciones\/","title":{"rendered":"Contrataciones"},"content":{"rendered":"<p>Informaci\u00f3n relacionada con los procesos contractuales adelantados por la Fiscal\u00eda General de la Naci\u00f3n.<\/p>\n<p>En este men\u00fa usted encontrar\u00e1 estas secciones:<\/p>\n<ul>\n<li><a title=\"Portal \u00danico de Contrataci\u00f3n\" href=\"https:\/\/www.contratos.gov.co\/consultas\/inicioConsulta.do?codi_enti=129001000\">Acceso al Sistema Electr\u00f3nico para la Contrataci\u00f3n P\u00fablica<\/a><\/li>\n<li>Plan de compras de la entidad<\/li>\n<li>Registro de proveedores<\/li>\n<\/ul>\n<p>&nbsp;<\/p>\n<p>&nbsp;<\/p>\n","protected":false},"excerpt":{"rendered":"<p>Informaci\u00f3n relacionada con los procesos contractuales adelantados por la Fiscal\u00eda General de la Naci\u00f3n. En este men\u00fa usted encontrar\u00e1 estas secciones: Acceso al Sistema Electr\u00f3nico para la Contrataci\u00f3n P\u00fablica Plan de compras de la entidad Registro de proveedores &nbsp; &nbsp;<\/p>\n","protected":false},"author":1,"featured_media":0,"parent":0,"menu_order":4,"comment_status":"open","ping_status":"closed","template":"","meta":{"footnotes":""},"class_list":["post-8598","page","type-page","status-publish"],"_links":{"self":[{"href":"https:\/\/www.fiscalia.gov.co\/colombia\/en\/wp-json\/wp\/v2\/pages\/8598"}],"collection":[{"href":"https:\/\/www.fiscalia.gov.co\/colombia\/en\/wp-json\/wp\/v2\/pages"}],"about":[{"href":"https:\/\/www.fiscalia.gov.co\/colombia\/en\/wp-json\/wp\/v2\/types\/page"}],"author":[{"embeddable":true,"href":"https:\/\/www.fiscalia.gov.co\/colombia\/en\/wp-json\/wp\/v2\/users\/1"}],"replies":[{"embeddable":true,"href":"https:\/\/www.fiscalia.gov.co\/colombia\/en\/wp-json\/wp\/v2\/comments?post=8598"}],"version-history":[{"count":4,"href":"https:\/\/www.fiscalia.gov.co\/colombia\/en\/wp-json\/wp\/v2\/pages\/8598\/revisions"}],"predecessor-version":[{"id":10711,"href":"https:\/\/www.fiscalia.gov.co\/colombia\/en\/wp-json\/wp\/v2\/pages\/8598\/revisions\/10711"}],"wp:attachment":[{"href":"https:\/\/www.fiscalia.gov.co\/colombia\/en\/wp-json\/wp\/v2\/media?parent=8598"}],"curies":[{"name":"wp","href":"https:\/\/api.w.org\/{rel}","templated":true}]}}