{"id":8575,"date":"2012-01-05T10:34:14","date_gmt":"2012-01-05T15:34:14","guid":{"rendered":"https:\/\/www.fiscalia.gov.co\/colombia\/en\/?page_id=8575"},"modified":"2016-01-19T16:23:01","modified_gmt":"2016-01-19T21:23:01","slug":"normatividad","status":"publish","type":"page","link":"https:\/\/www.fiscalia.gov.co\/colombia\/en\/about-us\/normatividad\/","title":{"rendered":"Normativity"},"content":{"rendered":"<p>These are the rules and regulations that guide the entity:<\/p>\n<p>[spoiler style=&#8221;2&#8243; title=&#8221;Political Constitutions&#8221;]<\/p>\n<p align=\"left\">Cap\u00edtulo 6. De\u00a0 la Fiscal\u00eda General de la Naci\u00f3n.\u00a0<a title=\"Ir\" href=\"http:\/\/www.fiscalia.gov.co\/en\/wp-content\/uploads\/2012\/01\/Constitucion_Politica.pdf\" target=\"_blank\">Leer m\u00e1s<\/a><\/p>\n<p>[\/spoiler]<br \/>\n[spoiler style=&#8221;2&#8243; title=&#8221;Decrees on administrative reform to the Attorney General&#8217;s Office&#8221;]<\/p>\n<ul>\n<li><a title=\"View document \" href=\"http:\/\/www.fiscalia.gov.co\/en\/wp-content\/uploads\/DECRETO-016-DEL-09-DE-ENERO-DE-2014.pdf\" target=\"_blank\">Decreto 016 del 09 de enero de 2014<\/a>:\u00a0Por el cual se modifica y define la estructura org\u00e1nica y funcional de la Fiscal\u00eda General de la Naci\u00f3n.<\/li>\n<li><a title=\"Download documents\" href=\"http:\/\/www.fiscalia.gov.co\/en\/wp-content\/uploads\/DECRETO-017-DEL-09-DE-ENERO-DE-2014.pdf\" target=\"_blank\">Decreto 017 del 09 de enero 2014<\/a>:\u00a0Por el cual se definen los niveles jer\u00e1rquicos, se modifica la nomenclatura. Se establecen las equivalencias y los requisitos generales para los empleos de la Fiscal\u00eda General de la Naci\u00f3n.<\/li>\n<li><a title=\"View document \" href=\"http:\/\/www.fiscalia.gov.co\/en\/wp-content\/uploads\/DECRETO-018-DEL-09-DE-ENERO-DE-2014.pdf\" target=\"_blank\">Decreto 018 del 09 de enero de 2014<\/a>: Por el cual se modifica la planta de cargos de la Fiscal\u00eda General de la Naci\u00f3n.<\/li>\n<li><a title=\"View document \" href=\"http:\/\/www.fiscalia.gov.co\/en\/wp-content\/uploads\/DECRETO-019-DEL-09-DE-ENERO-DE-2014.pdf\" target=\"_blank\">Decreto 019 del 09 de enero de 2014<\/a>: Por el cual se dictan normas sobre el r\u00e9gimen salarial y prestacional para los servidores p\u00fablicos de la Fiscal\u00eda General de la Naci\u00f3n y se dictan otras disposiciones.<\/li>\n<li><a title=\"View document \" href=\"http:\/\/www.fiscalia.gov.co\/en\/wp-content\/uploads\/DECRETO-020-DEL-09-DE-ENERO-DE-2014.pdf\" target=\"_blank\">Decreto 020 del 09 de enero de 2014<\/a>:\u00a0Por el cual se clasifican los empleos y se expide el r\u00e9gimen de carrera especial de la Fiscal\u00eda General de la Naci\u00f3n y de sus entidades adscritas.<\/li>\n<li><a title=\"View document \" href=\"http:\/\/www.fiscalia.gov.co\/en\/wp-content\/uploads\/DECRETO-021-DEL-09-DE-ENERO-DE-2014.pdf\" target=\"_blank\">Decreto 021 del 09 de enero de 2014<\/a>:\u00a0Por el cual se expide el r\u00e9gimen de las situaciones administrativas en las que se pueden encontrar los servidores p\u00fablicos de la Fiscal\u00eda General de la Naci\u00f3n y de sus entidades adscritas.<\/li>\n<li><a title=\"View document \" href=\"http:\/\/www.fiscalia.gov.co\/en\/wp-content\/uploads\/DECRETO-022-DEL-09-DE-ENERO-DE-2014.pdf\" target=\"_blank\">Decreto\u00a0022 del 09 de enero de 2014<\/a>: Por el cual se modifica el Decreto 0382 de 2013.<\/li>\n<\/ul>\n<p>[\/spoiler]<\/p>\n<p>[spoiler style=&#8221;2&#8243; title=&#8221;Decrees&#8221;]<\/p>\n<ul>\n<li><a title=\"Ir\" href=\"http:\/\/www.fiscalia.gov.co\/en\/wp-content\/uploads\/2012\/01\/dec224828062011.pdf\" target=\"_blank\">2248 de 2011<\/a><\/li>\n<li><a title=\"Ir\" href=\"http:\/\/www.fiscalia.gov.co\/en\/wp-content\/uploads\/2012\/01\/dec405731102011.pdf\" target=\"_blank\">4057 de 2011<\/a><\/li>\n<li><a title=\"Ir\" href=\"http:\/\/www.fiscalia.gov.co\/en\/wp-content\/uploads\/2012\/01\/dec405831102011.pdf\" target=\"_blank\">4058 de 2011<\/a><\/li>\n<li><a title=\"Ir\" href=\"http:\/\/www.fiscalia.gov.co\/en\/wp-content\/uploads\/2012\/01\/dec405931102011.pdf\" target=\"_blank\">4059 de 2011<\/a><\/li>\n<li><a title=\"Ir\" href=\"http:\/\/www.fiscalia.gov.co\/en\/wp-content\/uploads\/2012\/01\/decreto2699-91.pdf\" target=\"_blank\">2699 de 1991<\/a><\/li>\n<\/ul>\n<p>[\/spoiler]<\/p>\n<p>[spoiler style=&#8221;2&#8243; title=&#8221;Laws&#8221;]<\/p>\n<ul>\n<li><a title=\"Ir\" href=\"http:\/\/www.fiscalia.gov.co\/en\/wp-content\/uploads\/Ley1654de2013.pdf\" target=\"_blank\">Ley 1654 2013<\/a>:\u00a0Por la cual se otorgan facultades extraordinarias pro t\u00e9mpore al    Presidente de la Rep\u00fablica para modificar la estructura y la planta de personal de la Fiscal\u00eda General de la Naci\u00f3n y expedir su r\u00e9gimen de carrera y situaciones administrativas.<\/li>\n<li><a title=\"Ir\" href=\"http:\/\/www.fiscalia.gov.co\/en\/wp-content\/uploads\/2012\/01\/Ley-1098-de-20061.pdf\" target=\"_blank\">Ley 1098 de 2006<\/a><\/li>\n<li><a title=\"Ir\" href=\"http:\/\/www.fiscalia.gov.co\/en\/wp-content\/uploads\/2012\/01\/ley_1024_de_2006.pdf\" target=\"_blank\">Ley 1024 de 2006<\/a><\/li>\n<li><a title=\"Ir\" href=\"http:\/\/www.fiscalia.gov.co\/en\/wp-content\/uploads\/2012\/01\/Ley-975-de-20051.pdf\" target=\"_blank\">Ley 975 de 2005<\/a><\/li>\n<li><a title=\"Ir\" href=\"http:\/\/www.secretariasenado.gov.co\/senado\/basedoc\/ley\/2004\/ley_09060_204a.html\" target=\"_blank\">Ley 906 de 2004<\/a><\/li>\n<li><a title=\"Ir\" href=\"http:\/\/www.fiscalia.gov.co\/en\/wp-content\/uploads\/2012\/01\/Ley938-de-2004.pdf\" target=\"_blank\">Ley 938 de 2004<\/a><\/li>\n<\/ul>\n<p>[\/spoiler]<\/p>\n<p>[spoiler style=&#8221;2&#8243; title=&#8221;Resolution of the State Council&#8221;]<\/p>\n<p><a title=\"Ir\" href=\"http:\/\/www.fiscalia.gov.co\/en\/wp-content\/uploads\/2012\/01\/consejo_estado-1.pdf\" target=\"_blank\">Providencia del Consejo de Estado No. 1100103240002009 00196 00<\/a><\/p>\n<p>[\/spoiler]<br \/>\n[spoiler style=&#8221;2&#8243; title=&#8221;Bills &#8220;]<\/p>\n<p>[\/spoiler]<\/p>\n<p>&nbsp;<\/p>\n","protected":false},"excerpt":{"rendered":"<p>These are the rules and regulations that guide the entity: [spoiler style=&#8221;2&#8243; title=&#8221;Political Constitutions&#8221;] Cap\u00edtulo 6. De\u00a0 la Fiscal\u00eda General de la Naci\u00f3n.\u00a0Leer m\u00e1s [\/spoiler] [spoiler style=&#8221;2&#8243; title=&#8221;Decrees on administrative reform to the Attorney General&#8217;s Office&#8221;] Decreto 016 del 09 de enero de 2014:\u00a0Por el cual se modifica y define la estructura org\u00e1nica y funcional [&hellip;]<\/p>\n","protected":false},"author":1,"featured_media":0,"parent":9126,"menu_order":13,"comment_status":"open","ping_status":"closed","template":"","meta":{"footnotes":""},"class_list":["post-8575","page","type-page","status-publish"],"_links":{"self":[{"href":"https:\/\/www.fiscalia.gov.co\/colombia\/en\/wp-json\/wp\/v2\/pages\/8575"}],"collection":[{"href":"https:\/\/www.fiscalia.gov.co\/colombia\/en\/wp-json\/wp\/v2\/pages"}],"about":[{"href":"https:\/\/www.fiscalia.gov.co\/colombia\/en\/wp-json\/wp\/v2\/types\/page"}],"author":[{"embeddable":true,"href":"https:\/\/www.fiscalia.gov.co\/colombia\/en\/wp-json\/wp\/v2\/users\/1"}],"replies":[{"embeddable":true,"href":"https:\/\/www.fiscalia.gov.co\/colombia\/en\/wp-json\/wp\/v2\/comments?post=8575"}],"version-history":[{"count":31,"href":"https:\/\/www.fiscalia.gov.co\/colombia\/en\/wp-json\/wp\/v2\/pages\/8575\/revisions"}],"predecessor-version":[{"id":35079,"href":"https:\/\/www.fiscalia.gov.co\/colombia\/en\/wp-json\/wp\/v2\/pages\/8575\/revisions\/35079"}],"up":[{"embeddable":true,"href":"https:\/\/www.fiscalia.gov.co\/colombia\/en\/wp-json\/wp\/v2\/pages\/9126"}],"wp:attachment":[{"href":"https:\/\/www.fiscalia.gov.co\/colombia\/en\/wp-json\/wp\/v2\/media?parent=8575"}],"curies":[{"name":"wp","href":"https:\/\/api.w.org\/{rel}","templated":true}]}}