{"id":8562,"date":"2012-01-05T10:14:59","date_gmt":"2012-01-05T15:14:59","guid":{"rendered":"https:\/\/www.fiscalia.gov.co\/colombia\/en\/?page_id=8562"},"modified":"2012-03-15T10:47:24","modified_gmt":"2012-03-15T15:47:24","slug":"gestion","status":"publish","type":"page","link":"https:\/\/www.fiscalia.gov.co\/colombia\/en\/gestion\/","title":{"rendered":"Gesti\u00f3n"},"content":{"rendered":"<p>Informaci\u00f3n relacionada con las pol\u00edticas, planes, l\u00edneas estrat\u00e9gicas,\u00a0 estad\u00edsticas, y dem\u00e1s aspectos vinculados con el quehacer de la entidad.<\/p>\n<p>En esta secci\u00f3n usted encontrar\u00e1 los siguientes submen\u00fas:<\/p>\n<ul>\n<li>Direccionamiento estrat\u00e9gico<\/li>\n<li>Plan de acci\u00f3n<\/li>\n<li>Programas y proyectos en ejecuci\u00f3n<\/li>\n<li>Informes de Gesti\u00f3n<\/li>\n<li>Sistema de Gesti\u00f3n de Calidad y Meci<\/li>\n<li>Indicadores<\/li>\n<li>Reportes de\u00a0 Control Interno<\/li>\n<\/ul>\n","protected":false},"excerpt":{"rendered":"<p>Informaci\u00f3n relacionada con las pol\u00edticas, planes, l\u00edneas estrat\u00e9gicas,\u00a0 estad\u00edsticas, y dem\u00e1s aspectos vinculados con el quehacer de la entidad. En esta secci\u00f3n usted encontrar\u00e1 los siguientes submen\u00fas: Direccionamiento estrat\u00e9gico Plan de acci\u00f3n Programas y proyectos en ejecuci\u00f3n Informes de Gesti\u00f3n Sistema de Gesti\u00f3n de Calidad y Meci Indicadores Reportes de\u00a0 Control Interno<\/p>\n","protected":false},"author":1,"featured_media":0,"parent":0,"menu_order":3,"comment_status":"open","ping_status":"closed","template":"","meta":{"footnotes":""},"class_list":["post-8562","page","type-page","status-publish"],"_links":{"self":[{"href":"https:\/\/www.fiscalia.gov.co\/colombia\/en\/wp-json\/wp\/v2\/pages\/8562"}],"collection":[{"href":"https:\/\/www.fiscalia.gov.co\/colombia\/en\/wp-json\/wp\/v2\/pages"}],"about":[{"href":"https:\/\/www.fiscalia.gov.co\/colombia\/en\/wp-json\/wp\/v2\/types\/page"}],"author":[{"embeddable":true,"href":"https:\/\/www.fiscalia.gov.co\/colombia\/en\/wp-json\/wp\/v2\/users\/1"}],"replies":[{"embeddable":true,"href":"https:\/\/www.fiscalia.gov.co\/colombia\/en\/wp-json\/wp\/v2\/comments?post=8562"}],"version-history":[{"count":2,"href":"https:\/\/www.fiscalia.gov.co\/colombia\/en\/wp-json\/wp\/v2\/pages\/8562\/revisions"}],"predecessor-version":[{"id":10706,"href":"https:\/\/www.fiscalia.gov.co\/colombia\/en\/wp-json\/wp\/v2\/pages\/8562\/revisions\/10706"}],"wp:attachment":[{"href":"https:\/\/www.fiscalia.gov.co\/colombia\/en\/wp-json\/wp\/v2\/media?parent=8562"}],"curies":[{"name":"wp","href":"https:\/\/api.w.org\/{rel}","templated":true}]}}