{"id":41982,"date":"2024-05-07T11:48:08","date_gmt":"2024-05-07T16:48:08","guid":{"rendered":"https:\/\/www.fiscalia.gov.co\/colombia\/en\/?page_id=41982"},"modified":"2026-02-23T14:26:04","modified_gmt":"2026-02-23T19:26:04","slug":"director-office-for-territorial-support","status":"publish","type":"page","link":"https:\/\/www.fiscalia.gov.co\/colombia\/en\/staff\/director-office-for-territorial-support\/","title":{"rendered":"Director Office for Territorial Support"},"content":{"rendered":"<div id=\"tdi_1\" class=\"tdc-row\"><div class=\"vc_row tdi_2  wpb_row td-pb-row\" >\n<style scoped>\n\n\/* custom css *\/\n.tdi_2,\r\n                .tdi_2 .tdc-columns{\r\n                    min-height: 0;\r\n                }.tdi_2,\r\n\t\t\t\t.tdi_2 .tdc-columns{\r\n\t\t\t\t    display: block;\r\n\t\t\t\t}.tdi_2 .tdc-columns{\r\n\t\t\t\t    width: 100%;\r\n\t\t\t\t}\n<\/style><div class=\"vc_column tdi_4  wpb_column vc_column_container tdc-column td-pb-span12\">\n<style scoped>\n\n\/* custom css *\/\n.tdi_4{\r\n                    vertical-align: baseline;\r\n                }.tdi_4 > .wpb_wrapper,\r\n\t\t\t\t.tdi_4 > .wpb_wrapper > .tdc-elements{\r\n\t\t\t\t    display: block;\r\n\t\t\t\t}.tdi_4 > .wpb_wrapper > .tdc-elements{\r\n\t\t\t\t    width: 100%;\r\n\t\t\t\t}.tdi_4 > .wpb_wrapper > .vc_row_inner{\r\n\t\t\t\t    width: auto;\r\n\t\t\t\t}.tdi_4 > .wpb_wrapper{\r\n\t\t\t\t    width: auto;\r\n\t\t\t\t    height: auto;\r\n\t\t\t\t}\n<\/style><div class=\"wpb_wrapper\"><div class=\"wpb_wrapper td_block_separator td_block_wrap vc_separator tdi_6  td_separator_solid td_separator_center\"><span style=\"border-color:#EBEBEB;border-width:1px;width:100%;\"><\/span>\n<style scoped>\n\n\/* custom css *\/\n.td_block_separator{\r\n                  width: 100%;\r\n                  align-items: center;\r\n                  margin-bottom: 38px;\r\n                  padding-bottom: 10px;\r\n                }.td_block_separator span{\r\n                  position: relative;\r\n                  display: block;\r\n                  margin: 0 auto;\r\n                  width: 100%;\r\n                  height: 1px;\r\n                  border-top: 1px solid #EBEBEB;\r\n                }.td_separator_align_left span{\r\n                  margin-left: 0;\r\n                }.td_separator_align_right span{\r\n                  margin-right: 0;\r\n                }.td_separator_dashed span{\r\n                  border-top-style: dashed;\r\n                }.td_separator_dotted span{\r\n                  border-top-style: dotted;\r\n                }.td_separator_double span{\r\n                  height: 3px;\r\n                  border-bottom: 1px solid #EBEBEB;\r\n                }.td_separator_shadow > span{\r\n                  position: relative;\r\n                  height: 20px;\r\n                  overflow: hidden;\r\n                  border: 0;\r\n                  color: #EBEBEB;\r\n                }.td_separator_shadow > span > span{\r\n                  position: absolute;\r\n                  top: -30px;\r\n                  left: 0;\r\n                  right: 0;\r\n                  margin: 0 auto;\r\n                  height: 13px;\r\n                  width: 98%;\r\n                  border-radius: 100%;\r\n                }\n<\/style><\/div><\/div><\/div><\/div><\/div><div id=\"tdi_7\" class=\"tdc-row\"><div class=\"vc_row tdi_8  wpb_row td-pb-row\" >\n<style scoped>\n\n\/* custom css *\/\n.tdi_8,\r\n                .tdi_8 .tdc-columns{\r\n                    min-height: 0;\r\n                }.tdi_8,\r\n\t\t\t\t.tdi_8 .tdc-columns{\r\n\t\t\t\t    display: block;\r\n\t\t\t\t}.tdi_8 .tdc-columns{\r\n\t\t\t\t    width: 100%;\r\n\t\t\t\t}\n<\/style><div class=\"vc_column tdi_10  wpb_column vc_column_container tdc-column td-pb-span6\">\n<style scoped>\n\n\/* custom css *\/\n.tdi_10{\r\n                    vertical-align: baseline;\r\n                }.tdi_10 > .wpb_wrapper,\r\n\t\t\t\t.tdi_10 > .wpb_wrapper > .tdc-elements{\r\n\t\t\t\t    display: block;\r\n\t\t\t\t}.tdi_10 > .wpb_wrapper > .tdc-elements{\r\n\t\t\t\t    width: 100%;\r\n\t\t\t\t}.tdi_10 > .wpb_wrapper > .vc_row_inner{\r\n\t\t\t\t    width: auto;\r\n\t\t\t\t}.tdi_10 > .wpb_wrapper{\r\n\t\t\t\t    width: auto;\r\n\t\t\t\t    height: auto;\r\n\t\t\t\t}\n<\/style><div class=\"wpb_wrapper\">[vc_single_image image=&#8221;44724&#8243; img_size=&#8221;full&#8221;]<div class=\"td_block_wrap td_block_list_menu tdi_11 td-pb-border-top td_block_template_1 widget\"  data-td-block-uid=\"tdi_11\" >\n<style>\n\/* custom css *\/\n.td_block_list_menu ul{\r\n                  flex-wrap: wrap;\r\n                  margin-left: 12px;\r\n                }.td_block_list_menu ul li{\r\n                  margin-left: 0;\r\n                }.td_block_list_menu .sub-menu{\r\n                  padding-left: 22px;\r\n                }.td_block_list_menu .sub-menu li{\r\n                  font-size: 13px;\r\n                }.tdi_11 ul{\r\n\t\t\t\t\ttext-align: left;\r\n\t\t\t\t\tjustify-content: flex-start;\r\n\t\t\t\t}\n<\/style><div class=\"td-block-title-wrap\"><h4 class=\"block-title td-block-title\"><span class=\"td-pulldown-size\">STAFF<\/span><\/h4><\/div><div id=tdi_11 class=\"td_block_inner td-fix-index\"><div class=\"menu-vicefiscal-container\"><ul id=\"menu-vicefiscal\" class=\"menu\"><li id=\"menu-item-37580\" class=\"menu-item menu-item-type-post_type menu-item-object-page menu-item-37580\"><a href=\"https:\/\/www.fiscalia.gov.co\/colombia\/en\/staff\/deputy-attorney-general\/\">Deputy Attorney General<\/a><\/li>\n<li id=\"menu-item-37602\" class=\"menu-item menu-item-type-post_type menu-item-object-page menu-item-37602\"><a href=\"https:\/\/www.fiscalia.gov.co\/colombia\/en\/staff\/delegate-director-against-organized-crime\/\">Delegate Director against Organized Crime<\/a><\/li>\n<li id=\"menu-item-38551\" class=\"menu-item menu-item-type-post_type menu-item-object-page menu-item-38551\"><a href=\"https:\/\/www.fiscalia.gov.co\/colombia\/en\/staff\/director-support-office-for-investigations-and-analysis-on-organized-crime\/\">Director \u2013 Support Office for investigations and Analysis on Organized Crime<\/a><\/li>\n<li id=\"menu-item-38556\" class=\"menu-item menu-item-type-post_type menu-item-object-page menu-item-38556\"><a href=\"https:\/\/www.fiscalia.gov.co\/colombia\/en\/staff\/director-specialized-in-the-fight-against-criminal-organizations\/\">Director specialized in the fight against Criminal Organizations<\/a><\/li>\n<li id=\"menu-item-38557\" class=\"menu-item menu-item-type-post_type menu-item-object-page menu-item-38557\"><a href=\"https:\/\/www.fiscalia.gov.co\/colombia\/en\/staff\/director-specialized-in-the-fight-against-corruption\/\">Director specialized in the fight against Corruption<\/a><\/li>\n<li id=\"menu-item-38562\" class=\"menu-item menu-item-type-post_type menu-item-object-page menu-item-38562\"><a href=\"https:\/\/www.fiscalia.gov.co\/colombia\/en\/staff\/special-director-office-against-drug-trafficking\/\">Director specialized in the Fight against Drug Trafficking<\/a><\/li>\n<li id=\"menu-item-38569\" class=\"menu-item menu-item-type-post_type menu-item-object-page menu-item-38569\"><a href=\"https:\/\/www.fiscalia.gov.co\/colombia\/en\/staff\/director-specialized-in-the-fight-against-human-rights-violations\/\">Director specialized in the fight against Human Rights Violations<\/a><\/li>\n<li id=\"menu-item-38571\" class=\"menu-item menu-item-type-post_type menu-item-object-page menu-item-38571\"><a href=\"https:\/\/www.fiscalia.gov.co\/colombia\/en\/staff\/director-of-transitional-justice\/\">Director of Transitional Justice<\/a><\/li>\n<li id=\"menu-item-38575\" class=\"menu-item menu-item-type-post_type menu-item-object-page menu-item-38575\"><a href=\"https:\/\/www.fiscalia.gov.co\/colombia\/en\/staff\/director-of-delegate-office-on-financial-crimes\/\">Director of the Delegate Office on Criminal Finances<\/a><\/li>\n<li id=\"menu-item-38580\" class=\"menu-item menu-item-type-post_type menu-item-object-page menu-item-38580\"><a href=\"https:\/\/www.fiscalia.gov.co\/colombia\/en\/staff\/director-specialized-in-the-fight-against-money-laundering\/\">Director specialized in the fight against Money Laundering<\/a><\/li>\n<li id=\"menu-item-38584\" class=\"menu-item menu-item-type-post_type menu-item-object-page menu-item-38584\"><a href=\"https:\/\/www.fiscalia.gov.co\/colombia\/en\/staff\/director-specialized-in-assets-forfeiture\/\">Director specialized in Assets Forfeiture<\/a><\/li>\n<li id=\"menu-item-38585\" class=\"menu-item menu-item-type-post_type menu-item-object-page menu-item-38585\"><a href=\"https:\/\/www.fiscalia.gov.co\/colombia\/en\/staff\/director-specialized-in-financial-investigations\/\">Director specialized in Financial Investigations<\/a><\/li>\n<li id=\"menu-item-39659\" class=\"menu-item menu-item-type-post_type menu-item-object-page menu-item-39659\"><a href=\"https:\/\/www.fiscalia.gov.co\/colombia\/en\/staff\/director-specialized-in-the-fight-against-tax-crimes\/\">Director specialized in the fight against Tax Crimes<\/a><\/li>\n<li id=\"menu-item-38595\" class=\"menu-item menu-item-type-post_type menu-item-object-page menu-item-38595\"><a href=\"https:\/\/www.fiscalia.gov.co\/colombia\/en\/staff\/delegate-director-territorial-security\/\">Delegate Director for Territorial Security<\/a><\/li>\n<li id=\"menu-item-38596\" class=\"menu-item menu-item-type-post_type menu-item-object-page menu-item-38596\"><a href=\"https:\/\/www.fiscalia.gov.co\/colombia\/en\/staff\/director-of-assistance-to-users-early-intervention-services-and-case-assignment\/\">Director of Users Assistance, Early Intervention Services and Case Assignment Office<\/a><\/li>\n<li id=\"menu-item-38601\" class=\"menu-item menu-item-type-post_type menu-item-object-page menu-item-38601\"><a href=\"https:\/\/www.fiscalia.gov.co\/colombia\/en\/staff\/director-support-office-for-investigations-and-analysis-on-public-safety\/\">Director- Support Office for Investigations and Analysis on Public Safety<\/a><\/li>\n<li id=\"menu-item-41987\" class=\"menu-item menu-item-type-post_type menu-item-object-page menu-item-41987\"><a href=\"https:\/\/www.fiscalia.gov.co\/colombia\/en\/staff\/director-office-for-territorial-support\/\">Director Office for Territorial Support<\/a><\/li>\n<li id=\"menu-item-41990\" class=\"menu-item menu-item-type-post_type menu-item-object-page menu-item-41990\"><a href=\"https:\/\/www.fiscalia.gov.co\/colombia\/en\/staff\/director-specialized-in-crimes-against-natural-resources-and-environment\/\">Director specialized in Crimes against Natural Resources and Environment<\/a><\/li>\n<li id=\"menu-item-42451\" class=\"menu-item menu-item-type-post_type menu-item-object-page menu-item-42451\"><a href=\"https:\/\/www.fiscalia.gov.co\/colombia\/en\/staff\/director-specialized-in-the-fight-against-computer-crimes\/\">Director specialized in the fight against Cybercrimes<\/a><\/li>\n<\/ul><\/div><\/div><\/div><\/div><\/div><div class=\"vc_column tdi_13  wpb_column vc_column_container tdc-column td-pb-span6\">\n<style scoped>\n\n\/* custom css *\/\n.tdi_13{\r\n                    vertical-align: baseline;\r\n                }.tdi_13 > .wpb_wrapper,\r\n\t\t\t\t.tdi_13 > .wpb_wrapper > .tdc-elements{\r\n\t\t\t\t    display: block;\r\n\t\t\t\t}.tdi_13 > .wpb_wrapper > .tdc-elements{\r\n\t\t\t\t    width: 100%;\r\n\t\t\t\t}.tdi_13 > .wpb_wrapper > .vc_row_inner{\r\n\t\t\t\t    width: auto;\r\n\t\t\t\t}.tdi_13 > .wpb_wrapper{\r\n\t\t\t\t    width: auto;\r\n\t\t\t\t    height: auto;\r\n\t\t\t\t}\n<\/style><div class=\"wpb_wrapper\">[vc_column_text]<strong>Martha Cecilia Rodr\u00edguez Bernal, Director &#8211; Office for Territorial Support<\/strong>\r\n\r\nShe received a law degree from <em>Universidad Santo Tom\u00e1s de Aquino<\/em> of Bogot\u00e1. She majored in criminal law and criminology at <em>Universidad Externado de Colombia<\/em>, and in procedural law at <em>Universidad Libre<\/em>.\r\nIn 1987, she joined the Judicial Branch as clerk for Superior Tribunals of Bogot\u00e1. Later, she served as Examining Magistrate and municipal criminal judge.\r\n\r\nShe joined the Attorney General&#8217;s Office in 1992 and worked as sectional prosecutor at the so-called <em>Unidad de Previas y Permanente<\/em>. She later served as head of the Auto Theft Unit and prosecutor of the Public Safety Unit until November 2001.\r\n\r\nAfter practicing law independently, she returned to the Prosecutor&#8217;s Office in February 2020 as prosecutor for the Center of Integral Assistance to Victims of Sexual Violence (<em>Centro de Atenci\u00f3n Integral a V\u00edctimas de Agresi\u00f3n Sexual -Caivas)<\/em> in Zipaquir\u00e1 (Cundinamarca).[\/vc_column_text]<\/div><\/div><\/div><\/div>","protected":false},"excerpt":{"rendered":"[vc_single_image image=\"44724\" img_size=\"full\"] STAFFDeputy Attorney General Delegate Director against Organized Crime Director \u2013 Support Office for investigations and Analysis on Organized Crime Director specialized in the fight against Criminal Organizations Director specialized in the fight against Corruption Director specialized in the Fight against Drug Trafficking Director specialized in the fight against Human Rights Violations Director [...]","protected":false},"author":2,"featured_media":0,"parent":8564,"menu_order":0,"comment_status":"closed","ping_status":"closed","template":"","meta":{"footnotes":""},"class_list":["post-41982","page","type-page","status-publish"],"_links":{"self":[{"href":"https:\/\/www.fiscalia.gov.co\/colombia\/en\/wp-json\/wp\/v2\/pages\/41982"}],"collection":[{"href":"https:\/\/www.fiscalia.gov.co\/colombia\/en\/wp-json\/wp\/v2\/pages"}],"about":[{"href":"https:\/\/www.fiscalia.gov.co\/colombia\/en\/wp-json\/wp\/v2\/types\/page"}],"author":[{"embeddable":true,"href":"https:\/\/www.fiscalia.gov.co\/colombia\/en\/wp-json\/wp\/v2\/users\/2"}],"replies":[{"embeddable":true,"href":"https:\/\/www.fiscalia.gov.co\/colombia\/en\/wp-json\/wp\/v2\/comments?post=41982"}],"version-history":[{"count":11,"href":"https:\/\/www.fiscalia.gov.co\/colombia\/en\/wp-json\/wp\/v2\/pages\/41982\/revisions"}],"predecessor-version":[{"id":44725,"href":"https:\/\/www.fiscalia.gov.co\/colombia\/en\/wp-json\/wp\/v2\/pages\/41982\/revisions\/44725"}],"up":[{"embeddable":true,"href":"https:\/\/www.fiscalia.gov.co\/colombia\/en\/wp-json\/wp\/v2\/pages\/8564"}],"wp:attachment":[{"href":"https:\/\/www.fiscalia.gov.co\/colombia\/en\/wp-json\/wp\/v2\/media?parent=41982"}],"curies":[{"name":"wp","href":"https:\/\/api.w.org\/{rel}","templated":true}]}}