{"id":38490,"date":"2020-03-20T15:29:19","date_gmt":"2020-03-20T15:29:19","guid":{"rendered":"https:\/\/www.fiscalia.gov.co\/colombia\/en\/?page_id=38490"},"modified":"2026-02-19T15:48:46","modified_gmt":"2026-02-19T20:48:46","slug":"director-office-of-legal-affairs","status":"publish","type":"page","link":"https:\/\/www.fiscalia.gov.co\/colombia\/en\/staff\/director-office-of-legal-affairs\/","title":{"rendered":"Director &#8211; Office of Legal Affairs"},"content":{"rendered":"<div id=\"tdi_1\" class=\"tdc-row\"><div class=\"vc_row tdi_2  wpb_row td-pb-row\" >\n<style scoped>\n\n\/* custom css *\/\n.tdi_2,\r\n                .tdi_2 .tdc-columns{\r\n                    min-height: 0;\r\n                }.tdi_2,\r\n\t\t\t\t.tdi_2 .tdc-columns{\r\n\t\t\t\t    display: block;\r\n\t\t\t\t}.tdi_2 .tdc-columns{\r\n\t\t\t\t    width: 100%;\r\n\t\t\t\t}\n<\/style><div class=\"vc_column tdi_4  wpb_column vc_column_container tdc-column td-pb-span12\">\n<style scoped>\n\n\/* custom css *\/\n.tdi_4{\r\n                    vertical-align: baseline;\r\n                }.tdi_4 > .wpb_wrapper,\r\n\t\t\t\t.tdi_4 > .wpb_wrapper > .tdc-elements{\r\n\t\t\t\t    display: block;\r\n\t\t\t\t}.tdi_4 > .wpb_wrapper > .tdc-elements{\r\n\t\t\t\t    width: 100%;\r\n\t\t\t\t}.tdi_4 > .wpb_wrapper > .vc_row_inner{\r\n\t\t\t\t    width: auto;\r\n\t\t\t\t}.tdi_4 > .wpb_wrapper{\r\n\t\t\t\t    width: auto;\r\n\t\t\t\t    height: auto;\r\n\t\t\t\t}\n<\/style><div class=\"wpb_wrapper\"><div class=\"wpb_wrapper td_block_separator td_block_wrap vc_separator tdi_6  td_separator_solid td_separator_center\"><span style=\"border-color:#EBEBEB;border-width:1px;width:100%;\"><\/span>\n<style scoped>\n\n\/* custom css *\/\n.td_block_separator{\r\n                  width: 100%;\r\n                  align-items: center;\r\n                  margin-bottom: 38px;\r\n                  padding-bottom: 10px;\r\n                }.td_block_separator span{\r\n                  position: relative;\r\n                  display: block;\r\n                  margin: 0 auto;\r\n                  width: 100%;\r\n                  height: 1px;\r\n                  border-top: 1px solid #EBEBEB;\r\n                }.td_separator_align_left span{\r\n                  margin-left: 0;\r\n                }.td_separator_align_right span{\r\n                  margin-right: 0;\r\n                }.td_separator_dashed span{\r\n                  border-top-style: dashed;\r\n                }.td_separator_dotted span{\r\n                  border-top-style: dotted;\r\n                }.td_separator_double span{\r\n                  height: 3px;\r\n                  border-bottom: 1px solid #EBEBEB;\r\n                }.td_separator_shadow > span{\r\n                  position: relative;\r\n                  height: 20px;\r\n                  overflow: hidden;\r\n                  border: 0;\r\n                  color: #EBEBEB;\r\n                }.td_separator_shadow > span > span{\r\n                  position: absolute;\r\n                  top: -30px;\r\n                  left: 0;\r\n                  right: 0;\r\n                  margin: 0 auto;\r\n                  height: 13px;\r\n                  width: 98%;\r\n                  border-radius: 100%;\r\n                }\n<\/style><\/div><\/div><\/div><\/div><\/div><div id=\"tdi_7\" class=\"tdc-row\"><div class=\"vc_row vc_custom_1771534094648 tdi_8  wpb_row td-pb-row\" >\n<style scoped>\n\n\/* tdc_composer_block - inline css att *\/\n.vc_custom_1771534094648{background-position: center !important;background-repeat: no-repeat !important;background-size: contain !important;}\n\/* custom css *\/\n.tdi_8,\r\n                .tdi_8 .tdc-columns{\r\n                    min-height: 0;\r\n                }.tdi_8,\r\n\t\t\t\t.tdi_8 .tdc-columns{\r\n\t\t\t\t    display: block;\r\n\t\t\t\t}.tdi_8 .tdc-columns{\r\n\t\t\t\t    width: 100%;\r\n\t\t\t\t}\n<\/style><div class=\"vc_column tdi_10  wpb_column vc_column_container tdc-column td-pb-span6\">\n<style scoped>\n\n\/* custom css *\/\n.tdi_10{\r\n                    vertical-align: baseline;\r\n                }.tdi_10 > .wpb_wrapper,\r\n\t\t\t\t.tdi_10 > .wpb_wrapper > .tdc-elements{\r\n\t\t\t\t    display: block;\r\n\t\t\t\t}.tdi_10 > .wpb_wrapper > .tdc-elements{\r\n\t\t\t\t    width: 100%;\r\n\t\t\t\t}.tdi_10 > .wpb_wrapper > .vc_row_inner{\r\n\t\t\t\t    width: auto;\r\n\t\t\t\t}.tdi_10 > .wpb_wrapper{\r\n\t\t\t\t    width: auto;\r\n\t\t\t\t    height: auto;\r\n\t\t\t\t}\n<\/style><div class=\"wpb_wrapper\">[vc_single_image image=&#8221;44715&#8243; img_size=&#8221;full&#8221; alignment=&#8221;center&#8221;]<div class=\"td_block_wrap td_block_list_menu tdi_11 td-pb-border-top td_block_template_1 widget\"  data-td-block-uid=\"tdi_11\" >\n<style>\n\/* custom css *\/\n.td_block_list_menu ul{\r\n                  flex-wrap: wrap;\r\n                  margin-left: 12px;\r\n                }.td_block_list_menu ul li{\r\n                  margin-left: 0;\r\n                }.td_block_list_menu .sub-menu{\r\n                  padding-left: 22px;\r\n                }.td_block_list_menu .sub-menu li{\r\n                  font-size: 13px;\r\n                }.tdi_11 ul{\r\n\t\t\t\t\ttext-align: left;\r\n\t\t\t\t\tjustify-content: flex-start;\r\n\t\t\t\t}\n<\/style><div class=\"td-block-title-wrap\"><h4 class=\"block-title td-block-title\"><span class=\"td-pulldown-size\">STAFF<\/span><\/h4><\/div><div id=tdi_11 class=\"td_block_inner td-fix-index\"><div class=\"menu-fiscal-general-container\"><ul id=\"menu-fiscal-general\" class=\"menu\"><li id=\"menu-item-37894\" class=\"menu-item menu-item-type-post_type menu-item-object-page menu-item-37894\"><a href=\"https:\/\/www.fiscalia.gov.co\/colombia\/en\/staff\/el-fiscal\/\">Attorney General<\/a><\/li>\n<li id=\"menu-item-38475\" class=\"menu-item menu-item-type-post_type menu-item-object-page menu-item-38475\"><a href=\"https:\/\/www.fiscalia.gov.co\/colombia\/en\/staff\/coordinator-of-the-delegate-prosecutors-unit-to-the-supreme-court-of-justice\/\">Coordinator of the Delegate Prosecutors\u2019 Unit to the Supreme Court of Justice<\/a><\/li>\n<li id=\"menu-item-37614\" class=\"menu-item menu-item-type-post_type menu-item-object-page menu-item-37614\"><a href=\"https:\/\/www.fiscalia.gov.co\/colombia\/en\/staff\/executive-director\/\">Executive Director<\/a><\/li>\n<li id=\"menu-item-38482\" class=\"menu-item menu-item-type-post_type menu-item-object-page menu-item-38482\"><a href=\"https:\/\/www.fiscalia.gov.co\/colombia\/en\/staff\/director-office-of-policies-and-strategy\/\">Director of Policies and Strategy Office<\/a><\/li>\n<li id=\"menu-item-38489\" class=\"menu-item menu-item-type-post_type menu-item-object-page menu-item-38489\"><a href=\"https:\/\/www.fiscalia.gov.co\/colombia\/en\/staff\/director-office-of-planning-and-development\/\">Director- Office of Planning and Development<\/a><\/li>\n<li id=\"menu-item-38494\" class=\"menu-item menu-item-type-post_type menu-item-object-page menu-item-38494\"><a href=\"https:\/\/www.fiscalia.gov.co\/colombia\/en\/staff\/director-office-of-legal-affairs\/\">Director \u2013 Office of Legal Affairs<\/a><\/li>\n<li id=\"menu-item-38497\" class=\"menu-item menu-item-type-post_type menu-item-object-page menu-item-38497\"><a href=\"https:\/\/www.fiscalia.gov.co\/colombia\/en\/staff\/director-office-of-communications\/\">Director \u2013 Office of Communications<\/a><\/li>\n<li id=\"menu-item-38505\" class=\"menu-item menu-item-type-post_type menu-item-object-page menu-item-38505\"><a href=\"https:\/\/www.fiscalia.gov.co\/colombia\/en\/staff\/director-office-of-international-affairs\/\">Director-Office of International Affairs<\/a><\/li>\n<li id=\"menu-item-38515\" class=\"menu-item menu-item-type-post_type menu-item-object-page menu-item-38515\"><a href=\"https:\/\/www.fiscalia.gov.co\/colombia\/en\/staff\/director-office-of-internal-control\/\">Director- Office of Internal Control<\/a><\/li>\n<li id=\"menu-item-38522\" class=\"menu-item menu-item-type-post_type menu-item-object-page menu-item-38522\"><a href=\"https:\/\/www.fiscalia.gov.co\/colombia\/en\/staff\/director-office-of-disciplinary-control\/\">Director- Office of Disciplinary Control<\/a><\/li>\n<li id=\"menu-item-38526\" class=\"menu-item menu-item-type-post_type menu-item-object-page menu-item-38526\"><a href=\"https:\/\/www.fiscalia.gov.co\/colombia\/en\/staff\/director-of-the-technical-investigative-corps\/\">Director of the Technical Investigative Corps (CTI)<\/a><\/li>\n<li id=\"menu-item-38530\" class=\"menu-item menu-item-type-post_type menu-item-object-page menu-item-38530\"><a href=\"https:\/\/www.fiscalia.gov.co\/colombia\/en\/staff\/director-of-protection-and-assistance-office\/\">Director of Protection and Assistance Office<\/a><\/li>\n<li id=\"menu-item-38531\" class=\"menu-item menu-item-type-post_type menu-item-object-page menu-item-38531\"><a href=\"https:\/\/www.fiscalia.gov.co\/colombia\/en\/staff\/director-of-higher-studies-office\/\">Director of Higher Studies Office<\/a><\/li>\n<li id=\"menu-item-38540\" class=\"menu-item menu-item-type-post_type menu-item-object-page menu-item-38540\"><a href=\"https:\/\/www.fiscalia.gov.co\/colombia\/en\/staff\/director-special-unit-on-investigations\/\">Director of the Special Investigation Unit<\/a><\/li>\n<\/ul><\/div><\/div><\/div><\/div><\/div><div class=\"vc_column tdi_13  wpb_column vc_column_container tdc-column td-pb-span6\">\n<style scoped>\n\n\/* custom css *\/\n.tdi_13{\r\n                    vertical-align: baseline;\r\n                }.tdi_13 > .wpb_wrapper,\r\n\t\t\t\t.tdi_13 > .wpb_wrapper > .tdc-elements{\r\n\t\t\t\t    display: block;\r\n\t\t\t\t}.tdi_13 > .wpb_wrapper > .tdc-elements{\r\n\t\t\t\t    width: 100%;\r\n\t\t\t\t}.tdi_13 > .wpb_wrapper > .vc_row_inner{\r\n\t\t\t\t    width: auto;\r\n\t\t\t\t}.tdi_13 > .wpb_wrapper{\r\n\t\t\t\t    width: auto;\r\n\t\t\t\t    height: auto;\r\n\t\t\t\t}\n<\/style><div class=\"wpb_wrapper\">[vc_column_text]<strong>Andrea del Pilar Sanabria Aranguren , Director \u2013 Office of Legal Affairs<\/strong>\r\n\r\nShe holds a Law degree from Universidad Santo Tom\u00e1s. She studied topics related to public security, national defense, and government contracting. She also earned a Master&#8217;s degree in Public and Private Contract Law, and she is a PhD candidate in Law.\r\n\r\nShe has served as Director of the Legal Department at Universidad Santo Tom\u00e1s, Advisor to the Office of the Attorney General, and National Deputy Director of Contract Management at the Office of the Attorney General.\r\n\r\nLikewise, she has been a legal advisor to institutions such as Escuela Superior de Administraci\u00f3n P\u00fablica (ESAP), Corporaci\u00f3n Aut\u00f3noma Regional de Cundinamarca (CAR), Secretar\u00eda Distrital de Cultura Recreaci\u00f3n y Deporte, Sociedad de Activos Especiales (SAE), Unidad Administrativa Especial de la Justicia Penal, Militar y Policial, Agencia Nacional de Miner\u00eda and National Police, among others.\r\n\r\nShe has more than 15 years of teaching experience at undergraduate and graduate levels in several universities across the country and has trained public servants of different state entities.[\/vc_column_text]<\/div><\/div><\/div><\/div>","protected":false},"excerpt":{"rendered":"[vc_single_image image=\"44715\" img_size=\"full\" alignment=\"center\"] STAFFAttorney General Coordinator of the Delegate Prosecutors\u2019 Unit to the Supreme Court of Justice Executive Director Director of Policies and Strategy Office Director- Office of Planning and Development Director \u2013 Office of Legal Affairs Director \u2013 Office of Communications Director-Office of International Affairs Director- Office of Internal Control Director- Office of [...]","protected":false},"author":2,"featured_media":0,"parent":8564,"menu_order":0,"comment_status":"closed","ping_status":"closed","template":"","meta":{"footnotes":""},"class_list":["post-38490","page","type-page","status-publish"],"_links":{"self":[{"href":"https:\/\/www.fiscalia.gov.co\/colombia\/en\/wp-json\/wp\/v2\/pages\/38490"}],"collection":[{"href":"https:\/\/www.fiscalia.gov.co\/colombia\/en\/wp-json\/wp\/v2\/pages"}],"about":[{"href":"https:\/\/www.fiscalia.gov.co\/colombia\/en\/wp-json\/wp\/v2\/types\/page"}],"author":[{"embeddable":true,"href":"https:\/\/www.fiscalia.gov.co\/colombia\/en\/wp-json\/wp\/v2\/users\/2"}],"replies":[{"embeddable":true,"href":"https:\/\/www.fiscalia.gov.co\/colombia\/en\/wp-json\/wp\/v2\/comments?post=38490"}],"version-history":[{"count":15,"href":"https:\/\/www.fiscalia.gov.co\/colombia\/en\/wp-json\/wp\/v2\/pages\/38490\/revisions"}],"predecessor-version":[{"id":44717,"href":"https:\/\/www.fiscalia.gov.co\/colombia\/en\/wp-json\/wp\/v2\/pages\/38490\/revisions\/44717"}],"up":[{"embeddable":true,"href":"https:\/\/www.fiscalia.gov.co\/colombia\/en\/wp-json\/wp\/v2\/pages\/8564"}],"wp:attachment":[{"href":"https:\/\/www.fiscalia.gov.co\/colombia\/en\/wp-json\/wp\/v2\/media?parent=38490"}],"curies":[{"name":"wp","href":"https:\/\/api.w.org\/{rel}","templated":true}]}}