{"id":14079,"date":"2012-05-17T14:11:55","date_gmt":"2012-05-17T19:11:55","guid":{"rendered":"https:\/\/www.fiscalia.gov.co\/colombia\/en\/?page_id=14079"},"modified":"2016-01-20T16:20:21","modified_gmt":"2016-01-20T21:20:21","slug":"aviso-de-convocatoria-publica","status":"publish","type":"page","link":"https:\/\/www.fiscalia.gov.co\/colombia\/en\/contrataciones\/aviso-de-convocatoria-publica\/","title":{"rendered":"Aviso de convocatoria p\u00fablica"},"content":{"rendered":"<p>De conformidad con el <a href=\"http:\/\/www.fiscalia.gov.co\/en\/wp-content\/uploads\/2012\/05\/DECRETO-0734DE2012.pdf\">Art\u00edculo 2.2.1 del Decreto 734 de 2012<\/a>, en esta secci\u00f3n podra consultar los avisos de Convocatoria P\u00fablica de los procesos de licitaci\u00f3n p\u00fablica, selecci\u00f3n abreviada y concurso de m\u00e9ritos que se adelantan por parte de la Fiscal\u00eda General de la Naci\u00f3n.<\/p>\n","protected":false},"excerpt":{"rendered":"<p>De conformidad con el Art\u00edculo 2.2.1 del Decreto 734 de 2012, en esta secci\u00f3n podra consultar los avisos de Convocatoria P\u00fablica de los procesos de licitaci\u00f3n p\u00fablica, selecci\u00f3n abreviada y concurso de m\u00e9ritos que se adelantan por parte de la Fiscal\u00eda General de la Naci\u00f3n.<\/p>\n","protected":false},"author":1,"featured_media":0,"parent":8598,"menu_order":0,"comment_status":"closed","ping_status":"open","template":"","meta":{"footnotes":""},"class_list":["post-14079","page","type-page","status-publish"],"_links":{"self":[{"href":"https:\/\/www.fiscalia.gov.co\/colombia\/en\/wp-json\/wp\/v2\/pages\/14079"}],"collection":[{"href":"https:\/\/www.fiscalia.gov.co\/colombia\/en\/wp-json\/wp\/v2\/pages"}],"about":[{"href":"https:\/\/www.fiscalia.gov.co\/colombia\/en\/wp-json\/wp\/v2\/types\/page"}],"author":[{"embeddable":true,"href":"https:\/\/www.fiscalia.gov.co\/colombia\/en\/wp-json\/wp\/v2\/users\/1"}],"replies":[{"embeddable":true,"href":"https:\/\/www.fiscalia.gov.co\/colombia\/en\/wp-json\/wp\/v2\/comments?post=14079"}],"version-history":[{"count":4,"href":"https:\/\/www.fiscalia.gov.co\/colombia\/en\/wp-json\/wp\/v2\/pages\/14079\/revisions"}],"predecessor-version":[{"id":35173,"href":"https:\/\/www.fiscalia.gov.co\/colombia\/en\/wp-json\/wp\/v2\/pages\/14079\/revisions\/35173"}],"up":[{"embeddable":true,"href":"https:\/\/www.fiscalia.gov.co\/colombia\/en\/wp-json\/wp\/v2\/pages\/8598"}],"wp:attachment":[{"href":"https:\/\/www.fiscalia.gov.co\/colombia\/en\/wp-json\/wp\/v2\/media?parent=14079"}],"curies":[{"name":"wp","href":"https:\/\/api.w.org\/{rel}","templated":true}]}}